{"id":7,"date":"2022-07-07T15:05:10","date_gmt":"2022-07-07T15:05:10","guid":{"rendered":"http:\/\/iecomm.com.co\/?page_id=7"},"modified":"2022-07-07T15:05:10","modified_gmt":"2022-07-07T15:05:10","slug":"checkout","status":"publish","type":"page","link":"https:\/\/iecomm.com.co\/?page_id=7","title":{"rendered":"Checkout"},"content":{"rendered":"<div class=\"woocommerce\"><div class=\"woocommerce-notices-wrapper\"><\/div><div class=\"woocommerce-form-coupon-toggle\">\n\t\n\t<div class=\"woocommerce-info\" role=\"status\">\n\t\t\u00bfTienes un cup\u00f3n? <a href=\"#\" role=\"button\" aria-label=\"Enter your coupon code\" aria-controls=\"woocommerce-checkout-form-coupon\" aria-expanded=\"false\" class=\"showcoupon\">Haz clic aqu\u00ed para introducir tu c\u00f3digo<\/a>\t<\/div>\n<\/div>\n\n<form class=\"checkout_coupon woocommerce-form-coupon\" method=\"post\" style=\"display:none\" id=\"woocommerce-checkout-form-coupon\">\n\n\t<p class=\"form-row form-row-first\">\n\t\t<label for=\"coupon_code\" class=\"screen-reader-text\">Cup\u00f3n:<\/label>\n\t\t<input type=\"text\" name=\"coupon_code\" class=\"input-text\" placeholder=\"C\u00f3digo de cup\u00f3n\" id=\"coupon_code\" value=\"\" \/>\n\t<\/p>\n\n\t<p class=\"form-row form-row-last\">\n\t\t<button type=\"submit\" class=\"button\" name=\"apply_coupon\" value=\"Aplicar cup\u00f3n\">Aplicar cup\u00f3n<\/button>\n\t<\/p>\n\n\t<div class=\"clear\"><\/div>\n<\/form>\n<div class=\"woocommerce-notices-wrapper\"><\/div>\n<form name=\"checkout\" method=\"post\" class=\"checkout woocommerce-checkout\" action=\"https:\/\/iecomm.com.co\/?page_id=7\" enctype=\"multipart\/form-data\" aria-label=\"Finalizar compra\">\n\n\t\n\t\t\n\t\t<div class=\"col2-set\" id=\"customer_details\">\n\t\t\t<div class=\"col-1\">\n\t\t\t\t<wc-order-attribution-inputs><\/wc-order-attribution-inputs><div class=\"woocommerce-billing-fields\">\n\t\n\t\t<h3>Detalles de facturaci\u00f3n<\/h3>\n\n\t\n\t\n\t<div class=\"woocommerce-billing-fields__field-wrapper\">\n\t\t<p class=\"form-row form-row-first validate-required\" id=\"billing_first_name_field\" data-priority=\"10\"><label for=\"billing_first_name\" class=\"required_field\">Nombre&nbsp;<span class=\"required\" aria-hidden=\"true\">*<\/span><\/label><span class=\"woocommerce-input-wrapper\"><input type=\"text\" class=\"input-text \" name=\"billing_first_name\" id=\"billing_first_name\" placeholder=\"\"  value=\"\" aria-required=\"true\" autocomplete=\"section-billing billing given-name\" \/><\/span><\/p><p class=\"form-row form-row-last validate-required\" id=\"billing_last_name_field\" data-priority=\"20\"><label for=\"billing_last_name\" class=\"required_field\">Apellidos&nbsp;<span class=\"required\" aria-hidden=\"true\">*<\/span><\/label><span class=\"woocommerce-input-wrapper\"><input type=\"text\" class=\"input-text \" name=\"billing_last_name\" id=\"billing_last_name\" placeholder=\"\"  value=\"\" aria-required=\"true\" autocomplete=\"section-billing billing family-name\" \/><\/span><\/p><p class=\"form-row form-row-wide\" id=\"billing_company_field\" data-priority=\"30\"><label for=\"billing_company\" class=\"\">Nombre de la empresa&nbsp;<span class=\"optional\">(opcional)<\/span><\/label><span class=\"woocommerce-input-wrapper\"><input type=\"text\" class=\"input-text \" name=\"billing_company\" id=\"billing_company\" placeholder=\"\"  value=\"\" autocomplete=\"section-billing billing organization\" \/><\/span><\/p><p class=\"form-row form-row-wide address-field update_totals_on_change validate-required\" id=\"billing_country_field\" data-priority=\"40\"><label for=\"billing_country\" class=\"required_field\">Pa\u00eds \/ Regi\u00f3n&nbsp;<span class=\"required\" aria-hidden=\"true\">*<\/span><\/label><span class=\"woocommerce-input-wrapper\"><select name=\"billing_country\" id=\"billing_country\" class=\"country_to_state country_select \" aria-required=\"true\" autocomplete=\"section-billing billing country\" data-placeholder=\"Selecciona un pa\u00eds\/regi\u00f3n&hellip;\" data-label=\"Pa\u00eds \/ Regi\u00f3n\"><option value=\"\">Selecciona un pa\u00eds\/regi\u00f3n&hellip;<\/option><option value=\"AF\" >Afganist\u00e1n<\/option><option value=\"AL\" >Albania<\/option><option value=\"DE\" >Alemania<\/option><option value=\"AD\" >Andorra<\/option><option value=\"AO\" >Angola<\/option><option value=\"AI\" >Anguilla<\/option><option value=\"AQ\" >Ant\u00e1rtida<\/option><option value=\"AG\" >Antigua y Barbuda<\/option><option value=\"SA\" >Arabia Saudita<\/option><option value=\"DZ\" >Argelia<\/option><option value=\"AR\" >Argentina<\/option><option value=\"AM\" >Armenia<\/option><option value=\"AW\" >Aruba<\/option><option value=\"AU\" >Australia<\/option><option value=\"AT\" >Austria<\/option><option value=\"AZ\" >Azerbaijan<\/option><option value=\"BS\" >Bahamas<\/option><option value=\"BH\" >Bahrain<\/option><option value=\"BD\" >Bangladesh<\/option><option value=\"BB\" >Barbados<\/option><option value=\"PW\" >Belau<\/option><option value=\"BE\" >B\u00e9lgica<\/option><option value=\"BZ\" >Belize<\/option><option value=\"BJ\" >Benin<\/option><option value=\"BM\" >Bermuda<\/option><option value=\"BT\" >Bhutan<\/option><option value=\"BY\" >Bielorrusia<\/option><option value=\"MM\" >Birmania<\/option><option value=\"BO\" >Bolivia<\/option><option value=\"BQ\" >Bonaire, San Eustaquio y Saba<\/option><option value=\"BA\" >Bosnia y Herzegovina<\/option><option value=\"BW\" >Botswana<\/option><option value=\"BR\" >Brasil<\/option><option value=\"BN\" >Brun\u00e9i<\/option><option value=\"BG\" >Bulgaria<\/option><option value=\"BF\" >Burkina Faso<\/option><option value=\"BI\" >Burundi<\/option><option value=\"CV\" >Cabo Verde<\/option><option value=\"KH\" >Camboya<\/option><option value=\"CM\" >Camer\u00fan<\/option><option value=\"CA\" >Canad\u00e1<\/option><option value=\"TD\" >Chad<\/option><option value=\"CL\" >Chile<\/option><option value=\"CN\" >China<\/option><option value=\"CY\" >Chipre<\/option><option value=\"VA\" >Ciudad del Vaticano<\/option><option value=\"CO\"  selected='selected'>Colombia<\/option><option value=\"KM\" >Comoras<\/option><option value=\"CG\" >Congo (Brazzaville)<\/option><option value=\"CD\" >Congo (Kinshasa)<\/option><option value=\"KP\" >Corea del Norte<\/option><option value=\"KR\" >Corea del Sur<\/option><option value=\"CI\" >Costa de Marfil<\/option><option value=\"CR\" >Costa Rica<\/option><option value=\"HR\" >Croacia<\/option><option value=\"CU\" >Cuba<\/option><option value=\"CW\" >Cura&ccedil;ao<\/option><option value=\"DK\" >Dinamarca<\/option><option value=\"DJ\" >Djibouti<\/option><option value=\"DM\" >Dominica<\/option><option value=\"EC\" >Ecuador<\/option><option value=\"EG\" >Egipto<\/option><option value=\"SV\" >El Salvador<\/option><option value=\"AE\" >Emiratos \u00c1rabes Unidos<\/option><option value=\"ER\" >Eritrea<\/option><option value=\"SK\" >Eslovaquia<\/option><option value=\"SI\" >Eslovenia<\/option><option value=\"ES\" >Espa\u00f1a<\/option><option value=\"US\" >Estados Unidos (EEUU)<\/option><option value=\"EE\" >Estonia<\/option><option value=\"SZ\" >Esuatini<\/option><option value=\"ET\" >Etiop\u00eda<\/option><option value=\"PH\" >Filipinas<\/option><option value=\"FI\" >Finlandia<\/option><option value=\"FJ\" >Fiyi<\/option><option value=\"FR\" >Francia<\/option><option value=\"GA\" >Gab\u00f3n<\/option><option value=\"GM\" >Gambia<\/option><option value=\"GE\" >Georgia<\/option><option value=\"GH\" >Ghana<\/option><option value=\"GI\" >Gibraltar<\/option><option value=\"GD\" >Granada<\/option><option value=\"GR\" >Grecia<\/option><option value=\"GL\" >Groenlandia<\/option><option value=\"GP\" >Guadalupe<\/option><option value=\"GU\" >Guam<\/option><option value=\"GT\" >Guatemala<\/option><option value=\"GF\" >Guayana Francesa<\/option><option value=\"GG\" >Guernsey<\/option><option value=\"GN\" >Guinea<\/option><option value=\"GQ\" >Guinea Ecuatorial<\/option><option value=\"GW\" >Guinea-Bis\u00e1u<\/option><option value=\"GY\" >Guyana<\/option><option value=\"HT\" >Hait\u00ed<\/option><option value=\"HN\" >Honduras<\/option><option value=\"HK\" >Hong Kong<\/option><option value=\"HU\" >Hungr\u00eda<\/option><option value=\"IN\" >India<\/option><option value=\"ID\" >Indonesia<\/option><option value=\"IQ\" >Irak<\/option><option value=\"IR\" >Ir\u00e1n<\/option><option value=\"IE\" >Irlanda<\/option><option value=\"BV\" >Isla Bouvet<\/option><option value=\"IM\" >Isla de Man<\/option><option value=\"CX\" >Isla de Navidad<\/option><option value=\"NF\" >Isla Norfolk<\/option><option value=\"SH\" >Isla Santa Elena<\/option><option value=\"IS\" >Islandia<\/option><option value=\"AX\" >Islas \u00c5land<\/option><option value=\"KY\" >Islas Caim\u00e1n<\/option><option value=\"CC\" >Islas Cocos<\/option><option value=\"CK\" >Islas Cook<\/option><option value=\"UM\" >Islas de ultramar menores de Estados Unidos (EEUU)<\/option><option value=\"FO\" >Islas Feroe<\/option><option value=\"GS\" >Islas Georgias y Sandwich del Sur<\/option><option value=\"HM\" >Islas Heard y McDonald<\/option><option value=\"FK\" >Islas Malvinas<\/option><option value=\"MP\" >Islas Marianas del Norte<\/option><option value=\"MH\" >Islas Marshall<\/option><option value=\"SB\" >Islas Salom\u00f3n<\/option><option value=\"TC\" >Islas Turcas y Caicos<\/option><option value=\"VG\" >Islas V\u00edrgenes (Brit\u00e1nicas)<\/option><option value=\"VI\" >Islas V\u00edrgenes (EEUU)<\/option><option value=\"IL\" >Israel<\/option><option value=\"IT\" >Italia<\/option><option value=\"JM\" >Jamaica<\/option><option value=\"JP\" >Jap\u00f3n<\/option><option value=\"JE\" >Jersey<\/option><option value=\"JO\" >Jordania<\/option><option value=\"KZ\" >Kazajist\u00e1n<\/option><option value=\"KE\" >Kenia<\/option><option value=\"KG\" >Kirguist\u00e1n<\/option><option value=\"KI\" >Kiribati<\/option><option value=\"XK\" >Kosovo<\/option><option value=\"KW\" >Kuwait<\/option><option value=\"LA\" >Laos<\/option><option value=\"LS\" >Lesoto<\/option><option value=\"LV\" >Letonia<\/option><option value=\"LB\" >L\u00edbano<\/option><option value=\"LR\" >Liberia<\/option><option value=\"LY\" >Libia<\/option><option value=\"LI\" >Liechtenstein<\/option><option value=\"LT\" >Lituania<\/option><option value=\"LU\" >Luxemburgo<\/option><option value=\"MO\" >Macao<\/option><option value=\"MK\" >Macedonia del Norte<\/option><option value=\"MG\" >Madagascar<\/option><option value=\"MY\" >Malasia<\/option><option value=\"MW\" >Malaui<\/option><option value=\"MV\" >Maldivas<\/option><option value=\"ML\" >Mal\u00ed<\/option><option value=\"MT\" >Malta<\/option><option value=\"MA\" >Marruecos<\/option><option value=\"MQ\" >Martinica<\/option><option value=\"MU\" >Mauricio<\/option><option value=\"MR\" >Mauritania<\/option><option value=\"YT\" >Mayotte<\/option><option value=\"MX\" >M\u00e9xico<\/option><option value=\"FM\" >Micronesia<\/option><option value=\"MD\" >Moldavia<\/option><option value=\"MC\" >M\u00f3naco<\/option><option value=\"MN\" >Mongolia<\/option><option value=\"ME\" >Montenegro<\/option><option value=\"MS\" >Montserrat<\/option><option value=\"MZ\" >Mozambique<\/option><option value=\"NA\" >Namibia<\/option><option value=\"NR\" >Nauru<\/option><option value=\"NP\" >Nepal<\/option><option value=\"NI\" >Nicaragua<\/option><option value=\"NE\" >N\u00edger<\/option><option value=\"NG\" >Nigeria<\/option><option value=\"NU\" >Niue<\/option><option value=\"NO\" >Noruega<\/option><option value=\"NC\" >Nueva Caledonia<\/option><option value=\"NZ\" >Nueva Zelanda<\/option><option value=\"OM\" >Om\u00e1n<\/option><option value=\"NL\" >Pa\u00edses Bajos<\/option><option value=\"PK\" >Pakist\u00e1n<\/option><option value=\"PA\" >Panam\u00e1<\/option><option value=\"PG\" >Pap\u00faa Nueva Guinea<\/option><option value=\"PY\" >Paraguay<\/option><option value=\"PE\" >Per\u00fa<\/option><option value=\"PN\" >Pitcairn<\/option><option value=\"PF\" >Polinesia Francesa<\/option><option value=\"PL\" >Polonia<\/option><option value=\"PT\" >Portugal<\/option><option value=\"PR\" >Puerto Rico<\/option><option value=\"QA\" >Qatar<\/option><option value=\"GB\" >Reino Unido (UK)<\/option><option value=\"CF\" >Rep\u00fablica Centroafricana<\/option><option value=\"CZ\" >Rep\u00fablica Checa<\/option><option value=\"DO\" >Rep\u00fablica Dominicana<\/option><option value=\"RE\" >Reuni\u00f3n<\/option><option value=\"RW\" >Ruanda<\/option><option value=\"RO\" >Rumania<\/option><option value=\"RU\" >Rusia<\/option><option value=\"EH\" >Sahara Occidental<\/option><option value=\"WS\" >Samoa<\/option><option value=\"AS\" >Samoa Americana<\/option><option value=\"BL\" >San Bartolom\u00e9<\/option><option value=\"KN\" >San Crist\u00f3bal y Nieves<\/option><option value=\"SM\" >San Marino<\/option><option value=\"MF\" >San Mart\u00edn (parte de Francia)<\/option><option value=\"SX\" >San Mart\u00edn (parte de Holanda)<\/option><option value=\"PM\" >San Pedro y Miquel\u00f3n<\/option><option value=\"VC\" >San Vicente y las Granadinas<\/option><option value=\"LC\" >Santa Luc\u00eda<\/option><option value=\"ST\" >Santo Tom\u00e9 y Pr\u00edncipe<\/option><option value=\"SN\" >Senegal<\/option><option value=\"RS\" >Serbia<\/option><option value=\"SC\" >Seychelles<\/option><option value=\"SL\" >Sierra Leona<\/option><option value=\"SG\" >Singapur<\/option><option value=\"SY\" >Siria<\/option><option value=\"SO\" >Somalia<\/option><option value=\"LK\" >Sri Lanka<\/option><option value=\"ZA\" >Sud\u00e1frica<\/option><option value=\"SD\" >Sud\u00e1n<\/option><option value=\"SS\" >Sud\u00e1n del Sur<\/option><option value=\"SE\" >Suecia<\/option><option value=\"CH\" >Suiza<\/option><option value=\"SR\" >Surinam<\/option><option value=\"SJ\" >Svalbard y Jan Mayen<\/option><option value=\"TH\" >Tailandia<\/option><option value=\"TW\" >Taiw\u00e1n<\/option><option value=\"TZ\" >Tanzania<\/option><option value=\"TJ\" >Tayikist\u00e1n<\/option><option value=\"IO\" >Territorio Brit\u00e1nico del Oc\u00e9ano \u00cdndico<\/option><option value=\"TF\" >Territorios australes franceses<\/option><option value=\"PS\" >Territorios Palestinos<\/option><option value=\"TL\" >Timor Oriental<\/option><option value=\"TG\" >Togo<\/option><option value=\"TK\" >Tokelau<\/option><option value=\"TO\" >Tonga<\/option><option value=\"TT\" >Trinidad y Tobago<\/option><option value=\"TN\" >T\u00fanez<\/option><option value=\"TR\" >T\u00fcrkiye<\/option><option value=\"TM\" >Turkmenist\u00e1n<\/option><option value=\"TV\" >Tuvalu<\/option><option value=\"UA\" >Ucrania<\/option><option value=\"UG\" >Uganda<\/option><option value=\"UY\" >Uruguay<\/option><option value=\"UZ\" >Uzbekist\u00e1n<\/option><option value=\"VU\" >Vanuatu<\/option><option value=\"VE\" >Venezuela<\/option><option value=\"VN\" >Vietnam<\/option><option value=\"WF\" >Wallis y Futuna<\/option><option value=\"YE\" >Yemen<\/option><option value=\"ZM\" >Zambia<\/option><option value=\"ZW\" >Zimbabue<\/option><\/select><noscript><button type=\"submit\" name=\"woocommerce_checkout_update_totals\" value=\"Actualizar pa\u00eds\/regi\u00f3n\">Actualizar pa\u00eds\/regi\u00f3n<\/button><\/noscript><\/span><\/p><p class=\"form-row form-row-wide address-field validate-required\" id=\"billing_address_1_field\" data-priority=\"50\"><label for=\"billing_address_1\" class=\"required_field\">Direcci\u00f3n de la calle&nbsp;<span class=\"required\" aria-hidden=\"true\">*<\/span><\/label><span class=\"woocommerce-input-wrapper\"><input type=\"text\" class=\"input-text \" name=\"billing_address_1\" id=\"billing_address_1\" placeholder=\"N\u00famero de la casa y nombre de la calle\"  value=\"\" aria-required=\"true\" autocomplete=\"section-billing billing address-line1\" \/><\/span><\/p><p class=\"form-row form-row-wide address-field\" id=\"billing_address_2_field\" data-priority=\"60\"><label for=\"billing_address_2\" class=\"screen-reader-text\">Apartamento, habitaci\u00f3n, escalera, etc.&nbsp;<span class=\"optional\">(opcional)<\/span><\/label><span class=\"woocommerce-input-wrapper\"><input type=\"text\" class=\"input-text \" name=\"billing_address_2\" id=\"billing_address_2\" placeholder=\"Apartamento, habitaci\u00f3n, etc. (opcional)\"  value=\"\" autocomplete=\"section-billing billing address-line2\" \/><\/span><\/p><p class=\"form-row form-row-wide address-field validate-required\" id=\"billing_city_field\" data-priority=\"70\"><label for=\"billing_city\" class=\"required_field\">Localidad \/ Ciudad&nbsp;<span class=\"required\" aria-hidden=\"true\">*<\/span><\/label><span class=\"woocommerce-input-wrapper\"><input type=\"text\" class=\"input-text \" name=\"billing_city\" id=\"billing_city\" placeholder=\"\"  value=\"\" aria-required=\"true\" autocomplete=\"section-billing billing address-level2\" \/><\/span><\/p><p class=\"form-row form-row-wide address-field validate-required validate-state\" id=\"billing_state_field\" data-priority=\"80\"><label for=\"billing_state\" class=\"required_field\">Departamento&nbsp;<span class=\"required\" aria-hidden=\"true\">*<\/span><\/label><span class=\"woocommerce-input-wrapper\"><select name=\"billing_state\" id=\"billing_state\" class=\"state_select \" aria-required=\"true\" autocomplete=\"section-billing billing address-level1\" data-placeholder=\"Elige una opci\u00f3n&hellip;\"  data-input-classes=\"\" data-label=\"Departamento\">\n\t\t\t\t\t\t<option value=\"\">Elige una opci\u00f3n&hellip;<\/option><option value=\"CO-AMA\" >Amazonas<\/option><option value=\"CO-ANT\" >Antioquia<\/option><option value=\"CO-ARA\" >Arauca<\/option><option value=\"CO-ATL\" >Atl\u00e1ntico<\/option><option value=\"CO-BOL\"  selected='selected'>Bol\u00edvar<\/option><option value=\"CO-BOY\" >Boyac\u00e1<\/option><option value=\"CO-CAL\" >Caldas<\/option><option value=\"CO-CAQ\" >Caquet\u00e1<\/option><option value=\"CO-CAS\" >Casanare<\/option><option value=\"CO-CAU\" >Cauca<\/option><option value=\"CO-CES\" >Cesar<\/option><option value=\"CO-CHO\" >Choc\u00f3<\/option><option value=\"CO-COR\" >C\u00f3rdoba<\/option><option value=\"CO-CUN\" >Cundinamarca<\/option><option value=\"CO-DC\" >Bogot\u00e1<\/option><option value=\"CO-GUA\" >Guain\u00eda<\/option><option value=\"CO-GUV\" >Guaviare<\/option><option value=\"CO-HUI\" >Huila<\/option><option value=\"CO-LAG\" >La Guajira<\/option><option value=\"CO-MAG\" >Magdalena<\/option><option value=\"CO-MET\" >Meta<\/option><option value=\"CO-NAR\" >Nari\u00f1o<\/option><option value=\"CO-NSA\" >Norte de Santander<\/option><option value=\"CO-PUT\" >Putumayo<\/option><option value=\"CO-QUI\" >Quind\u00edo<\/option><option value=\"CO-RIS\" >Risaralda<\/option><option value=\"CO-SAN\" >Santander<\/option><option value=\"CO-SAP\" >San Andr\u00e9s y Providencia<\/option><option value=\"CO-SUC\" >Sucre<\/option><option value=\"CO-TOL\" >Tolima<\/option><option value=\"CO-VAC\" >Valle del Cauca<\/option><option value=\"CO-VAU\" >Vaup\u00e9s<\/option><option value=\"CO-VID\" >Vichada<\/option><\/select><\/span><\/p><p class=\"form-row form-row-wide address-field validate-postcode\" id=\"billing_postcode_field\" data-priority=\"90\"><label for=\"billing_postcode\" class=\"\">C\u00f3digo postal&nbsp;<span class=\"optional\">(opcional)<\/span><\/label><span class=\"woocommerce-input-wrapper\"><input type=\"text\" class=\"input-text \" name=\"billing_postcode\" id=\"billing_postcode\" placeholder=\"\"  value=\"\" autocomplete=\"section-billing billing postal-code\" \/><\/span><\/p><p class=\"form-row form-row-wide validate-required validate-phone\" id=\"billing_phone_field\" data-priority=\"100\"><label for=\"billing_phone\" class=\"required_field\">Tel\u00e9fono&nbsp;<span class=\"required\" aria-hidden=\"true\">*<\/span><\/label><span class=\"woocommerce-input-wrapper\"><input type=\"tel\" class=\"input-text \" name=\"billing_phone\" id=\"billing_phone\" placeholder=\"\"  value=\"\" aria-required=\"true\" autocomplete=\"section-billing billing tel\" \/><\/span><\/p><p class=\"form-row form-row-wide validate-required validate-email\" id=\"billing_email_field\" data-priority=\"110\"><label for=\"billing_email\" class=\"required_field\">Direcci\u00f3n de correo electr\u00f3nico&nbsp;<span class=\"required\" aria-hidden=\"true\">*<\/span><\/label><span class=\"woocommerce-input-wrapper\"><input type=\"email\" class=\"input-text \" name=\"billing_email\" id=\"billing_email\" placeholder=\"\"  value=\"\" aria-required=\"true\" autocomplete=\"section-billing billing email\" \/><\/span><\/p>\t<\/div>\n\n\t<wc-order-attribution-inputs><\/wc-order-attribution-inputs><\/div>\n\n\t\t\t<\/div>\n\n\t\t\t<div class=\"col-2\">\n\t\t\t\t<wc-order-attribution-inputs><\/wc-order-attribution-inputs><div class=\"woocommerce-shipping-fields\">\n\t<\/div>\n<div class=\"woocommerce-additional-fields\">\n\t\n\t\n\t\t\n\t\t\t<h3>Informaci\u00f3n adicional<\/h3>\n\n\t\t\n\t\t<div class=\"woocommerce-additional-fields__field-wrapper\">\n\t\t\t\t\t\t\t<p class=\"form-row notes\" id=\"order_comments_field\" data-priority=\"\"><label for=\"order_comments\" class=\"\">Notas del pedido&nbsp;<span class=\"optional\">(opcional)<\/span><\/label><span class=\"woocommerce-input-wrapper\"><textarea name=\"order_comments\" class=\"input-text \" id=\"order_comments\" placeholder=\"Notas sobre tu pedido, por ejemplo, notas especiales para la entrega.\"  rows=\"2\" cols=\"5\"><\/textarea><\/span><\/p>\t\t\t\t\t<\/div>\n\n\t\n\t<wc-order-attribution-inputs><\/wc-order-attribution-inputs><\/div>\n\t\t\t<\/div>\n\t\t<\/div>\n\n\t\t<wc-order-attribution-inputs><\/wc-order-attribution-inputs>\n\t\t\n\t\t\n\t<h3 id=\"order_review_heading\">Tu pedido<\/h3>\n\t\n\t\n\t<div id=\"order_review\" class=\"woocommerce-checkout-review-order\">\n\t\t<table class=\"shop_table woocommerce-checkout-review-order-table\">\n\t<thead>\n\t\t<tr>\n\t\t\t<th class=\"product-name\">Producto<\/th>\n\t\t\t<th class=\"product-total\">Subtotal<\/th>\n\t\t<\/tr>\n\t<\/thead>\n\t<tbody>\n\t\t\t\t\t\t<tr class=\"cart_item\">\n\t\t\t\t\t<td class=\"product-name\">\n\t\t\t\t\t\tBloqueador Solar Anti Arrugas Eucerin&nbsp;\t\t\t\t\t\t <strong class=\"product-quantity\">&times;&nbsp;1<\/strong>\t\t\t\t\t\t\t\t\t\t\t<\/td>\n\t\t\t\t\t<td class=\"product-total\">\n\t\t\t\t\t\t<span class=\"woocommerce-Price-amount amount\"><bdi><span class=\"woocommerce-Price-currencySymbol\">&#36;<\/span>&nbsp;118.000<\/bdi><\/span>\t\t\t\t\t<\/td>\n\t\t\t\t<\/tr>\n\t\t\t\t\t<\/tbody>\n\t<tfoot>\n\n\t\t<tr class=\"cart-subtotal\">\n\t\t\t<th>Subtotal<\/th>\n\t\t\t<td><span class=\"woocommerce-Price-amount amount\"><bdi><span class=\"woocommerce-Price-currencySymbol\">&#36;<\/span>&nbsp;118.000<\/bdi><\/span><\/td>\n\t\t<\/tr>\n\n\t\t\n\t\t\n\t\t\n\t\t\n\t\t\n\t\t<tr class=\"order-total\">\n\t\t\t<th>Total<\/th>\n\t\t\t<td><strong><span class=\"woocommerce-Price-amount amount\"><bdi><span class=\"woocommerce-Price-currencySymbol\">&#36;<\/span>&nbsp;118.000<\/bdi><\/span><\/strong> <\/td>\n\t\t<\/tr>\n\n\t\t\n\t<\/tfoot>\n<\/table>\n<div id=\"payment\" class=\"woocommerce-checkout-payment\">\n\t\t\t<ul class=\"wc_payment_methods payment_methods methods\">\n\t\t\t<li>\n\t<div class=\"woocommerce-info\" role=\"status\">\n\t\tLo siento, parece que no hay m\u00e9todos de pago disponibles. Por favor, ponte en contacto con nosotros si necesitas ayuda.\t<\/div>\n<\/li>\t\t<\/ul>\n\t\t<div class=\"form-row place-order\">\n\t\t<noscript>\n\t\t\tDebido a que tu navegador no es compatible con JavaScript o lo tiene desactivado, por favor, aseg\u00farate de hacer clic en el bot\u00f3n <em>Actualizar totales<\/em> antes de realizar tu pedido. De no hacerlo, se te podr\u00eda cobrar m\u00e1s de la cantidad indicada arriba.\t\t\t<br\/><button type=\"submit\" class=\"button alt\" name=\"woocommerce_checkout_update_totals\" value=\"Actualizar totales\">Actualizar totales<\/button>\n\t\t<\/noscript>\n\n\t\t\t<div class=\"woocommerce-terms-and-conditions-wrapper\">\n\t\t<div class=\"woocommerce-privacy-policy-text\"><p>Your personal data will be used to process your order, support your experience throughout this website, and for other purposes described in our <a href=\"https:\/\/iecomm.com.co\/?page_id=3\" class=\"woocommerce-privacy-policy-link\" target=\"_blank\">pol\u00edtica de privacidad<\/a>.<\/p>\n<\/div>\n\t\t\t<\/div>\n\t\n\t\t\n\t\t<button type=\"submit\" class=\"button alt\" name=\"woocommerce_checkout_place_order\" id=\"place_order\" value=\"Realizar el pedido\" data-value=\"Realizar el pedido\">Realizar el pedido<\/button>\n\t\t\n\t\t<input type=\"hidden\" id=\"woocommerce-process-checkout-nonce\" name=\"woocommerce-process-checkout-nonce\" value=\"83cdc56780\" \/><input type=\"hidden\" name=\"_wp_http_referer\" value=\"\/index.php?rest_route=%2Fwp%2Fv2%2Fpages%2F7\" \/>\t<\/div>\n<\/div>\n\t<\/div>\n\n\t\n<\/form>\n\n<\/div>\n","protected":false},"excerpt":{"rendered":"","protected":false},"author":1,"featured_media":0,"parent":0,"menu_order":0,"comment_status":"closed","ping_status":"closed","template":"","meta":{"footnotes":""},"class_list":["post-7","page","type-page","status-publish","hentry"],"_links":{"self":[{"href":"https:\/\/iecomm.com.co\/index.php?rest_route=\/wp\/v2\/pages\/7","targetHints":{"allow":["GET"]}}],"collection":[{"href":"https:\/\/iecomm.com.co\/index.php?rest_route=\/wp\/v2\/pages"}],"about":[{"href":"https:\/\/iecomm.com.co\/index.php?rest_route=\/wp\/v2\/types\/page"}],"author":[{"embeddable":true,"href":"https:\/\/iecomm.com.co\/index.php?rest_route=\/wp\/v2\/users\/1"}],"replies":[{"embeddable":true,"href":"https:\/\/iecomm.com.co\/index.php?rest_route=%2Fwp%2Fv2%2Fcomments&post=7"}],"version-history":[{"count":0,"href":"https:\/\/iecomm.com.co\/index.php?rest_route=\/wp\/v2\/pages\/7\/revisions"}],"wp:attachment":[{"href":"https:\/\/iecomm.com.co\/index.php?rest_route=%2Fwp%2Fv2%2Fmedia&parent=7"}],"curies":[{"name":"wp","href":"https:\/\/api.w.org\/{rel}","templated":true}]}}