{"id":1425,"date":"2026-02-06T19:47:39","date_gmt":"2026-02-06T19:47:39","guid":{"rendered":"https:\/\/iecomm.com.co\/?post_type=product&#038;p=1425"},"modified":"2026-04-20T08:55:05","modified_gmt":"2026-04-20T08:55:05","slug":"crayolas-supertips","status":"publish","type":"product","link":"https:\/\/iecomm.com.co\/?product=crayolas-supertips","title":{"rendered":"Crayolas SUPERTIPS"},"content":{"rendered":"<p>Rotuladores Super Tips y Silly Scents de Crayola: Disfruta de una amplia variedad con los 100 rotuladores lavables Crayola Super Tips y los 20 marcadores Silly Scents, incluyendo repeticiones de colores populares. Marcadores con aroma: Los rotuladores Silly Scents cuentan con fragancias como Spice Cake, Wild Berry y Marshmallow. Suministros de arte vers\u00e1tiles: Ideales para difuminar y sombrear, tambi\u00e9n son una opci\u00f3n para la pr\u00e1ctica de la caligraf\u00eda manual y la caligraf\u00eda de imprenta. L\u00edneas gruesas y finas: Un solo rotulador capaz de crear l\u00edneas de diferente grosor. Seguro y no t\u00f3xicos: Adecuados para adultos y ni\u00f1os.<\/p>\n<div style=\"width: 720px;\" class=\"wp-video\"><video class=\"wp-video-shortcode\" id=\"video-1425-1\" width=\"720\" height=\"1280\" preload=\"metadata\" controls=\"controls\"><source type=\"video\/mp4\" src=\"http:\/\/iecomm.com.co\/wp-content\/uploads\/2026\/02\/202503121529.mp4?_=1\" \/><a href=\"http:\/\/iecomm.com.co\/wp-content\/uploads\/2026\/02\/202503121529.mp4\">http:\/\/iecomm.com.co\/wp-content\/uploads\/2026\/02\/202503121529.mp4<\/a><\/video><\/div>\n<p>&nbsp;<\/p>\n<p>&nbsp;<\/p>\n","protected":false},"excerpt":{"rendered":"<p>Rotuladores Super Tips y Silly Scents de Crayola: Disfruta de una amplia variedad con los 100 rotuladores lavables Crayola Super Tips y los 20 marcadores Silly Scents, incluyendo repeticiones de colores populares.<\/p>\n","protected":false},"featured_media":1427,"comment_status":"open","ping_status":"closed","template":"","meta":[],"product_brand":[],"product_cat":[96],"product_tag":[],"class_list":{"0":"post-1425","1":"product","2":"type-product","3":"status-publish","4":"has-post-thumbnail","6":"product_cat-arte-papeleria-y-merceria","8":"first","9":"outofstock","10":"shipping-taxable","11":"purchasable","12":"product-type-simple"},"_links":{"self":[{"href":"https:\/\/iecomm.com.co\/index.php?rest_route=\/wp\/v2\/product\/1425","targetHints":{"allow":["GET"]}}],"collection":[{"href":"https:\/\/iecomm.com.co\/index.php?rest_route=\/wp\/v2\/product"}],"about":[{"href":"https:\/\/iecomm.com.co\/index.php?rest_route=\/wp\/v2\/types\/product"}],"replies":[{"embeddable":true,"href":"https:\/\/iecomm.com.co\/index.php?rest_route=%2Fwp%2Fv2%2Fcomments&post=1425"}],"wp:featuredmedia":[{"embeddable":true,"href":"https:\/\/iecomm.com.co\/index.php?rest_route=\/wp\/v2\/media\/1427"}],"wp:attachment":[{"href":"https:\/\/iecomm.com.co\/index.php?rest_route=%2Fwp%2Fv2%2Fmedia&parent=1425"}],"wp:term":[{"taxonomy":"product_brand","embeddable":true,"href":"https:\/\/iecomm.com.co\/index.php?rest_route=%2Fwp%2Fv2%2Fproduct_brand&post=1425"},{"taxonomy":"product_cat","embeddable":true,"href":"https:\/\/iecomm.com.co\/index.php?rest_route=%2Fwp%2Fv2%2Fproduct_cat&post=1425"},{"taxonomy":"product_tag","embeddable":true,"href":"https:\/\/iecomm.com.co\/index.php?rest_route=%2Fwp%2Fv2%2Fproduct_tag&post=1425"}],"curies":[{"name":"wp","href":"https:\/\/api.w.org\/{rel}","templated":true}]}}