{"id":1533,"date":"2026-02-10T19:12:35","date_gmt":"2026-02-10T19:12:35","guid":{"rendered":"https:\/\/iecomm.com.co\/?product=juego-de-mesa-monopoly-junior-edicion-super-mario-hasbro"},"modified":"2026-02-12T13:37:28","modified_gmt":"2026-02-12T13:37:28","slug":"juego-de-mesa-monopoly-junior-edicion-super-mario-hasbro","status":"publish","type":"product","link":"https:\/\/iecomm.com.co\/?product=juego-de-mesa-monopoly-junior-edicion-super-mario-hasbro","title":{"rendered":"Juego De Mesa Monopoly Junior Edici\u00f3n Super Mario Hasbro"},"content":{"rendered":"<p>MONOPOLY JUEGO JUNIOR PARA NI\u00d1OS: en este juego de mesa Monopoly Junior, los ni\u00f1os pueden imaginar explorar el Reino de los hongos con ilustraciones de Super Mario, temas y jugabilidad.<\/p>\n<p>PERSONAJES DE SUPER MARIO: Los jugadores se mueven por el tablero de juego como Mario, Peach, Yoshi o Luigi comprando propiedades y recogiendo monedas. El jugador con m\u00e1s monedas gana.<\/p>\n<p>EFECTOS DE SONIDO DE JUEGO: Los jugadores tiran el dado de encendido para averiguar si pueden presionar la unidad de sonido de monedas con el ic\u00f3nico sonido de monedas de Super Mario, y recoger monedas.<\/p>\n<p>COMPRAR PROPIEDADES SUPER MARIO: Los espacios de mesa cuentan con escenas y temas que los fan\u00e1ticos de Super Mario reconocer\u00e1n como Yoshi&#8217;s Hill, Cooligan Fields y Rock-Candy Mines.<\/p>\n<p>Divertido juego de mesa para ni\u00f1os: Monopoly Junior es una buena introducci\u00f3n al juego de Monopoly Est\u00e1 dise\u00f1ado para ser r\u00e1pido, divertido y emocionante para los jugadores m\u00e1s j\u00f3venes. Es un gran regalo para ni\u00f1os a partir de 5 a\u00f1os.<\/p>\n","protected":false},"excerpt":{"rendered":"<p>MONOPOLY JUEGO JUNIOR PARA NI\u00d1OS: en este juego de mesa Monopoly Junior, los ni\u00f1os pueden imaginar explorar el Reino de los hongos con ilustraciones de Super Mario, temas y jugabilidad. PERSONAJES DE SUPER MARIO: Los jugadores se mueven por el tablero de juego como Mario, Peach, Yoshi o Luigi comprando propiedades y recogiendo monedas. El [&hellip;]<\/p>\n","protected":false},"featured_media":1532,"comment_status":"open","ping_status":"closed","template":"","meta":[],"product_brand":[],"product_cat":[15],"product_tag":[],"class_list":{"0":"post-1533","1":"product","2":"type-product","3":"status-publish","4":"has-post-thumbnail","6":"product_cat-uncategorized","8":"first","9":"instock","10":"sale","11":"shipping-taxable","12":"purchasable","13":"product-type-simple"},"_links":{"self":[{"href":"https:\/\/iecomm.com.co\/index.php?rest_route=\/wp\/v2\/product\/1533","targetHints":{"allow":["GET"]}}],"collection":[{"href":"https:\/\/iecomm.com.co\/index.php?rest_route=\/wp\/v2\/product"}],"about":[{"href":"https:\/\/iecomm.com.co\/index.php?rest_route=\/wp\/v2\/types\/product"}],"replies":[{"embeddable":true,"href":"https:\/\/iecomm.com.co\/index.php?rest_route=%2Fwp%2Fv2%2Fcomments&post=1533"}],"wp:featuredmedia":[{"embeddable":true,"href":"https:\/\/iecomm.com.co\/index.php?rest_route=\/wp\/v2\/media\/1532"}],"wp:attachment":[{"href":"https:\/\/iecomm.com.co\/index.php?rest_route=%2Fwp%2Fv2%2Fmedia&parent=1533"}],"wp:term":[{"taxonomy":"product_brand","embeddable":true,"href":"https:\/\/iecomm.com.co\/index.php?rest_route=%2Fwp%2Fv2%2Fproduct_brand&post=1533"},{"taxonomy":"product_cat","embeddable":true,"href":"https:\/\/iecomm.com.co\/index.php?rest_route=%2Fwp%2Fv2%2Fproduct_cat&post=1533"},{"taxonomy":"product_tag","embeddable":true,"href":"https:\/\/iecomm.com.co\/index.php?rest_route=%2Fwp%2Fv2%2Fproduct_tag&post=1533"}],"curies":[{"name":"wp","href":"https:\/\/api.w.org\/{rel}","templated":true}]}}