{"id":1537,"date":"2026-02-10T19:12:38","date_gmt":"2026-02-10T19:12:38","guid":{"rendered":"https:\/\/iecomm.com.co\/?product=caja-registradora-juguete-nina-accesorios-luces-sonido-rosa-rosa"},"modified":"2026-02-12T13:37:28","modified_gmt":"2026-02-12T13:37:28","slug":"caja-registradora-juguete-nina-accesorios-luces-sonido-rosa-rosa","status":"publish","type":"product","link":"https:\/\/iecomm.com.co\/?product=caja-registradora-juguete-nina-accesorios-luces-sonido-rosa-rosa","title":{"rendered":"Caja Registradora Juguete Ni\u00f1a Accesorios Luces Sonido Rosa Rosa"},"content":{"rendered":"<p>La caja registradora de juguete le ense\u00f1ar\u00e1 a su hija habilidades matem\u00e1ticas b\u00e1sicas como contar sumar, restar, multiplicaci\u00f3n y divisi\u00f3n-.<br \/>\nLa caja registradora de juguete Trae una pantalla LCD con una calculadora donde se pueden hacer cuentas, y operaciones b\u00e1sicas de suma, resta, multiplicaci\u00f3n y divisi\u00f3n<br \/>\n\u00a1Disfruta de la diversi\u00f3n del supermercado con tus hijos!<br \/>\ndise\u00f1ados con atenci\u00f3n al detalle, llamativos, Colorido y tambi\u00e9n seguro e hipoalerg\u00e9nico.<br \/>\nProporcione su amor y ayude a su hijo a desarrollar las habilidades b\u00e1sicas.<br \/>\nTama\u00f1o del embalaje: 15,5 alto x 12.8 largo x 23,6 ancho cm<br \/>\nTama\u00f1o de la registradora 15 alto x 12 largo x 23 ancho cm<br \/>\nCaracter\u00edsticas:<br \/>\nSonido,<br \/>\nLuz,<br \/>\nCalculadora que funcionan de verdad, con<br \/>\nCompartimiento que abre para guardar las monedas,<br \/>\nRanura para insertar la tarjeta de cr\u00e9dito,<br \/>\nMini balanza para simular el peso de los productos,<br \/>\nPeque\u00f1o esc\u00e1ner para simular escanear los productos.<br \/>\nFuente de alimentaci\u00f3n: 3 pilas AA de 1,5 V<br \/>\nMaterial: Pl\u00e1stico<br \/>\nEdad recomendada: 3+<br \/>\nPais de origen: China<\/p>\n<p>NOTA: el color le llegara a disponibilidad de inventario<\/p>\n<p>Contenido<br \/>\n1 Caja registradora con esc\u00e1ner simulado y calculadora<br \/>\n4 Billetes.<br \/>\n1 Tarjeta Cr\u00e9dito.<br \/>\n6 Monedas<br \/>\n1 Soporte de Esc\u00e1ner<\/p>\n<div style=\"width: 720px;\" class=\"wp-video\"><video class=\"wp-video-shortcode\" id=\"video-1537-1\" width=\"720\" height=\"1280\" preload=\"metadata\" controls=\"controls\"><source type=\"video\/mp4\" src=\"http:\/\/iecomm.com.co\/wp-content\/uploads\/2026\/02\/WhatsApp-Video-2024-03-20-at-1.27.49-PM.mp4?_=1\" \/><a href=\"http:\/\/iecomm.com.co\/wp-content\/uploads\/2026\/02\/WhatsApp-Video-2024-03-20-at-1.27.49-PM.mp4\">http:\/\/iecomm.com.co\/wp-content\/uploads\/2026\/02\/WhatsApp-Video-2024-03-20-at-1.27.49-PM.mp4<\/a><\/video><\/div>\n","protected":false},"excerpt":{"rendered":"<p>La caja registradora de juguete le ense\u00f1ar\u00e1 a su hija habilidades matem\u00e1ticas b\u00e1sicas como contar sumar, restar, multiplicaci\u00f3n y divisi\u00f3n-. La caja registradora de juguete Trae una pantalla LCD con una calculadora donde se pueden hacer cuentas, y operaciones b\u00e1sicas de suma, resta, multiplicaci\u00f3n y divisi\u00f3n \u00a1Disfruta de la diversi\u00f3n del supermercado con tus hijos! [&hellip;]<\/p>\n","protected":false},"featured_media":1536,"comment_status":"open","ping_status":"closed","template":"","meta":[],"product_brand":[],"product_cat":[81],"product_tag":[],"class_list":{"0":"post-1537","1":"product","2":"type-product","3":"status-publish","4":"has-post-thumbnail","6":"product_cat-juegos-y-juguetes","8":"first","9":"instock","10":"sale","11":"shipping-taxable","12":"purchasable","13":"product-type-variable"},"_links":{"self":[{"href":"https:\/\/iecomm.com.co\/index.php?rest_route=\/wp\/v2\/product\/1537","targetHints":{"allow":["GET"]}}],"collection":[{"href":"https:\/\/iecomm.com.co\/index.php?rest_route=\/wp\/v2\/product"}],"about":[{"href":"https:\/\/iecomm.com.co\/index.php?rest_route=\/wp\/v2\/types\/product"}],"replies":[{"embeddable":true,"href":"https:\/\/iecomm.com.co\/index.php?rest_route=%2Fwp%2Fv2%2Fcomments&post=1537"}],"wp:featuredmedia":[{"embeddable":true,"href":"https:\/\/iecomm.com.co\/index.php?rest_route=\/wp\/v2\/media\/1536"}],"wp:attachment":[{"href":"https:\/\/iecomm.com.co\/index.php?rest_route=%2Fwp%2Fv2%2Fmedia&parent=1537"}],"wp:term":[{"taxonomy":"product_brand","embeddable":true,"href":"https:\/\/iecomm.com.co\/index.php?rest_route=%2Fwp%2Fv2%2Fproduct_brand&post=1537"},{"taxonomy":"product_cat","embeddable":true,"href":"https:\/\/iecomm.com.co\/index.php?rest_route=%2Fwp%2Fv2%2Fproduct_cat&post=1537"},{"taxonomy":"product_tag","embeddable":true,"href":"https:\/\/iecomm.com.co\/index.php?rest_route=%2Fwp%2Fv2%2Fproduct_tag&post=1537"}],"curies":[{"name":"wp","href":"https:\/\/api.w.org\/{rel}","templated":true}]}}