{"id":1555,"date":"2026-02-10T19:12:53","date_gmt":"2026-02-10T19:12:53","guid":{"rendered":"https:\/\/iecomm.com.co\/?product=metilo-b-12-1000-mcg-methyl-chocolate"},"modified":"2026-02-12T13:37:28","modified_gmt":"2026-02-12T13:37:28","slug":"metilo-b-12-1000-mcg-methyl-chocolate","status":"publish","type":"product","link":"https:\/\/iecomm.com.co\/?product=metilo-b-12-1000-mcg-methyl-chocolate","title":{"rendered":"Metilo B-12 1000 Mcg Methyl  Chocolate"},"content":{"rendered":"<p>IECOMM SAS<br \/>\nSu tienda de Comercio Electr\u00f3nico<br \/>\nImportadores USA<\/p>\n<p>&#8212;&#8212;&#8212;&#8212;&#8212;&#8212;&#8212;&#8212;&#8212;&#8212;&#8212;&#8212;&#8212;<br \/>\n&#8212;&#8212;&#8212;&#8212;&#8212;&#8212;&#8212;&#8212;&#8212;&#8212;&#8212;&#8212;&#8212;<\/p>\n<p>Env\u00edo Nacional Gratuito<\/p>\n<p>&#8212;&#8212;&#8212;&#8212;&#8212;&#8212;&#8212;&#8212;&#8212;&#8212;&#8212;&#8212;&#8212;<br \/>\n&#8212;&#8212;&#8212;&#8212;&#8212;&#8212;&#8212;&#8212;&#8212;&#8212;&#8212;&#8212;&#8212;<\/p>\n<p>CARACTER\u00cdSTICAS DEL PRODUCTO:<\/p>\n<p>Bioactive B12 &#8211; Jarrow Formulas Methyl B-12 (metilcobalamina) es la forma de coenzima biol\u00f3gicamente activa de vitamina B12. Apoya la salud y la funci\u00f3n cerebral y nerviosa, la producci\u00f3n de energ\u00eda, la replicaci\u00f3n celular, la producci\u00f3n de gl\u00f3bulos rojos y los ciclos de sue\u00f1o y vigilia. <\/p>\n<p>Metabolismo de homociste\u00edna: el metil B-12 tambi\u00e9n se requiere para metabolizar la homociste\u00edna de nuevo en el amino\u00e1cido esencial L-metionina.<\/p>\n<p>Mejor conservaci\u00f3n: la investigaci\u00f3n sugiere que el metil B-12 se retiene mejor en el cuerpo que la cianocobalamina, y algunos vegetarianos\/veganos pueden necesitar suplementos.<\/p>\n<p>Pr\u00e1ctica tableta masticable: cada tableta masticable con sabor a limon ofrece 1000 microgramos (mcg) de metil B-12. Nuestra f\u00f3rmula no contiene trigo, gluten, soja, l\u00e1cteos, huevo, pescado\/mariscos o cacahuetes\/nueces de \u00e1rbol.<\/p>\n<p>Nutrici\u00f3n y formulaci\u00f3n superiores: el objetivo de Jarrow Formulas es promover una salud \u00f3ptima con una formulaci\u00f3n de suplementos diet\u00e9ticos de alta calidad, eficaz, asequible y superior. Nuestros clientes pueden estar seguros de pureza, valor y potencia.<\/p>\n<p>&#8212;&#8212;&#8212;&#8212;&#8212;&#8212;&#8212;&#8212;&#8212;&#8212;&#8212;&#8212;&#8212;<br \/>\n&#8212;&#8212;&#8212;&#8212;&#8212;&#8212;&#8212;&#8212;&#8212;&#8212;&#8212;&#8212;&#8212;<\/p>\n<p>INFORMACI\u00d3N IMPORTANTE<br \/>\nSomos facilitadores de comercio exterior, traemos productos desde el exterior para ti y se realiza el proceso con proveedores internacionales. Por lo anterior, pueden existir variaciones de stock y\/o precio, como resultado de la actualizaci\u00f3n autom\u00e1tica realizada diariamente. De presentarse lo anterior, realizamos la devoluci\u00f3n total de su dinero.<br \/>\nPara cambio en talla, color y\/o referencia, contacte con nuestro Servicio al Cliente dentro de las 24 horas siguientes a la generaci\u00f3n de la orden.<\/p>\n<p>PREGUNTAS FRECUENTES<br \/>\n\u00bfTIENE ALGUNA GARANTIA?<br \/>\nNuestros proveedores nos ofrecen garant\u00eda por defectos de fabricaci\u00f3n de 30 d\u00edas la cual extendemos a nuestros clientes.<br \/>\nNo aplicar\u00e1 garant\u00eda en caso de evidenciarse un mal uso por parte del cliente.<\/p>\n<p>\u00bfQUE PUEDO HACER EN CASO DE RETRACTARME DE MI COMPRA?<br \/>\nEn caso de no desear el producto recibido, puede realizar la devoluci\u00f3n dentro de un periodo no mayor a 5 d\u00edas, a partir de la entrega del producto y el comprador debe asumir el costo de retorno al pa\u00eds de origen de la mercanc\u00eda (El costo var\u00eda de acuerdo a Peso y Tama\u00f1o del producto).<\/p>\n<p>\u00a1Gracias por visitar nuestra Tienda, Somos la mejor opci\u00f3n!<\/p>\n<p>\u00a1Gracias por visitar nuestra Tienda, Somos la mejor opci\u00f3n!<\/p>\n","protected":false},"excerpt":{"rendered":"<p>IECOMM SAS Su tienda de Comercio Electr\u00f3nico Importadores USA &#8212;&#8212;&#8212;&#8212;&#8212;&#8212;&#8212;&#8212;&#8212;&#8212;&#8212;&#8212;&#8212; &#8212;&#8212;&#8212;&#8212;&#8212;&#8212;&#8212;&#8212;&#8212;&#8212;&#8212;&#8212;&#8212; Env\u00edo Nacional Gratuito &#8212;&#8212;&#8212;&#8212;&#8212;&#8212;&#8212;&#8212;&#8212;&#8212;&#8212;&#8212;&#8212; &#8212;&#8212;&#8212;&#8212;&#8212;&#8212;&#8212;&#8212;&#8212;&#8212;&#8212;&#8212;&#8212; CARACTER\u00cdSTICAS DEL PRODUCTO: Bioactive B12 &#8211; Jarrow Formulas Methyl B-12 (metilcobalamina) es la forma de coenzima biol\u00f3gicamente activa de vitamina B12. Apoya la salud y la funci\u00f3n cerebral y nerviosa, la producci\u00f3n de energ\u00eda, la replicaci\u00f3n celular, la producci\u00f3n [&hellip;]<\/p>\n","protected":false},"featured_media":1554,"comment_status":"open","ping_status":"closed","template":"","meta":[],"product_brand":[],"product_cat":[15],"product_tag":[],"class_list":{"0":"post-1555","1":"product","2":"type-product","3":"status-publish","4":"has-post-thumbnail","6":"product_cat-uncategorized","8":"first","9":"instock","10":"shipping-taxable","11":"purchasable","12":"product-type-simple"},"_links":{"self":[{"href":"https:\/\/iecomm.com.co\/index.php?rest_route=\/wp\/v2\/product\/1555","targetHints":{"allow":["GET"]}}],"collection":[{"href":"https:\/\/iecomm.com.co\/index.php?rest_route=\/wp\/v2\/product"}],"about":[{"href":"https:\/\/iecomm.com.co\/index.php?rest_route=\/wp\/v2\/types\/product"}],"replies":[{"embeddable":true,"href":"https:\/\/iecomm.com.co\/index.php?rest_route=%2Fwp%2Fv2%2Fcomments&post=1555"}],"wp:featuredmedia":[{"embeddable":true,"href":"https:\/\/iecomm.com.co\/index.php?rest_route=\/wp\/v2\/media\/1554"}],"wp:attachment":[{"href":"https:\/\/iecomm.com.co\/index.php?rest_route=%2Fwp%2Fv2%2Fmedia&parent=1555"}],"wp:term":[{"taxonomy":"product_brand","embeddable":true,"href":"https:\/\/iecomm.com.co\/index.php?rest_route=%2Fwp%2Fv2%2Fproduct_brand&post=1555"},{"taxonomy":"product_cat","embeddable":true,"href":"https:\/\/iecomm.com.co\/index.php?rest_route=%2Fwp%2Fv2%2Fproduct_cat&post=1555"},{"taxonomy":"product_tag","embeddable":true,"href":"https:\/\/iecomm.com.co\/index.php?rest_route=%2Fwp%2Fv2%2Fproduct_tag&post=1555"}],"curies":[{"name":"wp","href":"https:\/\/api.w.org\/{rel}","templated":true}]}}