{"id":1559,"date":"2026-02-10T19:12:57","date_gmt":"2026-02-10T19:12:57","guid":{"rendered":"https:\/\/iecomm.com.co\/?product=naturalslim-metab-12-gotas-d3-berry-flavor"},"modified":"2026-02-12T13:37:28","modified_gmt":"2026-02-12T13:37:28","slug":"naturalslim-metab-12-gotas-d3-berry-flavor","status":"publish","type":"product","link":"https:\/\/iecomm.com.co\/?product=naturalslim-metab-12-gotas-d3-berry-flavor","title":{"rendered":"Naturalslim Metab-12 Gotas + D3 Berry Flavor"},"content":{"rendered":"<p>IECOMM SAS<br \/>\nSu tienda de Comercio Electr\u00f3nico<br \/>\nImportadores USA<\/p>\n<p>&#8212;&#8212;&#8212;&#8212;&#8212;&#8212;&#8212;&#8212;&#8212;&#8212;&#8212;&#8212;&#8212;<br \/>\n&#8212;&#8212;&#8212;&#8212;&#8212;&#8212;&#8212;&#8212;&#8212;&#8212;&#8212;&#8212;&#8212;<\/p>\n<p>&#8212;&#8212;&#8212;&#8212;&#8212;&#8212;&#8212;&#8212;&#8212;&#8212;&#8212;&#8212;&#8212;<\/p>\n<p>Env\u00edo Nacional Gratuito<\/p>\n<p>&#8212;&#8212;&#8212;&#8212;&#8212;&#8212;&#8212;&#8212;&#8212;&#8212;&#8212;&#8212;&#8212;<br \/>\n&#8212;&#8212;&#8212;&#8212;&#8212;&#8212;&#8212;&#8212;&#8212;&#8212;&#8212;&#8212;&#8212;<\/p>\n<p>CARACTER\u00cdSTICAS DEL PRODUCTO:<\/p>\n<p>\u00a1IMPULSE SU METABOLISMO Y ENERG\u00cdA!* <\/p>\n<p>El METAB-12\u2122 es un suplemento liquido \u00fanico con una f\u00f3rmula especial compuesta de Vitamina B12 y Vitamina D, las cuales proveen beneficios al metabolismo y a las funciones vitales del cuerpo.*<\/p>\n<p>Su cuerpo necesita vitamina B12 para llevar a cabo varios procesos, desde la creaci\u00f3n de nuevos gl\u00f3bulos rojos hasta para ayudar a mantener saludable su sistema nervioso. Su metabolismo tambi\u00e9n depende de la vitamina B12 ya que esta vitamina ayuda a descomponer los \u00e1cidos grasos para que el cuerpo pueda usarlos como energ\u00eda, adem\u00e1s de que es vital para la absorci\u00f3n adecuada del folato, otra vitamina B.<\/p>\n<p>La metilcobalamina l\u00edquida o vitamina B12 metilada (Methyl B12) que contiene el METAB-12\u2122 es la forma m\u00e1s pura, activa y biodisponible de B12. La vitamina B12 es soluble en agua, por lo que cualquier exceso de vitamina se excreta en la orina, en lugar de almacenarse en el cuerpo.<\/p>\n<p>Beneficios de la vitamina B12:<\/p>\n<p>Impulsa su metabolismo.<br \/>\nAumenta los niveles de energ\u00eda.<br \/>\nApoyo para un sistema inmune saludable.<br \/>\nAyuda a metabolizar las prote\u00ednas en todo el cuerpo.<br \/>\nApoya al cuerpo en la s\u00edntesis del ADN y la producci\u00f3n de gl\u00f3bulos rojos.<br \/>\nMejora el sistema nervioso, el estado de \u00e1nimo y promueve la calma.<br \/>\nApoyo a la salud del cerebro, el sistema digestivo, y para un cabello, piel y u\u00f1as saludables.<br \/>\nSin cantidades adecuadas de B12, la capacidad de nuestro cuerpo para funcionar se puede deteriorar.* <\/p>\n<p>Adem\u00e1s, cada porci\u00f3n del METAB-12\u2122 contiene el 100% del valor diario recomendado de la Vitamina D (20mcg\/800 IU). Existen diferentes clases de vitamina D. El METAB-12\u2122 contiene la vitamina D3 (colecalciferol) la cual es considerada como la mejor fuente de vitamina D. La vitamina D ayuda a su cuerpo a absorber el calcio y tiene muchos otros beneficios para el metabolismo. La vitamina D3 se usa com\u00fanmente como suplemento diet\u00e9tico en personas que no obtienen suficiente vitamina D en su dieta, para mantener una salud adecuada.<\/p>\n<p>AUMENTE EL NIVEL DE ENERG\u00cdA con METAB-12\u2122:<\/p>\n<p>La vitamina B12 promueve la producci\u00f3n de energ\u00eda al apoyar las gl\u00e1ndulas adrenales, la formaci\u00f3n de los gl\u00f3bulos rojos y la conversi\u00f3n de los carbohidratos en glucosa. \u00a1Mant\u00e9ngase alerta y con energ\u00eda durante todo el d\u00eda aumentando sus niveles de energ\u00eda con el METAB-12!*<\/p>\n<p>SABROSO y F\u00c1CIL DE TOMAR: <\/p>\n<p>METAB-12\u2122 es una f\u00f3rmula l\u00edquida deliciosa y f\u00e1cil de ingerir, disponible en dos sabores: bayas (berry) y toronja rosada (grapefruit). Este suplemento l\u00edquido se absorbe en los vasos sangu\u00edneos de la boca, lo que a menudo es mejor para cualquier persona que tenga problemas para absorber estas vitaminas en el est\u00f3mago. Su forma l\u00edquida la hace altamente absorbible y ultrapotente.* <\/p>\n<p>DOSIS RECOMENDADA:<\/p>\n<p>Agite suavemente antes de usar. Coloque un gotero lleno (1ml) o dos medios goteros debajo de la lengua y sostenga por 20 segundos antes de tragar. \u00daselo una vez al d\u00eda o seg\u00fan las indicaciones de su proveedor de atenci\u00f3n m\u00e9dica.<\/p>\n<p>&#8212;&#8212;&#8212;&#8212;&#8212;&#8212;&#8212;&#8212;&#8212;&#8212;&#8212;&#8212;&#8212;<br \/>\n&#8212;&#8212;&#8212;&#8212;&#8212;&#8212;&#8212;&#8212;&#8212;&#8212;&#8212;&#8212;&#8212;<\/p>\n<p>INFORMACI\u00d3N IMPORTANTE<br \/>\nSomos facilitadores de comercio exterior, traemos productos desde el exterior para ti y se realiza el proceso con proveedores internacionales. Por lo anterior, pueden existir variaciones de stock y\/o precio, como resultado de la actualizaci\u00f3n autom\u00e1tica realizada diariamente. De presentarse lo anterior, realizamos la devoluci\u00f3n total de su dinero.<br \/>\nPara cambio en talla, color y\/o referencia, contacte con nuestro Servicio al Cliente dentro de las 24 horas siguientes a la generaci\u00f3n de la orden.<\/p>\n<p>PREGUNTAS FRECUENTES<br \/>\n\u00bfTIENE ALGUNA GARANTIA?<br \/>\nNuestros proveedores nos ofrecen garant\u00eda por defectos de fabricaci\u00f3n de 30 d\u00edas la cual extendemos a nuestros clientes.<br \/>\nNo aplicar\u00e1 garant\u00eda en caso de evidenciarse un mal uso por parte del cliente.<\/p>\n<p>\u00bfQUE PUEDO HACER EN CASO DE RETRACTARME DE MI COMPRA?<br \/>\nEn caso de no desear el producto recibido, puede realizar la devoluci\u00f3n dentro de un periodo no mayor a 5 d\u00edas, a partir de la entrega del producto y el comprador debe asumir el costo de retorno al pa\u00eds de origen de la mercanc\u00eda (El costo var\u00eda de acuerdo a Peso y Tama\u00f1o del producto).<\/p>\n<p>\u00a1Gracias por visitar nuestra Tienda, Somos la mejor opci\u00f3n!<\/p>\n<p>\u00a1Gracias por visitar nuestra Tienda, Somos la mejor opci\u00f3n!<\/p>\n","protected":false},"excerpt":{"rendered":"<p>IECOMM SAS Su tienda de Comercio Electr\u00f3nico Importadores USA &#8212;&#8212;&#8212;&#8212;&#8212;&#8212;&#8212;&#8212;&#8212;&#8212;&#8212;&#8212;&#8212; &#8212;&#8212;&#8212;&#8212;&#8212;&#8212;&#8212;&#8212;&#8212;&#8212;&#8212;&#8212;&#8212; &#8212;&#8212;&#8212;&#8212;&#8212;&#8212;&#8212;&#8212;&#8212;&#8212;&#8212;&#8212;&#8212; Env\u00edo Nacional Gratuito &#8212;&#8212;&#8212;&#8212;&#8212;&#8212;&#8212;&#8212;&#8212;&#8212;&#8212;&#8212;&#8212; &#8212;&#8212;&#8212;&#8212;&#8212;&#8212;&#8212;&#8212;&#8212;&#8212;&#8212;&#8212;&#8212; CARACTER\u00cdSTICAS DEL PRODUCTO: \u00a1IMPULSE SU METABOLISMO Y ENERG\u00cdA!* El METAB-12\u2122 es un suplemento liquido \u00fanico con una f\u00f3rmula especial compuesta de Vitamina B12 y Vitamina D, las cuales proveen beneficios al metabolismo y a las funciones vitales del [&hellip;]<\/p>\n","protected":false},"featured_media":1558,"comment_status":"open","ping_status":"closed","template":"","meta":[],"product_brand":[],"product_cat":[15],"product_tag":[],"class_list":{"0":"post-1559","1":"product","2":"type-product","3":"status-publish","4":"has-post-thumbnail","6":"product_cat-uncategorized","8":"first","9":"instock","10":"shipping-taxable","11":"purchasable","12":"product-type-simple"},"_links":{"self":[{"href":"https:\/\/iecomm.com.co\/index.php?rest_route=\/wp\/v2\/product\/1559","targetHints":{"allow":["GET"]}}],"collection":[{"href":"https:\/\/iecomm.com.co\/index.php?rest_route=\/wp\/v2\/product"}],"about":[{"href":"https:\/\/iecomm.com.co\/index.php?rest_route=\/wp\/v2\/types\/product"}],"replies":[{"embeddable":true,"href":"https:\/\/iecomm.com.co\/index.php?rest_route=%2Fwp%2Fv2%2Fcomments&post=1559"}],"wp:featuredmedia":[{"embeddable":true,"href":"https:\/\/iecomm.com.co\/index.php?rest_route=\/wp\/v2\/media\/1558"}],"wp:attachment":[{"href":"https:\/\/iecomm.com.co\/index.php?rest_route=%2Fwp%2Fv2%2Fmedia&parent=1559"}],"wp:term":[{"taxonomy":"product_brand","embeddable":true,"href":"https:\/\/iecomm.com.co\/index.php?rest_route=%2Fwp%2Fv2%2Fproduct_brand&post=1559"},{"taxonomy":"product_cat","embeddable":true,"href":"https:\/\/iecomm.com.co\/index.php?rest_route=%2Fwp%2Fv2%2Fproduct_cat&post=1559"},{"taxonomy":"product_tag","embeddable":true,"href":"https:\/\/iecomm.com.co\/index.php?rest_route=%2Fwp%2Fv2%2Fproduct_tag&post=1559"}],"curies":[{"name":"wp","href":"https:\/\/api.w.org\/{rel}","templated":true}]}}