{"id":1561,"date":"2026-02-10T19:12:59","date_gmt":"2026-02-10T19:12:59","guid":{"rendered":"https:\/\/iecomm.com.co\/?product=suplemento-dietetico-puritans-sin-sabor"},"modified":"2026-02-12T13:37:28","modified_gmt":"2026-02-12T13:37:28","slug":"suplemento-dietetico-puritans-sin-sabor","status":"publish","type":"product","link":"https:\/\/iecomm.com.co\/?product=suplemento-dietetico-puritans-sin-sabor","title":{"rendered":"Suplemento Diet\u00e9tico Puritan&#8217;s Sin Sabor"},"content":{"rendered":"<p>IECOMM SAS<br \/>\nSu tienda de Comercio Electr\u00f3nico<br \/>\nImportadores USA<\/p>\n<p>&#8212;&#8212;&#8212;&#8212;&#8212;&#8212;&#8212;&#8212;&#8212;&#8212;&#8212;&#8212;&#8212;<br \/>\n&#8212;&#8212;&#8212;&#8212;&#8212;&#8212;&#8212;&#8212;&#8212;&#8212;&#8212;&#8212;&#8212;<\/p>\n<p>Env\u00edo Nacional Gratuito<\/p>\n<p>&#8212;&#8212;&#8212;&#8212;&#8212;&#8212;&#8212;&#8212;&#8212;&#8212;&#8212;&#8212;&#8212;<br \/>\n&#8212;&#8212;&#8212;&#8212;&#8212;&#8212;&#8212;&#8212;&#8212;&#8212;&#8212;&#8212;&#8212;<\/p>\n<p>CARACTER\u00cdSTICAS DEL PRODUCTO:<\/p>\n<p>1200 mg levadura de arroz rojo en polvo<\/p>\n<p>Utilizado durante siglos en dietas tradicionales en china<\/p>\n<p>Suplemento popular nutricional<\/p>\n<p>Sin sabores o edulcorantes artificiales, sin conservantes, sin az\u00facar,<br \/>\nsin almid\u00f3n, sin leche, sin lactosa, sin gluten, sin trigo, sin levadura,<br \/>\nsin pescado. Libre de sodio.<\/p>\n<p>&#8212;&#8212;&#8212;&#8212;&#8212;&#8212;&#8212;&#8212;&#8212;&#8212;&#8212;&#8212;&#8212;<br \/>\n&#8212;&#8212;&#8212;&#8212;&#8212;&#8212;&#8212;&#8212;&#8212;&#8212;&#8212;&#8212;&#8212;<\/p>\n<p>INFORMACI\u00d3N IMPORTANTE<br \/>\nSomos facilitadores de comercio exterior, traemos productos desde el exterior para ti y se realiza el proceso con proveedores internacionales. Por lo anterior, pueden existir variaciones de stock y\/o precio, como resultado de la actualizaci\u00f3n autom\u00e1tica realizada diariamente. De presentarse lo anterior, realizamos la devoluci\u00f3n total de su dinero.<br \/>\nPara cambio en talla, color y\/o referencia, contacte con nuestro Servicio al Cliente dentro de las 24 horas siguientes a la generaci\u00f3n de la orden.<\/p>\n<p>PREGUNTAS FRECUENTES<br \/>\n\u00bfTIENE ALGUNA GARANTIA?<br \/>\nNuestros proveedores nos ofrecen garant\u00eda por defectos de fabricaci\u00f3n de 30 d\u00edas la cual extendemos a nuestros clientes.<br \/>\nNo aplicar\u00e1 garant\u00eda en caso de evidenciarse un mal uso por parte del cliente.<\/p>\n<p>\u00bfQUE PUEDO HACER EN CASO DE RETRACTARME DE MI COMPRA?<br \/>\nEn caso de no desear el producto recibido, puede realizar la devoluci\u00f3n dentro de un periodo no mayor a 5 d\u00edas, a partir de la entrega del producto y el comprador debe asumir el costo de retorno al pa\u00eds de origen de la mercanc\u00eda (El costo var\u00eda de acuerdo a Peso y Tama\u00f1o del producto).<\/p>\n<p>\u00a1Gracias por visitar nuestra Tienda, Somos la mejor opci\u00f3n!<\/p>\n","protected":false},"excerpt":{"rendered":"<p>IECOMM SAS Su tienda de Comercio Electr\u00f3nico Importadores USA &#8212;&#8212;&#8212;&#8212;&#8212;&#8212;&#8212;&#8212;&#8212;&#8212;&#8212;&#8212;&#8212; &#8212;&#8212;&#8212;&#8212;&#8212;&#8212;&#8212;&#8212;&#8212;&#8212;&#8212;&#8212;&#8212; Env\u00edo Nacional Gratuito &#8212;&#8212;&#8212;&#8212;&#8212;&#8212;&#8212;&#8212;&#8212;&#8212;&#8212;&#8212;&#8212; &#8212;&#8212;&#8212;&#8212;&#8212;&#8212;&#8212;&#8212;&#8212;&#8212;&#8212;&#8212;&#8212; CARACTER\u00cdSTICAS DEL PRODUCTO: 1200 mg levadura de arroz rojo en polvo Utilizado durante siglos en dietas tradicionales en china Suplemento popular nutricional Sin sabores o edulcorantes artificiales, sin conservantes, sin az\u00facar, sin almid\u00f3n, sin leche, sin lactosa, sin gluten, [&hellip;]<\/p>\n","protected":false},"featured_media":1560,"comment_status":"open","ping_status":"closed","template":"","meta":[],"product_brand":[],"product_cat":[15],"product_tag":[],"class_list":{"0":"post-1561","1":"product","2":"type-product","3":"status-publish","4":"has-post-thumbnail","6":"product_cat-uncategorized","8":"first","9":"instock","10":"shipping-taxable","11":"purchasable","12":"product-type-simple"},"_links":{"self":[{"href":"https:\/\/iecomm.com.co\/index.php?rest_route=\/wp\/v2\/product\/1561","targetHints":{"allow":["GET"]}}],"collection":[{"href":"https:\/\/iecomm.com.co\/index.php?rest_route=\/wp\/v2\/product"}],"about":[{"href":"https:\/\/iecomm.com.co\/index.php?rest_route=\/wp\/v2\/types\/product"}],"replies":[{"embeddable":true,"href":"https:\/\/iecomm.com.co\/index.php?rest_route=%2Fwp%2Fv2%2Fcomments&post=1561"}],"wp:featuredmedia":[{"embeddable":true,"href":"https:\/\/iecomm.com.co\/index.php?rest_route=\/wp\/v2\/media\/1560"}],"wp:attachment":[{"href":"https:\/\/iecomm.com.co\/index.php?rest_route=%2Fwp%2Fv2%2Fmedia&parent=1561"}],"wp:term":[{"taxonomy":"product_brand","embeddable":true,"href":"https:\/\/iecomm.com.co\/index.php?rest_route=%2Fwp%2Fv2%2Fproduct_brand&post=1561"},{"taxonomy":"product_cat","embeddable":true,"href":"https:\/\/iecomm.com.co\/index.php?rest_route=%2Fwp%2Fv2%2Fproduct_cat&post=1561"},{"taxonomy":"product_tag","embeddable":true,"href":"https:\/\/iecomm.com.co\/index.php?rest_route=%2Fwp%2Fv2%2Fproduct_tag&post=1561"}],"curies":[{"name":"wp","href":"https:\/\/api.w.org\/{rel}","templated":true}]}}