{"id":1567,"date":"2026-02-10T19:13:03","date_gmt":"2026-02-10T19:13:03","guid":{"rendered":"https:\/\/iecomm.com.co\/?product=capsulas-vinagre-sidra-manzana-sin-sabor"},"modified":"2026-02-12T13:37:28","modified_gmt":"2026-02-12T13:37:28","slug":"capsulas-vinagre-sidra-manzana-sin-sabor","status":"publish","type":"product","link":"https:\/\/iecomm.com.co\/?product=capsulas-vinagre-sidra-manzana-sin-sabor","title":{"rendered":"C\u00e1psulas Vinagre Sidra Manzana Sin Sabor"},"content":{"rendered":"<p>IECOMM SAS<br \/>\nSu tienda de Comercio Electr\u00f3nico<br \/>\nImportadores USA<\/p>\n<p>&#8212;&#8212;&#8212;&#8212;&#8212;&#8212;&#8212;&#8212;&#8212;&#8212;&#8212;&#8212;&#8212;<br \/>\n&#8212;&#8212;&#8212;&#8212;&#8212;&#8212;&#8212;&#8212;&#8212;&#8212;&#8212;&#8212;&#8212;<\/p>\n<p>Env\u00edo Nacional Gratuito<\/p>\n<p>&#8212;&#8212;&#8212;&#8212;&#8212;&#8212;&#8212;&#8212;&#8212;&#8212;&#8212;&#8212;&#8212;<\/p>\n<p>CARACTER\u00cdSTICAS DEL PRODUCTO:<\/p>\n<p>El vinagre de sidra de manzana premium de 1600 mg \u2013 NutriFlair ACV est\u00e1 lleno de 1600 mg r\u00e9cord por porci\u00f3n de todas las c\u00e1psulas de vinagre de sidra de manzana naturales y veganas con The Mother. La marca NutriFlair cuenta con la mayor potencia disponible de suplementos ACV que se encuentran en el mercado hoy en d\u00eda. Nuestras p\u00edldoras de vinagre de sidra de manzana de la mejor calidad est\u00e1n formuladas para promover cambios saludables en el estilo de vida y beneficios para la salud tales como circulaci\u00f3n, niveles equilibrados de PH, digesti\u00f3n saludable y bienestar general<\/p>\n<p>Control saludable del peso, dieta, digesti\u00f3n y desintoxicaci\u00f3n: las p\u00edldoras Acv son ideales para el control de peso y apoyan un peso saludable con propiedades de limpieza probadas que pueden eliminar las impurezas que se encuentran en el cuerpo. Nuestras c\u00e1psulas son totalmente naturales y est\u00e1n hechas con ingredientes puros. Nuestro polvo de sidra de manzana incluye 800 mg de extracto puro por porci\u00f3n. Ya sea que est\u00e9s usando esto como un reductor de grasa o como un supresor del apetito, la soluci\u00f3n est\u00e1 aqu\u00ed para que disfrutes. Has encontrado el acv m\u00e1s potente del mercado hoy en d\u00eda<\/p>\n<p>Salud y energ\u00eda: te encantar\u00e1 la energ\u00eda a\u00f1adida que recibir\u00e1s sin nervios. \u00bfSabes lo que encabeza la lista para todas las formas naturales de reducir la presi\u00f3n arterial? Bingo lo adivinaste: vinagre de sidra de manzana, la energ\u00eda equivale a un mejor estado de \u00e1nimo que a su vez produce mejores cosas en nuestras vidas. La combinaci\u00f3n de c\u00e1psulas de vinagre de sidra de manzana con p\u00edldoras diet\u00e9ticas ceto premium puede explotarte en reducci\u00f3n de peso y energ\u00eda. Apoya el estilo de vida Keto, se puede utilizar con p\u00edldoras cetog\u00e9nicas y dieta<\/p>\n<p>Ultra potente control de grasa y desintoxicaci\u00f3n de 1600 mg \u2013 Mientras que la mayor\u00eda de los suplementos de vinagre de sidra de manzana en el mercado contienen 500 mg o menos por c\u00e1psula, cada una de nuestras c\u00e1psulas de vinagre de sidra cruda ofrece 800 mg de fuerza completa por c\u00e1psula. Nuestras c\u00e1psulas de tama\u00f1o 00 tambi\u00e9n son vegetales (sin gelatina ni a base de animales), veganas y vegetarianas. Adem\u00e1s, mientras que otras f\u00f3rmulas en el mercado contienen estearatos de magnesio, las nuestras no. Obt\u00e9n una dosis s\u00f3lida de 1600 miligramos por d\u00eda con NutriFlair<\/p>\n<p>Marca de confianza: satisfacci\u00f3n garantizada. Si nuestras c\u00e1psulas de vinagre de sidra de manzana no te sorprenden y no te encantan absolutamente, tu compra est\u00e1 en nosotros. Sin preguntas, nuestro servicio al cliente de clase mundial quiere que est\u00e9s satisfecho con tu compra. Absolutamente sin riesgo, la botella viene con el compromiso de satisfacci\u00f3n NutriFlair durante 30 d\u00edas. Ten este poderoso suplemento de control de peso y grasa a tu lado y agrad\u00e9zcanos m\u00e1s tarde; esto se puede combinar con nuestras gomitas de vinagre de sidra de manzana<\/p>\n<p>&#8212;&#8212;&#8212;&#8212;&#8212;&#8212;&#8212;&#8212;&#8212;&#8212;&#8212;&#8212;&#8212;<br \/>\n&#8212;&#8212;&#8212;&#8212;&#8212;&#8212;&#8212;&#8212;&#8212;&#8212;&#8212;&#8212;&#8212;<\/p>\n<p>INFORMACI\u00d3N IMPORTANTE<br \/>\nSomos facilitadores de comercio exterior, traemos productos desde el exterior para ti y se realiza el proceso con proveedores internacionales. Por lo anterior, pueden existir variaciones de stock y\/o precio, como resultado de la actualizaci\u00f3n autom\u00e1tica realizada diariamente. De presentarse lo anterior, realizamos la devoluci\u00f3n total de su dinero.<br \/>\nPara cambio en talla, color y\/o referencia, contacte con nuestro Servicio al Cliente dentro de las 24 horas siguientes a la generaci\u00f3n de la orden.<\/p>\n<p>PREGUNTAS FRECUENTES<br \/>\n\u00bfTIENE ALGUNA GARANTIA?<br \/>\nNuestros proveedores nos ofrecen garant\u00eda por defectos de fabricaci\u00f3n de 30 d\u00edas la cual extendemos a nuestros clientes.<br \/>\nNo aplicar\u00e1 garant\u00eda en caso de evidenciarse un mal uso por parte del cliente.<\/p>\n<p>\u00bfQUE PUEDO HACER EN CASO DE RETRACTARME DE MI COMPRA?<br \/>\nEn caso de no desear el producto recibido, puede realizar la devoluci\u00f3n dentro de un periodo no mayor a 5 d\u00edas, a partir de la entrega del producto y el comprador debe asumir el costo de retorno al pa\u00eds de origen de la mercanc\u00eda (El costo var\u00eda de acuerdo a Peso y Tama\u00f1o del producto).<\/p>\n<p>\u00a1Gracias por visitar nuestra Tienda, Somos la mejor opci\u00f3n!<\/p>\n","protected":false},"excerpt":{"rendered":"<p>IECOMM SAS Su tienda de Comercio Electr\u00f3nico Importadores USA &#8212;&#8212;&#8212;&#8212;&#8212;&#8212;&#8212;&#8212;&#8212;&#8212;&#8212;&#8212;&#8212; &#8212;&#8212;&#8212;&#8212;&#8212;&#8212;&#8212;&#8212;&#8212;&#8212;&#8212;&#8212;&#8212; Env\u00edo Nacional Gratuito &#8212;&#8212;&#8212;&#8212;&#8212;&#8212;&#8212;&#8212;&#8212;&#8212;&#8212;&#8212;&#8212; CARACTER\u00cdSTICAS DEL PRODUCTO: El vinagre de sidra de manzana premium de 1600 mg \u2013 NutriFlair ACV est\u00e1 lleno de 1600 mg r\u00e9cord por porci\u00f3n de todas las c\u00e1psulas de vinagre de sidra de manzana naturales y veganas con The Mother. [&hellip;]<\/p>\n","protected":false},"featured_media":1566,"comment_status":"open","ping_status":"closed","template":"","meta":[],"product_brand":[],"product_cat":[15],"product_tag":[],"class_list":{"0":"post-1567","1":"product","2":"type-product","3":"status-publish","4":"has-post-thumbnail","6":"product_cat-uncategorized","8":"first","9":"instock","10":"shipping-taxable","11":"purchasable","12":"product-type-simple"},"_links":{"self":[{"href":"https:\/\/iecomm.com.co\/index.php?rest_route=\/wp\/v2\/product\/1567","targetHints":{"allow":["GET"]}}],"collection":[{"href":"https:\/\/iecomm.com.co\/index.php?rest_route=\/wp\/v2\/product"}],"about":[{"href":"https:\/\/iecomm.com.co\/index.php?rest_route=\/wp\/v2\/types\/product"}],"replies":[{"embeddable":true,"href":"https:\/\/iecomm.com.co\/index.php?rest_route=%2Fwp%2Fv2%2Fcomments&post=1567"}],"wp:featuredmedia":[{"embeddable":true,"href":"https:\/\/iecomm.com.co\/index.php?rest_route=\/wp\/v2\/media\/1566"}],"wp:attachment":[{"href":"https:\/\/iecomm.com.co\/index.php?rest_route=%2Fwp%2Fv2%2Fmedia&parent=1567"}],"wp:term":[{"taxonomy":"product_brand","embeddable":true,"href":"https:\/\/iecomm.com.co\/index.php?rest_route=%2Fwp%2Fv2%2Fproduct_brand&post=1567"},{"taxonomy":"product_cat","embeddable":true,"href":"https:\/\/iecomm.com.co\/index.php?rest_route=%2Fwp%2Fv2%2Fproduct_cat&post=1567"},{"taxonomy":"product_tag","embeddable":true,"href":"https:\/\/iecomm.com.co\/index.php?rest_route=%2Fwp%2Fv2%2Fproduct_tag&post=1567"}],"curies":[{"name":"wp","href":"https:\/\/api.w.org\/{rel}","templated":true}]}}