{"id":1575,"date":"2026-02-10T19:13:10","date_gmt":"2026-02-10T19:13:10","guid":{"rendered":"https:\/\/iecomm.com.co\/?product=altavoz-domestico-bluetooth-marshall-acton-iii-negro-110v"},"modified":"2026-02-12T13:37:28","modified_gmt":"2026-02-12T13:37:28","slug":"altavoz-domestico-bluetooth-marshall-acton-iii-negro-110v","status":"publish","type":"product","link":"https:\/\/iecomm.com.co\/?product=altavoz-domestico-bluetooth-marshall-acton-iii-negro-110v","title":{"rendered":"Altavoz Dom\u00e9stico Bluetooth Marshall Acton Iii, Negro 110v"},"content":{"rendered":"<p>IECOMM SAS<br \/>\nSu tienda de Comercio Electr\u00f3nico<br \/>\nImportadores USA<\/p>\n<p>&#8212;&#8212;&#8212;&#8212;&#8212;&#8212;&#8212;&#8212;&#8212;&#8212;&#8212;&#8212;&#8212;<br \/>\n&#8212;&#8212;&#8212;&#8212;&#8212;&#8212;&#8212;&#8212;&#8212;&#8212;&#8212;&#8212;&#8212;<\/p>\n<p>Env\u00edo Nacional Gratuito<\/p>\n<p>&#8212;&#8212;&#8212;&#8212;&#8212;&#8212;&#8212;&#8212;&#8212;&#8212;&#8212;&#8212;&#8212;<br \/>\n&#8212;&#8212;&#8212;&#8212;&#8212;&#8212;&#8212;&#8212;&#8212;&#8212;&#8212;&#8212;&#8212;<\/p>\n<p>CARACTER\u00cdSTICAS DEL PRODUCTO:<\/p>\n<p>Etapa de sonido est\u00e9reo m\u00e1s amplia redise\u00f1ada: esta generaci\u00f3n de la l\u00ednea dom\u00e9stica tiene un escenario de sonido a\u00fan m\u00e1s amplio que antes, ofreciendo un sonido envolvente de la firma de Marshall<\/p>\n<p>Empareje, juega y enci\u00e9ndelo: Encontrar\u00e1s todo lo que necesitas all\u00ed mismo en la unidad, incluyendo el bot\u00f3n de emparejamiento <\/p>\n<p>Bluetooth, interruptor de encendido, controles de graves y agudos y la perilla de control para que puedas controlar f\u00e1cilmente tu m\u00fasica sin necesidad de levantar tu dispositivo.<\/p>\n<p>BLUETOOTH DE NUEVA GENERACI\u00d3N: La generaci\u00f3n III est\u00e1 lista para el futuro de la tecnolog\u00eda Bluetooth y ha sido dise\u00f1ada para ofrecer funciones Bluetooth de pr\u00f3xima generaci\u00f3n en el momento en que est\u00e9n disponibles.<\/p>\n<p>UN ENFOQUE M\u00c1S SOSTENIBLE: La alineaci\u00f3n casera tiene m\u00fasica en el coraz\u00f3n y el medio ambiente en mente. Esta nueva generaci\u00f3n adopta un enfoque m\u00e1s sostenible con una construcci\u00f3n sin PVC que comprende un 70% de pl\u00e1stico reciclado y solo materiales veganos.<\/p>\n<p>CONECTA Y CONTROL: Bluetooth 5.2 y la entrada de 0.138 in, conectarse a su altavoz y escuchar su m\u00fasica nunca ha sido tan f\u00e1cil.<\/p>\n<p>&#8212;&#8212;&#8212;&#8212;&#8212;&#8212;&#8212;&#8212;&#8212;&#8212;&#8212;&#8212;&#8212;<br \/>\n&#8212;&#8212;&#8212;&#8212;&#8212;&#8212;&#8212;&#8212;&#8212;&#8212;&#8212;&#8212;&#8212;<\/p>\n<p>INFORMACI\u00d3N IMPORTANTE<br \/>\nSomos facilitadores de comercio exterior, traemos productos desde el exterior para ti y se realiza el proceso con proveedores internacionales. Por lo anterior, pueden existir variaciones de stock y\/o precio, como resultado de la actualizaci\u00f3n autom\u00e1tica realizada diariamente. De presentarse lo anterior, realizamos la devoluci\u00f3n total de su dinero.<br \/>\nPara cambio en talla, color y\/o referencia, contacte con nuestro Servicio al Cliente dentro de las 24 horas siguientes a la generaci\u00f3n de la orden.<\/p>\n<p>PREGUNTAS FRECUENTES<br \/>\n\u00bfTIENE ALGUNA GARANTIA?<br \/>\nNuestros proveedores nos ofrecen garant\u00eda por defectos de fabricaci\u00f3n de 30 d\u00edas la cual extendemos a nuestros clientes.<br \/>\nNo aplicar\u00e1 garant\u00eda en caso de evidenciarse un mal uso por parte del cliente.<\/p>\n<p>\u00bfQUE PUEDO HACER EN CASO DE RETRACTARME DE MI COMPRA?<br \/>\nEn caso de no desear el producto recibido, puede realizar la devoluci\u00f3n dentro de un periodo no mayor a 5 d\u00edas, a partir de la entrega del producto y el comprador debe asumir el costo de retorno al pa\u00eds de origen de la mercanc\u00eda (El costo var\u00eda de acuerdo a Peso y Tama\u00f1o del producto).<\/p>\n<p>\u00a1Gracias por visitar nuestra Tienda, Somos la mejor opci\u00f3n!<\/p>\n","protected":false},"excerpt":{"rendered":"<p>IECOMM SAS Su tienda de Comercio Electr\u00f3nico Importadores USA &#8212;&#8212;&#8212;&#8212;&#8212;&#8212;&#8212;&#8212;&#8212;&#8212;&#8212;&#8212;&#8212; &#8212;&#8212;&#8212;&#8212;&#8212;&#8212;&#8212;&#8212;&#8212;&#8212;&#8212;&#8212;&#8212; Env\u00edo Nacional Gratuito &#8212;&#8212;&#8212;&#8212;&#8212;&#8212;&#8212;&#8212;&#8212;&#8212;&#8212;&#8212;&#8212; &#8212;&#8212;&#8212;&#8212;&#8212;&#8212;&#8212;&#8212;&#8212;&#8212;&#8212;&#8212;&#8212; CARACTER\u00cdSTICAS DEL PRODUCTO: Etapa de sonido est\u00e9reo m\u00e1s amplia redise\u00f1ada: esta generaci\u00f3n de la l\u00ednea dom\u00e9stica tiene un escenario de sonido a\u00fan m\u00e1s amplio que antes, ofreciendo un sonido envolvente de la firma de Marshall Empareje, juega y enci\u00e9ndelo: [&hellip;]<\/p>\n","protected":false},"featured_media":1574,"comment_status":"open","ping_status":"closed","template":"","meta":[],"product_brand":[],"product_cat":[15],"product_tag":[],"class_list":{"0":"post-1575","1":"product","2":"type-product","3":"status-publish","4":"has-post-thumbnail","6":"product_cat-uncategorized","8":"first","9":"instock","10":"sale","11":"shipping-taxable","12":"purchasable","13":"product-type-simple"},"_links":{"self":[{"href":"https:\/\/iecomm.com.co\/index.php?rest_route=\/wp\/v2\/product\/1575","targetHints":{"allow":["GET"]}}],"collection":[{"href":"https:\/\/iecomm.com.co\/index.php?rest_route=\/wp\/v2\/product"}],"about":[{"href":"https:\/\/iecomm.com.co\/index.php?rest_route=\/wp\/v2\/types\/product"}],"replies":[{"embeddable":true,"href":"https:\/\/iecomm.com.co\/index.php?rest_route=%2Fwp%2Fv2%2Fcomments&post=1575"}],"wp:featuredmedia":[{"embeddable":true,"href":"https:\/\/iecomm.com.co\/index.php?rest_route=\/wp\/v2\/media\/1574"}],"wp:attachment":[{"href":"https:\/\/iecomm.com.co\/index.php?rest_route=%2Fwp%2Fv2%2Fmedia&parent=1575"}],"wp:term":[{"taxonomy":"product_brand","embeddable":true,"href":"https:\/\/iecomm.com.co\/index.php?rest_route=%2Fwp%2Fv2%2Fproduct_brand&post=1575"},{"taxonomy":"product_cat","embeddable":true,"href":"https:\/\/iecomm.com.co\/index.php?rest_route=%2Fwp%2Fv2%2Fproduct_cat&post=1575"},{"taxonomy":"product_tag","embeddable":true,"href":"https:\/\/iecomm.com.co\/index.php?rest_route=%2Fwp%2Fv2%2Fproduct_tag&post=1575"}],"curies":[{"name":"wp","href":"https:\/\/api.w.org\/{rel}","templated":true}]}}