{"id":1583,"date":"2026-02-10T19:13:17","date_gmt":"2026-02-10T19:13:17","guid":{"rendered":"https:\/\/iecomm.com.co\/?product=escritorio-doble-motor-altura-ajustable-electrica-48-pulg-bamboo"},"modified":"2026-02-12T13:37:28","modified_gmt":"2026-02-12T13:37:28","slug":"escritorio-doble-motor-altura-ajustable-electrica-48-pulg-bamboo","status":"publish","type":"product","link":"https:\/\/iecomm.com.co\/?product=escritorio-doble-motor-altura-ajustable-electrica-48-pulg-bamboo","title":{"rendered":"Escritorio Doble Motor Altura Ajustable El\u00e9ctrica 48 PuLG. Bamboo"},"content":{"rendered":"<p>IECOMM SAS<br \/>\nSu tienda de Comercio Electr\u00f3nico<br \/>\nImportadores USA<\/p>\n<p>&#8212;&#8212;&#8212;&#8212;&#8212;&#8212;&#8212;&#8212;&#8212;&#8212;&#8212;&#8212;&#8212;<br \/>\n&#8212;&#8212;&#8212;&#8212;&#8212;&#8212;&#8212;&#8212;&#8212;&#8212;&#8212;&#8212;&#8212;<\/p>\n<p>\u00a1S\u00f3lo por este mes!<br \/>\nDescuento adicional iniciando el pago por medio de iecomm.mercado shops . com . co (Plataforma Web Mercadolibre) y finalizando el pago por medio de Mercadolibre, con la seguridad de Mercadolibre y MercadoPago.<\/p>\n<p>&#8212;&#8212;&#8212;&#8212;&#8212;&#8212;&#8212;&#8212;&#8212;&#8212;&#8212;&#8212;&#8212;<br \/>\n&#8212;&#8212;&#8212;&#8212;&#8212;&#8212;&#8212;&#8212;&#8212;&#8212;&#8212;&#8212;&#8212;<\/p>\n<p>Env\u00edo Nacional Gratuito<\/p>\n<p>&#8212;&#8212;&#8212;&#8212;&#8212;&#8212;&#8212;&#8212;&#8212;&#8212;&#8212;&#8212;&#8212;<br \/>\n&#8212;&#8212;&#8212;&#8212;&#8212;&#8212;&#8212;&#8212;&#8212;&#8212;&#8212;&#8212;&#8212;<\/p>\n<p>CARACTER\u00cdSTICAS DEL PRODUCTO:<\/p>\n<p>Filosof\u00eda de dise\u00f1o ergon\u00f3mico: reducir el tiempo sedentario ayuda a mejorar la salud f\u00edsica, metab\u00f3lica y mental. El escritorio de pie innova los dise\u00f1os tradicionales de escritorio haciendo una vida m\u00e1s saludable con su funci\u00f3n de altura ajustable.<\/p>\n<p>Teclado inteligente con 4 ajustes preestablecidos de memoria: el dise\u00f1o de 4 teclas de memoria preestablecias te permite personalizar tus alturas deseadas de posici\u00f3n sentada y de pie de 27 a 46 pulgadas, lo que puede recordar tu altura favorita para diferentes escenas y liberar tus manos de ajustar la altura con frecuencia durante el proceso de elevaci\u00f3n.<\/p>\n<p>Sistema de elevaci\u00f3n el\u00e9ctrico mejorado: el sistema de elevaci\u00f3n de doble motor permite una mayor capacidad de peso de 220 libras para todas las necesidades de tus instalaciones, lo que aporta significativamente una alta calidad mientras maximiza la estabilidad, velocidad, suavidad, silencio y fuerza. 10000 pruebas realizadas aseguran su calidad, as\u00ed como la larga duraci\u00f3n del escritorio de pie Famisky.<\/p>\n<p>Organizaci\u00f3n eficiente del escritorio y equilibrio en el hogar y la oficina: el lugar de trabajo saludable y c\u00f3modo en el hogar es el primer paso de la productividad de trabajo para los trabajadores remotos. Viene un tablero de mensajes como accesorio de escritorio gratuito para la organizaci\u00f3n de notas adhesivas.<\/p>\n<p>Tecnolog\u00eda anticolisi\u00f3n: la sensibilidad l\u00edder en la industria ayuda a proteger el escritorio de golpes. El escritorio se detendr\u00e1 autom\u00e1ticamente cuando se encuentre con art\u00edculos debajo o encima durante el proceso de elevaci\u00f3n (por ejemplo, un archivador y carrito utilitario), lo que es seguro y amigable para ni\u00f1os y mascotas.<\/p>\n<p>Tablero desmontable.<\/p>\n<p>&#8212;&#8212;&#8212;&#8212;&#8212;&#8212;&#8212;&#8212;&#8212;&#8212;&#8212;&#8212;&#8212;<br \/>\n&#8212;&#8212;&#8212;&#8212;&#8212;&#8212;&#8212;&#8212;&#8212;&#8212;&#8212;&#8212;&#8212;<\/p>\n<p>INFORMACI\u00d3N IMPORTANTE<br \/>\nSomos facilitadores de comercio exterior, traemos productos desde el exterior para ti y se realiza el proceso con proveedores internacionales. Por lo anterior, pueden existir variaciones de stock y\/o precio, como resultado de la actualizaci\u00f3n autom\u00e1tica realizada diariamente. De presentarse lo anterior, realizamos la devoluci\u00f3n total de su dinero.<br \/>\nPara cambio en talla, color y\/o referencia, contacte con nuestro Servicio al Cliente dentro de las 24 horas siguientes a la generaci\u00f3n de la orden.<\/p>\n<p>PREGUNTAS FRECUENTES<br \/>\n\u00bfTIENE ALGUNA GARANTIA?<br \/>\nNuestros proveedores nos ofrecen garant\u00eda por defectos de fabricaci\u00f3n de 30 d\u00edas la cual extendemos a nuestros clientes.<br \/>\nNo aplicar\u00e1 garant\u00eda en caso de evidenciarse un mal uso por parte del cliente.<\/p>\n<p>\u00bfQUE PUEDO HACER EN CASO DE RETRACTARME DE MI COMPRA?<br \/>\nEn caso de no desear el producto recibido, puede realizar la devoluci\u00f3n dentro de un periodo no mayor a 5 d\u00edas, a partir de la entrega del producto y el comprador debe asumir el costo de retorno al pa\u00eds de origen de la mercanc\u00eda (El costo var\u00eda de acuerdo a Peso y Tama\u00f1o del producto).<\/p>\n<p>\u00a1Gracias por visitar nuestra Tienda, Somos la mejor opci\u00f3n!<\/p>\n","protected":false},"excerpt":{"rendered":"<p>IECOMM SAS Su tienda de Comercio Electr\u00f3nico Importadores USA &#8212;&#8212;&#8212;&#8212;&#8212;&#8212;&#8212;&#8212;&#8212;&#8212;&#8212;&#8212;&#8212; &#8212;&#8212;&#8212;&#8212;&#8212;&#8212;&#8212;&#8212;&#8212;&#8212;&#8212;&#8212;&#8212; \u00a1S\u00f3lo por este mes! Descuento adicional iniciando el pago por medio de iecomm.mercado shops . com . co (Plataforma Web Mercadolibre) y finalizando el pago por medio de Mercadolibre, con la seguridad de Mercadolibre y MercadoPago. &#8212;&#8212;&#8212;&#8212;&#8212;&#8212;&#8212;&#8212;&#8212;&#8212;&#8212;&#8212;&#8212; &#8212;&#8212;&#8212;&#8212;&#8212;&#8212;&#8212;&#8212;&#8212;&#8212;&#8212;&#8212;&#8212; Env\u00edo Nacional Gratuito &#8212;&#8212;&#8212;&#8212;&#8212;&#8212;&#8212;&#8212;&#8212;&#8212;&#8212;&#8212;&#8212; &#8212;&#8212;&#8212;&#8212;&#8212;&#8212;&#8212;&#8212;&#8212;&#8212;&#8212;&#8212;&#8212; CARACTER\u00cdSTICAS [&hellip;]<\/p>\n","protected":false},"featured_media":1582,"comment_status":"open","ping_status":"closed","template":"","meta":[],"product_brand":[],"product_cat":[15,93],"product_tag":[],"class_list":{"0":"post-1583","1":"product","2":"type-product","3":"status-publish","4":"has-post-thumbnail","6":"product_cat-uncategorized","7":"product_cat-escritorios","9":"first","10":"instock","11":"sale","12":"shipping-taxable","13":"purchasable","14":"product-type-simple"},"_links":{"self":[{"href":"https:\/\/iecomm.com.co\/index.php?rest_route=\/wp\/v2\/product\/1583","targetHints":{"allow":["GET"]}}],"collection":[{"href":"https:\/\/iecomm.com.co\/index.php?rest_route=\/wp\/v2\/product"}],"about":[{"href":"https:\/\/iecomm.com.co\/index.php?rest_route=\/wp\/v2\/types\/product"}],"replies":[{"embeddable":true,"href":"https:\/\/iecomm.com.co\/index.php?rest_route=%2Fwp%2Fv2%2Fcomments&post=1583"}],"wp:featuredmedia":[{"embeddable":true,"href":"https:\/\/iecomm.com.co\/index.php?rest_route=\/wp\/v2\/media\/1582"}],"wp:attachment":[{"href":"https:\/\/iecomm.com.co\/index.php?rest_route=%2Fwp%2Fv2%2Fmedia&parent=1583"}],"wp:term":[{"taxonomy":"product_brand","embeddable":true,"href":"https:\/\/iecomm.com.co\/index.php?rest_route=%2Fwp%2Fv2%2Fproduct_brand&post=1583"},{"taxonomy":"product_cat","embeddable":true,"href":"https:\/\/iecomm.com.co\/index.php?rest_route=%2Fwp%2Fv2%2Fproduct_cat&post=1583"},{"taxonomy":"product_tag","embeddable":true,"href":"https:\/\/iecomm.com.co\/index.php?rest_route=%2Fwp%2Fv2%2Fproduct_tag&post=1583"}],"curies":[{"name":"wp","href":"https:\/\/api.w.org\/{rel}","templated":true}]}}