{"id":1595,"date":"2026-02-10T19:13:27","date_gmt":"2026-02-10T19:13:27","guid":{"rendered":"https:\/\/iecomm.com.co\/?product=samsung-galaxy-watch7-40mm-green-negro-negro-negro"},"modified":"2026-02-12T13:37:27","modified_gmt":"2026-02-12T13:37:27","slug":"samsung-galaxy-watch7-40mm-green-negro-negro-negro","status":"publish","type":"product","link":"https:\/\/iecomm.com.co\/?product=samsung-galaxy-watch7-40mm-green-negro-negro-negro","title":{"rendered":"Samsung Galaxy Watch7 40mm Green Negro Negro Negro"},"content":{"rendered":"<p>IECOMM SAS<br \/>\nSu tienda de Comercio Electr\u00f3nico<br \/>\nImportadores USA<\/p>\n<p>&#8212;&#8212;&#8212;&#8212;&#8212;&#8212;&#8212;&#8212;&#8212;&#8212;&#8212;&#8212;&#8212;<br \/>\n&#8212;&#8212;&#8212;&#8212;&#8212;&#8212;&#8212;&#8212;&#8212;&#8212;&#8212;&#8212;&#8212;<\/p>\n<p>Env\u00edo Nacional Gratuito<\/p>\n<p>&#8212;&#8212;&#8212;&#8212;&#8212;&#8212;&#8212;&#8212;&#8212;&#8212;&#8212;&#8212;&#8212;<br \/>\n&#8212;&#8212;&#8212;&#8212;&#8212;&#8212;&#8212;&#8212;&#8212;&#8212;&#8212;&#8212;&#8212;<\/p>\n<p>CARACTER\u00cdSTICAS DEL PRODUCTO:<\/p>\n<p>PUSH PAST AYER: \u00bfBuscas una excelente manera de sacar lo mejor de ti cada d\u00eda? Desaf\u00edate a sobresalir en tu pr\u00f3xima carrera o paseo en bicicleta usando el seguimiento con Galaxy AI que te permite comparar tu rendimiento actual con el \u00faltimo<\/p>\n<p>Comienza tu d\u00eda con tu puntuaci\u00f3n de energ\u00eda: sabe lo listo que est\u00e1s para emprender el d\u00eda usando tu Energy Score personalizado con Galaxy AI; calcula la preparaci\u00f3n f\u00edsica de hoy en funci\u00f3n de lo que hiciste ayer<\/p>\n<p>Mant\u00e9n un ojo m\u00e1s cercano en la salud de tu coraz\u00f3n: aprovecha al m\u00e1ximo tus entrenamientos de fitness con el seguimiento mejorado de la frecuencia card\u00edaca con Galaxy AI que filtra los movimientos de tu cuerpo para una lectura m\u00e1s precisa<\/p>\n<p>OBTENGA UN IMPULSO HACIA TUS OBJETIVOS: Mant\u00e9ngase en el camino hacia sus objetivos utilizando sugerencias personalizadas de Wellness Tips; Su reloj recopila los conocimientos y luego se analizan en su tel\u00e9fono<\/p>\n<p>Mejor sue\u00f1o. UN USTED M\u00c1S SALUDABLE: Aprende mejores h\u00e1bitos para noches m\u00e1s reparadoras usando el seguimiento del sue\u00f1o\u00b9 con Galaxy AI \u2014 tambi\u00e9n ayuda a detectar la apnea del sue\u00f1o de moderada a severa6; obt\u00e9n informaci\u00f3n \u00fatil recopilada por tu reloj y analizada por tu tel\u00e9fono<\/p>\n<p>RESPUESTAS SUGERIDAS. CONVERSACIONES M\u00c1S F\u00c1CILES: Mantente en contacto con tus amigos y seres queridos mientras te mantienes activo; las respuestas sugeridas con Galaxy AI analiza tu conversaci\u00f3n de texto y ofrece sugerencias simples sobre c\u00f3mo responder<\/p>\n<p>Lleva contigo tu lista de reproducci\u00f3n o podcast: sum\u00e9rgete en un mundo de motivaci\u00f3n con la transmisi\u00f3n de m\u00fasica directamente en tu mu\u00f1eca; desde m\u00fasica hasta podcasts, el audio que te gusta va a cualquier lugar que vayas con Galaxy Watch7<\/p>\n<p>Mantente conectado sobre la marcha: mantente en contacto con tus amigos sobre la marcha con Galaxy Watch7; mantente conectado con tu mundo simplemente llamando y enviando mensajes de texto desde tu reloj; tus conversaciones y contactos permanecen contigo en Galaxy Watch7<\/p>\n<p>Haz movimientos con estilo: S\u00e9 due\u00f1o de tu d\u00eda y tu look. Combina cualquier estado de \u00e1nimo o estilo con una amplia variedad de correas, ahora a\u00fan m\u00e1s f\u00e1cil de cambiar con un simple clic8; luego acent\u00faa tu aspecto con una variedad de caras de reloj nuevas y mejoradas<\/p>\n<p>UN CONTROL DE C\u00c1MARA, Justo EN SU MU\u00d1ECA: Toma fotos desde la distancia con el mando a distancia con el mando a distancia en tu Galaxy Watch79; Configura la c\u00e1mara de tu tel\u00e9fono para una toma y luego usa el panel de vista previa de tu reloj para ampliar exactamente c\u00f3mo quieres<\/p>\n<p>&#8212;&#8212;&#8212;&#8212;&#8212;&#8212;&#8212;&#8212;&#8212;&#8212;&#8212;&#8212;&#8212;<br \/>\n&#8212;&#8212;&#8212;&#8212;&#8212;&#8212;&#8212;&#8212;&#8212;&#8212;&#8212;&#8212;&#8212;<\/p>\n<p>INFORMACI\u00d3N IMPORTANTE<br \/>\nSomos facilitadores de comercio exterior, traemos productos desde el exterior para ti y se realiza el proceso con proveedores internacionales. Por lo anterior, pueden existir variaciones de stock y\/o precio, como resultado de la actualizaci\u00f3n autom\u00e1tica realizada diariamente. De presentarse lo anterior, realizamos la devoluci\u00f3n total de su dinero.<br \/>\nPara cambio en talla, color y\/o referencia, contacte con nuestro Servicio al Cliente dentro de las 24 horas siguientes a la generaci\u00f3n de la orden.<\/p>\n<p>PREGUNTAS FRECUENTES<br \/>\n\u00bfTIENE ALGUNA GARANTIA?<br \/>\nNuestros proveedores nos ofrecen garant\u00eda por defectos de fabricaci\u00f3n de 30 d\u00edas la cual extendemos a nuestros clientes.<br \/>\nNo aplicar\u00e1 garant\u00eda en caso de evidenciarse un mal uso por parte del cliente.<\/p>\n<p>\u00bfQUE PUEDO HACER EN CASO DE RETRACTARME DE MI COMPRA?<br \/>\nEn caso de no desear el producto recibido, puede realizar la devoluci\u00f3n dentro de un periodo no mayor a 5 d\u00edas, a partir de la entrega del producto y el comprador debe asumir el costo de retorno al pa\u00eds de origen de la mercanc\u00eda (El costo var\u00eda de acuerdo a Peso y Tama\u00f1o del producto).<\/p>\n<p>\u00a1Gracias por visitar nuestra Tienda, Somos la mejor opci\u00f3n!<\/p>\n","protected":false},"excerpt":{"rendered":"<p>IECOMM SAS Su tienda de Comercio Electr\u00f3nico Importadores USA &#8212;&#8212;&#8212;&#8212;&#8212;&#8212;&#8212;&#8212;&#8212;&#8212;&#8212;&#8212;&#8212; &#8212;&#8212;&#8212;&#8212;&#8212;&#8212;&#8212;&#8212;&#8212;&#8212;&#8212;&#8212;&#8212; Env\u00edo Nacional Gratuito &#8212;&#8212;&#8212;&#8212;&#8212;&#8212;&#8212;&#8212;&#8212;&#8212;&#8212;&#8212;&#8212; &#8212;&#8212;&#8212;&#8212;&#8212;&#8212;&#8212;&#8212;&#8212;&#8212;&#8212;&#8212;&#8212; CARACTER\u00cdSTICAS DEL PRODUCTO: PUSH PAST AYER: \u00bfBuscas una excelente manera de sacar lo mejor de ti cada d\u00eda? Desaf\u00edate a sobresalir en tu pr\u00f3xima carrera o paseo en bicicleta usando el seguimiento con Galaxy AI que te permite comparar [&hellip;]<\/p>\n","protected":false},"featured_media":1594,"comment_status":"open","ping_status":"closed","template":"","meta":[],"product_brand":[],"product_cat":[15],"product_tag":[],"class_list":{"0":"post-1595","1":"product","2":"type-product","3":"status-publish","4":"has-post-thumbnail","6":"product_cat-uncategorized","8":"first","9":"instock","10":"sale","11":"shipping-taxable","12":"purchasable","13":"product-type-simple"},"_links":{"self":[{"href":"https:\/\/iecomm.com.co\/index.php?rest_route=\/wp\/v2\/product\/1595","targetHints":{"allow":["GET"]}}],"collection":[{"href":"https:\/\/iecomm.com.co\/index.php?rest_route=\/wp\/v2\/product"}],"about":[{"href":"https:\/\/iecomm.com.co\/index.php?rest_route=\/wp\/v2\/types\/product"}],"replies":[{"embeddable":true,"href":"https:\/\/iecomm.com.co\/index.php?rest_route=%2Fwp%2Fv2%2Fcomments&post=1595"}],"wp:featuredmedia":[{"embeddable":true,"href":"https:\/\/iecomm.com.co\/index.php?rest_route=\/wp\/v2\/media\/1594"}],"wp:attachment":[{"href":"https:\/\/iecomm.com.co\/index.php?rest_route=%2Fwp%2Fv2%2Fmedia&parent=1595"}],"wp:term":[{"taxonomy":"product_brand","embeddable":true,"href":"https:\/\/iecomm.com.co\/index.php?rest_route=%2Fwp%2Fv2%2Fproduct_brand&post=1595"},{"taxonomy":"product_cat","embeddable":true,"href":"https:\/\/iecomm.com.co\/index.php?rest_route=%2Fwp%2Fv2%2Fproduct_cat&post=1595"},{"taxonomy":"product_tag","embeddable":true,"href":"https:\/\/iecomm.com.co\/index.php?rest_route=%2Fwp%2Fv2%2Fproduct_tag&post=1595"}],"curies":[{"name":"wp","href":"https:\/\/api.w.org\/{rel}","templated":true}]}}