{"id":1619,"date":"2026-02-10T19:13:47","date_gmt":"2026-02-10T19:13:47","guid":{"rendered":"https:\/\/iecomm.com.co\/?product=barbie-cutie-reveal-kit-ropa-oso-grunon-4-anos"},"modified":"2026-02-12T13:37:27","modified_gmt":"2026-02-12T13:37:27","slug":"barbie-cutie-reveal-kit-ropa-oso-grunon-4-anos","status":"publish","type":"product","link":"https:\/\/iecomm.com.co\/?product=barbie-cutie-reveal-kit-ropa-oso-grunon-4-anos","title":{"rendered":"Barbie Cutie Reveal: Kit Ropa Oso Gru\u00f1\u00f3n 4 A\u00f1os"},"content":{"rendered":"<p>IECOMM SAS<br \/>\nSu tienda de Comercio Electr\u00f3nico<br \/>\nImportadores USA<\/p>\n<p>&#8212;&#8212;&#8212;&#8212;&#8212;&#8212;&#8212;&#8212;&#8212;&#8212;&#8212;&#8212;&#8212;<br \/>\n&#8212;&#8212;&#8212;&#8212;&#8212;&#8212;&#8212;&#8212;&#8212;&#8212;&#8212;&#8212;&#8212;<\/p>\n<p>Env\u00edo Nacional Gratuito<\/p>\n<p>&#8212;&#8212;&#8212;&#8212;&#8212;&#8212;&#8212;&#8212;&#8212;&#8212;&#8212;&#8212;&#8212;<br \/>\n&#8212;&#8212;&#8212;&#8212;&#8212;&#8212;&#8212;&#8212;&#8212;&#8212;&#8212;&#8212;&#8212;<\/p>\n<p>CARACTER\u00cdSTICAS DEL PRODUCTO:<\/p>\n<p>Con 10 sorpresas en 1 paquete, las mu\u00f1ecas Barbie Cutie Reveal Care Bears ofrecen la experiencia m\u00e1s linda de desembalaje con amigos de peluche, moda y diversi\u00f3n transformadora<\/p>\n<p>\u00bfQu\u00e9 mu\u00f1eca revelar\u00e1s? Desempaca para encontrar el oso gru\u00f1\u00f3n favorito de los fan\u00e1ticos con disfraz de felpa azul con una cara fruncida y gr\u00e1fico de nube de lluvia, \u00a1tan lindo y adorable!<\/p>\n<p>Levanta la cabeza del disfraz y revela una mu\u00f1eca de moda de Barbie con cabello largo y casta\u00f1o rayado de azul, articulaciones articuladas y detalles de ojos brillantes<\/p>\n<p>Abre las 4 bolsas sorpresa para encontrar moda y accesorios como una falda, diadema, lentes de sol, par de zapatos, peine de esponja y mini oso gru\u00f1\u00f3n a juego<\/p>\n<p>Los ni\u00f1os pueden vestir y peinar la mu\u00f1eca Barbie invirtiendo la parte superior del disfraz para encontrar una chaqueta de forro polar s\u00faper suave con un divertido estampado: la cabeza del disfraz se convierte en una cama para el mini amigo de Care Bears<\/p>\n<p>Utiliza agua fr\u00eda y tibia helada para transformar el cabello de la mu\u00f1eca Barbie con rayas de color y un nuevo aspecto, repite una y otra vez<\/p>\n<p>Esta serie de mu\u00f1ecas Cutie Reveal de Barbie es un gran regalo para ni\u00f1os de 3 a 7 a\u00f1os, especialmente para los fan\u00e1ticos de los Care Bears y aquellos que aman compartir y compartir y estar juntos<\/p>\n<p>&#8212;&#8212;&#8212;&#8212;&#8212;&#8212;&#8212;&#8212;&#8212;&#8212;&#8212;&#8212;&#8212;<br \/>\n&#8212;&#8212;&#8212;&#8212;&#8212;&#8212;&#8212;&#8212;&#8212;&#8212;&#8212;&#8212;&#8212;<\/p>\n<p>INFORMACI\u00d3N IMPORTANTE<br \/>\nSomos facilitadores de comercio exterior, traemos productos desde el exterior para ti y se realiza el proceso con proveedores internacionales. Por lo anterior, pueden existir variaciones de stock y\/o precio, como resultado de la actualizaci\u00f3n autom\u00e1tica realizada diariamente. De presentarse lo anterior, realizamos la devoluci\u00f3n total de su dinero.<br \/>\nPara cambio en talla, color y\/o referencia, contacte con nuestro Servicio al Cliente dentro de las 24 horas siguientes a la generaci\u00f3n de la orden.<\/p>\n<p>PREGUNTAS FRECUENTES<br \/>\n\u00bfTIENE ALGUNA GARANTIA?<br \/>\nNuestros proveedores nos ofrecen garant\u00eda por defectos de fabricaci\u00f3n de 30 d\u00edas la cual extendemos a nuestros clientes.<br \/>\nNo aplicar\u00e1 garant\u00eda en caso de evidenciarse un mal uso por parte del cliente.<\/p>\n<p>\u00bfQUE PUEDO HACER EN CASO DE RETRACTARME DE MI COMPRA?<br \/>\nEn caso de no desear el producto recibido, puede realizar la devoluci\u00f3n dentro de un periodo no mayor a 5 d\u00edas, a partir de la entrega del producto y el comprador debe asumir el costo de retorno al pa\u00eds de origen de la mercanc\u00eda (El costo var\u00eda de acuerdo a Peso y Tama\u00f1o del producto).<\/p>\n<p>\u00a1Gracias por visitar nuestra Tienda, Somos la mejor opci\u00f3n!<\/p>\n","protected":false},"excerpt":{"rendered":"<p>IECOMM SAS Su tienda de Comercio Electr\u00f3nico Importadores USA &#8212;&#8212;&#8212;&#8212;&#8212;&#8212;&#8212;&#8212;&#8212;&#8212;&#8212;&#8212;&#8212; &#8212;&#8212;&#8212;&#8212;&#8212;&#8212;&#8212;&#8212;&#8212;&#8212;&#8212;&#8212;&#8212; Env\u00edo Nacional Gratuito &#8212;&#8212;&#8212;&#8212;&#8212;&#8212;&#8212;&#8212;&#8212;&#8212;&#8212;&#8212;&#8212; &#8212;&#8212;&#8212;&#8212;&#8212;&#8212;&#8212;&#8212;&#8212;&#8212;&#8212;&#8212;&#8212; CARACTER\u00cdSTICAS DEL PRODUCTO: Con 10 sorpresas en 1 paquete, las mu\u00f1ecas Barbie Cutie Reveal Care Bears ofrecen la experiencia m\u00e1s linda de desembalaje con amigos de peluche, moda y diversi\u00f3n transformadora \u00bfQu\u00e9 mu\u00f1eca revelar\u00e1s? Desempaca para encontrar el oso [&hellip;]<\/p>\n","protected":false},"featured_media":1618,"comment_status":"open","ping_status":"closed","template":"","meta":[],"product_brand":[],"product_cat":[15,84],"product_tag":[],"class_list":{"0":"post-1619","1":"product","2":"type-product","3":"status-publish","4":"has-post-thumbnail","6":"product_cat-uncategorized","7":"product_cat-munecos-y-munecas","9":"first","10":"instock","11":"sale","12":"shipping-taxable","13":"purchasable","14":"product-type-simple"},"_links":{"self":[{"href":"https:\/\/iecomm.com.co\/index.php?rest_route=\/wp\/v2\/product\/1619","targetHints":{"allow":["GET"]}}],"collection":[{"href":"https:\/\/iecomm.com.co\/index.php?rest_route=\/wp\/v2\/product"}],"about":[{"href":"https:\/\/iecomm.com.co\/index.php?rest_route=\/wp\/v2\/types\/product"}],"replies":[{"embeddable":true,"href":"https:\/\/iecomm.com.co\/index.php?rest_route=%2Fwp%2Fv2%2Fcomments&post=1619"}],"wp:featuredmedia":[{"embeddable":true,"href":"https:\/\/iecomm.com.co\/index.php?rest_route=\/wp\/v2\/media\/1618"}],"wp:attachment":[{"href":"https:\/\/iecomm.com.co\/index.php?rest_route=%2Fwp%2Fv2%2Fmedia&parent=1619"}],"wp:term":[{"taxonomy":"product_brand","embeddable":true,"href":"https:\/\/iecomm.com.co\/index.php?rest_route=%2Fwp%2Fv2%2Fproduct_brand&post=1619"},{"taxonomy":"product_cat","embeddable":true,"href":"https:\/\/iecomm.com.co\/index.php?rest_route=%2Fwp%2Fv2%2Fproduct_cat&post=1619"},{"taxonomy":"product_tag","embeddable":true,"href":"https:\/\/iecomm.com.co\/index.php?rest_route=%2Fwp%2Fv2%2Fproduct_tag&post=1619"}],"curies":[{"name":"wp","href":"https:\/\/api.w.org\/{rel}","templated":true}]}}