{"id":1631,"date":"2026-02-10T19:13:57","date_gmt":"2026-02-10T19:13:57","guid":{"rendered":"https:\/\/iecomm.com.co\/?product=cerave-moisturizing-cream-19-oz-crema-hidratante-facial-y-co-todo-tipo-de-piel-dia-noche"},"modified":"2026-02-12T13:37:27","modified_gmt":"2026-02-12T13:37:27","slug":"cerave-moisturizing-cream-19-oz-crema-hidratante-facial-y-co-todo-tipo-de-piel-dia-noche","status":"publish","type":"product","link":"https:\/\/iecomm.com.co\/?product=cerave-moisturizing-cream-19-oz-crema-hidratante-facial-y-co-todo-tipo-de-piel-dia-noche","title":{"rendered":"Cerave Moisturizing Cream 19 Oz Crema Hidratante Facial Y Co Todo Tipo De Piel D\u00eda\/noche"},"content":{"rendered":"<p>IECOMM SAS<br \/>\nSu tienda de Comercio Electr\u00f3nico<br \/>\nImportadores USA<\/p>\n<p>&#8212;&#8212;&#8212;&#8212;&#8212;&#8212;&#8212;&#8212;&#8212;&#8212;&#8212;&#8212;&#8212;<br \/>\n&#8212;&#8212;&#8212;&#8212;&#8212;&#8212;&#8212;&#8212;&#8212;&#8212;&#8212;&#8212;&#8212;<\/p>\n<p>Env\u00edo Nacional Gratuito<\/p>\n<p>&#8212;&#8212;&#8212;&#8212;&#8212;&#8212;&#8212;&#8212;&#8212;&#8212;&#8212;&#8212;&#8212;<br \/>\n&#8212;&#8212;&#8212;&#8212;&#8212;&#8212;&#8212;&#8212;&#8212;&#8212;&#8212;&#8212;&#8212;<\/p>\n<p>CARACTER\u00cdSTICAS DEL PRODUCTO:<\/p>\n<p>CeraVe Crema Hidratante Crema Hidratante Corporal y Facial para Piel Seca Crema Corporal con \u00c1cido Hialur\u00f3nico y<\/p>\n<p>[HIDRATANTE CON \u00c1CIDO HIALUR\u00d3NICO] Con \u00e1cido hialur\u00f3nico, ceramidas y tecnolog\u00eda MVE para una hidrataci\u00f3n de 24 horas. Textura rica y aterciopelada que deja la piel con una sensaci\u00f3n suave, se absorbe r\u00e1pidamente para una piel suave sin sensaci\u00f3n grasosa ni pegajosa. | [CERAMIDAS ESENCIALES] Las ceramidas se encuentran naturalmente en la piel y constituyen el 50% de los l\u00edpidos en la barrera cut\u00e1nea. Todos los productos CeraVe est\u00e1n formulados con tres ceramidas esenciales (1, 3, 6-II) para ayudar a restaurar y mantener la barrera natural de la piel. | [ALIVIO PARA LA PIEL SECA] Una deficiencia de ceramidas en la piel a menudo se puede asociar con la piel seca, que puede causar picaz\u00f3n y lucir escamosa. Se demostr\u00f3 que la crema hidratante CeraVe aumenta el nivel de ceramidas en la piel despu\u00e9s de 4 semanas. Olor: Sin perfume | [RECOMENDADO POR DERMAT\u00d3LOGO] CeraVe Skincare ha sido desarrollado con dermat\u00f3logos y tiene productos adecuados para piel seca, piel sensible, piel grasa, propensa al acn\u00e9 y m\u00e1s. | [HIDRATANTE DIARIO SUAVE] Para rostro y cuerpo o puede usarse como crema de manos para aliviar la piel seca<\/p>\n<p>Desarrollada con dermat\u00f3logos, CeraVe Moisturizing Cream tiene una f\u00f3rmula \u00fanica que proporciona hidrataci\u00f3n las 24 horas y ayuda a restaurar la barrera protectora de la piel con tres ceramidas esenciales (1,3,6-II) y \u00e1cido hialur\u00f3nico. Esta f\u00f3rmula rica, no grasa y de r\u00e1pida absorci\u00f3n es ideal para pieles sensibles tanto en el rostro como en el cuerpo. Cuenta con nuestra tecnolog\u00eda MVE patentada para liberar un flujo constante de ingredientes humectantes durante el d\u00eda y la noche.<br \/>\nNo comedog\u00e9nico Sin fragancia Sin aceite Hipoalerg\u00e9nico F\u00f3rmula suave y no irritante Apto para pieles sensibles<br \/>\nIngredientes clave: Tecnolog\u00eda MVE: este sistema de administraci\u00f3n patentado libera continuamente ingredientes humectantes para una hidrataci\u00f3n de 24 horas Ceramidas: Esencial para una piel sana, las ceramidas ayudan a restaurar y mantener la barrera natural de la piel.<br \/>\n\u00c1cido Hialur\u00f3nico: Este ingrediente atrae la hidrataci\u00f3n a la superficie de la piel y ayuda a la piel a retener la humedad<\/p>\n<p>&#8212;&#8212;&#8212;&#8212;&#8212;&#8212;&#8212;&#8212;&#8212;&#8212;&#8212;&#8212;&#8212;<br \/>\n&#8212;&#8212;&#8212;&#8212;&#8212;&#8212;&#8212;&#8212;&#8212;&#8212;&#8212;&#8212;&#8212;<\/p>\n<p>INFORMACI\u00d3N IMPORTANTE<br \/>\nSomos facilitadores de comercio exterior, traemos productos desde el exterior para ti y se realiza el proceso con proveedores internacionales. Por lo anterior, pueden existir variaciones de stock y\/o precio, como resultado de la actualizaci\u00f3n autom\u00e1tica realizada diariamente. De presentarse lo anterior, realizamos la devoluci\u00f3n total de su dinero.<br \/>\nPara cambio en talla, color y\/o referencia, contacte con nuestro Servicio al Cliente dentro de las 24 horas siguientes a la generaci\u00f3n de la orden.<\/p>\n<p>PREGUNTAS FRECUENTES<br \/>\n\u00bfTIENE ALGUNA GARANTIA?<br \/>\nNuestros proveedores nos ofrecen garant\u00eda por defectos de fabricaci\u00f3n de 30 d\u00edas la cual extendemos a nuestros clientes.<br \/>\nNo aplicar\u00e1 garant\u00eda en caso de evidenciarse un mal uso por parte del cliente.<\/p>\n<p>\u00bfQUE PUEDO HACER EN CASO DE RETRACTARME DE MI COMPRA?<br \/>\nEn caso de no desear el producto recibido, puede realizar la devoluci\u00f3n dentro de un periodo no mayor a 5 d\u00edas, a partir de la entrega del producto y el comprador debe asumir el costo de retorno al pa\u00eds de origen de la mercanc\u00eda (El costo var\u00eda de acuerdo a Peso y Tama\u00f1o del producto).<\/p>\n<p>\u00a1Gracias por visitar nuestra Tienda, Somos la mejor opci\u00f3n!<\/p>\n<p>Sin garant\u00eda<\/p>\n","protected":false},"excerpt":{"rendered":"<p>IECOMM SAS Su tienda de Comercio Electr\u00f3nico Importadores USA &#8212;&#8212;&#8212;&#8212;&#8212;&#8212;&#8212;&#8212;&#8212;&#8212;&#8212;&#8212;&#8212; &#8212;&#8212;&#8212;&#8212;&#8212;&#8212;&#8212;&#8212;&#8212;&#8212;&#8212;&#8212;&#8212; Env\u00edo Nacional Gratuito &#8212;&#8212;&#8212;&#8212;&#8212;&#8212;&#8212;&#8212;&#8212;&#8212;&#8212;&#8212;&#8212; &#8212;&#8212;&#8212;&#8212;&#8212;&#8212;&#8212;&#8212;&#8212;&#8212;&#8212;&#8212;&#8212; CARACTER\u00cdSTICAS DEL PRODUCTO: CeraVe Crema Hidratante Crema Hidratante Corporal y Facial para Piel Seca Crema Corporal con \u00c1cido Hialur\u00f3nico y [HIDRATANTE CON \u00c1CIDO HIALUR\u00d3NICO] Con \u00e1cido hialur\u00f3nico, ceramidas y tecnolog\u00eda MVE para una hidrataci\u00f3n de 24 horas. Textura rica [&hellip;]<\/p>\n","protected":false},"featured_media":1630,"comment_status":"open","ping_status":"closed","template":"","meta":[],"product_brand":[],"product_cat":[15],"product_tag":[],"class_list":{"0":"post-1631","1":"product","2":"type-product","3":"status-publish","4":"has-post-thumbnail","6":"product_cat-uncategorized","8":"first","9":"instock","10":"sale","11":"shipping-taxable","12":"purchasable","13":"product-type-simple"},"_links":{"self":[{"href":"https:\/\/iecomm.com.co\/index.php?rest_route=\/wp\/v2\/product\/1631","targetHints":{"allow":["GET"]}}],"collection":[{"href":"https:\/\/iecomm.com.co\/index.php?rest_route=\/wp\/v2\/product"}],"about":[{"href":"https:\/\/iecomm.com.co\/index.php?rest_route=\/wp\/v2\/types\/product"}],"replies":[{"embeddable":true,"href":"https:\/\/iecomm.com.co\/index.php?rest_route=%2Fwp%2Fv2%2Fcomments&post=1631"}],"wp:featuredmedia":[{"embeddable":true,"href":"https:\/\/iecomm.com.co\/index.php?rest_route=\/wp\/v2\/media\/1630"}],"wp:attachment":[{"href":"https:\/\/iecomm.com.co\/index.php?rest_route=%2Fwp%2Fv2%2Fmedia&parent=1631"}],"wp:term":[{"taxonomy":"product_brand","embeddable":true,"href":"https:\/\/iecomm.com.co\/index.php?rest_route=%2Fwp%2Fv2%2Fproduct_brand&post=1631"},{"taxonomy":"product_cat","embeddable":true,"href":"https:\/\/iecomm.com.co\/index.php?rest_route=%2Fwp%2Fv2%2Fproduct_cat&post=1631"},{"taxonomy":"product_tag","embeddable":true,"href":"https:\/\/iecomm.com.co\/index.php?rest_route=%2Fwp%2Fv2%2Fproduct_tag&post=1631"}],"curies":[{"name":"wp","href":"https:\/\/api.w.org\/{rel}","templated":true}]}}