{"id":1663,"date":"2026-02-10T19:14:25","date_gmt":"2026-02-10T19:14:25","guid":{"rendered":"https:\/\/iecomm.com.co\/?product=vitamina-b12-sublingual-metilco"},"modified":"2026-02-12T13:37:27","modified_gmt":"2026-02-12T13:37:27","slug":"vitamina-b12-sublingual-metilco","status":"publish","type":"product","link":"https:\/\/iecomm.com.co\/?product=vitamina-b12-sublingual-metilco","title":{"rendered":"Vitamina B12 Sublingual Metilco"},"content":{"rendered":"<p>IECOMM SAS<br \/>\nSu tienda de Comercio Electr\u00f3nico<br \/>\nImportadores USA<\/p>\n<p>&#8212;&#8212;&#8212;&#8212;&#8212;&#8212;&#8212;&#8212;&#8212;&#8212;&#8212;&#8212;&#8212;<br \/>\n&#8212;&#8212;&#8212;&#8212;&#8212;&#8212;&#8212;&#8212;&#8212;&#8212;&#8212;&#8212;&#8212;<\/p>\n<p>\u00a1S\u00f3lo por este mes!<br \/>\nDescuento adicional iniciando el pago por medio de iecomm.mercado shops . com . co (Plataforma Web Mercadolibre) y finalizando el pago por medio de Mercadolibre, con la seguridad de Mercadolibre y MercadoPago.<\/p>\n<p>&#8212;&#8212;&#8212;&#8212;&#8212;&#8212;&#8212;&#8212;&#8212;&#8212;&#8212;&#8212;&#8212;<br \/>\n&#8212;&#8212;&#8212;&#8212;&#8212;&#8212;&#8212;&#8212;&#8212;&#8212;&#8212;&#8212;&#8212;<\/p>\n<p>Env\u00edo Nacional Gratuito<\/p>\n<p>&#8212;&#8212;&#8212;&#8212;&#8212;&#8212;&#8212;&#8212;&#8212;&#8212;&#8212;&#8212;&#8212;<br \/>\n&#8212;&#8212;&#8212;&#8212;&#8212;&#8212;&#8212;&#8212;&#8212;&#8212;&#8212;&#8212;&#8212;<\/p>\n<p>CARACTER\u00cdSTICAS DEL PRODUCTO:<\/p>\n<p>Suplemento subling\u00fce vegano<\/p>\n<p>Made in USA<\/p>\n<p>Las \u00fanicas vitaminas veganas B12 que necesitas: adem\u00e1s de haber demostrado apoyar la salud cardiovascular e inmune, la vitamina B12 tambi\u00e9n proporciona una amplia lista de beneficios para nuestros cuerpos, especialmente cuando se toma regularmente. Pero, si prefieres darle a tu cuerpo la cantidad \u00f3ptima de vitamina B-12 en una formulaci\u00f3n de calidad y vegana, entonces ve con las gotas sublinguales Basic Greens B12. El l\u00edquido B12 puede ayudarte a alcanzar tus objetivos con Liquid B12, vitaminas, vitaminas B12, vitaminas para mujeres, vitaminas.<\/p>\n<p>B12 l\u00edquido sublingual f\u00e1cil de tomar en sabor a cereza: no dejes excusas para no tomar suficientes suplementos de vitamina B12 porque las gotas Basic Greens B12 est\u00e1n espec\u00edficamente formuladas para que sea m\u00e1s f\u00e1cil y agradable para ti tomar a diario. Por fin puedes decir adi\u00f3s a esos jarabes de sabor extra\u00f1o o tabletas grandes dif\u00edciles de tragar y ahora dar la bienvenida a nuestras gotas de vitamina B12 subling\u00fces con brazos abiertos porque esta es una vitamina que puedes disfrutar. vitaminas para mujer, vitaminas para hombre, vitaminas para hombre<\/p>\n<p>La f\u00f3rmula m\u00e1s potente de B12 como vitamina B-12 vegana: cuando ya est\u00e1s tomando un suplemento de vitamina B12, no te conformes con nada menos. Dale a tu cuerpo una dosis pura y potente de la vitamina B12. En cada dosis de las gotas de refuerzo de energ\u00eda Basic Greens B12, ya est\u00e1s dando a tu cuerpo 5.000 mcg por porci\u00f3n de B12 como metilcobalamina, la formaci\u00f3n de coenzimas m\u00e1s pura y biodisponible de este nutriente esencial. b12 sublingual 5000 mcg<\/p>\n<p>12 gotas de vitamina B sin OMG formuladas en los Estados Unidos: al elegir cualquier suplemento diet\u00e9tico, y no solo tus vitaminas B12, es importante tomar nota de d\u00f3nde proviene de qu\u00e9 est\u00e1 hecho o c\u00f3mo se hace. Con las gotas sublinguales Basic Greens B12, estar\u00e1s en paz sabiendo que cada gota que tomas es realmente amigable, sin OMG, naturalmente saborizada, no contiene az\u00facar, sin conservantes y est\u00e1 fabricada bajo las m\u00e1s altas normas de la industria. vitamina b12 sublingual, suplementos vitam\u00ednicos.<\/p>\n<p>Basic Greens Vitaminas B12 veganas sublinguales especialmente hechas para Yo, B12 como metilcobalamina: nos aseguramos de que cada botella de las gotas subling\u00fces de vitamina B12 sea meticulosamente inspeccionada antes de empacar y enviar a tu puerta. Y como respaldamos la calidad de nuestras gotas de vitamina B12, ponte en contacto con nosotros en cualquier momento que tengas preocupaciones con tu compra. Tu satisfacci\u00f3n es nuestra felicidad.<\/p>\n<p>&#8212;&#8212;&#8212;&#8212;&#8212;&#8212;&#8212;&#8212;&#8212;&#8212;&#8212;&#8212;&#8212;<br \/>\n&#8212;&#8212;&#8212;&#8212;&#8212;&#8212;&#8212;&#8212;&#8212;&#8212;&#8212;&#8212;&#8212;<\/p>\n<p>INFORMACI\u00d3N IMPORTANTE<br \/>\nSomos facilitadores de comercio exterior, traemos productos desde el exterior para ti y se realiza el proceso con proveedores internacionales. Por lo anterior, pueden existir variaciones de stock y\/o precio, como resultado de la actualizaci\u00f3n autom\u00e1tica realizada diariamente. De presentarse lo anterior, realizamos la devoluci\u00f3n total de su dinero.<br \/>\nPara cambio en talla, color y\/o referencia, contacte con nuestro Servicio al Cliente dentro de las 24 horas siguientes a la generaci\u00f3n de la orden.<\/p>\n<p>PREGUNTAS FRECUENTES<br \/>\n\u00bfTIENE ALGUNA GARANTIA?<br \/>\nNuestros proveedores nos ofrecen garant\u00eda por defectos de fabricaci\u00f3n de 30 d\u00edas la cual extendemos a nuestros clientes.<br \/>\nNo aplicar\u00e1 garant\u00eda en caso de evidenciarse un mal uso por parte del cliente.<\/p>\n<p>\u00bfQUE PUEDO HACER EN CASO DE RETRACTARME DE MI COMPRA?<br \/>\nEn caso de no desear el producto recibido, puede realizar la devoluci\u00f3n dentro de un periodo no mayor a 5 d\u00edas, a partir de la entrega del producto y el comprador debe asumir el costo de retorno al pa\u00eds de origen de la mercanc\u00eda (El costo var\u00eda de acuerdo a Peso y Tama\u00f1o del producto).<\/p>\n<p>\u00a1Gracias por visitar nuestra Tienda, Somos la mejor opci\u00f3n!<\/p>\n<p>\u00a1Gracias por visitar nuestra Tienda, Somos la mejor opci\u00f3n!<\/p>\n","protected":false},"excerpt":{"rendered":"<p>IECOMM SAS Su tienda de Comercio Electr\u00f3nico Importadores USA &#8212;&#8212;&#8212;&#8212;&#8212;&#8212;&#8212;&#8212;&#8212;&#8212;&#8212;&#8212;&#8212; &#8212;&#8212;&#8212;&#8212;&#8212;&#8212;&#8212;&#8212;&#8212;&#8212;&#8212;&#8212;&#8212; \u00a1S\u00f3lo por este mes! Descuento adicional iniciando el pago por medio de iecomm.mercado shops . com . co (Plataforma Web Mercadolibre) y finalizando el pago por medio de Mercadolibre, con la seguridad de Mercadolibre y MercadoPago. &#8212;&#8212;&#8212;&#8212;&#8212;&#8212;&#8212;&#8212;&#8212;&#8212;&#8212;&#8212;&#8212; &#8212;&#8212;&#8212;&#8212;&#8212;&#8212;&#8212;&#8212;&#8212;&#8212;&#8212;&#8212;&#8212; Env\u00edo Nacional Gratuito &#8212;&#8212;&#8212;&#8212;&#8212;&#8212;&#8212;&#8212;&#8212;&#8212;&#8212;&#8212;&#8212; &#8212;&#8212;&#8212;&#8212;&#8212;&#8212;&#8212;&#8212;&#8212;&#8212;&#8212;&#8212;&#8212; CARACTER\u00cdSTICAS [&hellip;]<\/p>\n","protected":false},"featured_media":1662,"comment_status":"open","ping_status":"closed","template":"","meta":[],"product_brand":[],"product_cat":[15],"product_tag":[],"class_list":{"0":"post-1663","1":"product","2":"type-product","3":"status-publish","4":"has-post-thumbnail","6":"product_cat-uncategorized","8":"first","9":"instock","10":"sale","11":"shipping-taxable","12":"purchasable","13":"product-type-simple"},"_links":{"self":[{"href":"https:\/\/iecomm.com.co\/index.php?rest_route=\/wp\/v2\/product\/1663","targetHints":{"allow":["GET"]}}],"collection":[{"href":"https:\/\/iecomm.com.co\/index.php?rest_route=\/wp\/v2\/product"}],"about":[{"href":"https:\/\/iecomm.com.co\/index.php?rest_route=\/wp\/v2\/types\/product"}],"replies":[{"embeddable":true,"href":"https:\/\/iecomm.com.co\/index.php?rest_route=%2Fwp%2Fv2%2Fcomments&post=1663"}],"wp:featuredmedia":[{"embeddable":true,"href":"https:\/\/iecomm.com.co\/index.php?rest_route=\/wp\/v2\/media\/1662"}],"wp:attachment":[{"href":"https:\/\/iecomm.com.co\/index.php?rest_route=%2Fwp%2Fv2%2Fmedia&parent=1663"}],"wp:term":[{"taxonomy":"product_brand","embeddable":true,"href":"https:\/\/iecomm.com.co\/index.php?rest_route=%2Fwp%2Fv2%2Fproduct_brand&post=1663"},{"taxonomy":"product_cat","embeddable":true,"href":"https:\/\/iecomm.com.co\/index.php?rest_route=%2Fwp%2Fv2%2Fproduct_cat&post=1663"},{"taxonomy":"product_tag","embeddable":true,"href":"https:\/\/iecomm.com.co\/index.php?rest_route=%2Fwp%2Fv2%2Fproduct_tag&post=1663"}],"curies":[{"name":"wp","href":"https:\/\/api.w.org\/{rel}","templated":true}]}}