{"id":1669,"date":"2026-02-10T19:14:29","date_gmt":"2026-02-10T19:14:29","guid":{"rendered":"https:\/\/iecomm.com.co\/?product=huion-kamvas-pro-12-tableta-grafica-laminada-ultradelgada-silver-black"},"modified":"2026-02-12T13:37:27","modified_gmt":"2026-02-12T13:37:27","slug":"huion-kamvas-pro-12-tableta-grafica-laminada-ultradelgada-silver-black","status":"publish","type":"product","link":"https:\/\/iecomm.com.co\/?product=huion-kamvas-pro-12-tableta-grafica-laminada-ultradelgada-silver-black","title":{"rendered":"Huion Kamvas Pro 12 Tableta Grafica Laminada Ultradelgada Silver\/black"},"content":{"rendered":"<p>IECOMM SAS<br \/>\nSu tienda de Comercio Electr\u00f3nico<br \/>\nImportadores USA<\/p>\n<p>&#8212;&#8212;&#8212;&#8212;&#8212;&#8212;&#8212;&#8212;&#8212;&#8212;&#8212;&#8212;&#8212;<br \/>\n&#8212;&#8212;&#8212;&#8212;&#8212;&#8212;&#8212;&#8212;&#8212;&#8212;&#8212;&#8212;&#8212;<\/p>\n<p>Env\u00edo Nacional Gratuito<\/p>\n<p>&#8212;&#8212;&#8212;&#8212;&#8212;&#8212;&#8212;&#8212;&#8212;&#8212;&#8212;&#8212;&#8212;<br \/>\n&#8212;&#8212;&#8212;&#8212;&#8212;&#8212;&#8212;&#8212;&#8212;&#8212;&#8212;&#8212;&#8212;<\/p>\n<p>CARACTER\u00cdSTICAS DEL PRODUCTO:<\/p>\n<p>\u2022Funci\u00f3n de inclinaci\u00f3n sin pilas: viene con 8192 niveles de presi\u00f3n de bol\u00edgrafo con soporte de inclinaci\u00f3n de \u00b1 60 bol\u00edgrafo, lo que te permite tener un rendimiento avanzado del bol\u00edgrafo; bol\u00edgrafo sin bater\u00eda PW507, ya no hay necesidad de preocuparse por la carga.<\/p>\n<p>\u2022Pantalla IPS de 11.6 pulgadas \u2013 120% sRGB Color Gamut presenta 16.7 millones de colores v\u00edvidamente, lo que puede reducir en gran medida la diferencia de color; la dimensi\u00f3n del Kamvas Pro 12 es de 13.780 x 7.819 x 0.433 in, que est\u00e1 cerca de una hoja A4; ultra delgada y port\u00e1til, ll\u00e9vala donde quieras.<\/p>\n<p>\u20224 teclas de presi\u00f3n y 1 barra t\u00e1ctil: ajusta las teclas expresas a la luz de tu preferencia, puedes acceder f\u00e1cilmente a tus ajustes favoritos y mejorar tu productividad; la tasa de informe de 266 PPS proporciona una respuesta r\u00e1pida y \u00e1gil de los trazos del bol\u00edgrafo, que es propicio para la suavidad de las l\u00edneas.<\/p>\n<p>\u2022Cristal totalmente laminado antideslumbrante: con tecnolog\u00eda antirreflejos, reduce eficazmente el da\u00f1o del deslumbramiento a los ojos humanos y acorta la distancia entre la punta del bol\u00edgrafo y el cursor; te hace sentir como dibujar en papel y ofrecer una mejor experiencia de dibujo.<\/p>\n<p>\u2022Ense\u00f1anza y trabajo en l\u00ednea: la pantalla de bol\u00edgrafo de dibujo Kamvas Pro 12 es compatible con Mac (OS 10.12 y superior), Windows 7 y superior, Chromebook (ejecutando el \u00faltimo ChromeOS 88 y superior); satisface todas tus necesidades para cada tema con el software de tutor\u00eda en l\u00ednea: Power Point, Word, OneNote, PDF. Usa Huion para fines de conferencia en l\u00ednea, conferencias web, inarios web y compartir pantalla.<\/p>\n<p>&#8212;&#8212;&#8212;&#8212;&#8212;&#8212;&#8212;&#8212;&#8212;&#8212;&#8212;&#8212;&#8212;<br \/>\n&#8212;&#8212;&#8212;&#8212;&#8212;&#8212;&#8212;&#8212;&#8212;&#8212;&#8212;&#8212;&#8212;<\/p>\n<p>INFORMACI\u00d3N IMPORTANTE<br \/>\nSomos facilitadores de comercio exterior, traemos productos desde el exterior para ti y se realiza el proceso con proveedores internacionales. Por lo anterior, pueden existir variaciones de stock y\/o precio, como resultado de la actualizaci\u00f3n autom\u00e1tica realizada diariamente. De presentarse lo anterior, realizamos la devoluci\u00f3n total de su dinero.<br \/>\nPara cambio en talla, color y\/o referencia, contacte con nuestro Servicio al Cliente dentro de las 24 horas siguientes a la generaci\u00f3n de la orden.<\/p>\n<p>PREGUNTAS FRECUENTES<br \/>\n\u00bfTIENE ALGUNA GARANTIA?<br \/>\nNuestros proveedores nos ofrecen garant\u00eda por defectos de fabricaci\u00f3n de 30 d\u00edas la cual extendemos a nuestros clientes.<br \/>\nNo aplicar\u00e1 garant\u00eda en caso de evidenciarse un mal uso por parte del cliente.<\/p>\n<p>\u00bfQUE PUEDO HACER EN CASO DE RETRACTARME DE MI COMPRA?<br \/>\nEn caso de no desear el producto recibido, puede realizar la devoluci\u00f3n dentro de un periodo no mayor a 5 d\u00edas, a partir de la entrega del producto y el comprador debe asumir el costo de retorno al pa\u00eds de origen de la mercanc\u00eda (El costo var\u00eda de acuerdo a Peso y Tama\u00f1o del producto).<\/p>\n<p>\u00a1Gracias por visitar nuestra Tienda, Somos la mejor opci\u00f3n!<\/p>\n","protected":false},"excerpt":{"rendered":"<p>IECOMM SAS Su tienda de Comercio Electr\u00f3nico Importadores USA &#8212;&#8212;&#8212;&#8212;&#8212;&#8212;&#8212;&#8212;&#8212;&#8212;&#8212;&#8212;&#8212; &#8212;&#8212;&#8212;&#8212;&#8212;&#8212;&#8212;&#8212;&#8212;&#8212;&#8212;&#8212;&#8212; Env\u00edo Nacional Gratuito &#8212;&#8212;&#8212;&#8212;&#8212;&#8212;&#8212;&#8212;&#8212;&#8212;&#8212;&#8212;&#8212; &#8212;&#8212;&#8212;&#8212;&#8212;&#8212;&#8212;&#8212;&#8212;&#8212;&#8212;&#8212;&#8212; CARACTER\u00cdSTICAS DEL PRODUCTO: \u2022Funci\u00f3n de inclinaci\u00f3n sin pilas: viene con 8192 niveles de presi\u00f3n de bol\u00edgrafo con soporte de inclinaci\u00f3n de \u00b1 60 bol\u00edgrafo, lo que te permite tener un rendimiento avanzado del bol\u00edgrafo; bol\u00edgrafo sin bater\u00eda PW507, ya [&hellip;]<\/p>\n","protected":false},"featured_media":1668,"comment_status":"open","ping_status":"closed","template":"","meta":[],"product_brand":[],"product_cat":[15],"product_tag":[],"class_list":{"0":"post-1669","1":"product","2":"type-product","3":"status-publish","4":"has-post-thumbnail","6":"product_cat-uncategorized","8":"first","9":"instock","10":"sale","11":"shipping-taxable","12":"purchasable","13":"product-type-simple"},"_links":{"self":[{"href":"https:\/\/iecomm.com.co\/index.php?rest_route=\/wp\/v2\/product\/1669","targetHints":{"allow":["GET"]}}],"collection":[{"href":"https:\/\/iecomm.com.co\/index.php?rest_route=\/wp\/v2\/product"}],"about":[{"href":"https:\/\/iecomm.com.co\/index.php?rest_route=\/wp\/v2\/types\/product"}],"replies":[{"embeddable":true,"href":"https:\/\/iecomm.com.co\/index.php?rest_route=%2Fwp%2Fv2%2Fcomments&post=1669"}],"wp:featuredmedia":[{"embeddable":true,"href":"https:\/\/iecomm.com.co\/index.php?rest_route=\/wp\/v2\/media\/1668"}],"wp:attachment":[{"href":"https:\/\/iecomm.com.co\/index.php?rest_route=%2Fwp%2Fv2%2Fmedia&parent=1669"}],"wp:term":[{"taxonomy":"product_brand","embeddable":true,"href":"https:\/\/iecomm.com.co\/index.php?rest_route=%2Fwp%2Fv2%2Fproduct_brand&post=1669"},{"taxonomy":"product_cat","embeddable":true,"href":"https:\/\/iecomm.com.co\/index.php?rest_route=%2Fwp%2Fv2%2Fproduct_cat&post=1669"},{"taxonomy":"product_tag","embeddable":true,"href":"https:\/\/iecomm.com.co\/index.php?rest_route=%2Fwp%2Fv2%2Fproduct_tag&post=1669"}],"curies":[{"name":"wp","href":"https:\/\/api.w.org\/{rel}","templated":true}]}}