{"id":1687,"date":"2026-02-10T19:14:47","date_gmt":"2026-02-10T19:14:47","guid":{"rendered":"https:\/\/iecomm.com.co\/?product=juego-de-ollas-y-sartenes-de-cocina-antiadherentes-ceramica-crema"},"modified":"2026-02-12T13:37:26","modified_gmt":"2026-02-12T13:37:26","slug":"juego-de-ollas-y-sartenes-de-cocina-antiadherentes-ceramica-crema","status":"publish","type":"product","link":"https:\/\/iecomm.com.co\/?product=juego-de-ollas-y-sartenes-de-cocina-antiadherentes-ceramica-crema","title":{"rendered":"Juego De Ollas Y Sartenes De Cocina Antiadherentes, Cer\u00e1mica Crema"},"content":{"rendered":"<p>IECOMM SAS<br \/>\nSu tienda de Comercio Electr\u00f3nico<br \/>\nImportadores USA<\/p>\n<p>&#8212;&#8212;&#8212;&#8212;&#8212;&#8212;&#8212;&#8212;&#8212;&#8212;&#8212;&#8212;&#8212;<br \/>\n&#8212;&#8212;&#8212;&#8212;&#8212;&#8212;&#8212;&#8212;&#8212;&#8212;&#8212;&#8212;&#8212;<\/p>\n<p>\u00a1S\u00f3lo por este mes!<br \/>\nDescuento adicional iniciando el pago por medio de iecomm . mercado shops .  com .  co (Plataforma Web Mercadolibre) y finalizando el pago por medio de Mercadolibre, con la seguridad de Mercadolibre y MercadoPago.<\/p>\n<p>&#8212;&#8212;&#8212;&#8212;&#8212;&#8212;&#8212;&#8212;&#8212;&#8212;&#8212;&#8212;&#8212;<br \/>\n&#8212;&#8212;&#8212;&#8212;&#8212;&#8212;&#8212;&#8212;&#8212;&#8212;&#8212;&#8212;&#8212;<\/p>\n<p>Env\u00edo Nacional Gratuito<\/p>\n<p>&#8212;&#8212;&#8212;&#8212;&#8212;&#8212;&#8212;&#8212;&#8212;&#8212;&#8212;&#8212;&#8212;<br \/>\n&#8212;&#8212;&#8212;&#8212;&#8212;&#8212;&#8212;&#8212;&#8212;&#8212;&#8212;&#8212;&#8212;<br \/>\nCARACTER\u00cdSTICAS DEL PRODUCTO:<\/p>\n<p>Material: Aluminio Cer\u00e1mica<br \/>\nColor: Crema Blanco<br \/>\nMarca: Kikcoin<br \/>\nTalla: 7 Pack<br \/>\nMaterial del mango: Baquelita con silicona.<\/p>\n<p>Con un revestimiento libre de PTFE, PFAS, PFOA y otros productos qu\u00edmicos nocivos, nuestro juego de utensilios de cocina no t\u00f3xicos ser\u00eda uno de tus art\u00edculos esenciales de cocina favoritos. Garantiza que no se pele incluso cuando se raya durante un uso prolongado. Ideal para preparar comidas para tu familia, especialmente aquellos con beb\u00e9s.<\/p>\n<p>Fabricado con un revestimiento de cer\u00e1mica de alta calidad, nuestro juego de ollas y sartenes antiadherentes garantiza que tu comida se libere sin esfuerzo y protege los alimentos de las quemaduras, requiriendo menos aceite para cocinar y menos agua para la limpieza. Si te gusta el fitness, te encantar\u00e1 este utensilio de cocina por ayudarte a reducir la ingesta de grasa de los aceites.<\/p>\n<p>La base ampliada y mejorada garantiza que todas las estufas sean compatibles, incluyendo placas de inducci\u00f3n, gas, el\u00e9ctricas o m\u00e1s. Tambi\u00e9n es apto para horno para m\u00e1s necesidades de cocci\u00f3n u horneado. Este juego de ollas y sartenes de cocina se calienta r\u00e1pidamente y distribuye el calor de manera uniforme, asegurando que no haya puntos calientes ni se pegue durante la cocci\u00f3n.<\/p>\n<p>Juego de ollas y sartenes de cer\u00e1mica con asas desmontables que permiten un almacenamiento compacto, ahorrando un 75% en el armario de cocina u organizados en caj\u00f3n, especialmente ideal para caravanas o apartamentos peque\u00f1os. Las asas extra\u00edbles reforzadas pueden soportar hasta 24 libras, asegurando un agarre seguro y mejorando tu experiencia de cocci\u00f3n sin la preocupaci\u00f3n de romperse.<\/p>\n<p>El juego de 7 utensilios de cocina de cer\u00e1mica KIKCOIN incluye cacerolas de 7 pulgadas (2 cuartos), sart\u00e9n de 8 pulgadas, sart\u00e9n grande de 10 pulgadas, sart\u00e9n cuadrada de 10 pulgadas, tapa de vidrio con borde de silicona de 7 pulgadas, 2 asas extra\u00edbles. Ideal para kit de inicio de cocina o actualizar algunas sartenes y ollas viejas.<\/p>\n<p>F\u00e1cil mantenimiento: limpia el juego de utensilios de cocina antiadherentes con jab\u00f3n suave, agua tibia y una esponja o pa\u00f1o suave. Use utensilios de silicona, pl\u00e1stico o madera para proteger el revestimiento antiadherente. Para una vida \u00fatil \u00f3ptima, lavar a mano. Si usas un lavavajillas, retira y seca r\u00e1pidamente.<\/p>\n<p>&#8212;&#8212;&#8212;&#8212;&#8212;&#8212;&#8212;&#8212;&#8212;&#8212;&#8212;&#8212;&#8212;<br \/>\n&#8212;&#8212;&#8212;&#8212;&#8212;&#8212;&#8212;&#8212;&#8212;&#8212;&#8212;&#8212;&#8212;<\/p>\n<p>INFORMACI\u00d3N IMPORTANTE<br \/>\nSomos facilitadores de comercio exterior, traemos productos desde el exterior para ti y se realiza el proceso con proveedores internacionales. Por lo anterior, pueden existir variaciones de stock y\/o precio, como resultado de la actualizaci\u00f3n autom\u00e1tica realizada diariamente. De presentarse lo anterior, realizamos la devoluci\u00f3n total de su dinero.<br \/>\nPara cambio en talla, color y\/o referencia, contacte con nuestro Servicio al Cliente dentro de las 24 horas siguientes a la generaci\u00f3n de la orden.<\/p>\n<p>PREGUNTAS FRECUENTES<br \/>\n\u00bfTIENE ALGUNA GARANTIA?<br \/>\nNuestros proveedores nos ofrecen garant\u00eda por defectos de fabricaci\u00f3n de 30 d\u00edas la cual extendemos a nuestros clientes.<br \/>\nNo aplicar\u00e1 garant\u00eda en caso de evidenciarse un mal uso por parte del cliente.<\/p>\n<p>\u00bfQUE PUEDO HACER EN CASO DE RETRACTARME DE MI COMPRA?<br \/>\nEn caso de no desear el producto recibido, puede realizar la devoluci\u00f3n dentro de un periodo no mayor a 5 d\u00edas, a partir de la entrega del producto y el comprador debe asumir el costo de retorno al pa\u00eds de origen de la mercanc\u00eda (El costo var\u00eda de acuerdo a Peso y Tama\u00f1o del producto).<\/p>\n<p>\u00a1Gracias por visitar nuestra Tienda, Somos la mejor opci\u00f3n!<\/p>\n","protected":false},"excerpt":{"rendered":"<p>IECOMM SAS Su tienda de Comercio Electr\u00f3nico Importadores USA &#8212;&#8212;&#8212;&#8212;&#8212;&#8212;&#8212;&#8212;&#8212;&#8212;&#8212;&#8212;&#8212; &#8212;&#8212;&#8212;&#8212;&#8212;&#8212;&#8212;&#8212;&#8212;&#8212;&#8212;&#8212;&#8212; \u00a1S\u00f3lo por este mes! Descuento adicional iniciando el pago por medio de iecomm . mercado shops . com . co (Plataforma Web Mercadolibre) y finalizando el pago por medio de Mercadolibre, con la seguridad de Mercadolibre y MercadoPago. &#8212;&#8212;&#8212;&#8212;&#8212;&#8212;&#8212;&#8212;&#8212;&#8212;&#8212;&#8212;&#8212; &#8212;&#8212;&#8212;&#8212;&#8212;&#8212;&#8212;&#8212;&#8212;&#8212;&#8212;&#8212;&#8212; Env\u00edo Nacional Gratuito &#8212;&#8212;&#8212;&#8212;&#8212;&#8212;&#8212;&#8212;&#8212;&#8212;&#8212;&#8212;&#8212; [&hellip;]<\/p>\n","protected":false},"featured_media":1686,"comment_status":"open","ping_status":"closed","template":"","meta":[],"product_brand":[],"product_cat":[15],"product_tag":[],"class_list":{"0":"post-1687","1":"product","2":"type-product","3":"status-publish","4":"has-post-thumbnail","6":"product_cat-uncategorized","8":"first","9":"instock","10":"sale","11":"shipping-taxable","12":"purchasable","13":"product-type-simple"},"_links":{"self":[{"href":"https:\/\/iecomm.com.co\/index.php?rest_route=\/wp\/v2\/product\/1687","targetHints":{"allow":["GET"]}}],"collection":[{"href":"https:\/\/iecomm.com.co\/index.php?rest_route=\/wp\/v2\/product"}],"about":[{"href":"https:\/\/iecomm.com.co\/index.php?rest_route=\/wp\/v2\/types\/product"}],"replies":[{"embeddable":true,"href":"https:\/\/iecomm.com.co\/index.php?rest_route=%2Fwp%2Fv2%2Fcomments&post=1687"}],"wp:featuredmedia":[{"embeddable":true,"href":"https:\/\/iecomm.com.co\/index.php?rest_route=\/wp\/v2\/media\/1686"}],"wp:attachment":[{"href":"https:\/\/iecomm.com.co\/index.php?rest_route=%2Fwp%2Fv2%2Fmedia&parent=1687"}],"wp:term":[{"taxonomy":"product_brand","embeddable":true,"href":"https:\/\/iecomm.com.co\/index.php?rest_route=%2Fwp%2Fv2%2Fproduct_brand&post=1687"},{"taxonomy":"product_cat","embeddable":true,"href":"https:\/\/iecomm.com.co\/index.php?rest_route=%2Fwp%2Fv2%2Fproduct_cat&post=1687"},{"taxonomy":"product_tag","embeddable":true,"href":"https:\/\/iecomm.com.co\/index.php?rest_route=%2Fwp%2Fv2%2Fproduct_tag&post=1687"}],"curies":[{"name":"wp","href":"https:\/\/api.w.org\/{rel}","templated":true}]}}