{"id":1695,"date":"2026-02-10T19:14:53","date_gmt":"2026-02-10T19:14:53","guid":{"rendered":"https:\/\/iecomm.com.co\/?product=flotador-brazos-piscina-bestway-mickey-mouse-disney-91002-agua"},"modified":"2026-02-12T13:37:26","modified_gmt":"2026-02-12T13:37:26","slug":"flotador-brazos-piscina-bestway-mickey-mouse-disney-91002-agua","status":"publish","type":"product","link":"https:\/\/iecomm.com.co\/?product=flotador-brazos-piscina-bestway-mickey-mouse-disney-91002-agua","title":{"rendered":"Flotador Brazos Piscina Bestway Mickey Mouse Disney 91002 Agua"},"content":{"rendered":"<p>IECOMM SAS<br \/>\nSu tienda de Comercio Electr\u00f3nico<br \/>\nImportadores USA<\/p>\n<p>&#8212;&#8212;&#8212;&#8212;&#8212;&#8212;&#8212;&#8212;&#8212;&#8212;&#8212;&#8212;&#8212;<br \/>\n&#8212;&#8212;&#8212;&#8212;&#8212;&#8212;&#8212;&#8212;&#8212;&#8212;&#8212;&#8212;&#8212;<\/p>\n<p>Hermoso y divertido flotador de Mickey Mouse Disney, \u00a1y su caracter\u00edstico estampado! para los brazos<\/p>\n<p>Este flotador lleva la diversi\u00f3n tanto a la playa como a la piscina, los peque\u00f1os estar\u00e1n encantadas con su flotador de mickey mouse \u00a1Chapotear al sol nunca ha sido tan divertido!<\/p>\n<p>\/\/ Contenido de la caja: dos flotadores \/\/<\/p>\n<p>Ficha T\u00e9cnica:<br \/>\nMaterial: Pl\u00e1stico resistente y seguro PVC<br \/>\nDimensiones del flotador: 23 cm x 15 cm<br \/>\nEdad Recomendada: 3 a 6 a\u00f1os<\/p>\n<p>T\u00e9rminos de garant\u00eda:Para defectos de f\u00e1brica o retractos: Por favor revise el producto apenas lo reciba y antes de usarlo. No aplican ley de retracto o defectos de f\u00e1brica luego de usar el producto. Se manejan m\u00e1ximo 5 d\u00edas para reportar defectos de f\u00e1brica (por ejemplo, producto funciona mal, piezas faltantes, rotas, etc). Para hacer efectiva la devoluci\u00f3n el producto debe devolverse con el empaque original, el cual debe estar en buen estado, incluir todos los documentos y las partes completas y sin da\u00f1os.<\/p>\n<p>&#8212;&#8212;&#8212;&#8212;&#8212;&#8212;&#8212;&#8212;&#8212;&#8212;&#8212;&#8212;&#8212;<br \/>\n&#8212;&#8212;&#8212;&#8212;&#8212;&#8212;&#8212;&#8212;&#8212;&#8212;&#8212;&#8212;&#8212;<\/p>\n<p>INFORMACI\u00d3N IMPORTANTE<br \/>\nSomos facilitadores de comercio exterior, traemos productos desde el exterior para ti y se realiza el proceso con proveedores internacionales. Por lo anterior, pueden existir variaciones de stock y\/o precio, como resultado de la actualizaci\u00f3n autom\u00e1tica realizada diariamente. De presentarse lo anterior, realizamos la devoluci\u00f3n total de su dinero.<br \/>\nPara cambio en talla, color y\/o referencia, contacte con nuestro Servicio al Cliente dentro de las 24 horas siguientes a la generaci\u00f3n de la orden.<\/p>\n<p>PREGUNTAS FRECUENTES<br \/>\n\u00bfTIENE ALGUNA GARANTIA?<br \/>\nNuestros proveedores nos ofrecen garant\u00eda por defectos de fabricaci\u00f3n de 30 d\u00edas la cual extendemos a nuestros clientes.<br \/>\nNo aplicar\u00e1 garant\u00eda en caso de evidenciarse un mal uso por parte del cliente.<\/p>\n<p>\u00bfQUE PUEDO HACER EN CASO DE RETRACTARME DE MI COMPRA?<br \/>\nEn caso de no desear el producto recibido, puede realizar la devoluci\u00f3n dentro de un periodo no mayor a 5 d\u00edas, a partir de la entrega del producto y el comprador debe asumir el costo de retorno al pa\u00eds de origen de la mercanc\u00eda (El costo var\u00eda de acuerdo a Peso y Tama\u00f1o del producto).<\/p>\n<p>\u00a1Gracias por visitar nuestra Tienda, Somos la mejor opci\u00f3n!<\/p>\n","protected":false},"excerpt":{"rendered":"<p>IECOMM SAS Su tienda de Comercio Electr\u00f3nico Importadores USA &#8212;&#8212;&#8212;&#8212;&#8212;&#8212;&#8212;&#8212;&#8212;&#8212;&#8212;&#8212;&#8212; &#8212;&#8212;&#8212;&#8212;&#8212;&#8212;&#8212;&#8212;&#8212;&#8212;&#8212;&#8212;&#8212; Hermoso y divertido flotador de Mickey Mouse Disney, \u00a1y su caracter\u00edstico estampado! para los brazos Este flotador lleva la diversi\u00f3n tanto a la playa como a la piscina, los peque\u00f1os estar\u00e1n encantadas con su flotador de mickey mouse \u00a1Chapotear al sol nunca ha sido [&hellip;]<\/p>\n","protected":false},"featured_media":1694,"comment_status":"open","ping_status":"closed","template":"","meta":[],"product_brand":[],"product_cat":[15,91],"product_tag":[],"class_list":{"0":"post-1695","1":"product","2":"type-product","3":"status-publish","4":"has-post-thumbnail","6":"product_cat-uncategorized","7":"product_cat-piscinas","9":"first","10":"instock","11":"sale","12":"shipping-taxable","13":"purchasable","14":"product-type-simple"},"_links":{"self":[{"href":"https:\/\/iecomm.com.co\/index.php?rest_route=\/wp\/v2\/product\/1695","targetHints":{"allow":["GET"]}}],"collection":[{"href":"https:\/\/iecomm.com.co\/index.php?rest_route=\/wp\/v2\/product"}],"about":[{"href":"https:\/\/iecomm.com.co\/index.php?rest_route=\/wp\/v2\/types\/product"}],"replies":[{"embeddable":true,"href":"https:\/\/iecomm.com.co\/index.php?rest_route=%2Fwp%2Fv2%2Fcomments&post=1695"}],"wp:featuredmedia":[{"embeddable":true,"href":"https:\/\/iecomm.com.co\/index.php?rest_route=\/wp\/v2\/media\/1694"}],"wp:attachment":[{"href":"https:\/\/iecomm.com.co\/index.php?rest_route=%2Fwp%2Fv2%2Fmedia&parent=1695"}],"wp:term":[{"taxonomy":"product_brand","embeddable":true,"href":"https:\/\/iecomm.com.co\/index.php?rest_route=%2Fwp%2Fv2%2Fproduct_brand&post=1695"},{"taxonomy":"product_cat","embeddable":true,"href":"https:\/\/iecomm.com.co\/index.php?rest_route=%2Fwp%2Fv2%2Fproduct_cat&post=1695"},{"taxonomy":"product_tag","embeddable":true,"href":"https:\/\/iecomm.com.co\/index.php?rest_route=%2Fwp%2Fv2%2Fproduct_tag&post=1695"}],"curies":[{"name":"wp","href":"https:\/\/api.w.org\/{rel}","templated":true}]}}