{"id":1703,"date":"2026-02-10T19:15:00","date_gmt":"2026-02-10T19:15:00","guid":{"rendered":"https:\/\/iecomm.com.co\/?product=botas-de-presoterapia-masajeador-de-pies-de-aire-small-premi-110v-negro"},"modified":"2026-02-12T13:37:26","modified_gmt":"2026-02-12T13:37:26","slug":"botas-de-presoterapia-masajeador-de-pies-de-aire-small-premi-110v-negro","status":"publish","type":"product","link":"https:\/\/iecomm.com.co\/?product=botas-de-presoterapia-masajeador-de-pies-de-aire-small-premi-110v-negro","title":{"rendered":"Botas De Presoterapia Masajeador De Pies De Aire Small Premi 110v Negro"},"content":{"rendered":"<p>IECOMM SAS<br \/>\nSu tienda de Comercio Electr\u00f3nico<br \/>\nImportadores USA<\/p>\n<p>&#8212;&#8212;&#8212;&#8212;&#8212;&#8212;&#8212;&#8212;&#8212;&#8212;&#8212;&#8212;&#8212;<br \/>\n&#8212;&#8212;&#8212;&#8212;&#8212;&#8212;&#8212;&#8212;&#8212;&#8212;&#8212;&#8212;&#8212;<\/p>\n<p>\u00a1S\u00f3lo por este mes!<br \/>\nDescuento adicional iniciando el pago por medio de iecomm.mercado shops . com . co (Plataforma Web Mercadolibre) y finalizando el pago por medio de Mercadolibre, con la seguridad de Mercadolibre y MercadoPago.<\/p>\n<p>&#8212;&#8212;&#8212;&#8212;&#8212;&#8212;&#8212;&#8212;&#8212;&#8212;&#8212;&#8212;&#8212;<br \/>\n&#8212;&#8212;&#8212;&#8212;&#8212;&#8212;&#8212;&#8212;&#8212;&#8212;&#8212;&#8212;&#8212;<\/p>\n<p>Env\u00edo Nacional Gratuito<\/p>\n<p>&#8212;&#8212;&#8212;&#8212;&#8212;&#8212;&#8212;&#8212;&#8212;&#8212;&#8212;&#8212;&#8212;<br \/>\n&#8212;&#8212;&#8212;&#8212;&#8212;&#8212;&#8212;&#8212;&#8212;&#8212;&#8212;&#8212;&#8212;<br \/>\nCARACTER\u00cdSTICAS DEL PRODUCTO:<\/p>\n<p>Sistema de masaje de compresi\u00f3n de aire profesional: el sistema de recuperaci\u00f3n de piernas QUINEAR es una m\u00e1quina masajeadora de piernas completas con terapia de compresi\u00f3n de aire, infla y desinfla principalmente 4 c\u00e1maras de aire (pie\/pantorrilla\/muslo superior) para formar una presi\u00f3n circulante en las piernas y los tejidos, y aprieta<br \/>\nuniformemente y ordenadamente el extremo distal de la extremidad hasta el extremo proximal para mejorar la circulaci\u00f3n sangu\u00ednea y acelerar el metabolismo<\/p>\n<p>Botas de masaje secuenciales inteligentes: dispositivo de compresi\u00f3n secuencial QUINEAR actualizado con sensor de presi\u00f3n integrado, que puede ajustar diferentes valores de presi\u00f3n de acuerdo con los diferentes tama\u00f1os de patas. Y 4 c\u00e1maras de aire infladas y desinfladas secuencialmente por una cobertura completa de las piernas con secuencia, para ofrecerte una experiencia de masaje de compresi\u00f3n m\u00e1s c\u00f3moda<\/p>\n<p>8 intensidades+3 modos + 3 temporizadores ajustables: el dispositivo de compresi\u00f3n de aire tiene 8 intensidades (50-120 mmHG) y 3 modos de compresi\u00f3n de aire<br \/>\n(secuencia\/circulaci\u00f3n\/combinaci\u00f3n). De acuerdo con sus necesidades de masaje diario, puede ajustar cada sesi\u00f3n de terapia y el tiempo de tratamiento (20\/25\/30 minutos) con un controlador digital. Solo tienes que cerrar las botas de recuperaci\u00f3n y empezar a disfrutar de la terapia de masaje de compresi\u00f3n de aire<\/p>\n<p>Relajaci\u00f3n, refresca y recuperaci\u00f3n: las botas de compresi\u00f3n de aire QUINEAR son adecuadas para atletas, ciclistas, corredores, entusiastas del deporte, conductores, camareros, bailarines, ancianos o incluso para terapia de masaje diaria. Ayuda a mejorar la funci\u00f3n del sistema linf\u00e1tico, reducir el dolor y el dolor, eliminar la fatiga y alivia la tensi\u00f3n muscular. Es mejor para los atletas para una recuperaci\u00f3n m\u00e1s r\u00e1pida del entrenamiento. El tama\u00f1o compacto y la bolsa de transporte hacen que se convierta en tu compa\u00f1ero de recuperaci\u00f3n despu\u00e9s del entrenamiento en el gimnasio<\/p>\n<p>&#8212;&#8212;&#8212;&#8212;&#8212;&#8212;&#8212;&#8212;&#8212;&#8212;&#8212;&#8212;&#8212;<br \/>\n&#8212;&#8212;&#8212;&#8212;&#8212;&#8212;&#8212;&#8212;&#8212;&#8212;&#8212;&#8212;&#8212;<\/p>\n<p>INFORMACI\u00d3N IMPORTANTE<br \/>\nSomos facilitadores de comercio exterior, traemos productos desde el exterior para ti y se realiza el proceso con proveedores internacionales. Por lo anterior, pueden existir variaciones de stock y\/o precio, como resultado de la actualizaci\u00f3n autom\u00e1tica realizada diariamente. De presentarse lo anterior, realizamos la devoluci\u00f3n total de su dinero.<br \/>\nPara cambio en talla, color y\/o referencia, contacte con nuestro Servicio al Cliente dentro de las 24 horas siguientes a la generaci\u00f3n de la orden.<\/p>\n<p>PREGUNTAS FRECUENTES<br \/>\n\u00bfTIENE ALGUNA GARANTIA?<br \/>\nNuestros proveedores nos ofrecen garant\u00eda por defectos de fabricaci\u00f3n de 30 d\u00edas la cual extendemos a nuestros clientes.<br \/>\nNo aplicar\u00e1 garant\u00eda en caso de evidenciarse un mal uso por parte del cliente.<\/p>\n<p>\u00bfQUE PUEDO HACER EN CASO DE RETRACTARME DE MI COMPRA?<br \/>\nEn caso de no desear el producto recibido, puede realizar la devoluci\u00f3n dentro de un periodo no mayor a 5 d\u00edas, a partir de la entrega del producto y el comprador debe asumir el costo de retorno al pa\u00eds de origen de la mercanc\u00eda (El costo var\u00eda de acuerdo a Peso y Tama\u00f1o del producto).<\/p>\n<p>\u00a1Gracias por visitar nuestra Tienda, Somos la mejor opci\u00f3n!<\/p>\n","protected":false},"excerpt":{"rendered":"<p>IECOMM SAS Su tienda de Comercio Electr\u00f3nico Importadores USA &#8212;&#8212;&#8212;&#8212;&#8212;&#8212;&#8212;&#8212;&#8212;&#8212;&#8212;&#8212;&#8212; &#8212;&#8212;&#8212;&#8212;&#8212;&#8212;&#8212;&#8212;&#8212;&#8212;&#8212;&#8212;&#8212; \u00a1S\u00f3lo por este mes! Descuento adicional iniciando el pago por medio de iecomm.mercado shops . com . co (Plataforma Web Mercadolibre) y finalizando el pago por medio de Mercadolibre, con la seguridad de Mercadolibre y MercadoPago. &#8212;&#8212;&#8212;&#8212;&#8212;&#8212;&#8212;&#8212;&#8212;&#8212;&#8212;&#8212;&#8212; &#8212;&#8212;&#8212;&#8212;&#8212;&#8212;&#8212;&#8212;&#8212;&#8212;&#8212;&#8212;&#8212; Env\u00edo Nacional Gratuito &#8212;&#8212;&#8212;&#8212;&#8212;&#8212;&#8212;&#8212;&#8212;&#8212;&#8212;&#8212;&#8212; &#8212;&#8212;&#8212;&#8212;&#8212;&#8212;&#8212;&#8212;&#8212;&#8212;&#8212;&#8212;&#8212; CARACTER\u00cdSTICAS [&hellip;]<\/p>\n","protected":false},"featured_media":1702,"comment_status":"open","ping_status":"closed","template":"","meta":[],"product_brand":[],"product_cat":[15],"product_tag":[],"class_list":{"0":"post-1703","1":"product","2":"type-product","3":"status-publish","4":"has-post-thumbnail","6":"product_cat-uncategorized","8":"first","9":"instock","10":"sale","11":"shipping-taxable","12":"purchasable","13":"product-type-simple"},"_links":{"self":[{"href":"https:\/\/iecomm.com.co\/index.php?rest_route=\/wp\/v2\/product\/1703","targetHints":{"allow":["GET"]}}],"collection":[{"href":"https:\/\/iecomm.com.co\/index.php?rest_route=\/wp\/v2\/product"}],"about":[{"href":"https:\/\/iecomm.com.co\/index.php?rest_route=\/wp\/v2\/types\/product"}],"replies":[{"embeddable":true,"href":"https:\/\/iecomm.com.co\/index.php?rest_route=%2Fwp%2Fv2%2Fcomments&post=1703"}],"wp:featuredmedia":[{"embeddable":true,"href":"https:\/\/iecomm.com.co\/index.php?rest_route=\/wp\/v2\/media\/1702"}],"wp:attachment":[{"href":"https:\/\/iecomm.com.co\/index.php?rest_route=%2Fwp%2Fv2%2Fmedia&parent=1703"}],"wp:term":[{"taxonomy":"product_brand","embeddable":true,"href":"https:\/\/iecomm.com.co\/index.php?rest_route=%2Fwp%2Fv2%2Fproduct_brand&post=1703"},{"taxonomy":"product_cat","embeddable":true,"href":"https:\/\/iecomm.com.co\/index.php?rest_route=%2Fwp%2Fv2%2Fproduct_cat&post=1703"},{"taxonomy":"product_tag","embeddable":true,"href":"https:\/\/iecomm.com.co\/index.php?rest_route=%2Fwp%2Fv2%2Fproduct_tag&post=1703"}],"curies":[{"name":"wp","href":"https:\/\/api.w.org\/{rel}","templated":true}]}}