{"id":1711,"date":"2026-02-10T19:15:09","date_gmt":"2026-02-10T19:15:09","guid":{"rendered":"https:\/\/iecomm.com.co\/?product=carro-camion-control-remoto-recargable-juguete-nino-infantil-amarillo"},"modified":"2026-02-12T13:37:26","modified_gmt":"2026-02-12T13:37:26","slug":"carro-camion-control-remoto-recargable-juguete-nino-infantil-amarillo","status":"publish","type":"product","link":"https:\/\/iecomm.com.co\/?product=carro-camion-control-remoto-recargable-juguete-nino-infantil-amarillo","title":{"rendered":"Carro Cami\u00f3n Control Remoto Recargable Juguete Ni\u00f1o Infantil Amarillo"},"content":{"rendered":"<p>IECOMM SAS<br \/>\nSu tienda de Comercio Electr\u00f3nico<br \/>\nImportadores USA<\/p>\n<p>&#8212;&#8212;&#8212;&#8212;&#8212;&#8212;&#8212;&#8212;&#8212;&#8212;&#8212;&#8212;&#8212;<br \/>\n&#8212;&#8212;&#8212;&#8212;&#8212;&#8212;&#8212;&#8212;&#8212;&#8212;&#8212;&#8212;&#8212;<\/p>\n<p>Este incre\u00edble Retro Excavadora Carro Juguete Control Remoto Recargable es perfecto para los peque\u00f1os amantes de la construcci\u00f3n. Con su dise\u00f1o retro y detalles realistas, este veh\u00edculo les permitir\u00e1 vivir emocionantes aventuras mientras desarrollan su imaginaci\u00f3n y habilidades motoras.<\/p>\n<p>La marca gen\u00e9rica garantiza la calidad y durabilidad de este juguete, que incluye pilas para el control remoto, facilitando su uso desde el primer momento. Adem\u00e1s, su bater\u00eda recargable asegura horas de diversi\u00f3n sin interrupciones.<\/p>\n<p>Con una edad m\u00ednima recomendada de 3 a\u00f1os, este modelo de retro-excavadora es seguro y f\u00e1cil de manejar. Su control remoto requiere 2 pilas AA, lo que permite un control preciso y divertido.<\/p>\n<p>Ya sea excavando en el jard\u00edn o construyendo en la sala de juegos, este veh\u00edculo ofrece una experiencia de juego \u00fanica. Su dise\u00f1o a escala y su velocidad m\u00e1xima garantizan una experiencia realista y emocionante.<\/p>\n<p>No pierdas la oportunidad de regalarle a tu peque\u00f1o constructor este Retro Excavadora Carro Juguete Control Remoto Recargable. \u00a1Ser\u00e1 el regalo perfecto para estimular su creatividad y entretenerlo durante horas!<\/p>\n<p>Ficha T\u00e9cnica:<br \/>\nDimensiones del carro: 28 cm x 23 cm x 10 cm<br \/>\nMaterial: Plastico ABS no toxico<br \/>\nEdad recomendada + 6 A\u00f1os<br \/>\nFuente de energia del carro: Baterias internas que se pueden recargar al conectar el cable con el tomacorriente.<br \/>\nDimensiones del control: 26 cm x 12 cm<br \/>\nFuente de energia: 2 Baterias AA incluidas ( No recargables )<\/p>\n<p>Contenido:<br \/>\n1 Retroexcavadora<br \/>\n1 Control remoto<br \/>\n1 Cable de carga<br \/>\n1 Bateria recargable<br \/>\n2 Baterias AA ( obsequio )<\/p>\n<p>&#8212;&#8212;&#8212;&#8212;&#8212;&#8212;&#8212;&#8212;&#8212;&#8212;&#8212;&#8212;&#8212;<br \/>\n&#8212;&#8212;&#8212;&#8212;&#8212;&#8212;&#8212;&#8212;&#8212;&#8212;&#8212;&#8212;&#8212;<\/p>\n<p>INFORMACI\u00d3N IMPORTANTE<br \/>\nSomos facilitadores de comercio exterior, traemos productos desde el exterior para ti y se realiza el proceso con proveedores internacionales. Por lo anterior, pueden existir variaciones de stock y\/o precio, como resultado de la actualizaci\u00f3n autom\u00e1tica realizada diariamente. De presentarse lo anterior, realizamos la devoluci\u00f3n total de su dinero.<br \/>\nPara cambio en talla, color y\/o referencia, contacte con nuestro Servicio al Cliente dentro de las 24 horas siguientes a la generaci\u00f3n de la orden.<\/p>\n<p>PREGUNTAS FRECUENTES<br \/>\n\u00bfTIENE ALGUNA GARANTIA?<br \/>\nNuestros proveedores nos ofrecen garant\u00eda por defectos de fabricaci\u00f3n de 30 d\u00edas la cual extendemos a nuestros clientes.<br \/>\nNo aplicar\u00e1 garant\u00eda en caso de evidenciarse un mal uso por parte del cliente.<\/p>\n<p>\u00bfQUE PUEDO HACER EN CASO DE RETRACTARME DE MI COMPRA?<br \/>\nEn caso de no desear el producto recibido, puede realizar la devoluci\u00f3n dentro de un periodo no mayor a 5 d\u00edas, a partir de la entrega del producto y el comprador debe asumir el costo de retorno al pa\u00eds de origen de la mercanc\u00eda (El costo var\u00eda de acuerdo a Peso y Tama\u00f1o del producto).<\/p>\n<p>\u00a1Gracias por visitar nuestra Tienda, Somos la mejor opci\u00f3n!<\/p>\n","protected":false},"excerpt":{"rendered":"<p>IECOMM SAS Su tienda de Comercio Electr\u00f3nico Importadores USA &#8212;&#8212;&#8212;&#8212;&#8212;&#8212;&#8212;&#8212;&#8212;&#8212;&#8212;&#8212;&#8212; &#8212;&#8212;&#8212;&#8212;&#8212;&#8212;&#8212;&#8212;&#8212;&#8212;&#8212;&#8212;&#8212; Este incre\u00edble Retro Excavadora Carro Juguete Control Remoto Recargable es perfecto para los peque\u00f1os amantes de la construcci\u00f3n. Con su dise\u00f1o retro y detalles realistas, este veh\u00edculo les permitir\u00e1 vivir emocionantes aventuras mientras desarrollan su imaginaci\u00f3n y habilidades motoras. La marca gen\u00e9rica garantiza la [&hellip;]<\/p>\n","protected":false},"featured_media":1710,"comment_status":"open","ping_status":"closed","template":"","meta":[],"product_brand":[],"product_cat":[15],"product_tag":[],"class_list":{"0":"post-1711","1":"product","2":"type-product","3":"status-publish","4":"has-post-thumbnail","6":"product_cat-uncategorized","8":"first","9":"instock","10":"sale","11":"shipping-taxable","12":"purchasable","13":"product-type-simple"},"_links":{"self":[{"href":"https:\/\/iecomm.com.co\/index.php?rest_route=\/wp\/v2\/product\/1711","targetHints":{"allow":["GET"]}}],"collection":[{"href":"https:\/\/iecomm.com.co\/index.php?rest_route=\/wp\/v2\/product"}],"about":[{"href":"https:\/\/iecomm.com.co\/index.php?rest_route=\/wp\/v2\/types\/product"}],"replies":[{"embeddable":true,"href":"https:\/\/iecomm.com.co\/index.php?rest_route=%2Fwp%2Fv2%2Fcomments&post=1711"}],"wp:featuredmedia":[{"embeddable":true,"href":"https:\/\/iecomm.com.co\/index.php?rest_route=\/wp\/v2\/media\/1710"}],"wp:attachment":[{"href":"https:\/\/iecomm.com.co\/index.php?rest_route=%2Fwp%2Fv2%2Fmedia&parent=1711"}],"wp:term":[{"taxonomy":"product_brand","embeddable":true,"href":"https:\/\/iecomm.com.co\/index.php?rest_route=%2Fwp%2Fv2%2Fproduct_brand&post=1711"},{"taxonomy":"product_cat","embeddable":true,"href":"https:\/\/iecomm.com.co\/index.php?rest_route=%2Fwp%2Fv2%2Fproduct_cat&post=1711"},{"taxonomy":"product_tag","embeddable":true,"href":"https:\/\/iecomm.com.co\/index.php?rest_route=%2Fwp%2Fv2%2Fproduct_tag&post=1711"}],"curies":[{"name":"wp","href":"https:\/\/api.w.org\/{rel}","templated":true}]}}