{"id":1715,"date":"2026-02-10T19:15:13","date_gmt":"2026-02-10T19:15:13","guid":{"rendered":"https:\/\/iecomm.com.co\/?product=avion-fashion-juguete-didactico-ninas-munecas-accesorios-rosa"},"modified":"2026-02-12T13:37:26","modified_gmt":"2026-02-12T13:37:26","slug":"avion-fashion-juguete-didactico-ninas-munecas-accesorios-rosa","status":"publish","type":"product","link":"https:\/\/iecomm.com.co\/?product=avion-fashion-juguete-didactico-ninas-munecas-accesorios-rosa","title":{"rendered":"Avi\u00f3n Fashion Juguete Didactico Ni\u00f1as Mu\u00f1ecas Accesorios Rosa"},"content":{"rendered":"<p>IECOMM SAS<br \/>\nSu tienda de Comercio Electr\u00f3nico<br \/>\nImportadores USA<\/p>\n<p>&#8212;&#8212;&#8212;&#8212;&#8212;&#8212;&#8212;&#8212;&#8212;&#8212;&#8212;&#8212;&#8212;<br \/>\n&#8212;&#8212;&#8212;&#8212;&#8212;&#8212;&#8212;&#8212;&#8212;&#8212;&#8212;&#8212;&#8212;<\/p>\n<p>\u00a1Avi\u00f3n de Juguete para Ni\u00f1as!<br \/>\nEste emocionante juguete es perfecto para las peque\u00f1as so\u00f1adoras y aventureras que adoran jugar con sus mu\u00f1ecas y sus adoradas mascotas.<\/p>\n<p>El Avi\u00f3n de Juguete cuenta con un dise\u00f1o \u00fanico y colorido, inspirado en los aviones reales, pero adaptado para la comodidad y seguridad de las ni\u00f1as. Este avi\u00f3n cuenta con ruedas para que puedan moverlo f\u00e1cilmente por el suelo y disfrutar de momentos de juego interminables.<\/p>\n<p>Lo m\u00e1s emocionante es su interior bellamente dise\u00f1ado, con sillas para que la ni\u00f1a y su mu\u00f1eca puedan embarcar en emocionantes viajes imaginarios. Imagina volar hacia destinos ex\u00f3ticos, vivir aventuras emocionantes y crear inolvidables recuerdos con tus mu\u00f1ecas y mascotas en el interior del avi\u00f3n.<\/p>\n<p>El set incluye tres hermosos vestidos adicionales para la mu\u00f1eca, lo que permitir\u00e1 a la ni\u00f1a cambiar su aspecto en cada aventura y convertirse en una aut\u00e9ntica estilista. \u00a1La imaginaci\u00f3n no tiene l\u00edmites con este juguete!<\/p>\n<p>Con el Avi\u00f3n de Juguete para Ni\u00f1as, las horas de diversi\u00f3n y creatividad est\u00e1n aseguradas. Es el regalo ideal para celebrar cumplea\u00f1os, festividades especiales o simplemente para sorprender a esa ni\u00f1a especial con un juguete que la llevar\u00e1 a volar alto en su imaginaci\u00f3n.<\/p>\n<p>Prep\u00e1rate para emocionantes despegues y aterrizajes llenos de diversi\u00f3n, \u00a1el cielo es el l\u00edmite con el Avi\u00f3n de Juguete para Ni\u00f1as!<\/p>\n<p>Ficha T\u00e9cnica:<br \/>\nDimensiones del Avi\u00f3n ( largo x Alto x Prof ) : 16 cm x 12 cm x 8 cm<br \/>\nEdad Recomendada: + 3 a\u00f1os<\/p>\n<p>Contenido:<br \/>\n1 avion<br \/>\n3 vestidos<br \/>\n1 Mascota<br \/>\n1 Mu\u00f1eca Polly<\/p>\n<p>&#8212;&#8212;&#8212;&#8212;&#8212;&#8212;&#8212;&#8212;&#8212;&#8212;&#8212;&#8212;&#8212;<br \/>\n&#8212;&#8212;&#8212;&#8212;&#8212;&#8212;&#8212;&#8212;&#8212;&#8212;&#8212;&#8212;&#8212;<\/p>\n<p>INFORMACI\u00d3N IMPORTANTE<br \/>\nSomos facilitadores de comercio exterior, traemos productos desde el exterior para ti y se realiza el proceso con proveedores internacionales. Por lo anterior, pueden existir variaciones de stock y\/o precio, como resultado de la actualizaci\u00f3n autom\u00e1tica realizada diariamente. De presentarse lo anterior, realizamos la devoluci\u00f3n total de su dinero.<br \/>\nPara cambio en talla, color y\/o referencia, contacte con nuestro Servicio al Cliente dentro de las 24 horas siguientes a la generaci\u00f3n de la orden.<\/p>\n<p>PREGUNTAS FRECUENTES<br \/>\n\u00bfTIENE ALGUNA GARANTIA?<br \/>\nNuestros proveedores nos ofrecen garant\u00eda por defectos de fabricaci\u00f3n de 30 d\u00edas la cual extendemos a nuestros clientes.<br \/>\nNo aplicar\u00e1 garant\u00eda en caso de evidenciarse un mal uso por parte del cliente.<\/p>\n<p>\u00bfQUE PUEDO HACER EN CASO DE RETRACTARME DE MI COMPRA?<br \/>\nEn caso de no desear el producto recibido, puede realizar la devoluci\u00f3n dentro de un periodo no mayor a 5 d\u00edas, a partir de la entrega del producto y el comprador debe asumir el costo de retorno al pa\u00eds de origen de la mercanc\u00eda (El costo var\u00eda de acuerdo a Peso y Tama\u00f1o del producto).<\/p>\n<p>\u00a1Gracias por visitar nuestra Tienda, Somos la mejor opci\u00f3n!<\/p>\n","protected":false},"excerpt":{"rendered":"<p>IECOMM SAS Su tienda de Comercio Electr\u00f3nico Importadores USA &#8212;&#8212;&#8212;&#8212;&#8212;&#8212;&#8212;&#8212;&#8212;&#8212;&#8212;&#8212;&#8212; &#8212;&#8212;&#8212;&#8212;&#8212;&#8212;&#8212;&#8212;&#8212;&#8212;&#8212;&#8212;&#8212; \u00a1Avi\u00f3n de Juguete para Ni\u00f1as! Este emocionante juguete es perfecto para las peque\u00f1as so\u00f1adoras y aventureras que adoran jugar con sus mu\u00f1ecas y sus adoradas mascotas. El Avi\u00f3n de Juguete cuenta con un dise\u00f1o \u00fanico y colorido, inspirado en los aviones reales, pero adaptado [&hellip;]<\/p>\n","protected":false},"featured_media":1714,"comment_status":"open","ping_status":"closed","template":"","meta":[],"product_brand":[],"product_cat":[15,84],"product_tag":[],"class_list":{"0":"post-1715","1":"product","2":"type-product","3":"status-publish","4":"has-post-thumbnail","6":"product_cat-uncategorized","7":"product_cat-munecos-y-munecas","9":"first","10":"instock","11":"sale","12":"shipping-taxable","13":"purchasable","14":"product-type-simple"},"_links":{"self":[{"href":"https:\/\/iecomm.com.co\/index.php?rest_route=\/wp\/v2\/product\/1715","targetHints":{"allow":["GET"]}}],"collection":[{"href":"https:\/\/iecomm.com.co\/index.php?rest_route=\/wp\/v2\/product"}],"about":[{"href":"https:\/\/iecomm.com.co\/index.php?rest_route=\/wp\/v2\/types\/product"}],"replies":[{"embeddable":true,"href":"https:\/\/iecomm.com.co\/index.php?rest_route=%2Fwp%2Fv2%2Fcomments&post=1715"}],"wp:featuredmedia":[{"embeddable":true,"href":"https:\/\/iecomm.com.co\/index.php?rest_route=\/wp\/v2\/media\/1714"}],"wp:attachment":[{"href":"https:\/\/iecomm.com.co\/index.php?rest_route=%2Fwp%2Fv2%2Fmedia&parent=1715"}],"wp:term":[{"taxonomy":"product_brand","embeddable":true,"href":"https:\/\/iecomm.com.co\/index.php?rest_route=%2Fwp%2Fv2%2Fproduct_brand&post=1715"},{"taxonomy":"product_cat","embeddable":true,"href":"https:\/\/iecomm.com.co\/index.php?rest_route=%2Fwp%2Fv2%2Fproduct_cat&post=1715"},{"taxonomy":"product_tag","embeddable":true,"href":"https:\/\/iecomm.com.co\/index.php?rest_route=%2Fwp%2Fv2%2Fproduct_tag&post=1715"}],"curies":[{"name":"wp","href":"https:\/\/api.w.org\/{rel}","templated":true}]}}