{"id":1735,"date":"2026-02-10T19:15:32","date_gmt":"2026-02-10T19:15:32","guid":{"rendered":"https:\/\/iecomm.com.co\/?product=sonajero-mordedor-estimulacion-bebe-juguete-set-x-5-unidades-multicolor-animales"},"modified":"2026-02-12T13:37:26","modified_gmt":"2026-02-12T13:37:26","slug":"sonajero-mordedor-estimulacion-bebe-juguete-set-x-5-unidades-multicolor-animales","status":"publish","type":"product","link":"https:\/\/iecomm.com.co\/?product=sonajero-mordedor-estimulacion-bebe-juguete-set-x-5-unidades-multicolor-animales","title":{"rendered":"Sonajero Mordedor Estimulaci\u00f3n Beb\u00e9 Juguete Set X 5 Unidades Multicolor Animales"},"content":{"rendered":"<p>IECOMM SAS<br \/>\nSu tienda de Comercio Electr\u00f3nico<br \/>\nImportadores USA<\/p>\n<p>&#8212;&#8212;&#8212;&#8212;&#8212;&#8212;&#8212;&#8212;&#8212;&#8212;&#8212;&#8212;&#8212;<br \/>\n&#8212;&#8212;&#8212;&#8212;&#8212;&#8212;&#8212;&#8212;&#8212;&#8212;&#8212;&#8212;&#8212;<\/p>\n<p>Este hermoso set de sonajeros es ideal para captar la atenci\u00f3n de tu beb\u00e9 con sus vibrantes colores y sonidos suaves. Dise\u00f1ado para fomentar el desarrollo de la motricidad fina, el tama\u00f1o del sonajero es perfecto para que tu beb\u00e9 lo agarre de manera c\u00f3moda y segura. Adem\u00e1s, estimula sus sentidos desde los primeros meses, ayudando a coordinar sus movimientos con el sonido. Disfruta de momentos de juego interactivo, escondi\u00e9ndote y haciendo sonar el sonajero para que tu beb\u00e9 te localice con la mirada. Con el uso constante, el tacto y la visi\u00f3n de tu beb\u00e9 se desarrollar\u00e1n de manera \u00f3ptima.<\/p>\n<p>Ficha Tecnica:<\/p>\n<p>Materiales : Plastico ABS Libre de BPA<br \/>\nDimensiones: 12 cm x 5 cm x 3 cm<br \/>\nCantidad de piezas: 4<br \/>\nEdad recomendada : + 6 meses<br \/>\nMaterial suave, c\u00f3modo, seguro, no t\u00f3xico<br \/>\nReferencia: C3926<br \/>\nCertificado de conformidad: SL-CS-210044<\/p>\n<p>&#8212;&#8212;&#8212;&#8212;&#8212;&#8212;&#8212;&#8212;&#8212;&#8212;&#8212;&#8212;&#8212;<br \/>\n&#8212;&#8212;&#8212;&#8212;&#8212;&#8212;&#8212;&#8212;&#8212;&#8212;&#8212;&#8212;&#8212;<\/p>\n<p>INFORMACI\u00d3N IMPORTANTE<br \/>\nSomos facilitadores de comercio exterior, traemos productos desde el exterior para ti y se realiza el proceso con proveedores internacionales. Por lo anterior, pueden existir variaciones de stock y\/o precio, como resultado de la actualizaci\u00f3n autom\u00e1tica realizada diariamente. De presentarse lo anterior, realizamos la devoluci\u00f3n total de su dinero.<br \/>\nPara cambio en talla, color y\/o referencia, contacte con nuestro Servicio al Cliente dentro de las 24 horas siguientes a la generaci\u00f3n de la orden.<\/p>\n<p>PREGUNTAS FRECUENTES<br \/>\n\u00bfTIENE ALGUNA GARANTIA?<br \/>\nNuestros proveedores nos ofrecen garant\u00eda por defectos de fabricaci\u00f3n de 30 d\u00edas la cual extendemos a nuestros clientes.<br \/>\nNo aplicar\u00e1 garant\u00eda en caso de evidenciarse un mal uso por parte del cliente.<\/p>\n<p>\u00bfQUE PUEDO HACER EN CASO DE RETRACTARME DE MI COMPRA?<br \/>\nEn caso de no desear el producto recibido, puede realizar la devoluci\u00f3n dentro de un periodo no mayor a 5 d\u00edas, a partir de la entrega del producto y el comprador debe asumir el costo de retorno al pa\u00eds de origen de la mercanc\u00eda (El costo var\u00eda de acuerdo a Peso y Tama\u00f1o del producto).<\/p>\n<p>\u00a1Gracias por visitar nuestra Tienda, Somos la mejor opci\u00f3n!<\/p>\n","protected":false},"excerpt":{"rendered":"<p>IECOMM SAS Su tienda de Comercio Electr\u00f3nico Importadores USA &#8212;&#8212;&#8212;&#8212;&#8212;&#8212;&#8212;&#8212;&#8212;&#8212;&#8212;&#8212;&#8212; &#8212;&#8212;&#8212;&#8212;&#8212;&#8212;&#8212;&#8212;&#8212;&#8212;&#8212;&#8212;&#8212; Este hermoso set de sonajeros es ideal para captar la atenci\u00f3n de tu beb\u00e9 con sus vibrantes colores y sonidos suaves. Dise\u00f1ado para fomentar el desarrollo de la motricidad fina, el tama\u00f1o del sonajero es perfecto para que tu beb\u00e9 lo agarre de manera [&hellip;]<\/p>\n","protected":false},"featured_media":1734,"comment_status":"open","ping_status":"closed","template":"","meta":[],"product_brand":[],"product_cat":[15],"product_tag":[],"class_list":{"0":"post-1735","1":"product","2":"type-product","3":"status-publish","4":"has-post-thumbnail","6":"product_cat-uncategorized","8":"first","9":"instock","10":"sale","11":"shipping-taxable","12":"purchasable","13":"product-type-simple"},"_links":{"self":[{"href":"https:\/\/iecomm.com.co\/index.php?rest_route=\/wp\/v2\/product\/1735","targetHints":{"allow":["GET"]}}],"collection":[{"href":"https:\/\/iecomm.com.co\/index.php?rest_route=\/wp\/v2\/product"}],"about":[{"href":"https:\/\/iecomm.com.co\/index.php?rest_route=\/wp\/v2\/types\/product"}],"replies":[{"embeddable":true,"href":"https:\/\/iecomm.com.co\/index.php?rest_route=%2Fwp%2Fv2%2Fcomments&post=1735"}],"wp:featuredmedia":[{"embeddable":true,"href":"https:\/\/iecomm.com.co\/index.php?rest_route=\/wp\/v2\/media\/1734"}],"wp:attachment":[{"href":"https:\/\/iecomm.com.co\/index.php?rest_route=%2Fwp%2Fv2%2Fmedia&parent=1735"}],"wp:term":[{"taxonomy":"product_brand","embeddable":true,"href":"https:\/\/iecomm.com.co\/index.php?rest_route=%2Fwp%2Fv2%2Fproduct_brand&post=1735"},{"taxonomy":"product_cat","embeddable":true,"href":"https:\/\/iecomm.com.co\/index.php?rest_route=%2Fwp%2Fv2%2Fproduct_cat&post=1735"},{"taxonomy":"product_tag","embeddable":true,"href":"https:\/\/iecomm.com.co\/index.php?rest_route=%2Fwp%2Fv2%2Fproduct_tag&post=1735"}],"curies":[{"name":"wp","href":"https:\/\/api.w.org\/{rel}","templated":true}]}}