{"id":1745,"date":"2026-02-10T19:15:41","date_gmt":"2026-02-10T19:15:41","guid":{"rendered":"https:\/\/iecomm.com.co\/?product=cooluli-mini-nevera-electrica-enfriador-y-calentador-4-lit"},"modified":"2026-02-12T13:37:25","modified_gmt":"2026-02-12T13:37:25","slug":"cooluli-mini-nevera-electrica-enfriador-y-calentador-4-lit","status":"publish","type":"product","link":"https:\/\/iecomm.com.co\/?product=cooluli-mini-nevera-electrica-enfriador-y-calentador-4-lit","title":{"rendered":"Cooluli Mini Nevera El\u00e9ctrica, Enfriador Y Calentador 4 Lit."},"content":{"rendered":"<p>IECOMM SAS<br \/>\nSu tienda de Comercio Electr\u00f3nico<br \/>\nImportadores USA<\/p>\n<p>&#8212;&#8212;&#8212;&#8212;&#8212;&#8212;&#8212;&#8212;&#8212;&#8212;&#8212;&#8212;&#8212;<br \/>\n&#8212;&#8212;&#8212;&#8212;&#8212;&#8212;&#8212;&#8212;&#8212;&#8212;&#8212;&#8212;&#8212;<\/p>\n<p>\u00a1S\u00f3lo por este mes!<br \/>\nDescuento adicional iniciando el pago por medio de iecomm.mercado shops . com . co (Plataforma Web Mercadolibre) y finalizando el pago por medio de Mercadolibre, con la seguridad de Mercadolibre y MercadoPago.<\/p>\n<p>&#8212;&#8212;&#8212;&#8212;&#8212;&#8212;&#8212;&#8212;&#8212;&#8212;&#8212;&#8212;&#8212;<br \/>\n&#8212;&#8212;&#8212;&#8212;&#8212;&#8212;&#8212;&#8212;&#8212;&#8212;&#8212;&#8212;&#8212;<\/p>\n<p>Env\u00edo Nacional Gratuito<\/p>\n<p>&#8212;&#8212;&#8212;&#8212;&#8212;&#8212;&#8212;&#8212;&#8212;&#8212;&#8212;&#8212;&#8212;<br \/>\n&#8212;&#8212;&#8212;&#8212;&#8212;&#8212;&#8212;&#8212;&#8212;&#8212;&#8212;&#8212;&#8212;<\/p>\n<p>CARACTER\u00cdSTICAS DEL PRODUCTO:<\/p>\n<p>\u2022Interruptor de calefacci\u00f3n para enfriamiento: el sistema permite para una f\u00e1cil conmutaci\u00f3n de bebidas termoel\u00e9ctrico a los alimentos calientes. con capacidad para hasta seis latas de 12 onzas).. Tama\u00f1o ideal para uso en casa, en el jard\u00edn, la oficina o el rec\u00e1mara \u2013 Love la capacidad para mantener la leche o f\u00f3rmula a la temperatura adecuada de la mam\u00e1. traer tu almuerzo para trabajar en la ma\u00f1ana y la mantiene caliente durante todo el d\u00eda. cambiar de refrigeraci\u00f3n a la calefacci\u00f3n con la tapa de un interruptor.<\/p>\n<p>\u2022AC\/DC y USB adaptadores incluidos: la cooluli enfriador y calentador viene incluido con adaptadores de alimentaci\u00f3n de CA y CC \u2013 f\u00e1cil de ir de uso interior 110 V (ca) para coche conectando el aparato en el adaptador de mechero del coche 12 V (DC). capaces de ser alimentado con un computadora 2 un banco de energ\u00eda con el cable USB incluido para a\u00fan m\u00e1s portabilidad. no recomendado para uso como no puede generar suficiente potencia (Nota cuando se utiliza USB de alimentaci\u00f3n de s\u00f3lo el refrigerador\/calentador va a funcionar en modo ECO)<\/p>\n<p>\u2022Elegante, dise\u00f1o duradero: el enfriador y calentador tiene un hermoso acabado mate en el exterior.. elegante suficiente para dejar en casa o en la oficina \u2013 Se adapta perfectamente en tu computadora. simplemente limpiar es down para limpiar el interior y exterior. self-lock puerta con cierre magn\u00e9tico y el peso ligero, resistente dise\u00f1o en pl\u00e1stico polipropileno (PP) junto con adaptador DC incluido hace que el refrigerador\/calentador port\u00e1til de asa de transporte en la parte superior permite transportar el aparato a\u00fan m\u00e1s c\u00f3modo.<\/p>\n<p>\u2022Sistema de refrigeraci\u00f3n termoel\u00e9ctrico: el enfriador termoel\u00e9ctrico y calentador de alimentos funciona mediante la transferencia de calor de un lado del dispositivo a la otra junto con energ\u00eda el\u00e9ctrica. es recomendable que esperar 30 minutos antes de ir de fr\u00edo para caliente. el enfriador y calentador es 100% seguro y \u00faltima intervensi\u00f3n de fre\u00f3n. ya que funciona sin refrigerantes refrigeraci\u00f3n de la cooluli termoel\u00e9ctrico y calientes tambi\u00e9n es respetuoso con el medio ambiente.<\/p>\n<p>\u2022Dimensiones exteriores: 11&#8243; x 7 \u2013 1\/4&#8243; x 10&#8243;\/Capacidad de enfriamiento: 40\u00baf-45\u00baf por debajo de la temperatura ambiente\/Capacidad de calentamiento: 122\u00baf-144\u00baf<\/p>\n<p>&#8212;&#8212;&#8212;&#8212;&#8212;&#8212;&#8212;&#8212;&#8212;&#8212;&#8212;&#8212;&#8212;<br \/>\n&#8212;&#8212;&#8212;&#8212;&#8212;&#8212;&#8212;&#8212;&#8212;&#8212;&#8212;&#8212;&#8212;<\/p>\n<p>INFORMACI\u00d3N IMPORTANTE<br \/>\nSomos facilitadores de comercio exterior, traemos productos desde el exterior para ti y se realiza el proceso con proveedores internacionales. Por lo anterior, pueden existir variaciones de stock y\/o precio, como resultado de la actualizaci\u00f3n autom\u00e1tica realizada diariamente. De presentarse lo anterior, realizamos la devoluci\u00f3n total de su dinero.<br \/>\nPara cambio en talla, color y\/o referencia, contacte con nuestro Servicio al Cliente dentro de las 24 horas siguientes a la generaci\u00f3n de la orden.<\/p>\n<p>PREGUNTAS FRECUENTES<br \/>\n\u00bfTIENE ALGUNA GARANTIA?<br \/>\nNuestros proveedores nos ofrecen garant\u00eda por defectos de fabricaci\u00f3n de 30 d\u00edas la cual extendemos a nuestros clientes.<br \/>\nNo aplicar\u00e1 garant\u00eda en caso de evidenciarse un mal uso por parte del cliente.<\/p>\n<p>\u00bfQUE PUEDO HACER EN CASO DE RETRACTARME DE MI COMPRA?<br \/>\nEn caso de no desear el producto recibido, puede realizar la devoluci\u00f3n dentro de un periodo no mayor a 5 d\u00edas, a partir de la entrega del producto y el comprador debe asumir el costo de retorno al pa\u00eds de origen de la mercanc\u00eda (El costo var\u00eda de acuerdo a Peso y Tama\u00f1o del producto).<\/p>\n<p>\u00a1Gracias por visitar nuestra Tienda, Somos la mejor opci\u00f3n!<\/p>\n","protected":false},"excerpt":{"rendered":"<p>IECOMM SAS Su tienda de Comercio Electr\u00f3nico Importadores USA &#8212;&#8212;&#8212;&#8212;&#8212;&#8212;&#8212;&#8212;&#8212;&#8212;&#8212;&#8212;&#8212; &#8212;&#8212;&#8212;&#8212;&#8212;&#8212;&#8212;&#8212;&#8212;&#8212;&#8212;&#8212;&#8212; \u00a1S\u00f3lo por este mes! Descuento adicional iniciando el pago por medio de iecomm.mercado shops . com . co (Plataforma Web Mercadolibre) y finalizando el pago por medio de Mercadolibre, con la seguridad de Mercadolibre y MercadoPago. &#8212;&#8212;&#8212;&#8212;&#8212;&#8212;&#8212;&#8212;&#8212;&#8212;&#8212;&#8212;&#8212; &#8212;&#8212;&#8212;&#8212;&#8212;&#8212;&#8212;&#8212;&#8212;&#8212;&#8212;&#8212;&#8212; Env\u00edo Nacional Gratuito &#8212;&#8212;&#8212;&#8212;&#8212;&#8212;&#8212;&#8212;&#8212;&#8212;&#8212;&#8212;&#8212; &#8212;&#8212;&#8212;&#8212;&#8212;&#8212;&#8212;&#8212;&#8212;&#8212;&#8212;&#8212;&#8212; CARACTER\u00cdSTICAS [&hellip;]<\/p>\n","protected":false},"featured_media":1744,"comment_status":"open","ping_status":"closed","template":"","meta":[],"product_brand":[],"product_cat":[15],"product_tag":[],"class_list":{"0":"post-1745","1":"product","2":"type-product","3":"status-publish","4":"has-post-thumbnail","6":"product_cat-uncategorized","8":"first","9":"instock","10":"sale","11":"shipping-taxable","12":"purchasable","13":"product-type-simple"},"_links":{"self":[{"href":"https:\/\/iecomm.com.co\/index.php?rest_route=\/wp\/v2\/product\/1745","targetHints":{"allow":["GET"]}}],"collection":[{"href":"https:\/\/iecomm.com.co\/index.php?rest_route=\/wp\/v2\/product"}],"about":[{"href":"https:\/\/iecomm.com.co\/index.php?rest_route=\/wp\/v2\/types\/product"}],"replies":[{"embeddable":true,"href":"https:\/\/iecomm.com.co\/index.php?rest_route=%2Fwp%2Fv2%2Fcomments&post=1745"}],"wp:featuredmedia":[{"embeddable":true,"href":"https:\/\/iecomm.com.co\/index.php?rest_route=\/wp\/v2\/media\/1744"}],"wp:attachment":[{"href":"https:\/\/iecomm.com.co\/index.php?rest_route=%2Fwp%2Fv2%2Fmedia&parent=1745"}],"wp:term":[{"taxonomy":"product_brand","embeddable":true,"href":"https:\/\/iecomm.com.co\/index.php?rest_route=%2Fwp%2Fv2%2Fproduct_brand&post=1745"},{"taxonomy":"product_cat","embeddable":true,"href":"https:\/\/iecomm.com.co\/index.php?rest_route=%2Fwp%2Fv2%2Fproduct_cat&post=1745"},{"taxonomy":"product_tag","embeddable":true,"href":"https:\/\/iecomm.com.co\/index.php?rest_route=%2Fwp%2Fv2%2Fproduct_tag&post=1745"}],"curies":[{"name":"wp","href":"https:\/\/api.w.org\/{rel}","templated":true}]}}