{"id":1749,"date":"2026-02-10T19:15:45","date_gmt":"2026-02-10T19:15:45","guid":{"rendered":"https:\/\/iecomm.com.co\/?product=silla-ejecutiva-masaje-calefaccion-oficina-ergonomica-marron-marron"},"modified":"2026-02-12T13:37:25","modified_gmt":"2026-02-12T13:37:25","slug":"silla-ejecutiva-masaje-calefaccion-oficina-ergonomica-marron-marron","status":"publish","type":"product","link":"https:\/\/iecomm.com.co\/?product=silla-ejecutiva-masaje-calefaccion-oficina-ergonomica-marron-marron","title":{"rendered":"Silla Ejecutiva Masaje Calefacci\u00f3n Oficina Ergon\u00f3mica Marron Marr\u00f3n"},"content":{"rendered":"<p>IECOMM SAS<br \/>\nSu tienda de Comercio Electr\u00f3nico<br \/>\nImportadores USA<\/p>\n<p>&#8212;&#8212;&#8212;&#8212;&#8212;&#8212;&#8212;&#8212;&#8212;&#8212;&#8212;&#8212;&#8212;<br \/>\n&#8212;&#8212;&#8212;&#8212;&#8212;&#8212;&#8212;&#8212;&#8212;&#8212;&#8212;&#8212;&#8212;<\/p>\n<p>\u00a1S\u00f3lo por este mes!<br \/>\nDescuento adicional iniciando el pago por medio de iecomm.mercado shops . com . co (Plataforma Web Mercadolibre) y finalizando el pago por medio de Mercadolibre, con la seguridad de Mercadolibre y MercadoPago.<\/p>\n<p>&#8212;&#8212;&#8212;&#8212;&#8212;&#8212;&#8212;&#8212;&#8212;&#8212;&#8212;&#8212;&#8212;<br \/>\n&#8212;&#8212;&#8212;&#8212;&#8212;&#8212;&#8212;&#8212;&#8212;&#8212;&#8212;&#8212;&#8212;<\/p>\n<p>Env\u00edo Nacional Gratuito<\/p>\n<p>&#8212;&#8212;&#8212;&#8212;&#8212;&#8212;&#8212;&#8212;&#8212;&#8212;&#8212;&#8212;&#8212;<br \/>\n&#8212;&#8212;&#8212;&#8212;&#8212;&#8212;&#8212;&#8212;&#8212;&#8212;&#8212;&#8212;&#8212;<\/p>\n<p>CARACTER\u00cdSTICAS DEL PRODUCTO:<\/p>\n<p>Relajado y c\u00f3modo: la silla tiene seis puntos de vibraci\u00f3n diferentes que comienzan desde la curaci\u00f3n del soporte de la espalda hasta la circulaci\u00f3n del muslo y la comodidad. Las caracter\u00edsticas de calefacci\u00f3n pueden relajar tus m\u00fasculos doloridos.<\/p>\n<p>Material: tapicer\u00eda de piel de PVC suave con acolchado de espuma densa para una comodidad superior, que es reciclada ecol\u00f3gica. 5 ruedas duraderas y barra de gas de 3.937 in de elevaci\u00f3n de 2 niveles hacen que sea estable.<\/p>\n<p>Bien funcional: giro de 360 grados, altura del asiento ajustable con opciones de calefacci\u00f3n y masaje para la parte superior de la espalda, cintura y muslos.<br \/>\nMando a distancia: la silla viene con mando a distancia para cambiar los ajustes de masaje, elegir tiempo, intensidad, modo, calor, etc.<\/p>\n<p>Dimensi\u00f3n total: 27.16 pulgadas de ancho x 29.5 pulgadas de profundidad x (43.7 \u2013 47.6) pulgadas de alto, detalles de dimensi\u00f3n mostrados en la imagen de visualizaci\u00f3n<\/p>\n<p>Caracter\u00edstica:<\/p>\n<p>* Viene con 6 ajustes de masaje, incluyendo 2 puntos de espalda, 2 puntos de cintura y 2 puntos de muslo, que pueden revivir y confortarte desde la parte superior de la espalda hasta la pierna.<\/p>\n<p>* Altura ajustable, ruedas fuertes con capacidad giratoria de 360 grados y control remoto, todos estos mejorar\u00e1n su disfrute y satisfacci\u00f3n.<\/p>\n<p>* Construido en la base neum\u00e1tica de elevaci\u00f3n de gas para dar opciones de elevaci\u00f3n y bajada para adaptarse perfectamente a su posici\u00f3n de escritorio.<\/p>\n<p>* La c\u00f3moda tapicer\u00eda de cuero de PVC suave con el acolchado de espuma gruesa hace que la silla sea superior comodidad para sentarse en d\u00edas de trabajo completos, proporcionando comodidad adicional para relajar el cansancio de tus cargas pesadas.<\/p>\n<p>* Desbloquea la primavera de las sillas y se inclina m\u00e1s para proporcionar m\u00e1s comodidad.<\/p>\n<p>Especificaciones:<\/p>\n<p>La silla mide 27.16 pulgadas de ancho x 29.5 pulgadas de profundidad x (43.7 \u2013 47.6) de alto.<\/p>\n<p>El asiento mide 20.9 in de ancho x 19.7 in de profundidad.<\/p>\n<p>El respaldo mide 20.9 in de ancho x 31.9 in de alto.<\/p>\n<p>Altura del asiento m\u00e1s baja: 19.6&#8243;<\/p>\n<p>Espacio entre brazos: 21 &#8220;W<br \/>\n&#8212;&#8212;&#8212;&#8212;&#8212;&#8212;&#8212;&#8212;&#8212;&#8212;&#8212;&#8212;&#8212;<br \/>\n&#8212;&#8212;&#8212;&#8212;&#8212;&#8212;&#8212;&#8212;&#8212;&#8212;&#8212;&#8212;&#8212;<\/p>\n<p>INFORMACI\u00d3N IMPORTANTE<br \/>\nSomos facilitadores de comercio exterior, traemos productos desde el exterior para ti y se realiza el proceso con proveedores internacionales. Por lo anterior, pueden existir variaciones de stock y\/o precio, como resultado de la actualizaci\u00f3n autom\u00e1tica realizada diariamente. De presentarse lo anterior, realizamos la devoluci\u00f3n total de su dinero.<br \/>\nPara cambio en talla, color y\/o referencia, contacte con nuestro Servicio al Cliente dentro de las 24 horas siguientes a la generaci\u00f3n de la orden.<\/p>\n<p>PREGUNTAS FRECUENTES<br \/>\n\u00bfTIENE ALGUNA GARANTIA?<br \/>\nNuestros proveedores nos ofrecen garant\u00eda por defectos de fabricaci\u00f3n de 30 d\u00edas la cual extendemos a nuestros clientes.<br \/>\nNo aplicar\u00e1 garant\u00eda en caso de evidenciarse un mal uso por parte del cliente.<\/p>\n<p>\u00bfQUE PUEDO HACER EN CASO DE RETRACTARME DE MI COMPRA?<br \/>\nEn caso de no desear el producto recibido, puede realizar la devoluci\u00f3n dentro de un periodo no mayor a 5 d\u00edas, a partir de la entrega del producto y el comprador debe asumir el costo de retorno al pa\u00eds de origen de la mercanc\u00eda (El costo var\u00eda de acuerdo a Peso y Tama\u00f1o del producto).<\/p>\n<p>\u00a1Gracias por visitar nuestra Tienda, Somos la mejor opci\u00f3n!<\/p>\n","protected":false},"excerpt":{"rendered":"<p>IECOMM SAS Su tienda de Comercio Electr\u00f3nico Importadores USA &#8212;&#8212;&#8212;&#8212;&#8212;&#8212;&#8212;&#8212;&#8212;&#8212;&#8212;&#8212;&#8212; &#8212;&#8212;&#8212;&#8212;&#8212;&#8212;&#8212;&#8212;&#8212;&#8212;&#8212;&#8212;&#8212; \u00a1S\u00f3lo por este mes! Descuento adicional iniciando el pago por medio de iecomm.mercado shops . com . co (Plataforma Web Mercadolibre) y finalizando el pago por medio de Mercadolibre, con la seguridad de Mercadolibre y MercadoPago. &#8212;&#8212;&#8212;&#8212;&#8212;&#8212;&#8212;&#8212;&#8212;&#8212;&#8212;&#8212;&#8212; &#8212;&#8212;&#8212;&#8212;&#8212;&#8212;&#8212;&#8212;&#8212;&#8212;&#8212;&#8212;&#8212; Env\u00edo Nacional Gratuito &#8212;&#8212;&#8212;&#8212;&#8212;&#8212;&#8212;&#8212;&#8212;&#8212;&#8212;&#8212;&#8212; &#8212;&#8212;&#8212;&#8212;&#8212;&#8212;&#8212;&#8212;&#8212;&#8212;&#8212;&#8212;&#8212; CARACTER\u00cdSTICAS [&hellip;]<\/p>\n","protected":false},"featured_media":1748,"comment_status":"open","ping_status":"closed","template":"","meta":[],"product_brand":[],"product_cat":[15,92],"product_tag":[],"class_list":{"0":"post-1749","1":"product","2":"type-product","3":"status-publish","4":"has-post-thumbnail","6":"product_cat-uncategorized","7":"product_cat-sillas-gamer","9":"first","10":"instock","11":"sale","12":"shipping-taxable","13":"purchasable","14":"product-type-simple"},"_links":{"self":[{"href":"https:\/\/iecomm.com.co\/index.php?rest_route=\/wp\/v2\/product\/1749","targetHints":{"allow":["GET"]}}],"collection":[{"href":"https:\/\/iecomm.com.co\/index.php?rest_route=\/wp\/v2\/product"}],"about":[{"href":"https:\/\/iecomm.com.co\/index.php?rest_route=\/wp\/v2\/types\/product"}],"replies":[{"embeddable":true,"href":"https:\/\/iecomm.com.co\/index.php?rest_route=%2Fwp%2Fv2%2Fcomments&post=1749"}],"wp:featuredmedia":[{"embeddable":true,"href":"https:\/\/iecomm.com.co\/index.php?rest_route=\/wp\/v2\/media\/1748"}],"wp:attachment":[{"href":"https:\/\/iecomm.com.co\/index.php?rest_route=%2Fwp%2Fv2%2Fmedia&parent=1749"}],"wp:term":[{"taxonomy":"product_brand","embeddable":true,"href":"https:\/\/iecomm.com.co\/index.php?rest_route=%2Fwp%2Fv2%2Fproduct_brand&post=1749"},{"taxonomy":"product_cat","embeddable":true,"href":"https:\/\/iecomm.com.co\/index.php?rest_route=%2Fwp%2Fv2%2Fproduct_cat&post=1749"},{"taxonomy":"product_tag","embeddable":true,"href":"https:\/\/iecomm.com.co\/index.php?rest_route=%2Fwp%2Fv2%2Fproduct_tag&post=1749"}],"curies":[{"name":"wp","href":"https:\/\/api.w.org\/{rel}","templated":true}]}}