{"id":1761,"date":"2026-02-10T19:15:56","date_gmt":"2026-02-10T19:15:56","guid":{"rendered":"https:\/\/iecomm.com.co\/?product=silla-gamer-epic-racing-naranja-y-negro-naranja-cuero-sintetico"},"modified":"2026-02-12T13:37:25","modified_gmt":"2026-02-12T13:37:25","slug":"silla-gamer-epic-racing-naranja-y-negro-naranja-cuero-sintetico","status":"publish","type":"product","link":"https:\/\/iecomm.com.co\/?product=silla-gamer-epic-racing-naranja-y-negro-naranja-cuero-sintetico","title":{"rendered":"Silla Gamer Epic Racing Naranja  Y Negro Naranja Cuero Sint\u00e9tico"},"content":{"rendered":"<p>IECOMM SAS<br \/>\nComercio Electr\u00f3nico Internacional<br \/>\nImportadores USA<\/p>\n<p>&#8212;&#8212;&#8212;&#8212;&#8212;&#8212;&#8212;&#8212;&#8212;&#8212;&#8212;&#8212;&#8212;<br \/>\n&#8212;&#8212;&#8212;&#8212;&#8212;&#8212;&#8212;&#8212;&#8212;&#8212;&#8212;&#8212;&#8212;<\/p>\n<p>Env\u00edo Nacional Gratuito<br \/>\nEntregas 5 y 8 d\u00edas h\u00e1biles<br \/>\nPuede variar seg\u00fan disponibilidad<br \/>\nNo tenemos entrega Inmediata<\/p>\n<p>CARACTER\u00cdSTICAS DEL PRODUCTO:<\/p>\n<p>Hecho para jugadores: Actualiza tu estaci\u00f3n de juegos y prep\u00e1rate para la batalla con esta silla de juegos Epic Racing. El marco de acero con acolchado de espuma ofrece la m\u00e1xima comodidad y durabilidad, mientras que los reposabrazos ajustables 4-D y un avanzado mecanismo de inclinaci\u00f3n te permiten configurar posiciones de asiento personalizadas para mayor comodidad.<\/p>\n<p>Multifunci\u00f3n: Esta no es solo una silla de carreras totalmente funcional, sino tambi\u00e9n una silla de juegos de computadora mejorada. Respaldo reclinable de 90\u00b0 a 180\u00b0, dise\u00f1o giratorio de 360\u00b0, ajuste de altura del asiento de 17.3 a 21.5 pulgadas, almohada extra\u00edble y ajustable para reposacabezas y coj\u00edn lumbar para apoyo adicional.<\/p>\n<p>Material de calidad: Hecho de esponja de espuma moldeadora de alta densidad y duradero, impermeable y resistente al desgaste. Marco de acero grueso, elevaci\u00f3n de gas clase 3, ruedas de goma para soportar hasta 300 libras.<\/p>\n<p>Dimensiones: 20.5 pulgadas de ancho x 21.5 pulgadas de profundidad x 48.5 a 52 pulgadas de alto. Peso: 40 libras.<\/p>\n<p>&#8212;&#8212;&#8212;&#8212;&#8212;&#8212;&#8212;&#8212;&#8212;&#8212;&#8212;&#8212;&#8212;<br \/>\n&#8212;&#8212;&#8212;&#8212;&#8212;&#8212;&#8212;&#8212;&#8212;&#8212;&#8212;&#8212;&#8212;<\/p>\n<p>INFORMACI\u00d3N IMPORTANTE<br \/>\nSomos facilitadores de comercio exterior, traemos productos desde el exterior para ti y se realiza el proceso con proveedores internacionales. Por lo anterior, pueden existir variaciones de stock y\/o precio, como resultado de la actualizaci\u00f3n autom\u00e1tica realizada diariamente. De presentarse lo anterior, realizamos la devoluci\u00f3n total de su dinero.<br \/>\nPara cambio en talla, color y\/o referencia, contacte con nuestro Servicio al Cliente dentro de las 24 horas siguientes a la generaci\u00f3n de la orden.<\/p>\n<p>PREGUNTAS FRECUENTES<br \/>\n\u00bfTIENE ALGUNA GARANTIA?<br \/>\nNuestros proveedores nos ofrecen garant\u00eda por defectos de fabricaci\u00f3n de 30 d\u00edas la cual extendemos a nuestros clientes.<br \/>\nNo aplicar\u00e1 garant\u00eda en caso de evidenciarse un mal uso por parte del cliente.<\/p>\n<p>\u00bfQUE PUEDO HACER EN CASO DE RETRACTARME DE MI COMPRA?<br \/>\nEn caso de no desear el producto recibido, puede realizar la devoluci\u00f3n dentro de un periodo no mayor a 5 d\u00edas, a partir de la entrega del producto y el comprador debe asumir el costo de retorno al pa\u00eds de origen de la mercanc\u00eda (El costo var\u00eda de acuerdo a Peso y Tama\u00f1o del producto).<\/p>\n<p>\u00a1Gracias por visitar nuestra Tienda, Somos la mejor opci\u00f3n!<\/p>\n","protected":false},"excerpt":{"rendered":"<p>IECOMM SAS Comercio Electr\u00f3nico Internacional Importadores USA &#8212;&#8212;&#8212;&#8212;&#8212;&#8212;&#8212;&#8212;&#8212;&#8212;&#8212;&#8212;&#8212; &#8212;&#8212;&#8212;&#8212;&#8212;&#8212;&#8212;&#8212;&#8212;&#8212;&#8212;&#8212;&#8212; Env\u00edo Nacional Gratuito Entregas 5 y 8 d\u00edas h\u00e1biles Puede variar seg\u00fan disponibilidad No tenemos entrega Inmediata CARACTER\u00cdSTICAS DEL PRODUCTO: Hecho para jugadores: Actualiza tu estaci\u00f3n de juegos y prep\u00e1rate para la batalla con esta silla de juegos Epic Racing. El marco de acero con acolchado [&hellip;]<\/p>\n","protected":false},"featured_media":1760,"comment_status":"open","ping_status":"closed","template":"","meta":[],"product_brand":[],"product_cat":[15,92],"product_tag":[],"class_list":{"0":"post-1761","1":"product","2":"type-product","3":"status-publish","4":"has-post-thumbnail","6":"product_cat-uncategorized","7":"product_cat-sillas-gamer","9":"first","10":"instock","11":"sale","12":"shipping-taxable","13":"purchasable","14":"product-type-simple"},"_links":{"self":[{"href":"https:\/\/iecomm.com.co\/index.php?rest_route=\/wp\/v2\/product\/1761","targetHints":{"allow":["GET"]}}],"collection":[{"href":"https:\/\/iecomm.com.co\/index.php?rest_route=\/wp\/v2\/product"}],"about":[{"href":"https:\/\/iecomm.com.co\/index.php?rest_route=\/wp\/v2\/types\/product"}],"replies":[{"embeddable":true,"href":"https:\/\/iecomm.com.co\/index.php?rest_route=%2Fwp%2Fv2%2Fcomments&post=1761"}],"wp:featuredmedia":[{"embeddable":true,"href":"https:\/\/iecomm.com.co\/index.php?rest_route=\/wp\/v2\/media\/1760"}],"wp:attachment":[{"href":"https:\/\/iecomm.com.co\/index.php?rest_route=%2Fwp%2Fv2%2Fmedia&parent=1761"}],"wp:term":[{"taxonomy":"product_brand","embeddable":true,"href":"https:\/\/iecomm.com.co\/index.php?rest_route=%2Fwp%2Fv2%2Fproduct_brand&post=1761"},{"taxonomy":"product_cat","embeddable":true,"href":"https:\/\/iecomm.com.co\/index.php?rest_route=%2Fwp%2Fv2%2Fproduct_cat&post=1761"},{"taxonomy":"product_tag","embeddable":true,"href":"https:\/\/iecomm.com.co\/index.php?rest_route=%2Fwp%2Fv2%2Fproduct_tag&post=1761"}],"curies":[{"name":"wp","href":"https:\/\/api.w.org\/{rel}","templated":true}]}}