{"id":1791,"date":"2026-02-10T19:16:25","date_gmt":"2026-02-10T19:16:25","guid":{"rendered":"https:\/\/iecomm.com.co\/?product=extractor-de-engranajes-hidraulicos-de-15-toneladas"},"modified":"2026-02-12T13:37:25","modified_gmt":"2026-02-12T13:37:25","slug":"extractor-de-engranajes-hidraulicos-de-15-toneladas","status":"publish","type":"product","link":"https:\/\/iecomm.com.co\/?product=extractor-de-engranajes-hidraulicos-de-15-toneladas","title":{"rendered":"Extractor De Engranajes Hidr\u00e1ulicos De 15 Toneladas"},"content":{"rendered":"<p>IECOMM SAS<br \/>\nSu tienda de Comercio Electr\u00f3nico<br \/>\nImportadores USA<\/p>\n<p>&#8212;&#8212;&#8212;&#8212;&#8212;&#8212;&#8212;&#8212;&#8212;&#8212;&#8212;&#8212;&#8212;<br \/>\n&#8212;&#8212;&#8212;&#8212;&#8212;&#8212;&#8212;&#8212;&#8212;&#8212;&#8212;&#8212;&#8212;<\/p>\n<p>Env\u00edo Nacional Gratuito<\/p>\n<p>&#8212;&#8212;&#8212;&#8212;&#8212;&#8212;&#8212;&#8212;&#8212;&#8212;&#8212;&#8212;&#8212;<br \/>\n&#8212;&#8212;&#8212;&#8212;&#8212;&#8212;&#8212;&#8212;&#8212;&#8212;&#8212;&#8212;&#8212;<\/p>\n<p>CARACTER\u00cdSTICAS DEL PRODUCTO:<\/p>\n<p>Juego de herramientas separadoras de rueda de 15 toneladas, 15 toneladas, 33000 libras, rodamiento de rueda de 7.087 in<\/p>\n<p>Introducci\u00f3n:<\/p>\n<p>Posee una estructura compacta y una aplicaci\u00f3n flexible.<br \/>\nEl extractor es f\u00e1cil de transportar y operar y rara vez se limita por el entorno.<br \/>\nEste extractor de engranajes hidr\u00e1ulico posee una potente capacidad de 15T (33000 libras) con dise\u00f1o de 3 mordazas y 4 ganchos.<br \/>\n2 o 3 mand\u00edbulas se pueden cambiar libremente para diferentes usos.<br \/>\nLa v\u00e1lvula de inundaci\u00f3n de seguridad evita la sobrecarga, dispositivo de posicionamiento centralizado incluido.<br \/>\nPatr\u00f3n de trabajo<br \/>\nMueve el mango mientras est\u00e1 funcionando, la palanca de accionamiento del pist\u00f3n se mueve hacia adelante suavemente y de forma constante bajo el efecto de la presi\u00f3n del aceite.<br \/>\nLas mand\u00edbulas se mueven hacia atr\u00e1s relativamente para sacar las cosas.<br \/>\nDetalles<br \/>\nCapacidad m\u00e1xima: 15 toneladas. Ares Travel: 1.969 in.<br \/>\nAlcance m\u00ednimo\/m\u00e1ximo: 0-7 pulgadas (0.000-7.087 in). Difusi\u00f3n m\u00ednima\/m\u00e1xima: 4&#8243;-12&#8243;(100-300 mm).<br \/>\nAdecuado para tirar de bujes, bridas, engranajes, rodamientos y mucho m\u00e1s.<br \/>\n3 en 1: integra bombas, tubo de aceite y m\u00e1quina de dibujo, capaz de intercambiar 2 o 3 mand\u00edbulas libremente para diferentes usos.<br \/>\nEl cabezal de la bomba se puede girar 360\u00b0 para mayor flexibilidad.<br \/>\nCaracter\u00edsticas:<br \/>\nJuego de herramientas ideal para tirar de bujes, bridas, engranajes, rodamientos, etc.<br \/>\nPotente capacidad de 15 toneladas.<br \/>\nAlcance m\u00e1ximo de 7.087 in, extensi\u00f3n m\u00e1xima de 11.811 in.<br \/>\nCapaz de intercambiar 2 o 3 mand\u00edbulas libremente.<br \/>\nCabezal de la bomba giratorio de 360\u00b0 para mayor flexibilidad.<br \/>\nCon caja de herramientas, f\u00e1cil de transportar.<\/p>\n<p>Especificaciones:<\/p>\n<p>Capacidad m\u00e1xima: 15T (33000 lb)<br \/>\nAres Travel: 2&#8243; (50mm)<br \/>\nAlcance m\u00ednimo\/m\u00e1ximo: 0-7 pulgadas (0.000-7.087 in)<br \/>\nDifusi\u00f3n m\u00ednima\/m\u00e1xima: 4-12 pulgadas (3.937-11.811 in)<br \/>\nMand\u00edbulas: 2 o 3 intercambiables.<br \/>\nPeso Bruto: 26.5 lbs<br \/>\nDimensiones del paquete (largo x ancho x alto): 17.3 x 12.6 x 4.7 in.<br \/>\nContenido del paquete:<br \/>\n1 extractor hidr\u00e1ulico.<br \/>\n1 mango.<br \/>\n1 yugo extractor de patas de 2\/3.<br \/>\n3 mand\u00edbulas.<br \/>\n6 placas de eslabones.<br \/>\n6 juegos de tornillos.<\/p>\n<p>&#8212;&#8212;&#8212;&#8212;&#8212;&#8212;&#8212;&#8212;&#8212;&#8212;&#8212;&#8212;&#8212;<br \/>\n&#8212;&#8212;&#8212;&#8212;&#8212;&#8212;&#8212;&#8212;&#8212;&#8212;&#8212;&#8212;&#8212;<\/p>\n<p>INFORMACI\u00d3N IMPORTANTE<br \/>\nSomos facilitadores de comercio exterior, traemos productos desde el exterior para ti y se realiza el proceso con proveedores internacionales. Por lo anterior, pueden existir variaciones de stock y\/o precio, como resultado de la actualizaci\u00f3n autom\u00e1tica realizada diariamente. De presentarse lo anterior, realizamos la devoluci\u00f3n total de su dinero.<br \/>\nPara cambio en talla, color y\/o referencia, contacte con nuestro Servicio al Cliente dentro de las 24 horas siguientes a la generaci\u00f3n de la orden.<\/p>\n<p>PREGUNTAS FRECUENTES<br \/>\n\u00bfTIENE ALGUNA GARANTIA?<br \/>\nNuestros proveedores nos ofrecen garant\u00eda por defectos de fabricaci\u00f3n de 30 d\u00edas la cual extendemos a nuestros clientes.<br \/>\nNo aplicar\u00e1 garant\u00eda en caso de evidenciarse un mal uso por parte del cliente.<\/p>\n<p>\u00bfQUE PUEDO HACER EN CASO DE RETRACTARME DE MI COMPRA?<br \/>\nEn caso de no desear el producto recibido, puede realizar la devoluci\u00f3n dentro de un periodo no mayor a 5 d\u00edas, a partir de la entrega del producto y el comprador debe asumir el costo de retorno al pa\u00eds de origen de la mercanc\u00eda (El costo var\u00eda de acuerdo a Peso y Tama\u00f1o del producto).<\/p>\n<p>\u00a1Gracias por visitar nuestra Tienda, Somos la mejor opci\u00f3n!<\/p>\n","protected":false},"excerpt":{"rendered":"<p>IECOMM SAS Su tienda de Comercio Electr\u00f3nico Importadores USA &#8212;&#8212;&#8212;&#8212;&#8212;&#8212;&#8212;&#8212;&#8212;&#8212;&#8212;&#8212;&#8212; &#8212;&#8212;&#8212;&#8212;&#8212;&#8212;&#8212;&#8212;&#8212;&#8212;&#8212;&#8212;&#8212; Env\u00edo Nacional Gratuito &#8212;&#8212;&#8212;&#8212;&#8212;&#8212;&#8212;&#8212;&#8212;&#8212;&#8212;&#8212;&#8212; &#8212;&#8212;&#8212;&#8212;&#8212;&#8212;&#8212;&#8212;&#8212;&#8212;&#8212;&#8212;&#8212; CARACTER\u00cdSTICAS DEL PRODUCTO: Juego de herramientas separadoras de rueda de 15 toneladas, 15 toneladas, 33000 libras, rodamiento de rueda de 7.087 in Introducci\u00f3n: Posee una estructura compacta y una aplicaci\u00f3n flexible. El extractor es f\u00e1cil de transportar y operar [&hellip;]<\/p>\n","protected":false},"featured_media":1790,"comment_status":"open","ping_status":"closed","template":"","meta":[],"product_brand":[],"product_cat":[15],"product_tag":[],"class_list":{"0":"post-1791","1":"product","2":"type-product","3":"status-publish","4":"has-post-thumbnail","6":"product_cat-uncategorized","8":"first","9":"instock","10":"sale","11":"shipping-taxable","12":"purchasable","13":"product-type-simple"},"_links":{"self":[{"href":"https:\/\/iecomm.com.co\/index.php?rest_route=\/wp\/v2\/product\/1791","targetHints":{"allow":["GET"]}}],"collection":[{"href":"https:\/\/iecomm.com.co\/index.php?rest_route=\/wp\/v2\/product"}],"about":[{"href":"https:\/\/iecomm.com.co\/index.php?rest_route=\/wp\/v2\/types\/product"}],"replies":[{"embeddable":true,"href":"https:\/\/iecomm.com.co\/index.php?rest_route=%2Fwp%2Fv2%2Fcomments&post=1791"}],"wp:featuredmedia":[{"embeddable":true,"href":"https:\/\/iecomm.com.co\/index.php?rest_route=\/wp\/v2\/media\/1790"}],"wp:attachment":[{"href":"https:\/\/iecomm.com.co\/index.php?rest_route=%2Fwp%2Fv2%2Fmedia&parent=1791"}],"wp:term":[{"taxonomy":"product_brand","embeddable":true,"href":"https:\/\/iecomm.com.co\/index.php?rest_route=%2Fwp%2Fv2%2Fproduct_brand&post=1791"},{"taxonomy":"product_cat","embeddable":true,"href":"https:\/\/iecomm.com.co\/index.php?rest_route=%2Fwp%2Fv2%2Fproduct_cat&post=1791"},{"taxonomy":"product_tag","embeddable":true,"href":"https:\/\/iecomm.com.co\/index.php?rest_route=%2Fwp%2Fv2%2Fproduct_tag&post=1791"}],"curies":[{"name":"wp","href":"https:\/\/api.w.org\/{rel}","templated":true}]}}