{"id":1793,"date":"2026-02-10T19:16:27","date_gmt":"2026-02-10T19:16:27","guid":{"rendered":"https:\/\/iecomm.com.co\/?product=tocadisco-victrola-lavanda-tornamesa-parlante-bluetoot-lavanda"},"modified":"2026-02-12T13:37:25","modified_gmt":"2026-02-12T13:37:25","slug":"tocadisco-victrola-lavanda-tornamesa-parlante-bluetoot-lavanda","status":"publish","type":"product","link":"https:\/\/iecomm.com.co\/?product=tocadisco-victrola-lavanda-tornamesa-parlante-bluetoot-lavanda","title":{"rendered":"Tocadisco Victrola Lavanda Tornamesa Parlante Bluetoot Lavanda"},"content":{"rendered":"<p>IECOMM SAS<br \/>\nSu tienda de Comercio Electr\u00f3nico<br \/>\nImportadores USA<\/p>\n<p>&#8212;&#8212;&#8212;&#8212;&#8212;&#8212;&#8212;&#8212;&#8212;&#8212;&#8212;&#8212;&#8212;<br \/>\n&#8212;&#8212;&#8212;&#8212;&#8212;&#8212;&#8212;&#8212;&#8212;&#8212;&#8212;&#8212;&#8212;<\/p>\n<p>Env\u00edo Nacional Gratuito<\/p>\n<p>&#8212;&#8212;&#8212;&#8212;&#8212;&#8212;&#8212;&#8212;&#8212;&#8212;&#8212;&#8212;&#8212;<br \/>\n&#8212;&#8212;&#8212;&#8212;&#8212;&#8212;&#8212;&#8212;&#8212;&#8212;&#8212;&#8212;&#8212;<\/p>\n<p>CARACTER\u00cdSTICAS DEL PRODUCTO:<\/p>\n<p>\u2022Tocadiscos de tres velocidades con correa \u2013 Este reproductor de discos de maleta de 3 velocidades (33 1\/3, 45, 78 rpm) cuenta con una calidad de sonido superior mejorada y se coloca en pies aislantes de sonido que evitan la vibraci\u00f3n. Es perfecto para tu sal\u00f3n, dormitorio u oficina.<\/p>\n<p>\u2022Lleva tus canciones a cualquier lugar: alojado en una maleta vintage con un asa de f\u00e1cil transporte, la mezcla de dise\u00f1o retro y contempor\u00e1neo de Victrola te da la m\u00e1xima flexibilidad para escuchar m\u00fasica donde quieras y c\u00f3mo quieras, una gran opci\u00f3n para los amantes del vinilo.<\/p>\n<p>\u2022Opciones de conexi\u00f3n ampliadas: transmite audio del smartphone a trav\u00e9s de los altavoces Bluetooth integrados del tocadiscos. Conecta f\u00e1cilmente altavoces externos a trav\u00e9s de las salidas RCA est\u00e9reo, o utiliza la entrada de l\u00ednea para dispositivos no Bluetooth como un reproductor de CD. Para escuchar personalmente, conecta tus auriculares a la toma de auriculares.<\/p>\n<p>\u2022No requiere sistema est\u00e9reo ni equipo adicional. Ponlo en marcha en cuesti\u00f3n de minutos. Aspecto retro combinado con la comodidad de la tecnolog\u00eda moderna hace que este asequible reproductor de discos sea ideal para principiantes y entusiastas de la vintage.<\/p>\n<p>\u2022Todos los controles que necesitas: cuenta con una perilla de selecci\u00f3n de entrada, perilla de potencia\/volumen y un interruptor de parada autom\u00e1tica que detiene los registros giratorios una vez que el registro est\u00e1 terminado de reproducir.<\/p>\n<p>\u2022Un reproductor de discos que se adapta a tu personalidad: combinado con la calidad de sonido incomparable y la exquisita artesan\u00eda de Victrola, y una amplia gama de estilos, patrones y colores para elegir, prep\u00e1rate para crear recuerdos musicales de por vida.<\/p>\n<p>\u2022Tecnolog\u00eda de conectividad: con cable.<\/p>\n<p>&#8212;&#8212;&#8212;&#8212;&#8212;&#8212;&#8212;&#8212;&#8212;&#8212;&#8212;&#8212;&#8212;<br \/>\n&#8212;&#8212;&#8212;&#8212;&#8212;&#8212;&#8212;&#8212;&#8212;&#8212;&#8212;&#8212;&#8212;<\/p>\n<p>INFORMACI\u00d3N IMPORTANTE<br \/>\nSomos facilitadores de comercio exterior, traemos productos desde el exterior para ti y se realiza el proceso con proveedores internacionales. Por lo anterior, pueden existir variaciones de stock y\/o precio, como resultado de la actualizaci\u00f3n autom\u00e1tica realizada diariamente. De presentarse lo anterior, realizamos la devoluci\u00f3n total de su dinero.<br \/>\nPara cambio en talla, color y\/o referencia, contacte con nuestro Servicio al Cliente dentro de las 24 horas siguientes a la generaci\u00f3n de la orden.<\/p>\n<p>PREGUNTAS FRECUENTES<br \/>\n\u00bfTIENE ALGUNA GARANTIA?<br \/>\nNuestros proveedores nos ofrecen garant\u00eda por defectos de fabricaci\u00f3n de 30 d\u00edas la cual extendemos a nuestros clientes.<br \/>\nNo aplicar\u00e1 garant\u00eda en caso de evidenciarse un mal uso por parte del cliente.<\/p>\n<p>\u00bfQUE PUEDO HACER EN CASO DE RETRACTARME DE MI COMPRA?<br \/>\nEn caso de no desear el producto recibido, puede realizar la devoluci\u00f3n dentro de un periodo no mayor a 5 d\u00edas, a partir de la entrega del producto y el comprador debe asumir el costo de retorno al pa\u00eds de origen de la mercanc\u00eda (El costo var\u00eda de acuerdo a Peso y Tama\u00f1o del producto).<\/p>\n<p>\u00a1Gracias por visitar nuestra Tienda, Somos la mejor opci\u00f3n!<\/p>\n","protected":false},"excerpt":{"rendered":"<p>IECOMM SAS Su tienda de Comercio Electr\u00f3nico Importadores USA &#8212;&#8212;&#8212;&#8212;&#8212;&#8212;&#8212;&#8212;&#8212;&#8212;&#8212;&#8212;&#8212; &#8212;&#8212;&#8212;&#8212;&#8212;&#8212;&#8212;&#8212;&#8212;&#8212;&#8212;&#8212;&#8212; Env\u00edo Nacional Gratuito &#8212;&#8212;&#8212;&#8212;&#8212;&#8212;&#8212;&#8212;&#8212;&#8212;&#8212;&#8212;&#8212; &#8212;&#8212;&#8212;&#8212;&#8212;&#8212;&#8212;&#8212;&#8212;&#8212;&#8212;&#8212;&#8212; CARACTER\u00cdSTICAS DEL PRODUCTO: \u2022Tocadiscos de tres velocidades con correa \u2013 Este reproductor de discos de maleta de 3 velocidades (33 1\/3, 45, 78 rpm) cuenta con una calidad de sonido superior mejorada y se coloca en pies aislantes de [&hellip;]<\/p>\n","protected":false},"featured_media":1792,"comment_status":"open","ping_status":"closed","template":"","meta":[],"product_brand":[],"product_cat":[15],"product_tag":[],"class_list":{"0":"post-1793","1":"product","2":"type-product","3":"status-publish","4":"has-post-thumbnail","6":"product_cat-uncategorized","8":"first","9":"instock","10":"sale","11":"shipping-taxable","12":"purchasable","13":"product-type-simple"},"_links":{"self":[{"href":"https:\/\/iecomm.com.co\/index.php?rest_route=\/wp\/v2\/product\/1793","targetHints":{"allow":["GET"]}}],"collection":[{"href":"https:\/\/iecomm.com.co\/index.php?rest_route=\/wp\/v2\/product"}],"about":[{"href":"https:\/\/iecomm.com.co\/index.php?rest_route=\/wp\/v2\/types\/product"}],"replies":[{"embeddable":true,"href":"https:\/\/iecomm.com.co\/index.php?rest_route=%2Fwp%2Fv2%2Fcomments&post=1793"}],"wp:featuredmedia":[{"embeddable":true,"href":"https:\/\/iecomm.com.co\/index.php?rest_route=\/wp\/v2\/media\/1792"}],"wp:attachment":[{"href":"https:\/\/iecomm.com.co\/index.php?rest_route=%2Fwp%2Fv2%2Fmedia&parent=1793"}],"wp:term":[{"taxonomy":"product_brand","embeddable":true,"href":"https:\/\/iecomm.com.co\/index.php?rest_route=%2Fwp%2Fv2%2Fproduct_brand&post=1793"},{"taxonomy":"product_cat","embeddable":true,"href":"https:\/\/iecomm.com.co\/index.php?rest_route=%2Fwp%2Fv2%2Fproduct_cat&post=1793"},{"taxonomy":"product_tag","embeddable":true,"href":"https:\/\/iecomm.com.co\/index.php?rest_route=%2Fwp%2Fv2%2Fproduct_tag&post=1793"}],"curies":[{"name":"wp","href":"https:\/\/api.w.org\/{rel}","templated":true}]}}