{"id":1799,"date":"2026-02-10T19:16:32","date_gmt":"2026-02-10T19:16:32","guid":{"rendered":"https:\/\/iecomm.com.co\/?product=silla-gamer-ergonomica-con-apoyapies-edwell-azul-azul-pu"},"modified":"2026-02-12T13:37:25","modified_gmt":"2026-02-12T13:37:25","slug":"silla-gamer-ergonomica-con-apoyapies-edwell-azul-azul-pu","status":"publish","type":"product","link":"https:\/\/iecomm.com.co\/?product=silla-gamer-ergonomica-con-apoyapies-edwell-azul-azul-pu","title":{"rendered":"Silla Gamer Ergonomica Con Apoyapies Edwell Azul Azul Pu"},"content":{"rendered":"<p>IECOMM SAS<br \/>\nSu tienda de Comercio Electr\u00f3nico<br \/>\nImportadores USA<\/p>\n<p>&#8212;&#8212;&#8212;&#8212;&#8212;&#8212;&#8212;&#8212;&#8212;&#8212;&#8212;&#8212;&#8212;<br \/>\n&#8212;&#8212;&#8212;&#8212;&#8212;&#8212;&#8212;&#8212;&#8212;&#8212;&#8212;&#8212;&#8212;<\/p>\n<p>Env\u00edo Nacional Gratuito<\/p>\n<p>&#8212;&#8212;&#8212;&#8212;&#8212;&#8212;&#8212;&#8212;&#8212;&#8212;&#8212;&#8212;&#8212;<br \/>\n&#8212;&#8212;&#8212;&#8212;&#8212;&#8212;&#8212;&#8212;&#8212;&#8212;&#8212;&#8212;&#8212;<\/p>\n<p>CARACTER\u00cdSTICAS DEL PRODUCTO:<\/p>\n<p>La comodidad es lo primero: nada es m\u00e1s agradable que un c\u00f3modo asiento para largas sesiones de juego, esta silla de juegos tiene un respaldo que abraza el cuerpo para imitar las curvas de tu cuerpo, apoyo lumbar superior y un reposacabezas ajustable. Conf\u00eda en nosotros, esta silla de juego crear\u00e1 la mejor experiencia de juego y trabajo para ti.<\/p>\n<p>Ajusta seg\u00fan necesidades: levanta la palanca para ajustar la altura del asiento de 46.8 a 50 pulgadas; ajusta los reposabrazos arriba y abajo para satisfacer tus diferentes requisitos de altura; ajusta la tensi\u00f3n del mecanismo de inclinaci\u00f3n para las necesidades de trabajo, entretenimiento o modo de descanso. Puedes configurar la silla de juegos en tu propia manera para satisfacer tus diferentes necesidades.<\/p>\n<p>F\u00e1cil movilidad y versatilidad: esta silla de juego funciona sin problemas en ruedas en silencio y es adecuada para la mayor\u00eda de suelos; base resistente de cinco estrellas y marco de acero fuerte que garantizan una carga m\u00e1xima de 299.8 lbs; esta silla de juegos es un asiento ideal para trabajar, estudiar y jugar; aspecto fresco que combina con toda la decoraci\u00f3n del hogar y har\u00e1 que tu espacio sea m\u00e1s moderno y elegante.<\/p>\n<p>F\u00e1cil montaje: puede tardar mucho tiempo en alcanzar el \u00faltimo nivel de un juego de ordenador, pero no para el montaje de esta silla de juegos. Esta silla de juego viene con todos los accesorios y herramientas necesarias, sigue las instrucciones (idioma espa\u00f1ol no garantizado), entonces puedes sentarte c\u00f3modamente en solo 15 \u2013 20 minutos.<\/p>\n<p>Excelente servicio posventa: Cualquier insatisfacci\u00f3n con nuestras sillas de juegos, por favor p\u00f3ngase en contacto con nosotros al principio, haremos todo lo posible para resolver el problema para usted.<\/p>\n<p>&#8212;&#8212;&#8212;&#8212;&#8212;&#8212;&#8212;&#8212;&#8212;&#8212;&#8212;&#8212;&#8212;<br \/>\n&#8212;&#8212;&#8212;&#8212;&#8212;&#8212;&#8212;&#8212;&#8212;&#8212;&#8212;&#8212;&#8212;<\/p>\n<p>INFORMACI\u00d3N IMPORTANTE<br \/>\nSomos facilitadores de comercio exterior, traemos productos desde el exterior para ti y se realiza el proceso con proveedores internacionales. Por lo anterior, pueden existir variaciones de stock y\/o precio, como resultado de la actualizaci\u00f3n autom\u00e1tica realizada diariamente. De presentarse lo anterior, realizamos la devoluci\u00f3n total de su dinero.<br \/>\nPara cambio en talla, color y\/o referencia, contacte con nuestro Servicio al Cliente dentro de las 24 horas siguientes a la generaci\u00f3n de la orden.<\/p>\n<p>PREGUNTAS FRECUENTES<br \/>\n\u00bfTIENE ALGUNA GARANTIA?<br \/>\nNuestros proveedores nos ofrecen garant\u00eda por defectos de fabricaci\u00f3n de 30 d\u00edas la cual extendemos a nuestros clientes.<br \/>\nNo aplicar\u00e1 garant\u00eda en caso de evidenciarse un mal uso por parte del cliente.<\/p>\n<p>\u00bfQUE PUEDO HACER EN CASO DE RETRACTARME DE MI COMPRA?<br \/>\nEn caso de no desear el producto recibido, puede realizar la devoluci\u00f3n dentro de un periodo no mayor a 5 d\u00edas, a partir de la entrega del producto y el comprador debe asumir el costo de retorno al pa\u00eds de origen de la mercanc\u00eda (El costo var\u00eda de acuerdo a Peso y Tama\u00f1o del producto).<\/p>\n<p>\u00a1Gracias por visitar nuestra Tienda, Somos la mejor opci\u00f3n!<\/p>\n","protected":false},"excerpt":{"rendered":"<p>IECOMM SAS Su tienda de Comercio Electr\u00f3nico Importadores USA &#8212;&#8212;&#8212;&#8212;&#8212;&#8212;&#8212;&#8212;&#8212;&#8212;&#8212;&#8212;&#8212; &#8212;&#8212;&#8212;&#8212;&#8212;&#8212;&#8212;&#8212;&#8212;&#8212;&#8212;&#8212;&#8212; Env\u00edo Nacional Gratuito &#8212;&#8212;&#8212;&#8212;&#8212;&#8212;&#8212;&#8212;&#8212;&#8212;&#8212;&#8212;&#8212; &#8212;&#8212;&#8212;&#8212;&#8212;&#8212;&#8212;&#8212;&#8212;&#8212;&#8212;&#8212;&#8212; CARACTER\u00cdSTICAS DEL PRODUCTO: La comodidad es lo primero: nada es m\u00e1s agradable que un c\u00f3modo asiento para largas sesiones de juego, esta silla de juegos tiene un respaldo que abraza el cuerpo para imitar las curvas de tu cuerpo, [&hellip;]<\/p>\n","protected":false},"featured_media":1798,"comment_status":"open","ping_status":"closed","template":"","meta":[],"product_brand":[],"product_cat":[15,92],"product_tag":[],"class_list":{"0":"post-1799","1":"product","2":"type-product","3":"status-publish","4":"has-post-thumbnail","6":"product_cat-uncategorized","7":"product_cat-sillas-gamer","9":"first","10":"instock","11":"sale","12":"shipping-taxable","13":"purchasable","14":"product-type-simple"},"_links":{"self":[{"href":"https:\/\/iecomm.com.co\/index.php?rest_route=\/wp\/v2\/product\/1799","targetHints":{"allow":["GET"]}}],"collection":[{"href":"https:\/\/iecomm.com.co\/index.php?rest_route=\/wp\/v2\/product"}],"about":[{"href":"https:\/\/iecomm.com.co\/index.php?rest_route=\/wp\/v2\/types\/product"}],"replies":[{"embeddable":true,"href":"https:\/\/iecomm.com.co\/index.php?rest_route=%2Fwp%2Fv2%2Fcomments&post=1799"}],"wp:featuredmedia":[{"embeddable":true,"href":"https:\/\/iecomm.com.co\/index.php?rest_route=\/wp\/v2\/media\/1798"}],"wp:attachment":[{"href":"https:\/\/iecomm.com.co\/index.php?rest_route=%2Fwp%2Fv2%2Fmedia&parent=1799"}],"wp:term":[{"taxonomy":"product_brand","embeddable":true,"href":"https:\/\/iecomm.com.co\/index.php?rest_route=%2Fwp%2Fv2%2Fproduct_brand&post=1799"},{"taxonomy":"product_cat","embeddable":true,"href":"https:\/\/iecomm.com.co\/index.php?rest_route=%2Fwp%2Fv2%2Fproduct_cat&post=1799"},{"taxonomy":"product_tag","embeddable":true,"href":"https:\/\/iecomm.com.co\/index.php?rest_route=%2Fwp%2Fv2%2Fproduct_tag&post=1799"}],"curies":[{"name":"wp","href":"https:\/\/api.w.org\/{rel}","templated":true}]}}