{"id":1823,"date":"2026-02-10T19:16:54","date_gmt":"2026-02-10T19:16:54","guid":{"rendered":"https:\/\/iecomm.com.co\/?product=gomitas-goli-manzana-x-60-unds-manzana"},"modified":"2026-02-12T13:37:24","modified_gmt":"2026-02-12T13:37:24","slug":"gomitas-goli-manzana-x-60-unds-manzana","status":"publish","type":"product","link":"https:\/\/iecomm.com.co\/?product=gomitas-goli-manzana-x-60-unds-manzana","title":{"rendered":"Gomitas Goli Manzana X 60 Unds Manzana"},"content":{"rendered":"<p>IECOMM SAS<br \/>\nSu tienda de Comercio Electr\u00f3nico<br \/>\nImportadores USA<\/p>\n<p>&#8212;&#8212;&#8212;&#8212;&#8212;&#8212;&#8212;&#8212;&#8212;&#8212;&#8212;&#8212;&#8212;<br \/>\n&#8212;&#8212;&#8212;&#8212;&#8212;&#8212;&#8212;&#8212;&#8212;&#8212;&#8212;&#8212;&#8212;<\/p>\n<p>Env\u00edo Nacional Gratuito<\/p>\n<p>&#8212;&#8212;&#8212;&#8212;&#8212;&#8212;&#8212;&#8212;&#8212;&#8212;&#8212;&#8212;&#8212;<br \/>\n&#8212;&#8212;&#8212;&#8212;&#8212;&#8212;&#8212;&#8212;&#8212;&#8212;&#8212;&#8212;&#8212;<\/p>\n<p>CARACTER\u00cdSTICAS DEL PRODUCTO:<\/p>\n<p>Goli Nutrition &#8211; Vitaminas de goma de vinagre de sidra de manzana &#8211; Inmunidad y desintoxicaci\u00f3n &#8211; (1 paquete, 60 unidades, con la madre, sin gluten, vegano, vitamina B9, B12, remolacha, granada).<\/p>\n<p>G\u00e9nero objetivo: Unisex<br \/>\nMarca: Goli Nutrition<br \/>\nTipo de suplemento primario: Vitamin B12<br \/>\nForma del art\u00edculo: Chewables<br \/>\nSabor: Apple<\/p>\n<p>El envase del producto puede variar, pero sigue siendo el mismo contenido.<\/p>\n<p>\u2022Vegano, sin OMG, sin gluten y sin gelatina: cada botella de Goli contiene 60 deliciosas gomitas de sidra de manzana veganas, sin OMG, sin gluten y sin gelatina. Nuestra f\u00f3rmula har\u00e1 que las gomitas de vinagre de sidra de manzana sean accesibles para cualquier persona y todos.<\/p>\n<p>\u2022Mejor digesti\u00f3n, m\u00e1s energ\u00eda, piel m\u00e1s clara, desintoxicaci\u00f3n, inmunidad: alivia problemas de digesti\u00f3n, experimenta m\u00e1s energ\u00eda, mira tu piel limpia y siente como tu cuerpo desintoxica con Goli Gummies. Disfruta de todos los beneficios del vinagre de sidra de manzana sin EL inconveniente de beber. Goli es una manera excelente y f\u00e1cil de incorporar vinagre de sidra de manzana en tu rutina diaria.<\/p>\n<p>\u2022Fabricado en Estados Unidos: con ingredientes seleccionados cuidadosamente curados en todo el mundo. Todos los productos Goli est\u00e1n fabricados en instalaciones de \u00faltima generaci\u00f3n sin al\u00e9rgenos en los Estados Unidos para garantizar que la calidad de nuestro producto es la m\u00e1s alta que puede ser.<\/p>\n<p>\u2022Manzanas reales, llenas de vitaminas, gran sabor: hechas con manzanas reales, remolacha y granada, las gomitas Goli son tan deliciosas como buenas para ti. Nuestra f\u00f3rmula vegana est\u00e1 equipada con vitamina B12 y B9 que ayudar\u00e1 a mejorar la energ\u00eda, apoyar la piel saludable y mucho m\u00e1s.<\/p>\n<p>Indicaciones:<br \/>\nTomar 2 o 3 gomitas por d\u00eda. El consumo de 2 gomitas es igual a un trago de Vinagre de Sidra de Manzana<\/p>\n<p>Ingredientes:<br \/>\nVinagre de sidra de manzana, remolacha, granadas, vitamina B9, vitamina B12, \u00e1cido c\u00edtrico, pectina.<\/p>\n<p>Importante:<br \/>\nEstas declaraciones no han sido evaluadas por la Administraci\u00f3n de Alimentos y Medicamentos. Si sufre alguno de los siguientes efectos secundarios, como n\u00e1useas, calambres o acidez, deje de tomarlo inmediatamente.<br \/>\nEste producto no est\u00e1 destinado a diagnosticar, tratar, curar o prevenir ninguna enfermedad.<\/p>\n<p>&#8212;&#8212;&#8212;&#8212;&#8212;&#8212;&#8212;&#8212;&#8212;&#8212;&#8212;&#8212;&#8212;<br \/>\n&#8212;&#8212;&#8212;&#8212;&#8212;&#8212;&#8212;&#8212;&#8212;&#8212;&#8212;&#8212;&#8212;<\/p>\n<p>INFORMACI\u00d3N IMPORTANTE<br \/>\nSomos facilitadores de comercio exterior, traemos productos desde el exterior para ti y se realiza el proceso con proveedores internacionales. Por lo anterior, pueden existir variaciones de stock y\/o precio, como resultado de la actualizaci\u00f3n autom\u00e1tica realizada diariamente. De presentarse lo anterior, realizamos la devoluci\u00f3n total de su dinero.<br \/>\nPara cambio en talla, color y\/o referencia, contacte con nuestro Servicio al Cliente dentro de las 24 horas siguientes a la generaci\u00f3n de la orden.<\/p>\n<p>PREGUNTAS FRECUENTES<br \/>\n\u00bfTIENE ALGUNA GARANTIA?<br \/>\nNuestros proveedores nos ofrecen garant\u00eda por defectos de fabricaci\u00f3n de 30 d\u00edas la cual extendemos a nuestros clientes.<br \/>\nNo aplicar\u00e1 garant\u00eda en caso de evidenciarse un mal uso por parte del cliente.<\/p>\n<p>\u00bfQUE PUEDO HACER EN CASO DE RETRACTARME DE MI COMPRA?<br \/>\nEn caso de no desear el producto recibido, puede realizar la devoluci\u00f3n dentro de un periodo no mayor a 5 d\u00edas, a partir de la entrega del producto y el comprador debe asumir el costo de retorno al pa\u00eds de origen de la mercanc\u00eda (El costo var\u00eda de acuerdo a Peso y Tama\u00f1o del producto).<\/p>\n<p>\u00a1Gracias por visitar nuestra Tienda, Somos la mejor opci\u00f3n!<\/p>\n","protected":false},"excerpt":{"rendered":"<p>IECOMM SAS Su tienda de Comercio Electr\u00f3nico Importadores USA &#8212;&#8212;&#8212;&#8212;&#8212;&#8212;&#8212;&#8212;&#8212;&#8212;&#8212;&#8212;&#8212; &#8212;&#8212;&#8212;&#8212;&#8212;&#8212;&#8212;&#8212;&#8212;&#8212;&#8212;&#8212;&#8212; Env\u00edo Nacional Gratuito &#8212;&#8212;&#8212;&#8212;&#8212;&#8212;&#8212;&#8212;&#8212;&#8212;&#8212;&#8212;&#8212; &#8212;&#8212;&#8212;&#8212;&#8212;&#8212;&#8212;&#8212;&#8212;&#8212;&#8212;&#8212;&#8212; CARACTER\u00cdSTICAS DEL PRODUCTO: Goli Nutrition &#8211; Vitaminas de goma de vinagre de sidra de manzana &#8211; Inmunidad y desintoxicaci\u00f3n &#8211; (1 paquete, 60 unidades, con la madre, sin gluten, vegano, vitamina B9, B12, remolacha, granada). G\u00e9nero objetivo: Unisex Marca: [&hellip;]<\/p>\n","protected":false},"featured_media":1822,"comment_status":"open","ping_status":"closed","template":"","meta":[],"product_brand":[],"product_cat":[15],"product_tag":[],"class_list":{"0":"post-1823","1":"product","2":"type-product","3":"status-publish","4":"has-post-thumbnail","6":"product_cat-uncategorized","8":"first","9":"instock","10":"sale","11":"shipping-taxable","12":"purchasable","13":"product-type-simple"},"_links":{"self":[{"href":"https:\/\/iecomm.com.co\/index.php?rest_route=\/wp\/v2\/product\/1823","targetHints":{"allow":["GET"]}}],"collection":[{"href":"https:\/\/iecomm.com.co\/index.php?rest_route=\/wp\/v2\/product"}],"about":[{"href":"https:\/\/iecomm.com.co\/index.php?rest_route=\/wp\/v2\/types\/product"}],"replies":[{"embeddable":true,"href":"https:\/\/iecomm.com.co\/index.php?rest_route=%2Fwp%2Fv2%2Fcomments&post=1823"}],"wp:featuredmedia":[{"embeddable":true,"href":"https:\/\/iecomm.com.co\/index.php?rest_route=\/wp\/v2\/media\/1822"}],"wp:attachment":[{"href":"https:\/\/iecomm.com.co\/index.php?rest_route=%2Fwp%2Fv2%2Fmedia&parent=1823"}],"wp:term":[{"taxonomy":"product_brand","embeddable":true,"href":"https:\/\/iecomm.com.co\/index.php?rest_route=%2Fwp%2Fv2%2Fproduct_brand&post=1823"},{"taxonomy":"product_cat","embeddable":true,"href":"https:\/\/iecomm.com.co\/index.php?rest_route=%2Fwp%2Fv2%2Fproduct_cat&post=1823"},{"taxonomy":"product_tag","embeddable":true,"href":"https:\/\/iecomm.com.co\/index.php?rest_route=%2Fwp%2Fv2%2Fproduct_tag&post=1823"}],"curies":[{"name":"wp","href":"https:\/\/api.w.org\/{rel}","templated":true}]}}