{"id":1825,"date":"2026-02-10T19:16:56","date_gmt":"2026-02-10T19:16:56","guid":{"rendered":"https:\/\/iecomm.com.co\/?product=boia-inflamavel-redonda-51cm-para-piscina-divertida"},"modified":"2026-02-12T13:37:24","modified_gmt":"2026-02-12T13:37:24","slug":"boia-inflamavel-redonda-51cm-para-piscina-divertida","status":"publish","type":"product","link":"https:\/\/iecomm.com.co\/?product=boia-inflamavel-redonda-51cm-para-piscina-divertida","title":{"rendered":"Boia Inflam\u00e1vel Redonda 51cm Para Piscina Divertida"},"content":{"rendered":"<p>Boya inflable redonda de 51 cm para piscina divertida <\/p>\n<p> Informaci\u00f3n general:<br \/>\n &#8211; Material: vinilo resistente<br \/>\n &#8211; Medidas: 51 cm de di\u00e1metro<br \/>\n &#8211; Indicaci\u00f3n: 3-6 a\u00f1os<br \/>\n &#8211; Estampados: Dolphin <\/p>\n<p> &#8211; La boya circular Bestway mide aproximadamente 51 cm y es adecuada para ni\u00f1os de 3 a 6 a\u00f1os edad. <\/p>\n<p> &#8211; Este modelo es f\u00e1cilmente inflable y ayuda a los ni\u00f1os con la actividad de flotar, ya sea en la piscina u otro lugar que requiera un mayor cuidado al entrar en contacto con el agua. <\/p>\n<p> &#8211; Hecho de material resistente, es duradero y, cuando se desinfla, se carga f\u00e1cilmente. <\/p>\n<p> &#8211; Viene con una v\u00e1lvula de seguridad, vinilo resistente probado previamente y un acabado fino, para no da\u00f1ar. <\/p>\n<p> &#8211; Recuerda que este producto no es un salvavidas y se recomienda su uso bajo la supervisi\u00f3n de un adulto. <\/p>\n<p> Datos t\u00e9cnicos:<br \/>\n &#8211; Marca: Bestway<br \/>\n &#8211; Ean: 6942138949803<br \/>\n &#8211; SKU: 15411<\/p>\n","protected":false},"excerpt":{"rendered":"<p>Boya inflable redonda de 51 cm para piscina divertida Informaci\u00f3n general: &#8211; Material: vinilo resistente &#8211; Medidas: 51 cm de di\u00e1metro &#8211; Indicaci\u00f3n: 3-6 a\u00f1os &#8211; Estampados: Dolphin &#8211; La boya circular Bestway mide aproximadamente 51 cm y es adecuada para ni\u00f1os de 3 a 6 a\u00f1os edad. &#8211; Este modelo es f\u00e1cilmente inflable y [&hellip;]<\/p>\n","protected":false},"featured_media":1824,"comment_status":"open","ping_status":"closed","template":"","meta":[],"product_brand":[],"product_cat":[15,91],"product_tag":[],"class_list":{"0":"post-1825","1":"product","2":"type-product","3":"status-publish","4":"has-post-thumbnail","6":"product_cat-uncategorized","7":"product_cat-piscinas","9":"first","10":"instock","11":"shipping-taxable","12":"purchasable","13":"product-type-simple"},"_links":{"self":[{"href":"https:\/\/iecomm.com.co\/index.php?rest_route=\/wp\/v2\/product\/1825","targetHints":{"allow":["GET"]}}],"collection":[{"href":"https:\/\/iecomm.com.co\/index.php?rest_route=\/wp\/v2\/product"}],"about":[{"href":"https:\/\/iecomm.com.co\/index.php?rest_route=\/wp\/v2\/types\/product"}],"replies":[{"embeddable":true,"href":"https:\/\/iecomm.com.co\/index.php?rest_route=%2Fwp%2Fv2%2Fcomments&post=1825"}],"wp:featuredmedia":[{"embeddable":true,"href":"https:\/\/iecomm.com.co\/index.php?rest_route=\/wp\/v2\/media\/1824"}],"wp:attachment":[{"href":"https:\/\/iecomm.com.co\/index.php?rest_route=%2Fwp%2Fv2%2Fmedia&parent=1825"}],"wp:term":[{"taxonomy":"product_brand","embeddable":true,"href":"https:\/\/iecomm.com.co\/index.php?rest_route=%2Fwp%2Fv2%2Fproduct_brand&post=1825"},{"taxonomy":"product_cat","embeddable":true,"href":"https:\/\/iecomm.com.co\/index.php?rest_route=%2Fwp%2Fv2%2Fproduct_cat&post=1825"},{"taxonomy":"product_tag","embeddable":true,"href":"https:\/\/iecomm.com.co\/index.php?rest_route=%2Fwp%2Fv2%2Fproduct_tag&post=1825"}],"curies":[{"name":"wp","href":"https:\/\/api.w.org\/{rel}","templated":true}]}}