{"id":1895,"date":"2026-02-10T19:18:00","date_gmt":"2026-02-10T19:18:00","guid":{"rendered":"https:\/\/iecomm.com.co\/?product=sonajero-estimulacion-temprana-bebe-juguete-didactico-set-sonajeros"},"modified":"2026-02-12T13:37:23","modified_gmt":"2026-02-12T13:37:23","slug":"sonajero-estimulacion-temprana-bebe-juguete-didactico-set-sonajeros","status":"publish","type":"product","link":"https:\/\/iecomm.com.co\/?product=sonajero-estimulacion-temprana-bebe-juguete-didactico-set-sonajeros","title":{"rendered":"Sonajero Estimulaci\u00f3n Temprana Beb\u00e9 Juguete Didactico Set Sonajeros"},"content":{"rendered":"<p>IECOMM SAS<br \/>\nSu tienda de Comercio Electr\u00f3nico<br \/>\nImportadores USA<\/p>\n<p>&#8212;&#8212;&#8212;&#8212;&#8212;&#8212;&#8212;&#8212;&#8212;&#8212;&#8212;&#8212;&#8212;<br \/>\n&#8212;&#8212;&#8212;&#8212;&#8212;&#8212;&#8212;&#8212;&#8212;&#8212;&#8212;&#8212;&#8212;<\/p>\n<p>Hermoso set sonajero que llamara la atenci\u00f3n del bebe f\u00e1cilmente gracias a sus colores y sonido.<br \/>\nTu bebe podr\u00e1 desarrollar la motricidad fina, el adecuado tama\u00f1o del sonajero permitir\u00e1 el agarre de forma c\u00f3moda y flexible para \u00e9l bebe.<br \/>\nEstimula los sentidos del bebe, con este sonajero ya que desde sus primeros meses el bebe coordina sus movimientos de acuerdo con su o\u00eddo. Juega con el atrayendo su atenci\u00f3n, escondi\u00e9ndote y haciendo sonar el sonajero para que te ubique con sus ojos.<br \/>\nGracias a el uso constante del sonajero el sentido del tacto y la visi\u00f3n comienza a desarrollarse de forma correcta.<\/p>\n<p>Ficha Tecnica:<\/p>\n<p>Materiales : Plastico ABS Libre de BPA<br \/>\nCantidad de piezas: 3<br \/>\nEdad recomendada : 0 meses en adelante<br \/>\nMaterial suave, c\u00f3modo, seguro, no t\u00f3xico<\/p>\n<p>&#8212;&#8212;&#8212;&#8212;&#8212;&#8212;&#8212;&#8212;&#8212;&#8212;&#8212;&#8212;&#8212;<br \/>\n&#8212;&#8212;&#8212;&#8212;&#8212;&#8212;&#8212;&#8212;&#8212;&#8212;&#8212;&#8212;&#8212;<\/p>\n<p>INFORMACI\u00d3N IMPORTANTE<br \/>\nSomos facilitadores de comercio exterior, traemos productos desde el exterior para ti y se realiza el proceso con proveedores internacionales. Por lo anterior, pueden existir variaciones de stock y\/o precio, como resultado de la actualizaci\u00f3n autom\u00e1tica realizada diariamente. De presentarse lo anterior, realizamos la devoluci\u00f3n total de su dinero.<br \/>\nPara cambio en talla, color y\/o referencia, contacte con nuestro Servicio al Cliente dentro de las 24 horas siguientes a la generaci\u00f3n de la orden.<\/p>\n<p>PREGUNTAS FRECUENTES<br \/>\n\u00bfTIENE ALGUNA GARANTIA?<br \/>\nNuestros proveedores nos ofrecen garant\u00eda por defectos de fabricaci\u00f3n de 30 d\u00edas la cual extendemos a nuestros clientes.<br \/>\nNo aplicar\u00e1 garant\u00eda en caso de evidenciarse un mal uso por parte del cliente.<\/p>\n<p>\u00bfQUE PUEDO HACER EN CASO DE RETRACTARME DE MI COMPRA?<br \/>\nEn caso de no desear el producto recibido, puede realizar la devoluci\u00f3n dentro de un periodo no mayor a 5 d\u00edas, a partir de la entrega del producto y el comprador debe asumir el costo de retorno al pa\u00eds de origen de la mercanc\u00eda (El costo var\u00eda de acuerdo a Peso y Tama\u00f1o del producto).<\/p>\n<p>\u00a1Gracias por visitar nuestra Tienda, Somos la mejor opci\u00f3n!<\/p>\n","protected":false},"excerpt":{"rendered":"<p>IECOMM SAS Su tienda de Comercio Electr\u00f3nico Importadores USA &#8212;&#8212;&#8212;&#8212;&#8212;&#8212;&#8212;&#8212;&#8212;&#8212;&#8212;&#8212;&#8212; &#8212;&#8212;&#8212;&#8212;&#8212;&#8212;&#8212;&#8212;&#8212;&#8212;&#8212;&#8212;&#8212; Hermoso set sonajero que llamara la atenci\u00f3n del bebe f\u00e1cilmente gracias a sus colores y sonido. Tu bebe podr\u00e1 desarrollar la motricidad fina, el adecuado tama\u00f1o del sonajero permitir\u00e1 el agarre de forma c\u00f3moda y flexible para \u00e9l bebe. Estimula los sentidos del bebe, [&hellip;]<\/p>\n","protected":false},"featured_media":1894,"comment_status":"open","ping_status":"closed","template":"","meta":[],"product_brand":[],"product_cat":[15],"product_tag":[],"class_list":{"0":"post-1895","1":"product","2":"type-product","3":"status-publish","4":"has-post-thumbnail","6":"product_cat-uncategorized","8":"first","9":"instock","10":"sale","11":"shipping-taxable","12":"purchasable","13":"product-type-simple"},"_links":{"self":[{"href":"https:\/\/iecomm.com.co\/index.php?rest_route=\/wp\/v2\/product\/1895","targetHints":{"allow":["GET"]}}],"collection":[{"href":"https:\/\/iecomm.com.co\/index.php?rest_route=\/wp\/v2\/product"}],"about":[{"href":"https:\/\/iecomm.com.co\/index.php?rest_route=\/wp\/v2\/types\/product"}],"replies":[{"embeddable":true,"href":"https:\/\/iecomm.com.co\/index.php?rest_route=%2Fwp%2Fv2%2Fcomments&post=1895"}],"wp:featuredmedia":[{"embeddable":true,"href":"https:\/\/iecomm.com.co\/index.php?rest_route=\/wp\/v2\/media\/1894"}],"wp:attachment":[{"href":"https:\/\/iecomm.com.co\/index.php?rest_route=%2Fwp%2Fv2%2Fmedia&parent=1895"}],"wp:term":[{"taxonomy":"product_brand","embeddable":true,"href":"https:\/\/iecomm.com.co\/index.php?rest_route=%2Fwp%2Fv2%2Fproduct_brand&post=1895"},{"taxonomy":"product_cat","embeddable":true,"href":"https:\/\/iecomm.com.co\/index.php?rest_route=%2Fwp%2Fv2%2Fproduct_cat&post=1895"},{"taxonomy":"product_tag","embeddable":true,"href":"https:\/\/iecomm.com.co\/index.php?rest_route=%2Fwp%2Fv2%2Fproduct_tag&post=1895"}],"curies":[{"name":"wp","href":"https:\/\/api.w.org\/{rel}","templated":true}]}}