{"id":1921,"date":"2026-02-10T19:18:24","date_gmt":"2026-02-10T19:18:24","guid":{"rendered":"https:\/\/iecomm.com.co\/?product=flotador-piscina-inflable-bestway-41437-tucan-flamenco-agua"},"modified":"2026-02-12T13:37:23","modified_gmt":"2026-02-12T13:37:23","slug":"flotador-piscina-inflable-bestway-41437-tucan-flamenco-agua","status":"publish","type":"product","link":"https:\/\/iecomm.com.co\/?product=flotador-piscina-inflable-bestway-41437-tucan-flamenco-agua","title":{"rendered":"Flotador Piscina Inflable Bestway 41437 Tucan Flamenco Agua"},"content":{"rendered":"<p>IECOMM SAS<br \/>\nSu tienda de Comercio Electr\u00f3nico<br \/>\nImportadores USA<\/p>\n<p>&#8212;&#8212;&#8212;&#8212;&#8212;&#8212;&#8212;&#8212;&#8212;&#8212;&#8212;&#8212;&#8212;<br \/>\n&#8212;&#8212;&#8212;&#8212;&#8212;&#8212;&#8212;&#8212;&#8212;&#8212;&#8212;&#8212;&#8212;<\/p>\n<p>Deja que el dise\u00f1o tropical decore tu piscina con este Inflable de Tucan Tropical Montable.<\/p>\n<p>Se te va antojar pasar toda la tarde en este divertida figura de multicolor. Cuenta con un dise\u00f1o muy tropical. Cuenta con el tama\u00f1o perfecto para que subas en \u00e9l y flotes por toda la alberca de una forma muy divertida. Como detalle cuenta con dos manijas duraderas para que te sujetes y mantengas la estabilidad. Est\u00e1 hecho de pl\u00e1stico resistente pvc y es ideal para usarse en alberca, r\u00edo o playa. L\u00e1nzate a la piscina al lado de tu flamingo inflable.<\/p>\n<p>Modelo: 41437<br \/>\nDise\u00f1o: Tropical.<br \/>\nColor: Multicolor.<br \/>\nResiste hasta: 45 Kg.<br \/>\nMedidas de Inflable: 173 cm de Largo, 91 cm ancho<br \/>\nMaterial: Pl\u00e1stico resistente PVC.<br \/>\nOtra Informaci\u00f3nPlastico resistente<br \/>\nEdad Recomendada3+ A\u00f1os en adelante<br \/>\nContenido1 Inflable en forma de tucan<\/p>\n<p>&#8212;&#8212;&#8212;&#8212;&#8212;&#8212;&#8212;&#8212;&#8212;&#8212;&#8212;&#8212;&#8212;<br \/>\n&#8212;&#8212;&#8212;&#8212;&#8212;&#8212;&#8212;&#8212;&#8212;&#8212;&#8212;&#8212;&#8212;<\/p>\n<p>INFORMACI\u00d3N IMPORTANTE<br \/>\nSomos facilitadores de comercio exterior, traemos productos desde el exterior para ti y se realiza el proceso con proveedores internacionales. Por lo anterior, pueden existir variaciones de stock y\/o precio, como resultado de la actualizaci\u00f3n autom\u00e1tica realizada diariamente. De presentarse lo anterior, realizamos la devoluci\u00f3n total de su dinero.<br \/>\nPara cambio en talla, color y\/o referencia, contacte con nuestro Servicio al Cliente dentro de las 24 horas siguientes a la generaci\u00f3n de la orden.<\/p>\n<p>PREGUNTAS FRECUENTES<br \/>\n\u00bfTIENE ALGUNA GARANTIA?<br \/>\nNuestros proveedores nos ofrecen garant\u00eda por defectos de fabricaci\u00f3n de 30 d\u00edas la cual extendemos a nuestros clientes.<br \/>\nNo aplicar\u00e1 garant\u00eda en caso de evidenciarse un mal uso por parte del cliente.<\/p>\n<p>\u00bfQUE PUEDO HACER EN CASO DE RETRACTARME DE MI COMPRA?<br \/>\nEn caso de no desear el producto recibido, puede realizar la devoluci\u00f3n dentro de un periodo no mayor a 5 d\u00edas, a partir de la entrega del producto y el comprador debe asumir el costo de retorno al pa\u00eds de origen de la mercanc\u00eda (El costo var\u00eda de acuerdo a Peso y Tama\u00f1o del producto).<\/p>\n<p>\u00a1Gracias por visitar nuestra Tienda, Somos la mejor opci\u00f3n!<\/p>\n","protected":false},"excerpt":{"rendered":"<p>IECOMM SAS Su tienda de Comercio Electr\u00f3nico Importadores USA &#8212;&#8212;&#8212;&#8212;&#8212;&#8212;&#8212;&#8212;&#8212;&#8212;&#8212;&#8212;&#8212; &#8212;&#8212;&#8212;&#8212;&#8212;&#8212;&#8212;&#8212;&#8212;&#8212;&#8212;&#8212;&#8212; Deja que el dise\u00f1o tropical decore tu piscina con este Inflable de Tucan Tropical Montable. Se te va antojar pasar toda la tarde en este divertida figura de multicolor. Cuenta con un dise\u00f1o muy tropical. Cuenta con el tama\u00f1o perfecto para que subas en [&hellip;]<\/p>\n","protected":false},"featured_media":1920,"comment_status":"open","ping_status":"closed","template":"","meta":[],"product_brand":[],"product_cat":[15,91],"product_tag":[],"class_list":{"0":"post-1921","1":"product","2":"type-product","3":"status-publish","4":"has-post-thumbnail","6":"product_cat-uncategorized","7":"product_cat-piscinas","9":"first","10":"instock","11":"sale","12":"shipping-taxable","13":"purchasable","14":"product-type-simple"},"_links":{"self":[{"href":"https:\/\/iecomm.com.co\/index.php?rest_route=\/wp\/v2\/product\/1921","targetHints":{"allow":["GET"]}}],"collection":[{"href":"https:\/\/iecomm.com.co\/index.php?rest_route=\/wp\/v2\/product"}],"about":[{"href":"https:\/\/iecomm.com.co\/index.php?rest_route=\/wp\/v2\/types\/product"}],"replies":[{"embeddable":true,"href":"https:\/\/iecomm.com.co\/index.php?rest_route=%2Fwp%2Fv2%2Fcomments&post=1921"}],"wp:featuredmedia":[{"embeddable":true,"href":"https:\/\/iecomm.com.co\/index.php?rest_route=\/wp\/v2\/media\/1920"}],"wp:attachment":[{"href":"https:\/\/iecomm.com.co\/index.php?rest_route=%2Fwp%2Fv2%2Fmedia&parent=1921"}],"wp:term":[{"taxonomy":"product_brand","embeddable":true,"href":"https:\/\/iecomm.com.co\/index.php?rest_route=%2Fwp%2Fv2%2Fproduct_brand&post=1921"},{"taxonomy":"product_cat","embeddable":true,"href":"https:\/\/iecomm.com.co\/index.php?rest_route=%2Fwp%2Fv2%2Fproduct_cat&post=1921"},{"taxonomy":"product_tag","embeddable":true,"href":"https:\/\/iecomm.com.co\/index.php?rest_route=%2Fwp%2Fv2%2Fproduct_tag&post=1921"}],"curies":[{"name":"wp","href":"https:\/\/api.w.org\/{rel}","templated":true}]}}