{"id":1933,"date":"2026-02-10T19:18:37","date_gmt":"2026-02-10T19:18:37","guid":{"rendered":"https:\/\/iecomm.com.co\/?product=bicicleta-estatica-dmasun-magnetic-resistance-pro-indoor-cyc-negro-0"},"modified":"2026-02-12T13:37:23","modified_gmt":"2026-02-12T13:37:23","slug":"bicicleta-estatica-dmasun-magnetic-resistance-pro-indoor-cyc-negro-0","status":"publish","type":"product","link":"https:\/\/iecomm.com.co\/?product=bicicleta-estatica-dmasun-magnetic-resistance-pro-indoor-cyc-negro-0","title":{"rendered":"Bicicleta Est\u00e1tica Dmasun Magnetic Resistance Pro Indoor Cyc Negro 0"},"content":{"rendered":"<p>IECOMM SAS<br \/>\nSu tienda de Comercio Electr\u00f3nico<br \/>\nImportadores USA<\/p>\n<p>&#8212;&#8212;&#8212;&#8212;&#8212;&#8212;&#8212;&#8212;&#8212;&#8212;&#8212;&#8212;&#8212;<br \/>\n&#8212;&#8212;&#8212;&#8212;&#8212;&#8212;&#8212;&#8212;&#8212;&#8212;&#8212;&#8212;&#8212;<\/p>\n<p>\u00a1S\u00f3lo por este mes!<br \/>\nDescuento adicional comprando directamente por nuestra p\u00e1gina iecomm.mercado shops . com . co, con la seguridad de Mercadolibre.<\/p>\n<p>&#8212;&#8212;&#8212;&#8212;&#8212;&#8212;&#8212;&#8212;&#8212;&#8212;&#8212;&#8212;&#8212;<br \/>\n&#8212;&#8212;&#8212;&#8212;&#8212;&#8212;&#8212;&#8212;&#8212;&#8212;&#8212;&#8212;&#8212;<\/p>\n<p>Env\u00edo Nacional Gratuito<\/p>\n<p>&#8212;&#8212;&#8212;&#8212;&#8212;&#8212;&#8212;&#8212;&#8212;&#8212;&#8212;&#8212;&#8212;<br \/>\n&#8212;&#8212;&#8212;&#8212;&#8212;&#8212;&#8212;&#8212;&#8212;&#8212;&#8212;&#8212;&#8212;<\/p>\n<p>CARACTER\u00cdSTICAS DEL PRODUCTO:<\/p>\n<p>Tu viejo amigo &#8211; DMASUN: DMASUN es la marca l\u00edder de equipos de fitness en los que realmente puedes confiar, incluyendo una gama de bicicletas est\u00e1ticas y m\u00e1quinas de remo con gran valor y alta calidad. A partir de hoy, hemos servido a m\u00e1s de 2 millones de hogares en todo el mundo. La bicicleta magn\u00e9tica es apreciada y recomendada por personas en muchos pa\u00edses.<\/p>\n<p>Siempre m\u00e1s fuerte: la bicicleta est\u00e1tica DMASUN 8732B siempre utiliza acero de aleaci\u00f3n gruesa para garantizar que la bicicleta se mantenga estable durante el proceso de uso. El tubo estable en la parte inferior adopta un tubo redondo m\u00e1s grueso, con una carga de 330 libras, y la bicicleta no se sacudir\u00e1 incluso si te paras y montas. Como siempre, DMASUN es tu socio de confianza.<\/p>\n<p>Resistencia magn\u00e9tica casi silenciosa: nuestra bicicleta de fitness sigue utilizando resistencia magn\u00e9tica casi sin sonido. Cada ciclista no tiene que preocuparse por molestar a otros en el dormitorio, sala de estar, balc\u00f3n; en comparaci\u00f3n con las bicicletas de resistencia de fieltro de lana, nuestra bicicleta de resistencia magn\u00e9tica no necesita reemplazar las pastillas de freno, y la vida \u00fatil es m\u00e1s larga.<\/p>\n<p>Rastrea f\u00e1cilmente tus datos deportivos: nuestras bicicletas est\u00e1ticas est\u00e1n equipadas con una pantalla LCD de datos que puede monitorear la frecuencia card\u00edaca, puede rastrear el tiempo, la velocidad, la distancia, las calor\u00edas, el od\u00f3metro, el pulso, puedes completar tu plan de fitness de acuerdo con los datos de ejercicio diario; coloca tu tel\u00e9fono o tableta en el estante del dispositivo, reproduce tu m\u00fasica o video favorito y disfruta de un entrenamiento inmersivo.<\/p>\n<p>BICICLETA M\u00c1S CONVENIENTE: El ajuste bidireccional del manillar y el ajuste de cuatro v\u00edas del asiento para la altura del usuario no est\u00e1 limitado, adecuado para el rango de altura de 4.6 pies a 6.1 pies, una bicicleta es suficiente para toda la familia; La rueda de transporte s\u00faper conveniente le permite mover f\u00e1cilmente su bicicleta desde el dormitorio a la sala de estar al balc\u00f3n.<\/p>\n<p>&#8212;&#8212;&#8212;&#8212;&#8212;&#8212;&#8212;&#8212;&#8212;&#8212;&#8212;&#8212;&#8212;<br \/>\n&#8212;&#8212;&#8212;&#8212;&#8212;&#8212;&#8212;&#8212;&#8212;&#8212;&#8212;&#8212;&#8212;<\/p>\n<p>INFORMACI\u00d3N IMPORTANTE<br \/>\nSomos facilitadores de comercio exterior, traemos productos desde el exterior para ti y se realiza el proceso con proveedores internacionales. Por lo anterior, pueden existir variaciones de stock y\/o precio, como resultado de la actualizaci\u00f3n autom\u00e1tica realizada diariamente. De presentarse lo anterior, realizamos la devoluci\u00f3n total de su dinero.<br \/>\nPara cambio en talla, color y\/o referencia, contacte con nuestro Servicio al Cliente dentro de las 24 horas siguientes a la generaci\u00f3n de la orden.<\/p>\n<p>PREGUNTAS FRECUENTES<br \/>\n\u00bfTIENE ALGUNA GARANTIA?<br \/>\nNuestros proveedores nos ofrecen garant\u00eda por defectos de fabricaci\u00f3n de 30 d\u00edas la cual extendemos a nuestros clientes.<br \/>\nNo aplicar\u00e1 garant\u00eda en caso de evidenciarse un mal uso por parte del cliente.<\/p>\n<p>\u00bfQUE PUEDO HACER EN CASO DE RETRACTARME DE MI COMPRA?<br \/>\nEn caso de no desear el producto recibido, puede realizar la devoluci\u00f3n dentro de un periodo no mayor a 5 d\u00edas, a partir de la entrega del producto y el comprador debe asumir el costo de retorno al pa\u00eds de origen de la mercanc\u00eda (El costo var\u00eda de acuerdo a Peso y Tama\u00f1o del producto).<\/p>\n<p>\u00a1Gracias por visitar nuestra Tienda, Somos la mejor opci\u00f3n!<\/p>\n","protected":false},"excerpt":{"rendered":"<p>IECOMM SAS Su tienda de Comercio Electr\u00f3nico Importadores USA &#8212;&#8212;&#8212;&#8212;&#8212;&#8212;&#8212;&#8212;&#8212;&#8212;&#8212;&#8212;&#8212; &#8212;&#8212;&#8212;&#8212;&#8212;&#8212;&#8212;&#8212;&#8212;&#8212;&#8212;&#8212;&#8212; \u00a1S\u00f3lo por este mes! Descuento adicional comprando directamente por nuestra p\u00e1gina iecomm.mercado shops . com . co, con la seguridad de Mercadolibre. &#8212;&#8212;&#8212;&#8212;&#8212;&#8212;&#8212;&#8212;&#8212;&#8212;&#8212;&#8212;&#8212; &#8212;&#8212;&#8212;&#8212;&#8212;&#8212;&#8212;&#8212;&#8212;&#8212;&#8212;&#8212;&#8212; Env\u00edo Nacional Gratuito &#8212;&#8212;&#8212;&#8212;&#8212;&#8212;&#8212;&#8212;&#8212;&#8212;&#8212;&#8212;&#8212; &#8212;&#8212;&#8212;&#8212;&#8212;&#8212;&#8212;&#8212;&#8212;&#8212;&#8212;&#8212;&#8212; CARACTER\u00cdSTICAS DEL PRODUCTO: Tu viejo amigo &#8211; DMASUN: DMASUN es la marca l\u00edder de equipos [&hellip;]<\/p>\n","protected":false},"featured_media":1932,"comment_status":"open","ping_status":"closed","template":"","meta":[],"product_brand":[],"product_cat":[15],"product_tag":[],"class_list":{"0":"post-1933","1":"product","2":"type-product","3":"status-publish","4":"has-post-thumbnail","6":"product_cat-uncategorized","8":"first","9":"instock","10":"sale","11":"shipping-taxable","12":"purchasable","13":"product-type-simple"},"_links":{"self":[{"href":"https:\/\/iecomm.com.co\/index.php?rest_route=\/wp\/v2\/product\/1933","targetHints":{"allow":["GET"]}}],"collection":[{"href":"https:\/\/iecomm.com.co\/index.php?rest_route=\/wp\/v2\/product"}],"about":[{"href":"https:\/\/iecomm.com.co\/index.php?rest_route=\/wp\/v2\/types\/product"}],"replies":[{"embeddable":true,"href":"https:\/\/iecomm.com.co\/index.php?rest_route=%2Fwp%2Fv2%2Fcomments&post=1933"}],"wp:featuredmedia":[{"embeddable":true,"href":"https:\/\/iecomm.com.co\/index.php?rest_route=\/wp\/v2\/media\/1932"}],"wp:attachment":[{"href":"https:\/\/iecomm.com.co\/index.php?rest_route=%2Fwp%2Fv2%2Fmedia&parent=1933"}],"wp:term":[{"taxonomy":"product_brand","embeddable":true,"href":"https:\/\/iecomm.com.co\/index.php?rest_route=%2Fwp%2Fv2%2Fproduct_brand&post=1933"},{"taxonomy":"product_cat","embeddable":true,"href":"https:\/\/iecomm.com.co\/index.php?rest_route=%2Fwp%2Fv2%2Fproduct_cat&post=1933"},{"taxonomy":"product_tag","embeddable":true,"href":"https:\/\/iecomm.com.co\/index.php?rest_route=%2Fwp%2Fv2%2Fproduct_tag&post=1933"}],"curies":[{"name":"wp","href":"https:\/\/api.w.org\/{rel}","templated":true}]}}