{"id":1937,"date":"2026-02-10T19:18:39","date_gmt":"2026-02-10T19:18:39","guid":{"rendered":"https:\/\/iecomm.com.co\/?product=horbaach-cranberry-vitamina-c"},"modified":"2026-02-12T13:37:23","modified_gmt":"2026-02-12T13:37:23","slug":"horbaach-cranberry-vitamina-c","status":"publish","type":"product","link":"https:\/\/iecomm.com.co\/?product=horbaach-cranberry-vitamina-c","title":{"rendered":"Horbaach Cranberry + Vitamina C"},"content":{"rendered":"<p>IECOMM SAS<br \/>\nSu tienda de Comercio Electr\u00f3nico<br \/>\nImportadores USA<\/p>\n<p>&#8212;&#8212;&#8212;&#8212;&#8212;&#8212;&#8212;&#8212;&#8212;&#8212;&#8212;&#8212;&#8212;<br \/>\n&#8212;&#8212;&#8212;&#8212;&#8212;&#8212;&#8212;&#8212;&#8212;&#8212;&#8212;&#8212;&#8212;<\/p>\n<p>Env\u00edo Nacional Gratuito<\/p>\n<p>&#8212;&#8212;&#8212;&#8212;&#8212;&#8212;&#8212;&#8212;&#8212;&#8212;&#8212;&#8212;&#8212;<br \/>\n&#8212;&#8212;&#8212;&#8212;&#8212;&#8212;&#8212;&#8212;&#8212;&#8212;&#8212;&#8212;&#8212;<\/p>\n<p>CARACTER\u00cdSTICAS DEL PRODUCTO:<\/p>\n<p>Horbaach Ar\u00e1ndano (30.000 mg) + Vitamina C 120 C\u00e1psulas. Triple Fuerza, M\u00e1xima Potencia. Sin OGM. Suplemento de Ar\u00e1ndanos sin Gluten<\/p>\n<p>\u2022Sin gluten, sin OMG, sin trigo, levadura, leche, lactosa, soja, color artificial, sabor artificial<\/p>\n<p>\u2022Concentrado de ar\u00e1ndano de triple fuerza con vitamina C, con 30.000 mg equivalente por porci\u00f3n<\/p>\n<p>\u2022Nuestras pastillas de ar\u00e1ndano ofrecen antioxidantes naturales para el bienestar general<\/p>\n<p>\u2022Contiene polifenoles y otros ingredientes naturales para la salud del tracto urinario y soporte para la vejiga<\/p>\n<p>\u2022La f\u00f3rmula de Horbaach ofrece todos los incre\u00edbles beneficios del jugo de ar\u00e1ndano sin ning\u00fan sabor amargo.<\/p>\n<p>Sobre el concentrado de ar\u00e1ndano triple fuerza: Las p\u00edldoras concentradas de ar\u00e1ndano extra de fuerza entregan el equivalente de 30,000 mg de ar\u00e1ndano por porci\u00f3n (15,000 mg por c\u00e1psula). Cuenta con 200 mg de vitamina C altamente potente por porci\u00f3n para apoyo inmune adicional para hombres y mujeres.<\/p>\n<p>Informaci\u00f3n de seguridad:<br \/>\nSi est\u00e1 embarazada, amamantando, tomando alg\u00fan medicamento o tiene alguna condici\u00f3n m\u00e9dica, consulte a su m\u00e9dico antes de usar. Suspenda su uso y consulte a su m\u00e9dico si se produce alguna reacci\u00f3n adversa. Consulte la etiqueta del producto para obtener una advertencia completa.<\/p>\n<p>Ingredientes:<br \/>\nConcentrado de ar\u00e1ndano, vitamina C (como \u00e1cido asc\u00f3rbico). Otros ingredientes: c\u00e1psula de gelatina, celulosa (de origen vegetal), s\u00edlice, estearato de magnesio vegetal.<\/p>\n<p>Instrucciones:<br \/>\nPara los adultos, tome dos (2) c\u00e1psulas de liberaci\u00f3n r\u00e1pida al d\u00eda, preferiblemente con una comida.<\/p>\n<p>Las declaraciones relacionadas con suplementos diet\u00e9ticos no han sido evaluadas por la FDA y no pretenden diagnosticar, tratar, curar o prevenir ninguna enfermedad o condici\u00f3n de salud.<\/p>\n<p>&#8212;&#8212;&#8212;&#8212;&#8212;&#8212;&#8212;&#8212;&#8212;&#8212;&#8212;&#8212;&#8212;<br \/>\n&#8212;&#8212;&#8212;&#8212;&#8212;&#8212;&#8212;&#8212;&#8212;&#8212;&#8212;&#8212;&#8212;<\/p>\n<p>INFORMACI\u00d3N IMPORTANTE<br \/>\nSomos facilitadores de comercio exterior, traemos productos desde el exterior para ti y se realiza el proceso con proveedores internacionales. Por lo anterior, pueden existir variaciones de stock y\/o precio, como resultado de la actualizaci\u00f3n autom\u00e1tica realizada diariamente. De presentarse lo anterior, realizamos la devoluci\u00f3n total de su dinero.<br \/>\nPara cambio en talla, color y\/o referencia, contacte con nuestro Servicio al Cliente dentro de las 24 horas siguientes a la generaci\u00f3n de la orden.<\/p>\n<p>PREGUNTAS FRECUENTES<br \/>\n\u00bfTIENE ALGUNA GARANTIA?<br \/>\nNuestros proveedores nos ofrecen garant\u00eda por defectos de fabricaci\u00f3n de 30 d\u00edas la cual extendemos a nuestros clientes.<br \/>\nNo aplicar\u00e1 garant\u00eda en caso de evidenciarse un mal uso por parte del cliente.<\/p>\n<p>\u00bfQUE PUEDO HACER EN CASO DE RETRACTARME DE MI COMPRA?<br \/>\nEn caso de no desear el producto recibido, puede realizar la devoluci\u00f3n dentro de un periodo no mayor a 5 d\u00edas, a partir de la entrega del producto y el comprador debe asumir el costo de retorno al pa\u00eds de origen de la mercanc\u00eda (El costo var\u00eda de acuerdo a Peso y Tama\u00f1o del producto).<\/p>\n<p>\u00a1Gracias por visitar nuestra Tienda, Somos la mejor opci\u00f3n!<\/p>\n","protected":false},"excerpt":{"rendered":"<p>IECOMM SAS Su tienda de Comercio Electr\u00f3nico Importadores USA &#8212;&#8212;&#8212;&#8212;&#8212;&#8212;&#8212;&#8212;&#8212;&#8212;&#8212;&#8212;&#8212; &#8212;&#8212;&#8212;&#8212;&#8212;&#8212;&#8212;&#8212;&#8212;&#8212;&#8212;&#8212;&#8212; Env\u00edo Nacional Gratuito &#8212;&#8212;&#8212;&#8212;&#8212;&#8212;&#8212;&#8212;&#8212;&#8212;&#8212;&#8212;&#8212; &#8212;&#8212;&#8212;&#8212;&#8212;&#8212;&#8212;&#8212;&#8212;&#8212;&#8212;&#8212;&#8212; CARACTER\u00cdSTICAS DEL PRODUCTO: Horbaach Ar\u00e1ndano (30.000 mg) + Vitamina C 120 C\u00e1psulas. Triple Fuerza, M\u00e1xima Potencia. Sin OGM. Suplemento de Ar\u00e1ndanos sin Gluten \u2022Sin gluten, sin OMG, sin trigo, levadura, leche, lactosa, soja, color artificial, sabor artificial \u2022Concentrado de [&hellip;]<\/p>\n","protected":false},"featured_media":1936,"comment_status":"open","ping_status":"closed","template":"","meta":[],"product_brand":[],"product_cat":[15],"product_tag":[],"class_list":{"0":"post-1937","1":"product","2":"type-product","3":"status-publish","4":"has-post-thumbnail","6":"product_cat-uncategorized","8":"first","9":"instock","10":"sale","11":"shipping-taxable","12":"purchasable","13":"product-type-simple"},"_links":{"self":[{"href":"https:\/\/iecomm.com.co\/index.php?rest_route=\/wp\/v2\/product\/1937","targetHints":{"allow":["GET"]}}],"collection":[{"href":"https:\/\/iecomm.com.co\/index.php?rest_route=\/wp\/v2\/product"}],"about":[{"href":"https:\/\/iecomm.com.co\/index.php?rest_route=\/wp\/v2\/types\/product"}],"replies":[{"embeddable":true,"href":"https:\/\/iecomm.com.co\/index.php?rest_route=%2Fwp%2Fv2%2Fcomments&post=1937"}],"wp:featuredmedia":[{"embeddable":true,"href":"https:\/\/iecomm.com.co\/index.php?rest_route=\/wp\/v2\/media\/1936"}],"wp:attachment":[{"href":"https:\/\/iecomm.com.co\/index.php?rest_route=%2Fwp%2Fv2%2Fmedia&parent=1937"}],"wp:term":[{"taxonomy":"product_brand","embeddable":true,"href":"https:\/\/iecomm.com.co\/index.php?rest_route=%2Fwp%2Fv2%2Fproduct_brand&post=1937"},{"taxonomy":"product_cat","embeddable":true,"href":"https:\/\/iecomm.com.co\/index.php?rest_route=%2Fwp%2Fv2%2Fproduct_cat&post=1937"},{"taxonomy":"product_tag","embeddable":true,"href":"https:\/\/iecomm.com.co\/index.php?rest_route=%2Fwp%2Fv2%2Fproduct_tag&post=1937"}],"curies":[{"name":"wp","href":"https:\/\/api.w.org\/{rel}","templated":true}]}}