{"id":1973,"date":"2026-02-10T19:19:12","date_gmt":"2026-02-10T19:19:12","guid":{"rendered":"https:\/\/iecomm.com.co\/?product=deshumidificador-lonove-2200-pies-cubicos-blanco-110v"},"modified":"2026-02-12T13:37:22","modified_gmt":"2026-02-12T13:37:22","slug":"deshumidificador-lonove-2200-pies-cubicos-blanco-110v","status":"publish","type":"product","link":"https:\/\/iecomm.com.co\/?product=deshumidificador-lonove-2200-pies-cubicos-blanco-110v","title":{"rendered":"Deshumidificador Lonove  2200 Pies C\u00fabicos Blanco 110v"},"content":{"rendered":"<p>IECOMM SAS<br \/>\nSu tienda de Comercio Electr\u00f3nico<br \/>\nImportadores USA<\/p>\n<p>&#8212;&#8212;&#8212;&#8212;&#8212;&#8212;&#8212;&#8212;&#8212;&#8212;&#8212;&#8212;&#8212;<br \/>\n&#8212;&#8212;&#8212;&#8212;&#8212;&#8212;&#8212;&#8212;&#8212;&#8212;&#8212;&#8212;&#8212;<\/p>\n<p>\u00a1S\u00f3lo por este mes!<br \/>\nDescuento adicional iniciando el pago por medio de iecomm.mercado shops . com . co (Plataforma Web Mercadolibre) y finalizando el pago por medio de Mercadolibre, con la seguridad de Mercadolibre y MercadoPago.<\/p>\n<p>&#8212;&#8212;&#8212;&#8212;&#8212;&#8212;&#8212;&#8212;&#8212;&#8212;&#8212;&#8212;&#8212;<br \/>\n&#8212;&#8212;&#8212;&#8212;&#8212;&#8212;&#8212;&#8212;&#8212;&#8212;&#8212;&#8212;&#8212;<\/p>\n<p>Env\u00edo Nacional Gratuito<\/p>\n<p>&#8212;&#8212;&#8212;&#8212;&#8212;&#8212;&#8212;&#8212;&#8212;&#8212;&#8212;&#8212;&#8212;<br \/>\n&#8212;&#8212;&#8212;&#8212;&#8212;&#8212;&#8212;&#8212;&#8212;&#8212;&#8212;&#8212;&#8212;<\/p>\n<p>CARACTER\u00cdSTICAS DEL PRODUCTO:<\/p>\n<p>\u2022Deshumidificaci\u00f3n eficaz \u2013 Mant\u00e9n la humedad por debajo del 50%. Nuestros mini deshumidificadores tienen 2 entradas de aire (frontal y trasera), que tiene una gran eficiencia para eliminar la humedad en el aire. Deshumidificaci\u00f3n de 11.8 fl oz\/d\u00eda mejor que el deshumidificador el\u00e9ctrico com\u00fan. Se adapta a una superficie de aproximadamente 165 pies cuadrados, trabajar en condiciones de RH80% tiene un efecto significativo.<\/p>\n<p>\u2022Crea un ambiente saludable y c\u00f3modo: respira aire fresco en tu hogar. De acuerdo con la investigaci\u00f3n, si la humedad en el aire por encima del 50% puede criar problemas de salud inc\u00f3modos u otros.Instalar un peque\u00f1o deshumidificador puede ser la mejor soluci\u00f3n!Nuestro deshumidificador para el ba\u00f1o comienzan a trabajar cuando la humedad m\u00e1s del 50%, que recoge la humedad del aire de su casa antes de liberarlo de nuevo a la habitaci\u00f3n. El producto final es aire que no te hace sentir pegajoso o seco. \u00a1Tus d\u00edas de humedad han terminado!<\/p>\n<p>\u2022Multiusos, pero ultrarresistente: los deshumidificadores para el hogar sacan el exceso de agua del aire. Esto puede tener un gran impacto en el medio ambiente en tu hogar durante el verano, ayuda a prevenir la pelado de papel pintado, proteger la electr\u00f3nica del hogar y equipos de m\u00fasica, preservar documentos, y mantener sof\u00e1s, sillas y cortinas de olor. Dise\u00f1o s\u00faper silencioso, el ruido es inferior a 35 dB, funciona silencioso sin molesto sonido, sin molestar tu sue\u00f1o, trabajo o estudio, perfecto para espacio como el dormitorio.<\/p>\n<p>\u2022F\u00e1cil de usar y port\u00e1til: nuestro deshumidificador seguro est\u00e1 dise\u00f1ado con un solo bot\u00f3n de encendido para que sea f\u00e1cil de usar. Pulsa el bot\u00f3n de encendido\/apagado para comenzar a deshumidificar (luz azul), luego deja que funcione su ciclo continuo de 24 horas hasta que el tanque est\u00e9 lleno (luz amarilla), en cuyo punto nuestro deshumidificador port\u00e1til se apaga autom\u00e1ticamente. Compacto y ligero, se puede llevar de la habitaci\u00f3n a la oficina, o llevarlo de viaje. a tu caravana o caravana.<\/p>\n<p>\u2022Apagado inteligente y ahorro de energ\u00eda: equipado con un controlador de nivel de agua, nuestro deshumidificador para dormitorio puede apagarse cuando el controlador alcanza su nivel m\u00e1ximo y la luz indicadora se vuelve amarilla para recordarte que vaciar el tanque. Comparado con los deshumidificadores m\u00e1s antiguos, nuestro peque\u00f1o deshumidificador utiliza un ventilador para mover el aire sobre bobinas refrigeradas, tirar del agua del aire y gotear en un tanque. Eso significa que ver\u00e1 ahorros en costos de funcionamiento en comparaci\u00f3n con los deshumidificadores m\u00e1s antiguos.<\/p>\n<p>&#8212;&#8212;&#8212;&#8212;&#8212;&#8212;&#8212;&#8212;&#8212;&#8212;&#8212;&#8212;&#8212;<br \/>\n&#8212;&#8212;&#8212;&#8212;&#8212;&#8212;&#8212;&#8212;&#8212;&#8212;&#8212;&#8212;&#8212;<\/p>\n<p>INFORMACI\u00d3N IMPORTANTE<br \/>\nSomos facilitadores de comercio exterior, traemos productos desde el exterior para ti y se realiza el proceso con proveedores internacionales. Por lo anterior, pueden existir variaciones de stock y\/o precio, como resultado de la actualizaci\u00f3n autom\u00e1tica realizada diariamente. De presentarse lo anterior, realizamos la devoluci\u00f3n total de su dinero.<br \/>\nPara cambio en talla, color y\/o referencia, contacte con nuestro Servicio al Cliente dentro de las 24 horas siguientes a la generaci\u00f3n de la orden.<\/p>\n<p>PREGUNTAS FRECUENTES<br \/>\n\u00bfTIENE ALGUNA GARANTIA?<br \/>\nNuestros proveedores nos ofrecen garant\u00eda por defectos de fabricaci\u00f3n de 30 d\u00edas la cual extendemos a nuestros clientes.<br \/>\nNo aplicar\u00e1 garant\u00eda en caso de evidenciarse un mal uso por parte del cliente.<\/p>\n<p>\u00bfQUE PUEDO HACER EN CASO DE RETRACTARME DE MI COMPRA?<br \/>\nEn caso de no desear el producto recibido, puede realizar la devoluci\u00f3n dentro de un periodo no mayor a 5 d\u00edas, a partir de la entrega del producto y el comprador debe asumir el costo de retorno al pa\u00eds de origen de la mercanc\u00eda (El costo var\u00eda de acuerdo a Peso y Tama\u00f1o del producto).<\/p>\n<p>\u00a1Gracias por visitar nuestra Tienda, Somos la mejor opci\u00f3n!<\/p>\n","protected":false},"excerpt":{"rendered":"<p>IECOMM SAS Su tienda de Comercio Electr\u00f3nico Importadores USA &#8212;&#8212;&#8212;&#8212;&#8212;&#8212;&#8212;&#8212;&#8212;&#8212;&#8212;&#8212;&#8212; &#8212;&#8212;&#8212;&#8212;&#8212;&#8212;&#8212;&#8212;&#8212;&#8212;&#8212;&#8212;&#8212; \u00a1S\u00f3lo por este mes! Descuento adicional iniciando el pago por medio de iecomm.mercado shops . com . co (Plataforma Web Mercadolibre) y finalizando el pago por medio de Mercadolibre, con la seguridad de Mercadolibre y MercadoPago. &#8212;&#8212;&#8212;&#8212;&#8212;&#8212;&#8212;&#8212;&#8212;&#8212;&#8212;&#8212;&#8212; &#8212;&#8212;&#8212;&#8212;&#8212;&#8212;&#8212;&#8212;&#8212;&#8212;&#8212;&#8212;&#8212; Env\u00edo Nacional Gratuito &#8212;&#8212;&#8212;&#8212;&#8212;&#8212;&#8212;&#8212;&#8212;&#8212;&#8212;&#8212;&#8212; &#8212;&#8212;&#8212;&#8212;&#8212;&#8212;&#8212;&#8212;&#8212;&#8212;&#8212;&#8212;&#8212; CARACTER\u00cdSTICAS [&hellip;]<\/p>\n","protected":false},"featured_media":1972,"comment_status":"open","ping_status":"closed","template":"","meta":[],"product_brand":[],"product_cat":[15],"product_tag":[],"class_list":{"0":"post-1973","1":"product","2":"type-product","3":"status-publish","4":"has-post-thumbnail","6":"product_cat-uncategorized","8":"first","9":"instock","10":"sale","11":"shipping-taxable","12":"purchasable","13":"product-type-simple"},"_links":{"self":[{"href":"https:\/\/iecomm.com.co\/index.php?rest_route=\/wp\/v2\/product\/1973","targetHints":{"allow":["GET"]}}],"collection":[{"href":"https:\/\/iecomm.com.co\/index.php?rest_route=\/wp\/v2\/product"}],"about":[{"href":"https:\/\/iecomm.com.co\/index.php?rest_route=\/wp\/v2\/types\/product"}],"replies":[{"embeddable":true,"href":"https:\/\/iecomm.com.co\/index.php?rest_route=%2Fwp%2Fv2%2Fcomments&post=1973"}],"wp:featuredmedia":[{"embeddable":true,"href":"https:\/\/iecomm.com.co\/index.php?rest_route=\/wp\/v2\/media\/1972"}],"wp:attachment":[{"href":"https:\/\/iecomm.com.co\/index.php?rest_route=%2Fwp%2Fv2%2Fmedia&parent=1973"}],"wp:term":[{"taxonomy":"product_brand","embeddable":true,"href":"https:\/\/iecomm.com.co\/index.php?rest_route=%2Fwp%2Fv2%2Fproduct_brand&post=1973"},{"taxonomy":"product_cat","embeddable":true,"href":"https:\/\/iecomm.com.co\/index.php?rest_route=%2Fwp%2Fv2%2Fproduct_cat&post=1973"},{"taxonomy":"product_tag","embeddable":true,"href":"https:\/\/iecomm.com.co\/index.php?rest_route=%2Fwp%2Fv2%2Fproduct_tag&post=1973"}],"curies":[{"name":"wp","href":"https:\/\/api.w.org\/{rel}","templated":true}]}}