{"id":1977,"date":"2026-02-10T19:19:16","date_gmt":"2026-02-10T19:19:16","guid":{"rendered":"https:\/\/iecomm.com.co\/?product=oferta-remate-empacadora-selladora-al-vacio-foodsaver-v4400"},"modified":"2026-02-12T13:37:22","modified_gmt":"2026-02-12T13:37:22","slug":"oferta-remate-empacadora-selladora-al-vacio-foodsaver-v4400","status":"publish","type":"product","link":"https:\/\/iecomm.com.co\/?product=oferta-remate-empacadora-selladora-al-vacio-foodsaver-v4400","title":{"rendered":"Oferta Remate Empacadora Selladora Al Vac\u00edo Foodsaver V4400"},"content":{"rendered":"<p>IECOMM SAS<br \/>\nSu tienda de Comercio Electr\u00f3nico<br \/>\nImportadores USA<\/p>\n<p>&#8212;&#8212;&#8212;&#8212;&#8212;&#8212;&#8212;&#8212;&#8212;&#8212;&#8212;&#8212;&#8212;<br \/>\n&#8212;&#8212;&#8212;&#8212;&#8212;&#8212;&#8212;&#8212;&#8212;&#8212;&#8212;&#8212;&#8212;<\/p>\n<p>\u00a1S\u00f3lo por este mes!<br \/>\nDescuento adicional iniciando el pago por medio de iecomm.mercado shops . com . co (Plataforma Web Mercadolibre) y finalizando el pago por medio de Mercadolibre, con la seguridad de Mercadolibre y MercadoPago.<\/p>\n<p>&#8212;&#8212;&#8212;&#8212;&#8212;&#8212;&#8212;&#8212;&#8212;&#8212;&#8212;&#8212;&#8212;<br \/>\n&#8212;&#8212;&#8212;&#8212;&#8212;&#8212;&#8212;&#8212;&#8212;&#8212;&#8212;&#8212;&#8212;<\/p>\n<p>Env\u00edo Nacional Gratuito<\/p>\n<p>&#8212;&#8212;&#8212;&#8212;&#8212;&#8212;&#8212;&#8212;&#8212;&#8212;&#8212;&#8212;&#8212;<br \/>\n&#8212;&#8212;&#8212;&#8212;&#8212;&#8212;&#8212;&#8212;&#8212;&#8212;&#8212;&#8212;&#8212;<\/p>\n<p>CARACTER\u00cdSTICAS DEL PRODUCTO:<\/p>\n<p>\u2022 Ahorre dinero y selle la frescura en: La carne conservada con el sistema FoodSaver en el congelador puede durar hasta 3 a\u00f1os y a\u00fan tener un sabor fresco, sabroso y sin quemaduras en el congelador; Prepare con anticipaci\u00f3n las comidas, las sobras y los productos almacenados en el refrigerador que se mantendr\u00e1n frescos hasta semanas despu\u00e9s en lugar de echarse a perder en d\u00edas.<\/p>\n<p>\u2022 Detecci\u00f3n autom\u00e1tica de bolsas: la detecci\u00f3n autom\u00e1tica de bolsas hace que el sellado al vac\u00edo sea m\u00e1s f\u00e1cil que nunca: simplemente coloque la bolsa en la c\u00e1mara de vac\u00edo y la m\u00e1quina har\u00e1 el resto para garantizar que sus alimentos se mantengan frescos y sabrosos<\/p>\n<p>\u2022 F\u00e1cil de usar: el cortador y el almacenamiento de rollos integrados le permiten hacer f\u00e1cilmente bolsas de tama\u00f1o personalizado que se ajusten a lo que selle, mientras que los indicadores de luz LED lo guiar\u00e1n f\u00e1cilmente a trav\u00e9s del proceso de sellado al vac\u00edo<\/p>\n<p>\u2022 Sellado muy consistente: Garantizado para alcanzar un nivel de vac\u00edo \u00f3ptimo y sellado herm\u00e9tico; El V4440 es duradero, de alta calidad y est\u00e1 respaldado por una garant\u00eda limitada de 5 a\u00f1os.<\/p>\n<p>\u2022 Detecci\u00f3n autom\u00e1tica de humedad: la tecnolog\u00eda inteligente detecta autom\u00e1ticamente la humedad y cambia al modo correcto para garantizar que se logre un sello herm\u00e9tico. La bandeja de goteo extra\u00edble patentada atrapar\u00e1 cualquier l\u00edquido desbordado y es apta para lavavajillas, lo que hace que este aparato de cocina sea f\u00e1cil de limpiar y mantener.<\/p>\n<p>\u2022 Producto probado y certificado por NRTL: Todos los electrodom\u00e9sticos Foodsaver est\u00e1n certificados por ETL o UL por laboratorios de prueba reconocidos a nivel nacional (NRTL) para cumplir con los est\u00e1ndares de prueba de seguridad de productos aplicables; La seguridad es nuestra prioridad n\u00famero 1<\/p>\n<p>\u2022 Compatibilidad: Funciona con rollos de sellado al vac\u00edo FoodSaver de 8 y 11 pulgadas, todos los tama\u00f1os de bolsas prefabricadas, bolsas frescas con cremallera, envases frescos y Quick Marinator; Los accesorios opcionales incluyen selladores de tarros de alba\u00f1il de boca ancha y regular FoodSaver y tapones de botella FoodSaver para botellas de vino y aceite<\/p>\n<p>&#8212;&#8212;&#8212;&#8212;&#8212;&#8212;&#8212;&#8212;&#8212;&#8212;&#8212;&#8212;&#8212;<br \/>\n&#8212;&#8212;&#8212;&#8212;&#8212;&#8212;&#8212;&#8212;&#8212;&#8212;&#8212;&#8212;&#8212;<\/p>\n<p>INFORMACI\u00d3N IMPORTANTE<br \/>\nSomos facilitadores de comercio exterior, traemos productos desde el exterior para ti y se realiza el proceso con proveedores internacionales. Por lo anterior, pueden existir variaciones de stock y\/o precio, como resultado de la actualizaci\u00f3n autom\u00e1tica realizada diariamente. De presentarse lo anterior, realizamos la devoluci\u00f3n total de su dinero.<br \/>\nPara cambio en talla, color y\/o referencia, contacte con nuestro Servicio al Cliente dentro de las 24 horas siguientes a la generaci\u00f3n de la orden.<\/p>\n<p>PREGUNTAS FRECUENTES<br \/>\n\u00bfTIENE ALGUNA GARANTIA?<br \/>\nNuestros proveedores nos ofrecen garant\u00eda por defectos de fabricaci\u00f3n de 30 d\u00edas la cual extendemos a nuestros clientes.<br \/>\nNo aplicar\u00e1 garant\u00eda en caso de evidenciarse un mal uso por parte del cliente.<\/p>\n<p>\u00bfQUE PUEDO HACER EN CASO DE RETRACTARME DE MI COMPRA?<br \/>\nEn caso de no desear el producto recibido, puede realizar la devoluci\u00f3n dentro de un periodo no mayor a 5 d\u00edas, a partir de la entrega del producto y el comprador debe asumir el costo de retorno al pa\u00eds de origen de la mercanc\u00eda (El costo var\u00eda de acuerdo a Peso y Tama\u00f1o del producto).<\/p>\n<p>\u00a1Gracias por visitar nuestra Tienda, Somos la mejor opci\u00f3n!<\/p>\n<p>\u00a1Gracias por visitar nuestra Tienda, Somos la mejor opci\u00f3n!<\/p>\n","protected":false},"excerpt":{"rendered":"<p>IECOMM SAS Su tienda de Comercio Electr\u00f3nico Importadores USA &#8212;&#8212;&#8212;&#8212;&#8212;&#8212;&#8212;&#8212;&#8212;&#8212;&#8212;&#8212;&#8212; &#8212;&#8212;&#8212;&#8212;&#8212;&#8212;&#8212;&#8212;&#8212;&#8212;&#8212;&#8212;&#8212; \u00a1S\u00f3lo por este mes! Descuento adicional iniciando el pago por medio de iecomm.mercado shops . com . co (Plataforma Web Mercadolibre) y finalizando el pago por medio de Mercadolibre, con la seguridad de Mercadolibre y MercadoPago. &#8212;&#8212;&#8212;&#8212;&#8212;&#8212;&#8212;&#8212;&#8212;&#8212;&#8212;&#8212;&#8212; &#8212;&#8212;&#8212;&#8212;&#8212;&#8212;&#8212;&#8212;&#8212;&#8212;&#8212;&#8212;&#8212; Env\u00edo Nacional Gratuito &#8212;&#8212;&#8212;&#8212;&#8212;&#8212;&#8212;&#8212;&#8212;&#8212;&#8212;&#8212;&#8212; &#8212;&#8212;&#8212;&#8212;&#8212;&#8212;&#8212;&#8212;&#8212;&#8212;&#8212;&#8212;&#8212; CARACTER\u00cdSTICAS [&hellip;]<\/p>\n","protected":false},"featured_media":1976,"comment_status":"open","ping_status":"closed","template":"","meta":[],"product_brand":[],"product_cat":[15],"product_tag":[],"class_list":{"0":"post-1977","1":"product","2":"type-product","3":"status-publish","4":"has-post-thumbnail","6":"product_cat-uncategorized","8":"first","9":"instock","10":"sale","11":"shipping-taxable","12":"purchasable","13":"product-type-simple"},"_links":{"self":[{"href":"https:\/\/iecomm.com.co\/index.php?rest_route=\/wp\/v2\/product\/1977","targetHints":{"allow":["GET"]}}],"collection":[{"href":"https:\/\/iecomm.com.co\/index.php?rest_route=\/wp\/v2\/product"}],"about":[{"href":"https:\/\/iecomm.com.co\/index.php?rest_route=\/wp\/v2\/types\/product"}],"replies":[{"embeddable":true,"href":"https:\/\/iecomm.com.co\/index.php?rest_route=%2Fwp%2Fv2%2Fcomments&post=1977"}],"wp:featuredmedia":[{"embeddable":true,"href":"https:\/\/iecomm.com.co\/index.php?rest_route=\/wp\/v2\/media\/1976"}],"wp:attachment":[{"href":"https:\/\/iecomm.com.co\/index.php?rest_route=%2Fwp%2Fv2%2Fmedia&parent=1977"}],"wp:term":[{"taxonomy":"product_brand","embeddable":true,"href":"https:\/\/iecomm.com.co\/index.php?rest_route=%2Fwp%2Fv2%2Fproduct_brand&post=1977"},{"taxonomy":"product_cat","embeddable":true,"href":"https:\/\/iecomm.com.co\/index.php?rest_route=%2Fwp%2Fv2%2Fproduct_cat&post=1977"},{"taxonomy":"product_tag","embeddable":true,"href":"https:\/\/iecomm.com.co\/index.php?rest_route=%2Fwp%2Fv2%2Fproduct_tag&post=1977"}],"curies":[{"name":"wp","href":"https:\/\/api.w.org\/{rel}","templated":true}]}}