{"id":1981,"date":"2026-02-10T19:19:19","date_gmt":"2026-02-10T19:19:19","guid":{"rendered":"https:\/\/iecomm.com.co\/?product=kidzone-camioneta-atv-chevrolet-silverado-autorizada-trail-negro-110v"},"modified":"2026-02-12T13:37:22","modified_gmt":"2026-02-12T13:37:22","slug":"kidzone-camioneta-atv-chevrolet-silverado-autorizada-trail-negro-110v","status":"publish","type":"product","link":"https:\/\/iecomm.com.co\/?product=kidzone-camioneta-atv-chevrolet-silverado-autorizada-trail-negro-110v","title":{"rendered":"Kidzone &#8211; Camioneta Atv Chevrolet Silverado Autorizada Trail Negro 110v"},"content":{"rendered":"<p>IECOMM SAS<br \/>\nSu tienda de Comercio Electr\u00f3nico<br \/>\nImportadores USA<\/p>\n<p>&#8212;&#8212;&#8212;&#8212;&#8212;&#8212;&#8212;&#8212;&#8212;&#8212;&#8212;&#8212;&#8212;<br \/>\n&#8212;&#8212;&#8212;&#8212;&#8212;&#8212;&#8212;&#8212;&#8212;&#8212;&#8212;&#8212;&#8212;<\/p>\n<p>\u00a1S\u00f3lo por este mes!<br \/>\nDescuento adicional iniciando el pago por medio de iecomm.mercado shops . com . co (Plataforma Web Mercadolibre) y finalizando el pago por medio de Mercadolibre, con la seguridad de Mercadolibre y MercadoPago.<\/p>\n<p>&#8212;&#8212;&#8212;&#8212;&#8212;&#8212;&#8212;&#8212;&#8212;&#8212;&#8212;&#8212;&#8212;<br \/>\n&#8212;&#8212;&#8212;&#8212;&#8212;&#8212;&#8212;&#8212;&#8212;&#8212;&#8212;&#8212;&#8212;<\/p>\n<p>Env\u00edo Nacional Gratuito<\/p>\n<p>&#8212;&#8212;&#8212;&#8212;&#8212;&#8212;&#8212;&#8212;&#8212;&#8212;&#8212;&#8212;&#8212;<br \/>\n&#8212;&#8212;&#8212;&#8212;&#8212;&#8212;&#8212;&#8212;&#8212;&#8212;&#8212;&#8212;&#8212;<\/p>\n<p>CARACTER\u00cdSTICAS DEL PRODUCTO:<\/p>\n<p>Elegante y duradero De acuerdo en restaurar la apariencia real de Chevrolet Silverado Trail Boss, este auto el\u00e9ctrico proporcionar\u00e1 la experiencia de conducci\u00f3n m\u00e1s aut\u00e9ntica como un excelente regalo. Fabricado con un cuerpo de pl\u00e1stico duradero no t\u00f3xico y con 4 ruedas de pl\u00e1stico resistentes al desgaste, no te preocupar\u00e1s por la confiabilidad de su uso, que mejora con la certificaci\u00f3n ASTM.<\/p>\n<p>Conducci\u00f3n segura y estable La tecnolog\u00eda de suave arranque protege y reduce el temor de tus hijos por el peligro causado por lanzamientos y operaci\u00f3n abrupta de los frenos. El auto de manejo tambi\u00e9n adopta un sistema de suspensi\u00f3n de amortiguador absorbente de golpes en cada rueda, cintur\u00f3n de seguridad ajustable y puertas con doble cerradura para garantizar un paseo suave y c\u00f3modo en todos los terrenos.<\/p>\n<p>Funcionamiento realista Un bot\u00f3n de arranque, elige la marcha hacia adelante\/atr\u00e1s, oprime el pedal, gira el volante, da a tu peque\u00f1o amante una sensaci\u00f3n de conducci\u00f3n aut\u00e9ntica. Los autos el\u00e9ctricos establecen opciones de 2 velocidades manualmente de 0.7 a 2.2 mph para experimentar la velocidad y la pasi\u00f3nNo te preocupes, equipado con un control remoto para padres, de 2.4 G totalmente funcional (3 velocidades) para que los padres anulen al control del ni\u00f1o y los ayuden.<\/p>\n<p>Atractiva multimedia El auto para manejar Kidzone cuenta con MP3 Bluetooth, puerto USB, entrada AUX, radio FM, brillantes faros LED, sonido de arranque para ofrecer m\u00e1s diversi\u00f3n al conducir. El maletero de almacenamiento trasero deleitar\u00e1 a tus hijos para cargar juguetes, mu\u00f1ecas, aperitivos y algunas cosas peque\u00f1as. La pantalla de alimentaci\u00f3n te recuerda cargarla a tiempo.<\/p>\n<p>Potente y recargable Equipado con un cargador y una bater\u00eda recargable de 12 V a 4.5 Ah para ofrecer un sinf\u00edn de horas de lecciones de conducci\u00f3n. El tiempo de funcionamiento es de aproximadamente 1 a 2 horas y el tiempo de carga es de 8 a 12 horas. Dimensiones totales del producto: 42.91 pulgadas de largo x 28.34 pulgadas de ancho x 25.19 pulgadas de alto, adecuado para ni\u00f1os de 37 a 72 meses, la capacidad m\u00e1xima de peso es de 66 libras, peso neto: 36.82 libras.<\/p>\n<p>&#8212;&#8212;&#8212;&#8212;&#8212;&#8212;&#8212;&#8212;&#8212;&#8212;&#8212;&#8212;&#8212;<br \/>\n&#8212;&#8212;&#8212;&#8212;&#8212;&#8212;&#8212;&#8212;&#8212;&#8212;&#8212;&#8212;&#8212;<\/p>\n<p>INFORMACI\u00d3N IMPORTANTE<br \/>\nSomos facilitadores de comercio exterior, traemos productos desde el exterior para ti y se realiza el proceso con proveedores internacionales. Por lo anterior, pueden existir variaciones de stock y\/o precio, como resultado de la actualizaci\u00f3n autom\u00e1tica realizada diariamente. De presentarse lo anterior, realizamos la devoluci\u00f3n total de su dinero.<br \/>\nPara cambio en talla, color y\/o referencia, contacte con nuestro Servicio al Cliente dentro de las 24 horas siguientes a la generaci\u00f3n de la orden.<\/p>\n<p>PREGUNTAS FRECUENTES<br \/>\n\u00bfTIENE ALGUNA GARANTIA?<br \/>\nNuestros proveedores nos ofrecen garant\u00eda por defectos de fabricaci\u00f3n de 30 d\u00edas la cual extendemos a nuestros clientes.<br \/>\nNo aplicar\u00e1 garant\u00eda en caso de evidenciarse un mal uso por parte del cliente.<\/p>\n<p>\u00bfQUE PUEDO HACER EN CASO DE RETRACTARME DE MI COMPRA?<br \/>\nEn caso de no desear el producto recibido, puede realizar la devoluci\u00f3n dentro de un periodo no mayor a 5 d\u00edas, a partir de la entrega del producto y el comprador debe asumir el costo de retorno al pa\u00eds de origen de la mercanc\u00eda (El costo var\u00eda de acuerdo a Peso y Tama\u00f1o del producto).<\/p>\n<p>\u00a1Gracias por visitar nuestra Tienda, Somos la mejor opci\u00f3n!<\/p>\n","protected":false},"excerpt":{"rendered":"<p>IECOMM SAS Su tienda de Comercio Electr\u00f3nico Importadores USA &#8212;&#8212;&#8212;&#8212;&#8212;&#8212;&#8212;&#8212;&#8212;&#8212;&#8212;&#8212;&#8212; &#8212;&#8212;&#8212;&#8212;&#8212;&#8212;&#8212;&#8212;&#8212;&#8212;&#8212;&#8212;&#8212; \u00a1S\u00f3lo por este mes! Descuento adicional iniciando el pago por medio de iecomm.mercado shops . com . co (Plataforma Web Mercadolibre) y finalizando el pago por medio de Mercadolibre, con la seguridad de Mercadolibre y MercadoPago. &#8212;&#8212;&#8212;&#8212;&#8212;&#8212;&#8212;&#8212;&#8212;&#8212;&#8212;&#8212;&#8212; &#8212;&#8212;&#8212;&#8212;&#8212;&#8212;&#8212;&#8212;&#8212;&#8212;&#8212;&#8212;&#8212; Env\u00edo Nacional Gratuito &#8212;&#8212;&#8212;&#8212;&#8212;&#8212;&#8212;&#8212;&#8212;&#8212;&#8212;&#8212;&#8212; &#8212;&#8212;&#8212;&#8212;&#8212;&#8212;&#8212;&#8212;&#8212;&#8212;&#8212;&#8212;&#8212; CARACTER\u00cdSTICAS [&hellip;]<\/p>\n","protected":false},"featured_media":1980,"comment_status":"open","ping_status":"closed","template":"","meta":[],"product_brand":[],"product_cat":[15,85],"product_tag":[],"class_list":{"0":"post-1981","1":"product","2":"type-product","3":"status-publish","4":"has-post-thumbnail","6":"product_cat-uncategorized","7":"product_cat-vehiculos-montables-para-ninos","9":"first","10":"instock","11":"sale","12":"shipping-taxable","13":"purchasable","14":"product-type-simple"},"_links":{"self":[{"href":"https:\/\/iecomm.com.co\/index.php?rest_route=\/wp\/v2\/product\/1981","targetHints":{"allow":["GET"]}}],"collection":[{"href":"https:\/\/iecomm.com.co\/index.php?rest_route=\/wp\/v2\/product"}],"about":[{"href":"https:\/\/iecomm.com.co\/index.php?rest_route=\/wp\/v2\/types\/product"}],"replies":[{"embeddable":true,"href":"https:\/\/iecomm.com.co\/index.php?rest_route=%2Fwp%2Fv2%2Fcomments&post=1981"}],"wp:featuredmedia":[{"embeddable":true,"href":"https:\/\/iecomm.com.co\/index.php?rest_route=\/wp\/v2\/media\/1980"}],"wp:attachment":[{"href":"https:\/\/iecomm.com.co\/index.php?rest_route=%2Fwp%2Fv2%2Fmedia&parent=1981"}],"wp:term":[{"taxonomy":"product_brand","embeddable":true,"href":"https:\/\/iecomm.com.co\/index.php?rest_route=%2Fwp%2Fv2%2Fproduct_brand&post=1981"},{"taxonomy":"product_cat","embeddable":true,"href":"https:\/\/iecomm.com.co\/index.php?rest_route=%2Fwp%2Fv2%2Fproduct_cat&post=1981"},{"taxonomy":"product_tag","embeddable":true,"href":"https:\/\/iecomm.com.co\/index.php?rest_route=%2Fwp%2Fv2%2Fproduct_tag&post=1981"}],"curies":[{"name":"wp","href":"https:\/\/api.w.org\/{rel}","templated":true}]}}