{"id":1983,"date":"2026-02-10T19:19:20","date_gmt":"2026-02-10T19:19:20","guid":{"rendered":"https:\/\/iecomm.com.co\/?product=life-extension-ultra-prostate-sin-sabor"},"modified":"2026-02-12T13:37:22","modified_gmt":"2026-02-12T13:37:22","slug":"life-extension-ultra-prostate-sin-sabor","status":"publish","type":"product","link":"https:\/\/iecomm.com.co\/?product=life-extension-ultra-prostate-sin-sabor","title":{"rendered":"Life Extension Ultra Prostate  Sin Sabor"},"content":{"rendered":"<p>IECOMM SAS<br \/>\nSu tienda de Comercio Electr\u00f3nico<br \/>\nImportadores USA<\/p>\n<p>&#8212;&#8212;&#8212;&#8212;&#8212;&#8212;&#8212;&#8212;&#8212;&#8212;&#8212;&#8212;&#8212;<br \/>\n&#8212;&#8212;&#8212;&#8212;&#8212;&#8212;&#8212;&#8212;&#8212;&#8212;&#8212;&#8212;&#8212;<\/p>\n<p>Env\u00edo Nacional Gratuito<\/p>\n<p>&#8212;&#8212;&#8212;&#8212;&#8212;&#8212;&#8212;&#8212;&#8212;&#8212;&#8212;&#8212;&#8212;<br \/>\n&#8212;&#8212;&#8212;&#8212;&#8212;&#8212;&#8212;&#8212;&#8212;&#8212;&#8212;&#8212;&#8212;<\/p>\n<p>CARACTER\u00cdSTICAS DEL PRODUCTO:<\/p>\n<p>F\u00f3rmula completa de apoyo de pr\u00f3stata: es esencial para que los hombres mantengan la salud de la pr\u00f3stata a medida que envejecen. Nuestra f\u00f3rmula Ultra Prostate ha sido<br \/>\ndise\u00f1ada espec\u00edficamente para abordar m\u00faltiples factores necesarios para apoyar la salud<br \/>\nduradera de la pr\u00f3stata. \u00bfC\u00f3mo lo hicimos? Al combinar una docena de ingredientes<br \/>\ncomplementarios que apoyan la salud de las c\u00e9lulas de la pr\u00f3stata y patrones de micci\u00f3n saludables, ayudan a mantener el equilibrio hormonal, promover una respuesta inflamatoria saludable y mucho m\u00e1s.<\/p>\n<p>El poder del beta-sitosterol: el beta-sitosterol ha sido estudiado para ayudar a promover un flujo saludable de orina, la funci\u00f3n de la pr\u00f3stata y mucho m\u00e1s. Por lo tanto, hemos incluido varios ingredientes complementarios conocidos por contener este beneficioso compuesto bioactivo, incluyendo extracto de CO2 de palmetto de sierra, un extracto del cerezo africano llamado pigeo, y extractos de aceite de pino y semillas de calabaza.<\/p>\n<p>NUESTRO MEJOR SUPLEMENTO DE PROSTATAS: la f\u00f3rmula Ultra Prostata incluye ingredientes adicionales que ayudan a nutrir tu pr\u00f3stata. Apr\u00e8sFlex, un extracto de boswellia ultra absorbente, ayuda a apoyar una respuesta inflamatoria saludable. Potentes bot\u00e1nicos ayudan a promover el metabolismo saludable de la hormona de pr\u00f3stata. Y los fosfol\u00edpidos te ayudan a absorber los otros compuestos activos en esta f\u00f3rmula.<\/p>\n<p>Los ingredientes importan: se obtienen solo los mejores ingredientes crudos con la pureza y potencia que tu cuerpo merece. Este producto est\u00e1 certificado sin OMG y sin gluten. Fabricado en los Estados Unidos y un certificado de an\u00e1lisis est\u00e1 disponible para cada producto que producimos.<\/p>\n<p>Vive tu vida m\u00e1s saludable: durante m\u00e1s de 40 a\u00f1os, hemos estado desarrollando f\u00f3rmulas avanzadas y eficaces hechas con los m\u00e1s altos est\u00e1ndares y basadas en los \u00faltimos hallazgos cient\u00edficos. Creemos que las respuestas a una vida m\u00e1s saludable y rica est\u00e1n al alcance y que la rigurosa investigaci\u00f3n cient\u00edfica es el camino para llevarnos all\u00ed. Nuestras formulaciones se crean utilizando los ingredientes exactos y dosificaciones utilizadas en los estudios que los inspiraron, asegurando que se logre la m\u00e1xima biodisponibilidad y eficacia.<\/p>\n<p>&#8212;&#8212;&#8212;&#8212;&#8212;&#8212;&#8212;&#8212;&#8212;&#8212;&#8212;&#8212;&#8212;<br \/>\n&#8212;&#8212;&#8212;&#8212;&#8212;&#8212;&#8212;&#8212;&#8212;&#8212;&#8212;&#8212;&#8212;<\/p>\n<p>INFORMACI\u00d3N IMPORTANTE<br \/>\nSomos facilitadores de comercio exterior, traemos productos desde el exterior para ti y se realiza el proceso con proveedores internacionales. Por lo anterior, pueden existir variaciones de stock y\/o precio, como resultado de la actualizaci\u00f3n autom\u00e1tica realizada diariamente. De presentarse lo anterior, realizamos la devoluci\u00f3n total de su dinero.<br \/>\nPara cambio en talla, color y\/o referencia, contacte con nuestro Servicio al Cliente dentro de las 24 horas siguientes a la generaci\u00f3n de la orden.<\/p>\n<p>PREGUNTAS FRECUENTES<br \/>\n\u00bfTIENE ALGUNA GARANTIA?<br \/>\nNuestros proveedores nos ofrecen garant\u00eda por defectos de fabricaci\u00f3n de 30 d\u00edas la cual extendemos a nuestros clientes.<br \/>\nNo aplicar\u00e1 garant\u00eda en caso de evidenciarse un mal uso por parte del cliente.<\/p>\n<p>\u00bfQUE PUEDO HACER EN CASO DE RETRACTARME DE MI COMPRA?<br \/>\nEn caso de no desear el producto recibido, puede realizar la devoluci\u00f3n dentro de un periodo no mayor a 5 d\u00edas, a partir de la entrega del producto y el comprador debe asumir el costo de retorno al pa\u00eds de origen de la mercanc\u00eda (El costo var\u00eda de acuerdo a Peso y Tama\u00f1o del producto).<\/p>\n<p>\u00a1Gracias por visitar nuestra Tienda, Somos la mejor opci\u00f3n!<\/p>\n","protected":false},"excerpt":{"rendered":"<p>IECOMM SAS Su tienda de Comercio Electr\u00f3nico Importadores USA &#8212;&#8212;&#8212;&#8212;&#8212;&#8212;&#8212;&#8212;&#8212;&#8212;&#8212;&#8212;&#8212; &#8212;&#8212;&#8212;&#8212;&#8212;&#8212;&#8212;&#8212;&#8212;&#8212;&#8212;&#8212;&#8212; Env\u00edo Nacional Gratuito &#8212;&#8212;&#8212;&#8212;&#8212;&#8212;&#8212;&#8212;&#8212;&#8212;&#8212;&#8212;&#8212; &#8212;&#8212;&#8212;&#8212;&#8212;&#8212;&#8212;&#8212;&#8212;&#8212;&#8212;&#8212;&#8212; CARACTER\u00cdSTICAS DEL PRODUCTO: F\u00f3rmula completa de apoyo de pr\u00f3stata: es esencial para que los hombres mantengan la salud de la pr\u00f3stata a medida que envejecen. Nuestra f\u00f3rmula Ultra Prostate ha sido dise\u00f1ada espec\u00edficamente para abordar m\u00faltiples factores necesarios para [&hellip;]<\/p>\n","protected":false},"featured_media":1982,"comment_status":"open","ping_status":"closed","template":"","meta":[],"product_brand":[],"product_cat":[15],"product_tag":[],"class_list":{"0":"post-1983","1":"product","2":"type-product","3":"status-publish","4":"has-post-thumbnail","6":"product_cat-uncategorized","8":"first","9":"instock","10":"sale","11":"shipping-taxable","12":"purchasable","13":"product-type-simple"},"_links":{"self":[{"href":"https:\/\/iecomm.com.co\/index.php?rest_route=\/wp\/v2\/product\/1983","targetHints":{"allow":["GET"]}}],"collection":[{"href":"https:\/\/iecomm.com.co\/index.php?rest_route=\/wp\/v2\/product"}],"about":[{"href":"https:\/\/iecomm.com.co\/index.php?rest_route=\/wp\/v2\/types\/product"}],"replies":[{"embeddable":true,"href":"https:\/\/iecomm.com.co\/index.php?rest_route=%2Fwp%2Fv2%2Fcomments&post=1983"}],"wp:featuredmedia":[{"embeddable":true,"href":"https:\/\/iecomm.com.co\/index.php?rest_route=\/wp\/v2\/media\/1982"}],"wp:attachment":[{"href":"https:\/\/iecomm.com.co\/index.php?rest_route=%2Fwp%2Fv2%2Fmedia&parent=1983"}],"wp:term":[{"taxonomy":"product_brand","embeddable":true,"href":"https:\/\/iecomm.com.co\/index.php?rest_route=%2Fwp%2Fv2%2Fproduct_brand&post=1983"},{"taxonomy":"product_cat","embeddable":true,"href":"https:\/\/iecomm.com.co\/index.php?rest_route=%2Fwp%2Fv2%2Fproduct_cat&post=1983"},{"taxonomy":"product_tag","embeddable":true,"href":"https:\/\/iecomm.com.co\/index.php?rest_route=%2Fwp%2Fv2%2Fproduct_tag&post=1983"}],"curies":[{"name":"wp","href":"https:\/\/api.w.org\/{rel}","templated":true}]}}