{"id":1993,"date":"2026-02-10T19:19:28","date_gmt":"2026-02-10T19:19:28","guid":{"rendered":"https:\/\/iecomm.com.co\/?product=escritorio-ergonomico-altura-regulable-electrico-48-marron-marron"},"modified":"2026-02-12T13:37:22","modified_gmt":"2026-02-12T13:37:22","slug":"escritorio-ergonomico-altura-regulable-electrico-48-marron-marron","status":"publish","type":"product","link":"https:\/\/iecomm.com.co\/?product=escritorio-ergonomico-altura-regulable-electrico-48-marron-marron","title":{"rendered":"Escritorio Ergon\u00f3mico Altura Regulable El\u00e9ctrico 48 Marron Marr\u00f3n"},"content":{"rendered":"<p>IECOMM SAS<br \/>\nSu tienda de Comercio Electr\u00f3nico<br \/>\nImportadores USA<\/p>\n<p>&#8212;&#8212;&#8212;&#8212;&#8212;&#8212;&#8212;&#8212;&#8212;&#8212;&#8212;&#8212;&#8212;<br \/>\n&#8212;&#8212;&#8212;&#8212;&#8212;&#8212;&#8212;&#8212;&#8212;&#8212;&#8212;&#8212;&#8212;<\/p>\n<p>Env\u00edo Nacional Gratuito<\/p>\n<p>&#8212;&#8212;&#8212;&#8212;&#8212;&#8212;&#8212;&#8212;&#8212;&#8212;&#8212;&#8212;&#8212;<br \/>\n&#8212;&#8212;&#8212;&#8212;&#8212;&#8212;&#8212;&#8212;&#8212;&#8212;&#8212;&#8212;&#8212;<\/p>\n<p>CARACTER\u00cdSTICAS DEL PRODUCTO:<\/p>\n<p>Estabilidad s\u00f3lida como una roca: 19.8 pulgadas c\u00fabicas. \u00c1rea de conexi\u00f3n m\u00e1s grande (a altura completa) con marco de grado comercial de 0.069 pulgadas, el escritorio de pie SIAGO garantiza estabilidad y durabilidad para un uso duradero. Fundaci\u00f3n firme para trabajar a cualquier altura, eliminando cualquier distracci\u00f3n de tambaleo.<\/p>\n<p>Fiable y duradero: este escritorio el\u00e9ctrico de pie tiene suficiente potencia para cargar completamente equipos de oficina y juegos de hasta 200 libras. 50000 veces pruebas de elevaci\u00f3n para a\u00f1os de uso.<\/p>\n<p>Escritorio de altura ajustable: transici\u00f3n sin esfuerzo de estar sentado a estar de pie con solo tocar un bot\u00f3n (27.95 a 45.67 pulgadas) para a\u00f1adir comodidad durante todo el d\u00eda. El escritorio de pie SIAGO es una gran herramienta en tu camino hacia mantenerte activo, saludable y productivo.<\/p>\n<p>Escritorio de pie personalizado: el motor confiable funciona silenciosamente (menos de 45 dB) y sin problemas, todas tus cosas se mantienen estables y seguras en movimiento. El panel de control intuitivo te permite preajustar 3 alturas preferidas, cambiar entre posiciones sentadas y de pie nunca ha sido tan f\u00e1cil. Cerradura infantil para una total tranquilidad.<\/p>\n<p>Organiza tu estaci\u00f3n de trabajo: el escritorio ecol\u00f3gico de 48 x 24 pulgadas te proporciona un espacio de trabajo espacioso. (La versi\u00f3n de 40 pulgadas es una pieza completa) Bandeja integrada de gesti\u00f3n de cables y ganchos para auriculares o bolsas, asegurando un espacio de trabajo ordenado. \u00a1Di adi\u00f3s al caos por cable y conc\u00e9ntrate en lo que importa!<\/p>\n<p>&#8212;&#8212;&#8212;&#8212;&#8212;&#8212;&#8212;&#8212;&#8212;&#8212;&#8212;&#8212;&#8212;<br \/>\n&#8212;&#8212;&#8212;&#8212;&#8212;&#8212;&#8212;&#8212;&#8212;&#8212;&#8212;&#8212;&#8212;<\/p>\n<p>INFORMACI\u00d3N IMPORTANTE<br \/>\nSomos facilitadores de comercio exterior, traemos productos desde el exterior para ti y se realiza el proceso con proveedores internacionales. Por lo anterior, pueden existir variaciones de stock y\/o precio, como resultado de la actualizaci\u00f3n autom\u00e1tica realizada diariamente. De presentarse lo anterior, realizamos la devoluci\u00f3n total de su dinero.<br \/>\nPara cambio en talla, color y\/o referencia, contacte con nuestro Servicio al Cliente dentro de las 24 horas siguientes a la generaci\u00f3n de la orden.<\/p>\n<p>PREGUNTAS FRECUENTES<br \/>\n\u00bfTIENE ALGUNA GARANTIA?<br \/>\nNuestros proveedores nos ofrecen garant\u00eda por defectos de fabricaci\u00f3n de 30 d\u00edas la cual extendemos a nuestros clientes.<br \/>\nNo aplicar\u00e1 garant\u00eda en caso de evidenciarse un mal uso por parte del cliente.<\/p>\n<p>\u00bfQUE PUEDO HACER EN CASO DE RETRACTARME DE MI COMPRA?<br \/>\nEn caso de no desear el producto recibido, puede realizar la devoluci\u00f3n dentro de un periodo no mayor a 5 d\u00edas, a partir de la entrega del producto y el comprador debe asumir el costo de retorno al pa\u00eds de origen de la mercanc\u00eda (El costo var\u00eda de acuerdo a Peso y Tama\u00f1o del producto).<\/p>\n<p>\u00a1Gracias por visitar nuestra Tienda, Somos la mejor opci\u00f3n!<\/p>\n","protected":false},"excerpt":{"rendered":"<p>IECOMM SAS Su tienda de Comercio Electr\u00f3nico Importadores USA &#8212;&#8212;&#8212;&#8212;&#8212;&#8212;&#8212;&#8212;&#8212;&#8212;&#8212;&#8212;&#8212; &#8212;&#8212;&#8212;&#8212;&#8212;&#8212;&#8212;&#8212;&#8212;&#8212;&#8212;&#8212;&#8212; Env\u00edo Nacional Gratuito &#8212;&#8212;&#8212;&#8212;&#8212;&#8212;&#8212;&#8212;&#8212;&#8212;&#8212;&#8212;&#8212; &#8212;&#8212;&#8212;&#8212;&#8212;&#8212;&#8212;&#8212;&#8212;&#8212;&#8212;&#8212;&#8212; CARACTER\u00cdSTICAS DEL PRODUCTO: Estabilidad s\u00f3lida como una roca: 19.8 pulgadas c\u00fabicas. \u00c1rea de conexi\u00f3n m\u00e1s grande (a altura completa) con marco de grado comercial de 0.069 pulgadas, el escritorio de pie SIAGO garantiza estabilidad y durabilidad para un uso [&hellip;]<\/p>\n","protected":false},"featured_media":1992,"comment_status":"open","ping_status":"closed","template":"","meta":[],"product_brand":[],"product_cat":[15,93],"product_tag":[],"class_list":{"0":"post-1993","1":"product","2":"type-product","3":"status-publish","4":"has-post-thumbnail","6":"product_cat-uncategorized","7":"product_cat-escritorios","9":"first","10":"instock","11":"sale","12":"shipping-taxable","13":"purchasable","14":"product-type-simple"},"_links":{"self":[{"href":"https:\/\/iecomm.com.co\/index.php?rest_route=\/wp\/v2\/product\/1993","targetHints":{"allow":["GET"]}}],"collection":[{"href":"https:\/\/iecomm.com.co\/index.php?rest_route=\/wp\/v2\/product"}],"about":[{"href":"https:\/\/iecomm.com.co\/index.php?rest_route=\/wp\/v2\/types\/product"}],"replies":[{"embeddable":true,"href":"https:\/\/iecomm.com.co\/index.php?rest_route=%2Fwp%2Fv2%2Fcomments&post=1993"}],"wp:featuredmedia":[{"embeddable":true,"href":"https:\/\/iecomm.com.co\/index.php?rest_route=\/wp\/v2\/media\/1992"}],"wp:attachment":[{"href":"https:\/\/iecomm.com.co\/index.php?rest_route=%2Fwp%2Fv2%2Fmedia&parent=1993"}],"wp:term":[{"taxonomy":"product_brand","embeddable":true,"href":"https:\/\/iecomm.com.co\/index.php?rest_route=%2Fwp%2Fv2%2Fproduct_brand&post=1993"},{"taxonomy":"product_cat","embeddable":true,"href":"https:\/\/iecomm.com.co\/index.php?rest_route=%2Fwp%2Fv2%2Fproduct_cat&post=1993"},{"taxonomy":"product_tag","embeddable":true,"href":"https:\/\/iecomm.com.co\/index.php?rest_route=%2Fwp%2Fv2%2Fproduct_tag&post=1993"}],"curies":[{"name":"wp","href":"https:\/\/api.w.org\/{rel}","templated":true}]}}