{"id":2001,"date":"2026-02-10T19:19:36","date_gmt":"2026-02-10T19:19:36","guid":{"rendered":"https:\/\/iecomm.com.co\/?product=limpiador-facial-diario-para-pieles-sensibles-cetaphil-mixta"},"modified":"2026-02-12T13:37:22","modified_gmt":"2026-02-12T13:37:22","slug":"limpiador-facial-diario-para-pieles-sensibles-cetaphil-mixta","status":"publish","type":"product","link":"https:\/\/iecomm.com.co\/?product=limpiador-facial-diario-para-pieles-sensibles-cetaphil-mixta","title":{"rendered":"Limpiador Facial Diario Para Pieles Sensibles Cetaphil &#8211; Mixta"},"content":{"rendered":"<p>IECOMM SAS<br \/>\nSu tienda de Comercio Electr\u00f3nico<br \/>\nImportadores USA<\/p>\n<p>&#8212;&#8212;&#8212;&#8212;&#8212;&#8212;&#8212;&#8212;&#8212;&#8212;&#8212;&#8212;&#8212;<br \/>\n&#8212;&#8212;&#8212;&#8212;&#8212;&#8212;&#8212;&#8212;&#8212;&#8212;&#8212;&#8212;&#8212;<\/p>\n<p>Env\u00edo Nacional Gratuito<\/p>\n<p>&#8212;&#8212;&#8212;&#8212;&#8212;&#8212;&#8212;&#8212;&#8212;&#8212;&#8212;&#8212;&#8212;<br \/>\n&#8212;&#8212;&#8212;&#8212;&#8212;&#8212;&#8212;&#8212;&#8212;&#8212;&#8212;&#8212;&#8212;<\/p>\n<p>CARACTER\u00cdSTICAS DEL PRODUCTO:<\/p>\n<p>Limpiador facial diario de Cetaphil: refuerza la barrera de la piel, equilibra la piel y minimiza la apariencia de los poros.<\/p>\n<p>Ideal para pieles sensibles y grasas: cl\u00ednicamente probado, para limpiar profundamente eliminando la suciedad, el exceso de aceites, impurezas y micropart\u00edculas de contaminaci\u00f3n.<\/p>\n<p>Desarrollado para la piel m\u00e1s sensible: la f\u00f3rmula hipoalerg\u00e9nica, no comedog\u00e9nica est\u00e1 libre de fragancias, parabenos y sulfatos.<\/p>\n<p>Recomendado por dermat\u00f3logos para pieles sensibles.<\/p>\n<p>Defiende eficazmente contra 5 signos de sensibilidad de la piel: sequedad, irritaci\u00f3n, rugosidad, tensi\u00f3n y una barrera cut\u00e1nea debilitada.<\/p>\n<p>&#8212;&#8212;&#8212;&#8212;&#8212;&#8212;&#8212;&#8212;&#8212;&#8212;&#8212;&#8212;&#8212;<br \/>\n&#8212;&#8212;&#8212;&#8212;&#8212;&#8212;&#8212;&#8212;&#8212;&#8212;&#8212;&#8212;&#8212;<\/p>\n<p>INFORMACI\u00d3N IMPORTANTE<br \/>\nSomos facilitadores de comercio exterior, traemos productos desde el exterior para ti y se realiza el proceso con proveedores internacionales. Por lo anterior, pueden existir variaciones de stock y\/o precio, como resultado de la actualizaci\u00f3n autom\u00e1tica realizada diariamente. De presentarse lo anterior, realizamos la devoluci\u00f3n total de su dinero.<br \/>\nPara cambio en talla, color y\/o referencia, contacte con nuestro Servicio al Cliente dentro de las 24 horas siguientes a la generaci\u00f3n de la orden.<\/p>\n<p>PREGUNTAS FRECUENTES<br \/>\n\u00bfTIENE ALGUNA GARANTIA?<br \/>\nNuestros proveedores nos ofrecen garant\u00eda por defectos de fabricaci\u00f3n de 30 d\u00edas la cual extendemos a nuestros clientes.<br \/>\nNo aplicar\u00e1 garant\u00eda en caso de evidenciarse un mal uso por parte del cliente.<\/p>\n<p>\u00bfQUE PUEDO HACER EN CASO DE RETRACTARME DE MI COMPRA?<br \/>\nEn caso de no desear el producto recibido, puede realizar la devoluci\u00f3n dentro de un periodo no mayor a 5 d\u00edas, a partir de la entrega del producto y el comprador debe asumir el costo de retorno al pa\u00eds de origen de la mercanc\u00eda (El costo var\u00eda de acuerdo a Peso y Tama\u00f1o del producto).<\/p>\n<p>\u00a1Gracias por visitar nuestra Tienda, Somos la mejor opci\u00f3n!<\/p>\n","protected":false},"excerpt":{"rendered":"<p>IECOMM SAS Su tienda de Comercio Electr\u00f3nico Importadores USA &#8212;&#8212;&#8212;&#8212;&#8212;&#8212;&#8212;&#8212;&#8212;&#8212;&#8212;&#8212;&#8212; &#8212;&#8212;&#8212;&#8212;&#8212;&#8212;&#8212;&#8212;&#8212;&#8212;&#8212;&#8212;&#8212; Env\u00edo Nacional Gratuito &#8212;&#8212;&#8212;&#8212;&#8212;&#8212;&#8212;&#8212;&#8212;&#8212;&#8212;&#8212;&#8212; &#8212;&#8212;&#8212;&#8212;&#8212;&#8212;&#8212;&#8212;&#8212;&#8212;&#8212;&#8212;&#8212; CARACTER\u00cdSTICAS DEL PRODUCTO: Limpiador facial diario de Cetaphil: refuerza la barrera de la piel, equilibra la piel y minimiza la apariencia de los poros. Ideal para pieles sensibles y grasas: cl\u00ednicamente probado, para limpiar profundamente eliminando la suciedad, el [&hellip;]<\/p>\n","protected":false},"featured_media":2000,"comment_status":"open","ping_status":"closed","template":"","meta":[],"product_brand":[],"product_cat":[15],"product_tag":[],"class_list":{"0":"post-2001","1":"product","2":"type-product","3":"status-publish","4":"has-post-thumbnail","6":"product_cat-uncategorized","8":"first","9":"instock","10":"sale","11":"shipping-taxable","12":"purchasable","13":"product-type-simple"},"_links":{"self":[{"href":"https:\/\/iecomm.com.co\/index.php?rest_route=\/wp\/v2\/product\/2001","targetHints":{"allow":["GET"]}}],"collection":[{"href":"https:\/\/iecomm.com.co\/index.php?rest_route=\/wp\/v2\/product"}],"about":[{"href":"https:\/\/iecomm.com.co\/index.php?rest_route=\/wp\/v2\/types\/product"}],"replies":[{"embeddable":true,"href":"https:\/\/iecomm.com.co\/index.php?rest_route=%2Fwp%2Fv2%2Fcomments&post=2001"}],"wp:featuredmedia":[{"embeddable":true,"href":"https:\/\/iecomm.com.co\/index.php?rest_route=\/wp\/v2\/media\/2000"}],"wp:attachment":[{"href":"https:\/\/iecomm.com.co\/index.php?rest_route=%2Fwp%2Fv2%2Fmedia&parent=2001"}],"wp:term":[{"taxonomy":"product_brand","embeddable":true,"href":"https:\/\/iecomm.com.co\/index.php?rest_route=%2Fwp%2Fv2%2Fproduct_brand&post=2001"},{"taxonomy":"product_cat","embeddable":true,"href":"https:\/\/iecomm.com.co\/index.php?rest_route=%2Fwp%2Fv2%2Fproduct_cat&post=2001"},{"taxonomy":"product_tag","embeddable":true,"href":"https:\/\/iecomm.com.co\/index.php?rest_route=%2Fwp%2Fv2%2Fproduct_tag&post=2001"}],"curies":[{"name":"wp","href":"https:\/\/api.w.org\/{rel}","templated":true}]}}