{"id":2003,"date":"2026-02-10T19:19:38","date_gmt":"2026-02-10T19:19:38","guid":{"rendered":"https:\/\/iecomm.com.co\/?product=bomba-de-leche-con-pezon-de-silicona-bomba-de-lactancia"},"modified":"2026-02-12T13:37:22","modified_gmt":"2026-02-12T13:37:22","slug":"bomba-de-leche-con-pezon-de-silicona-bomba-de-lactancia","status":"publish","type":"product","link":"https:\/\/iecomm.com.co\/?product=bomba-de-leche-con-pezon-de-silicona-bomba-de-lactancia","title":{"rendered":"Bomba De Leche Con Pez\u00f3n De Silicona, Bomba De Lactancia"},"content":{"rendered":"<p>IECOMM SAS<br \/>\nSu tienda de Comercio Electr\u00f3nico<br \/>\nImportadores USA<\/p>\n<p>&#8212;&#8212;&#8212;&#8212;&#8212;&#8212;&#8212;&#8212;&#8212;&#8212;&#8212;&#8212;&#8212;<br \/>\n&#8212;&#8212;&#8212;&#8212;&#8212;&#8212;&#8212;&#8212;&#8212;&#8212;&#8212;&#8212;&#8212;<\/p>\n<p>Env\u00edo Nacional Gratuito<\/p>\n<p>&#8212;&#8212;&#8212;&#8212;&#8212;&#8212;&#8212;&#8212;&#8212;&#8212;&#8212;&#8212;&#8212;<br \/>\n&#8212;&#8212;&#8212;&#8212;&#8212;&#8212;&#8212;&#8212;&#8212;&#8212;&#8212;&#8212;&#8212;<\/p>\n<p>CARACTER\u00cdSTICAS DEL PRODUCTO:<\/p>\n<p>El premiado y m\u00e1s vendido extractor de leche de silicona Haakaa, recomendado por madres lactantes, revistas, celebridades, doulas y consultoras de lactancia de todo el mundo! \u00a1Aseg\u00farese de darle a su hijo lo mejor comprando el extractor de leche manual original de la marca Haakaa!<\/p>\n<p>El extractor de leche de silicona Haakaa te permite extraer leche usando el poder de la succi\u00f3n natural! Simplemente apriete, adhi\u00e9rase a su seno y deje que haga su magia. Olv\u00eddate de la electricidad cara<br \/>\nextractores de leche que son dif\u00edciles de usar e imposibles de limpiar: el extractor de leche haakaa no requiere cables ni<br \/>\nmontaje, interior liso y extremadamente f\u00e1cil de limpiar simplemente hirvi\u00e9ndolo en agua durante 2-3 minutos.<\/p>\n<p>Nuestro extractor de leche manual Haakaa es liviano, port\u00e1til y la herramienta perfecta para cualquier bolsa de beb\u00e9. \u00daselo en viajes de larga distancia o en cualquier lugar donde desee expresarse de manera silenciosa, discreta y r\u00e1pida. Mientras amamanta, con\u00e9ctelo a la parte lateral del seno para atrapar cualquier bajada que de otro modo se perder\u00eda en las almohadillas desechables para amamantar.<\/p>\n<p>Los senos de mam\u00e1 vienen en todo tipo de tama\u00f1os, por eso hemos dise\u00f1ado nuestra brida de extractor de leche Haakaa para adaptarse a todo tipo de senos! Tambi\u00e9n est\u00e1n hechos con silicona s\u00faper suave que es suave y c\u00f3moda para la piel sensible.<\/p>\n<p>Cada mam\u00e1 quiere lo mejor para la salud de su beb\u00e9, por eso nos esforzamos por crear los productos m\u00e1s ecol\u00f3gicos que podamos. Todos los extractores de leche de silicona Haakaa est\u00e1n hechos de materiales de alta calidad.<br \/>\nsilicona de grado alimenticio y no contienen BPA, PVC, plomo ni ftalatos.<br \/>\nDise\u00f1o patentado &#8211; Patente No. USD810,925S. Producto Original: Ambos m\u00e9todos de empaque son genuinos. Por favor, si\u00e9ntase libre de comprar.<\/p>\n<p>C\u00f3mo utilizar su bomba de pecho Haakaa:<\/p>\n<p>1. Aprieta suavemente la bomba para forzar el aire.<br \/>\n2. Invierte la brida, col\u00f3cala en el pecho con el pez\u00f3n centrado en el centro del cuello.<br \/>\n3. Devuelve la brida, deja que la bomba vaya ligeramente hasta que empieces a sentir succi\u00f3n.<br \/>\n4. Mantener un sello completo de contacto con su seno, luego comenzar a expresar.<\/p>\n<p>&#8212;&#8212;&#8212;&#8212;&#8212;&#8212;&#8212;&#8212;&#8212;&#8212;&#8212;&#8212;&#8212;<br \/>\n&#8212;&#8212;&#8212;&#8212;&#8212;&#8212;&#8212;&#8212;&#8212;&#8212;&#8212;&#8212;&#8212;<\/p>\n<p>INFORMACI\u00d3N IMPORTANTE<br \/>\nSomos facilitadores de comercio exterior, traemos productos desde el exterior para ti y se realiza el proceso con proveedores internacionales. Por lo anterior, pueden existir variaciones de stock y\/o precio, como resultado de la actualizaci\u00f3n autom\u00e1tica realizada diariamente. De presentarse lo anterior, realizamos la devoluci\u00f3n total de su dinero.<br \/>\nPara cambio en talla, color y\/o referencia, contacte con nuestro Servicio al Cliente dentro de las 24 horas siguientes a la generaci\u00f3n de la orden.<\/p>\n<p>PREGUNTAS FRECUENTES<br \/>\n\u00bfTIENE ALGUNA GARANTIA?<br \/>\nNuestros proveedores nos ofrecen garant\u00eda por defectos de fabricaci\u00f3n de 30 d\u00edas la cual extendemos a nuestros clientes.<br \/>\nNo aplicar\u00e1 garant\u00eda en caso de evidenciarse un mal uso por parte del cliente.<\/p>\n<p>\u00bfQUE PUEDO HACER EN CASO DE RETRACTARME DE MI COMPRA?<br \/>\nEn caso de no desear el producto recibido, puede realizar la devoluci\u00f3n dentro de un periodo no mayor a 5 d\u00edas, a partir de la entrega del producto y el comprador debe asumir el costo de retorno al pa\u00eds de origen de la mercanc\u00eda (El costo var\u00eda de acuerdo a Peso y Tama\u00f1o del producto).<\/p>\n<p>\u00a1Gracias por visitar nuestra Tienda, Somos la mejor opci\u00f3n!<\/p>\n<p>\u00a1Gracias por visitar nuestra Tienda, Somos la mejor opci\u00f3n!<\/p>\n","protected":false},"excerpt":{"rendered":"<p>IECOMM SAS Su tienda de Comercio Electr\u00f3nico Importadores USA &#8212;&#8212;&#8212;&#8212;&#8212;&#8212;&#8212;&#8212;&#8212;&#8212;&#8212;&#8212;&#8212; &#8212;&#8212;&#8212;&#8212;&#8212;&#8212;&#8212;&#8212;&#8212;&#8212;&#8212;&#8212;&#8212; Env\u00edo Nacional Gratuito &#8212;&#8212;&#8212;&#8212;&#8212;&#8212;&#8212;&#8212;&#8212;&#8212;&#8212;&#8212;&#8212; &#8212;&#8212;&#8212;&#8212;&#8212;&#8212;&#8212;&#8212;&#8212;&#8212;&#8212;&#8212;&#8212; CARACTER\u00cdSTICAS DEL PRODUCTO: El premiado y m\u00e1s vendido extractor de leche de silicona Haakaa, recomendado por madres lactantes, revistas, celebridades, doulas y consultoras de lactancia de todo el mundo! \u00a1Aseg\u00farese de darle a su hijo lo mejor comprando el [&hellip;]<\/p>\n","protected":false},"featured_media":2002,"comment_status":"open","ping_status":"closed","template":"","meta":[],"product_brand":[],"product_cat":[15],"product_tag":[],"class_list":{"0":"post-2003","1":"product","2":"type-product","3":"status-publish","4":"has-post-thumbnail","6":"product_cat-uncategorized","8":"first","9":"instock","10":"sale","11":"shipping-taxable","12":"purchasable","13":"product-type-simple"},"_links":{"self":[{"href":"https:\/\/iecomm.com.co\/index.php?rest_route=\/wp\/v2\/product\/2003","targetHints":{"allow":["GET"]}}],"collection":[{"href":"https:\/\/iecomm.com.co\/index.php?rest_route=\/wp\/v2\/product"}],"about":[{"href":"https:\/\/iecomm.com.co\/index.php?rest_route=\/wp\/v2\/types\/product"}],"replies":[{"embeddable":true,"href":"https:\/\/iecomm.com.co\/index.php?rest_route=%2Fwp%2Fv2%2Fcomments&post=2003"}],"wp:featuredmedia":[{"embeddable":true,"href":"https:\/\/iecomm.com.co\/index.php?rest_route=\/wp\/v2\/media\/2002"}],"wp:attachment":[{"href":"https:\/\/iecomm.com.co\/index.php?rest_route=%2Fwp%2Fv2%2Fmedia&parent=2003"}],"wp:term":[{"taxonomy":"product_brand","embeddable":true,"href":"https:\/\/iecomm.com.co\/index.php?rest_route=%2Fwp%2Fv2%2Fproduct_brand&post=2003"},{"taxonomy":"product_cat","embeddable":true,"href":"https:\/\/iecomm.com.co\/index.php?rest_route=%2Fwp%2Fv2%2Fproduct_cat&post=2003"},{"taxonomy":"product_tag","embeddable":true,"href":"https:\/\/iecomm.com.co\/index.php?rest_route=%2Fwp%2Fv2%2Fproduct_tag&post=2003"}],"curies":[{"name":"wp","href":"https:\/\/api.w.org\/{rel}","templated":true}]}}