{"id":2007,"date":"2026-02-10T19:19:40","date_gmt":"2026-02-10T19:19:40","guid":{"rendered":"https:\/\/iecomm.com.co\/?product=piscina-inflable-ninos-1-68m-hawaiana-flores-bestway-51203-amarillo"},"modified":"2026-02-12T13:37:22","modified_gmt":"2026-02-12T13:37:22","slug":"piscina-inflable-ninos-1-68m-hawaiana-flores-bestway-51203-amarillo","status":"publish","type":"product","link":"https:\/\/iecomm.com.co\/?product=piscina-inflable-ninos-1-68m-hawaiana-flores-bestway-51203-amarillo","title":{"rendered":"Piscina Inflable Ni\u00f1os 1.68m Hawaiana Flores Bestway 51203 Amarillo"},"content":{"rendered":"<p>IECOMM SAS<br \/>\nSu tienda de Comercio Electr\u00f3nico<br \/>\nImportadores USA<\/p>\n<p>&#8212;&#8212;&#8212;&#8212;&#8212;&#8212;&#8212;&#8212;&#8212;&#8212;&#8212;&#8212;&#8212;<br \/>\n&#8212;&#8212;&#8212;&#8212;&#8212;&#8212;&#8212;&#8212;&#8212;&#8212;&#8212;&#8212;&#8212;<\/p>\n<p>CARACTER\u00cdSTICAS DEL PRODUCTO:<\/p>\n<p>Piscina de remo floral para juegos: a\u00f1ade un poco de felicidad en el jard\u00edn trasero al verano de tu hijo con la piscina de juegos Bestway Floral Paradise.<\/p>\n<p>JUEGO PERFECTO AL AIRE LIBRE: Dise\u00f1ado para ni\u00f1os de 2 a\u00f1os en adelante, la piscina de juego Floral Paradise cuenta con tres anillos iguales para mayor estabilidad. La piscina tambi\u00e9n cuenta con gr\u00e1ficos de tem\u00e1tica tropical para a\u00f1adir un toque fresco de color a las aventuras al aire libre de su hijo.<\/p>\n<p>F\u00e1cil de instalar: la configuraci\u00f3n es r\u00e1pida y f\u00e1cil, por lo que t\u00fa y tu hijo pueden pasar m\u00e1s tiempo disfrutando del verano juntos. Tiene el tama\u00f1o perfecto para un jard\u00edn o patio peque\u00f1o y se puede almacenar f\u00e1cilmente para m\u00e1s temporadas de diversi\u00f3n en el tiempo de juego.<br \/>\nTAMA\u00d1O: La piscina Floral Paradise mide 1.68m x 38cm y est\u00e1 probada en calidad para su seguridad.<\/p>\n<p>CAPACIDAD DE AGUA: Esta piscina tiene una capacidad de agua de 508 L (134 gal.) por lo que es r\u00e1pido de llenar y drenar<\/p>\n<p>&#8212;&#8212;&#8212;&#8212;&#8212;&#8212;&#8212;&#8212;&#8212;&#8212;&#8212;&#8212;&#8212;<br \/>\n&#8212;&#8212;&#8212;&#8212;&#8212;&#8212;&#8212;&#8212;&#8212;&#8212;&#8212;&#8212;&#8212;<\/p>\n<p>INFORMACI\u00d3N IMPORTANTE<br \/>\nSomos facilitadores de comercio exterior, traemos productos desde el exterior para ti y se realiza el proceso con proveedores internacionales. Por lo anterior, pueden existir variaciones de stock y\/o precio, como resultado de la actualizaci\u00f3n autom\u00e1tica realizada diariamente. De presentarse lo anterior, realizamos la devoluci\u00f3n total de su dinero.<br \/>\nPara cambio en talla, color y\/o referencia, contacte con nuestro Servicio al Cliente dentro de las 24 horas siguientes a la generaci\u00f3n de la orden.<\/p>\n<p>PREGUNTAS FRECUENTES<br \/>\n\u00bfTIENE ALGUNA GARANTIA?<br \/>\nNuestros proveedores nos ofrecen garant\u00eda por defectos de fabricaci\u00f3n de 30 d\u00edas la cual extendemos a nuestros clientes.<br \/>\nNo aplicar\u00e1 garant\u00eda en caso de evidenciarse un mal uso por parte del cliente.<\/p>\n<p>\u00bfQUE PUEDO HACER EN CASO DE RETRACTARME DE MI COMPRA?<br \/>\nEn caso de no desear el producto recibido, puede realizar la devoluci\u00f3n dentro de un periodo no mayor a 5 d\u00edas, a partir de la entrega del producto y el comprador debe asumir el costo de retorno al pa\u00eds de origen de la mercanc\u00eda (El costo var\u00eda de acuerdo a Peso y Tama\u00f1o del producto).<\/p>\n<p>\u00a1Gracias por visitar nuestra Tienda, Somos la mejor opci\u00f3n!<\/p>\n","protected":false},"excerpt":{"rendered":"<p>IECOMM SAS Su tienda de Comercio Electr\u00f3nico Importadores USA &#8212;&#8212;&#8212;&#8212;&#8212;&#8212;&#8212;&#8212;&#8212;&#8212;&#8212;&#8212;&#8212; &#8212;&#8212;&#8212;&#8212;&#8212;&#8212;&#8212;&#8212;&#8212;&#8212;&#8212;&#8212;&#8212; CARACTER\u00cdSTICAS DEL PRODUCTO: Piscina de remo floral para juegos: a\u00f1ade un poco de felicidad en el jard\u00edn trasero al verano de tu hijo con la piscina de juegos Bestway Floral Paradise. JUEGO PERFECTO AL AIRE LIBRE: Dise\u00f1ado para ni\u00f1os de 2 a\u00f1os en adelante, [&hellip;]<\/p>\n","protected":false},"featured_media":2006,"comment_status":"open","ping_status":"closed","template":"","meta":[],"product_brand":[],"product_cat":[15,91],"product_tag":[],"class_list":{"0":"post-2007","1":"product","2":"type-product","3":"status-publish","4":"has-post-thumbnail","6":"product_cat-uncategorized","7":"product_cat-piscinas","9":"first","10":"instock","11":"sale","12":"shipping-taxable","13":"purchasable","14":"product-type-simple"},"_links":{"self":[{"href":"https:\/\/iecomm.com.co\/index.php?rest_route=\/wp\/v2\/product\/2007","targetHints":{"allow":["GET"]}}],"collection":[{"href":"https:\/\/iecomm.com.co\/index.php?rest_route=\/wp\/v2\/product"}],"about":[{"href":"https:\/\/iecomm.com.co\/index.php?rest_route=\/wp\/v2\/types\/product"}],"replies":[{"embeddable":true,"href":"https:\/\/iecomm.com.co\/index.php?rest_route=%2Fwp%2Fv2%2Fcomments&post=2007"}],"wp:featuredmedia":[{"embeddable":true,"href":"https:\/\/iecomm.com.co\/index.php?rest_route=\/wp\/v2\/media\/2006"}],"wp:attachment":[{"href":"https:\/\/iecomm.com.co\/index.php?rest_route=%2Fwp%2Fv2%2Fmedia&parent=2007"}],"wp:term":[{"taxonomy":"product_brand","embeddable":true,"href":"https:\/\/iecomm.com.co\/index.php?rest_route=%2Fwp%2Fv2%2Fproduct_brand&post=2007"},{"taxonomy":"product_cat","embeddable":true,"href":"https:\/\/iecomm.com.co\/index.php?rest_route=%2Fwp%2Fv2%2Fproduct_cat&post=2007"},{"taxonomy":"product_tag","embeddable":true,"href":"https:\/\/iecomm.com.co\/index.php?rest_route=%2Fwp%2Fv2%2Fproduct_tag&post=2007"}],"curies":[{"name":"wp","href":"https:\/\/api.w.org\/{rel}","templated":true}]}}