{"id":2011,"date":"2026-02-10T19:19:43","date_gmt":"2026-02-10T19:19:43","guid":{"rendered":"https:\/\/iecomm.com.co\/?product=aceite-anti-celulitis-para-mas"},"modified":"2026-02-12T13:37:22","modified_gmt":"2026-02-12T13:37:22","slug":"aceite-anti-celulitis-para-mas","status":"publish","type":"product","link":"https:\/\/iecomm.com.co\/?product=aceite-anti-celulitis-para-mas","title":{"rendered":"Aceite Anti Celulitis Para Mas"},"content":{"rendered":"<p>IECOMM SAS<br \/>\nSu tienda de Comercio Electr\u00f3nico<br \/>\nImportadores USA<\/p>\n<p>&#8212;&#8212;&#8212;&#8212;&#8212;&#8212;&#8212;&#8212;&#8212;&#8212;&#8212;&#8212;&#8212;<br \/>\n&#8212;&#8212;&#8212;&#8212;&#8212;&#8212;&#8212;&#8212;&#8212;&#8212;&#8212;&#8212;&#8212;<\/p>\n<p>Env\u00edo Nacional Gratuito<\/p>\n<p>&#8212;&#8212;&#8212;&#8212;&#8212;&#8212;&#8212;&#8212;&#8212;&#8212;&#8212;&#8212;&#8212;<br \/>\n&#8212;&#8212;&#8212;&#8212;&#8212;&#8212;&#8212;&#8212;&#8212;&#8212;&#8212;&#8212;&#8212;<\/p>\n<p>CARACTER\u00cdSTICAS DEL PRODUCTO:<\/p>\n<p>&#8211; Tonifica la piel con todos los ingredientes naturales como aceite de semillas de uva, eucalipto, lim\u00f3n c\u00edtrico y pomelo trabajan en concierto para abordar tejidos grasos no deseados. Cada componente utilizado en este aceite de celulitis desempe\u00f1a un papel clave para ayudar al proceso de firmeza y endurecimiento. <\/p>\n<p>&#8211; Nuestro aceite natural anticelulitis ayuda a romper las c\u00e9lulas grasas en las zonas problem\u00e1ticas como caderas, muslos, nalgas y abdomen. A diferencia de otras cremas de celulitis, los aceites esenciales de M3 Naturals de alta calidad para la celulitis absorben la piel inmediatamente y atacan los tejidos grasos no deseados. * Gran removedor de celulitis con Fascia Blaster y masajeador de celulitis.<\/p>\n<p>&#8211; El aceite esencial de lim\u00f3n es estimulante para el sistema circulatorio y mejora la microcirculaci\u00f3n, fortalece los tejidos vasculares.* Se utiliza para tratar las varices mejorando la circulaci\u00f3n y aliviando la presi\u00f3n sobre las venas.* El aceite esencial de pomelo es un diur\u00e9tico y t\u00f3nico linf\u00e1tico, uno de los mejores.* Es insustituible en el tratamiento de la celulitis, la retenci\u00f3n de agua y la reducci\u00f3n de grasa<\/p>\n<p>El aceite celular M3 NATURALS tiene cualidades astringentes. Como uno de los mejores aceites de masaje anticelulitis, es regenerante, hidratante y estira la piel*. Nuestro aceite de eliminaci\u00f3n de celulitis es ligero, perfecto para usar en zonas con celulitis. El aceite esencial de eucalipto afecta eficazmente a los dep\u00f3sitos de grasa que se encuentran justo debajo de la piel (grasa subcut\u00e1nea). Tiene propiedades antiinflamatorias y alivia las dolorosas sensaciones de celulitis<\/p>\n<p>Materiales de primera calidad. M3 Naturals se enorgullece de obtener cada ingrediente de las formas m\u00e1s puras. A trav\u00e9s de nuestros productos, estamos comprometidos a ofrecer los productos de belleza de la m\u00e1s alta calidad y m\u00e1s eficaz a un precio asequible. <\/p>\n<p>&#8212;&#8212;&#8212;&#8212;&#8212;&#8212;&#8212;&#8212;&#8212;&#8212;&#8212;&#8212;&#8212;<br \/>\n&#8212;&#8212;&#8212;&#8212;&#8212;&#8212;&#8212;&#8212;&#8212;&#8212;&#8212;&#8212;&#8212;<\/p>\n<p>INFORMACI\u00d3N IMPORTANTE<br \/>\nSomos facilitadores de comercio exterior, traemos productos desde el exterior para ti y se realiza el proceso con proveedores internacionales. Por lo anterior, pueden existir variaciones de stock y\/o precio, como resultado de la actualizaci\u00f3n autom\u00e1tica realizada diariamente. De presentarse lo anterior, realizamos la devoluci\u00f3n total de su dinero.<br \/>\nPara cambio en talla, color y\/o referencia, contacte con nuestro Servicio al Cliente dentro de las 24 horas siguientes a la generaci\u00f3n de la orden.<\/p>\n<p>PREGUNTAS FRECUENTES<br \/>\n\u00bfTIENE ALGUNA GARANTIA?<br \/>\nNuestros proveedores nos ofrecen garant\u00eda por defectos de fabricaci\u00f3n de 30 d\u00edas la cual extendemos a nuestros clientes.<br \/>\nNo aplicar\u00e1 garant\u00eda en caso de evidenciarse un mal uso por parte del cliente.<\/p>\n<p>\u00bfQUE PUEDO HACER EN CASO DE RETRACTARME DE MI COMPRA?<br \/>\nEn caso de no desear el producto recibido, puede realizar la devoluci\u00f3n dentro de un periodo no mayor a 5 d\u00edas, a partir de la entrega del producto y el comprador debe asumir el costo de retorno al pa\u00eds de origen de la mercanc\u00eda (El costo var\u00eda de acuerdo a Peso y Tama\u00f1o del producto).<\/p>\n<p>\u00a1Gracias por visitar nuestra Tienda, Somos la mejor opci\u00f3n!<\/p>\n","protected":false},"excerpt":{"rendered":"<p>IECOMM SAS Su tienda de Comercio Electr\u00f3nico Importadores USA &#8212;&#8212;&#8212;&#8212;&#8212;&#8212;&#8212;&#8212;&#8212;&#8212;&#8212;&#8212;&#8212; &#8212;&#8212;&#8212;&#8212;&#8212;&#8212;&#8212;&#8212;&#8212;&#8212;&#8212;&#8212;&#8212; Env\u00edo Nacional Gratuito &#8212;&#8212;&#8212;&#8212;&#8212;&#8212;&#8212;&#8212;&#8212;&#8212;&#8212;&#8212;&#8212; &#8212;&#8212;&#8212;&#8212;&#8212;&#8212;&#8212;&#8212;&#8212;&#8212;&#8212;&#8212;&#8212; CARACTER\u00cdSTICAS DEL PRODUCTO: &#8211; Tonifica la piel con todos los ingredientes naturales como aceite de semillas de uva, eucalipto, lim\u00f3n c\u00edtrico y pomelo trabajan en concierto para abordar tejidos grasos no deseados. Cada componente utilizado en este aceite de [&hellip;]<\/p>\n","protected":false},"featured_media":2010,"comment_status":"open","ping_status":"closed","template":"","meta":[],"product_brand":[],"product_cat":[15],"product_tag":[],"class_list":{"0":"post-2011","1":"product","2":"type-product","3":"status-publish","4":"has-post-thumbnail","6":"product_cat-uncategorized","8":"first","9":"instock","10":"sale","11":"shipping-taxable","12":"purchasable","13":"product-type-simple"},"_links":{"self":[{"href":"https:\/\/iecomm.com.co\/index.php?rest_route=\/wp\/v2\/product\/2011","targetHints":{"allow":["GET"]}}],"collection":[{"href":"https:\/\/iecomm.com.co\/index.php?rest_route=\/wp\/v2\/product"}],"about":[{"href":"https:\/\/iecomm.com.co\/index.php?rest_route=\/wp\/v2\/types\/product"}],"replies":[{"embeddable":true,"href":"https:\/\/iecomm.com.co\/index.php?rest_route=%2Fwp%2Fv2%2Fcomments&post=2011"}],"wp:featuredmedia":[{"embeddable":true,"href":"https:\/\/iecomm.com.co\/index.php?rest_route=\/wp\/v2\/media\/2010"}],"wp:attachment":[{"href":"https:\/\/iecomm.com.co\/index.php?rest_route=%2Fwp%2Fv2%2Fmedia&parent=2011"}],"wp:term":[{"taxonomy":"product_brand","embeddable":true,"href":"https:\/\/iecomm.com.co\/index.php?rest_route=%2Fwp%2Fv2%2Fproduct_brand&post=2011"},{"taxonomy":"product_cat","embeddable":true,"href":"https:\/\/iecomm.com.co\/index.php?rest_route=%2Fwp%2Fv2%2Fproduct_cat&post=2011"},{"taxonomy":"product_tag","embeddable":true,"href":"https:\/\/iecomm.com.co\/index.php?rest_route=%2Fwp%2Fv2%2Fproduct_tag&post=2011"}],"curies":[{"name":"wp","href":"https:\/\/api.w.org\/{rel}","templated":true}]}}