{"id":2039,"date":"2026-02-10T19:20:11","date_gmt":"2026-02-10T19:20:11","guid":{"rendered":"https:\/\/iecomm.com.co\/?product=bicicleta-estatica-sunny-health-fitness-sf-b1711-plata"},"modified":"2026-02-12T13:37:21","modified_gmt":"2026-02-12T13:37:21","slug":"bicicleta-estatica-sunny-health-fitness-sf-b1711-plata","status":"publish","type":"product","link":"https:\/\/iecomm.com.co\/?product=bicicleta-estatica-sunny-health-fitness-sf-b1711-plata","title":{"rendered":"Bicicleta Est\u00e1tica Sunny Health &#038; Fitness Sf-b1711 Plata"},"content":{"rendered":"<p>IECOMM SAS<br \/>\nSu tienda de Comercio Electr\u00f3nico<br \/>\nImportadores USA<\/p>\n<p>&#8212;&#8212;&#8212;&#8212;&#8212;&#8212;&#8212;&#8212;&#8212;&#8212;&#8212;&#8212;&#8212;<br \/>\n&#8212;&#8212;&#8212;&#8212;&#8212;&#8212;&#8212;&#8212;&#8212;&#8212;&#8212;&#8212;&#8212;<\/p>\n<p>Env\u00edo Nacional Gratuito<\/p>\n<p>&#8212;&#8212;&#8212;&#8212;&#8212;&#8212;&#8212;&#8212;&#8212;&#8212;&#8212;&#8212;&#8212;<br \/>\n&#8212;&#8212;&#8212;&#8212;&#8212;&#8212;&#8212;&#8212;&#8212;&#8212;&#8212;&#8212;&#8212;<\/p>\n<p>CARACTER\u00cdSTICAS DEL PRODUCTO:<\/p>\n<p>Estabilizaci\u00f3n triangular: el marco de acero resistente tiene una fuerte forma triangular y patas estabilizadoras que hacen que cada viaje sea estable y consistente, soporta un peso m\u00e1ximo del usuario de 299.8 lbs.<\/p>\n<p>Encuentra tu ajuste: aprovecha el asiento ajustable de 4 v\u00edas, el manillar ajustable de 2 v\u00edas y una amplia gama de entrepierna de 27 pulgadas a 39 pulgadas.<\/p>\n<p>Soporte para botella: mant\u00e9n tu bebida favorita de entrenamiento c\u00f3modamente cerca cuando la coloques en el soporte para botella de agua.<\/p>\n<p>Volante de inercia: disfruta de un elegante volante cromado de 44 libras que te mantendr\u00e1 en bicicleta a un ritmo constante y consistente.<\/p>\n<p>Pedales compatibles con SPD: utiliza los pedales compatibles con SDP con zapatos<br \/>\ncompatibles para sujetar y fijar tus pies a los pedales o a las jaulas integradas para mayor estabilidad.<\/p>\n<p>Ruedas de transporte: las ruedas de transporte delanteras hacen que mover la bicicleta sea f\u00e1cil y conveniente alrededor de tu casa para un f\u00e1cil almacenamiento. Simplemente inclina la bicicleta hacia adelante y rueda.<\/p>\n<p>Resistencia magn\u00e9tica: refresca tu entrenamiento con intensidad magn\u00e9tica integrada que puede amplificar o reducir tu desaf\u00edo cardiovascular en cuesti\u00f3n de segundos.<\/p>\n<p>Soporte para dispositivos: controla tu entretenimiento en entrenamiento y experiencias de aprendizaje con el soporte integrado. Reproduce tus pel\u00edculas favoritas o v\u00eddeos de entrenamiento mientras recorres las calor\u00edas y involucras los m\u00fasculos en todo tu cuerpo.<\/p>\n<p>Agarres ergon\u00f3micos: el manillar de agarre m\u00faltiple es ideal para entrenamientos de escalada vigorosos o paseos de fr\u00edo. Esta bicicleta hace que sea f\u00e1cil elegir la forma en que conduces.<\/p>\n<p>&#8212;&#8212;&#8212;&#8212;&#8212;&#8212;&#8212;&#8212;&#8212;&#8212;&#8212;&#8212;&#8212;<br \/>\n&#8212;&#8212;&#8212;&#8212;&#8212;&#8212;&#8212;&#8212;&#8212;&#8212;&#8212;&#8212;&#8212;<\/p>\n<p>INFORMACI\u00d3N IMPORTANTE<br \/>\nSomos facilitadores de comercio exterior, traemos productos desde el exterior para ti y se realiza el proceso con proveedores internacionales. Por lo anterior, pueden existir variaciones de stock y\/o precio, como resultado de la actualizaci\u00f3n autom\u00e1tica realizada diariamente. De presentarse lo anterior, realizamos la devoluci\u00f3n total de su dinero.<br \/>\nPara cambio en talla, color y\/o referencia, contacte con nuestro Servicio al Cliente dentro de las 24 horas siguientes a la generaci\u00f3n de la orden.<\/p>\n<p>PREGUNTAS FRECUENTES<br \/>\n\u00bfTIENE ALGUNA GARANTIA?<br \/>\nNuestros proveedores nos ofrecen garant\u00eda por defectos de fabricaci\u00f3n de 30 d\u00edas la cual extendemos a nuestros clientes.<br \/>\nNo aplicar\u00e1 garant\u00eda en caso de evidenciarse un mal uso por parte del cliente.<\/p>\n<p>\u00bfQUE PUEDO HACER EN CASO DE RETRACTARME DE MI COMPRA?<br \/>\nEn caso de no desear el producto recibido, puede realizar la devoluci\u00f3n dentro de un periodo no mayor a 5 d\u00edas, a partir de la entrega del producto y el comprador debe asumir el costo de retorno al pa\u00eds de origen de la mercanc\u00eda (El costo var\u00eda de acuerdo a Peso y Tama\u00f1o del producto).<\/p>\n<p>\u00a1Gracias por visitar nuestra Tienda, Somos la mejor opci\u00f3n!<\/p>\n<p>\u00a1Gracias por visitar nuestra Tienda, Somos la mejor opci\u00f3n!<\/p>\n","protected":false},"excerpt":{"rendered":"<p>IECOMM SAS Su tienda de Comercio Electr\u00f3nico Importadores USA &#8212;&#8212;&#8212;&#8212;&#8212;&#8212;&#8212;&#8212;&#8212;&#8212;&#8212;&#8212;&#8212; &#8212;&#8212;&#8212;&#8212;&#8212;&#8212;&#8212;&#8212;&#8212;&#8212;&#8212;&#8212;&#8212; Env\u00edo Nacional Gratuito &#8212;&#8212;&#8212;&#8212;&#8212;&#8212;&#8212;&#8212;&#8212;&#8212;&#8212;&#8212;&#8212; &#8212;&#8212;&#8212;&#8212;&#8212;&#8212;&#8212;&#8212;&#8212;&#8212;&#8212;&#8212;&#8212; CARACTER\u00cdSTICAS DEL PRODUCTO: Estabilizaci\u00f3n triangular: el marco de acero resistente tiene una fuerte forma triangular y patas estabilizadoras que hacen que cada viaje sea estable y consistente, soporta un peso m\u00e1ximo del usuario de 299.8 lbs. Encuentra tu ajuste: [&hellip;]<\/p>\n","protected":false},"featured_media":2038,"comment_status":"open","ping_status":"closed","template":"","meta":[],"product_brand":[],"product_cat":[15,82],"product_tag":[],"class_list":{"0":"post-2039","1":"product","2":"type-product","3":"status-publish","4":"has-post-thumbnail","6":"product_cat-uncategorized","7":"product_cat-deportes-y-fitness","9":"first","10":"instock","11":"sale","12":"shipping-taxable","13":"purchasable","14":"product-type-simple"},"_links":{"self":[{"href":"https:\/\/iecomm.com.co\/index.php?rest_route=\/wp\/v2\/product\/2039","targetHints":{"allow":["GET"]}}],"collection":[{"href":"https:\/\/iecomm.com.co\/index.php?rest_route=\/wp\/v2\/product"}],"about":[{"href":"https:\/\/iecomm.com.co\/index.php?rest_route=\/wp\/v2\/types\/product"}],"replies":[{"embeddable":true,"href":"https:\/\/iecomm.com.co\/index.php?rest_route=%2Fwp%2Fv2%2Fcomments&post=2039"}],"wp:featuredmedia":[{"embeddable":true,"href":"https:\/\/iecomm.com.co\/index.php?rest_route=\/wp\/v2\/media\/2038"}],"wp:attachment":[{"href":"https:\/\/iecomm.com.co\/index.php?rest_route=%2Fwp%2Fv2%2Fmedia&parent=2039"}],"wp:term":[{"taxonomy":"product_brand","embeddable":true,"href":"https:\/\/iecomm.com.co\/index.php?rest_route=%2Fwp%2Fv2%2Fproduct_brand&post=2039"},{"taxonomy":"product_cat","embeddable":true,"href":"https:\/\/iecomm.com.co\/index.php?rest_route=%2Fwp%2Fv2%2Fproduct_cat&post=2039"},{"taxonomy":"product_tag","embeddable":true,"href":"https:\/\/iecomm.com.co\/index.php?rest_route=%2Fwp%2Fv2%2Fproduct_tag&post=2039"}],"curies":[{"name":"wp","href":"https:\/\/api.w.org\/{rel}","templated":true}]}}