{"id":2059,"date":"2026-02-10T19:20:30","date_gmt":"2026-02-10T19:20:30","guid":{"rendered":"https:\/\/iecomm.com.co\/?product=morral-mochila-40l-sa-mp40-supervivencia-aire-libre-negro-1"},"modified":"2026-02-12T13:37:21","modified_gmt":"2026-02-12T13:37:21","slug":"morral-mochila-40l-sa-mp40-supervivencia-aire-libre-negro-1","status":"publish","type":"product","link":"https:\/\/iecomm.com.co\/?product=morral-mochila-40l-sa-mp40-supervivencia-aire-libre-negro-1","title":{"rendered":"Morral Mochila 40l \/ Sa-mp40 Supervivencia Aire Libre Negro 1"},"content":{"rendered":"<p>IECOMM SAS<br \/>\nSu tienda de Comercio Electr\u00f3nico<br \/>\nImportadores USA<\/p>\n<p>&#8212;&#8212;&#8212;&#8212;&#8212;&#8212;&#8212;&#8212;&#8212;&#8212;&#8212;&#8212;&#8212;<br \/>\n&#8212;&#8212;&#8212;&#8212;&#8212;&#8212;&#8212;&#8212;&#8212;&#8212;&#8212;&#8212;&#8212;<\/p>\n<p>\u00a1S\u00f3lo por este mes!<br \/>\nDescuento adicional iniciando el pago por medio de iecomm.mercado shops . com . co (Plataforma Web Mercadolibre) y finalizando el pago por medio de Mercadolibre, con la seguridad de Mercadolibre y MercadoPago.<\/p>\n<p>&#8212;&#8212;&#8212;&#8212;&#8212;&#8212;&#8212;&#8212;&#8212;&#8212;&#8212;&#8212;&#8212;<br \/>\n&#8212;&#8212;&#8212;&#8212;&#8212;&#8212;&#8212;&#8212;&#8212;&#8212;&#8212;&#8212;&#8212;<\/p>\n<p>Env\u00edo Nacional Gratuito<\/p>\n<p>&#8212;&#8212;&#8212;&#8212;&#8212;&#8212;&#8212;&#8212;&#8212;&#8212;&#8212;&#8212;&#8212;<br \/>\n&#8212;&#8212;&#8212;&#8212;&#8212;&#8212;&#8212;&#8212;&#8212;&#8212;&#8212;&#8212;&#8212;<\/p>\n<p>CARACTER\u00cdSTICAS DEL PRODUCTO:<\/p>\n<p>\u00bfBusca una bolsa de 40 litros que tenga lo necesario para guardar su equipo de forma segura incluso en los entornos urbanos o al aire libre m\u00e1s extremos? Presentamos la SA-MP40, una bestia de mochila construida con nailon resistente al agua 600D que es lo suficientemente resistente como para soportar lo que le arrojes. El generoso almacenamiento interno y una amplia variedad de bolsillos lo ayudan a mantenerse organizado, mientras que el acolchado de malla y las correas ajustables garantizan un ajuste c\u00f3modo en todo momento.<\/p>\n<p>Construcci\u00f3n de nailon impermeable 600D.<\/p>\n<p>M\u00faltiples anillos en D en la espalda, la parte superior y las correas de los hombros.<\/p>\n<p>Espalda acolchada de malla (para facilitar el flujo de aire y la comodidad)<\/p>\n<p>Tama\u00f1o 22\u201d alto x 11\u201d ancho x 10\u201d profundidad<\/p>\n<p>&#8212;&#8212;&#8212;&#8212;&#8212;&#8212;&#8212;&#8212;&#8212;&#8212;&#8212;&#8212;&#8212;<br \/>\n&#8212;&#8212;&#8212;&#8212;&#8212;&#8212;&#8212;&#8212;&#8212;&#8212;&#8212;&#8212;&#8212;<\/p>\n<p>INFORMACI\u00d3N IMPORTANTE<br \/>\nSomos facilitadores de comercio exterior, traemos productos desde el exterior para ti y se realiza el proceso con proveedores internacionales. Por lo anterior, pueden existir variaciones de stock y\/o precio, como resultado de la actualizaci\u00f3n autom\u00e1tica realizada diariamente. De presentarse lo anterior, realizamos la devoluci\u00f3n total de su dinero.<br \/>\nPara cambio en talla, color y\/o referencia, contacte con nuestro Servicio al Cliente dentro de las 24 horas siguientes a la generaci\u00f3n de la orden.<\/p>\n<p>PREGUNTAS FRECUENTES<br \/>\n\u00bfTIENE ALGUNA GARANTIA?<br \/>\nNuestros proveedores nos ofrecen garant\u00eda por defectos de fabricaci\u00f3n de 30 d\u00edas la cual extendemos a nuestros clientes.<br \/>\nNo aplicar\u00e1 garant\u00eda en caso de evidenciarse un mal uso por parte del cliente.<\/p>\n<p>\u00bfQUE PUEDO HACER EN CASO DE RETRACTARME DE MI COMPRA?<br \/>\nEn caso de no desear el producto recibido, puede realizar la devoluci\u00f3n dentro de un periodo no mayor a 5 d\u00edas, a partir de la entrega del producto y el comprador debe asumir el costo de retorno al pa\u00eds de origen de la mercanc\u00eda (El costo var\u00eda de acuerdo a Peso y Tama\u00f1o del producto).<\/p>\n<p>\u00a1Gracias por visitar nuestra Tienda, Somos la mejor opci\u00f3n!<\/p>\n<p>\u00a1Gracias por visitar nuestra Tienda, Somos la mejor opci\u00f3n!<\/p>\n","protected":false},"excerpt":{"rendered":"<p>IECOMM SAS Su tienda de Comercio Electr\u00f3nico Importadores USA &#8212;&#8212;&#8212;&#8212;&#8212;&#8212;&#8212;&#8212;&#8212;&#8212;&#8212;&#8212;&#8212; &#8212;&#8212;&#8212;&#8212;&#8212;&#8212;&#8212;&#8212;&#8212;&#8212;&#8212;&#8212;&#8212; \u00a1S\u00f3lo por este mes! Descuento adicional iniciando el pago por medio de iecomm.mercado shops . com . co (Plataforma Web Mercadolibre) y finalizando el pago por medio de Mercadolibre, con la seguridad de Mercadolibre y MercadoPago. &#8212;&#8212;&#8212;&#8212;&#8212;&#8212;&#8212;&#8212;&#8212;&#8212;&#8212;&#8212;&#8212; &#8212;&#8212;&#8212;&#8212;&#8212;&#8212;&#8212;&#8212;&#8212;&#8212;&#8212;&#8212;&#8212; Env\u00edo Nacional Gratuito &#8212;&#8212;&#8212;&#8212;&#8212;&#8212;&#8212;&#8212;&#8212;&#8212;&#8212;&#8212;&#8212; &#8212;&#8212;&#8212;&#8212;&#8212;&#8212;&#8212;&#8212;&#8212;&#8212;&#8212;&#8212;&#8212; CARACTER\u00cdSTICAS [&hellip;]<\/p>\n","protected":false},"featured_media":2058,"comment_status":"open","ping_status":"closed","template":"","meta":[],"product_brand":[],"product_cat":[15],"product_tag":[],"class_list":{"0":"post-2059","1":"product","2":"type-product","3":"status-publish","4":"has-post-thumbnail","6":"product_cat-uncategorized","8":"first","9":"instock","10":"sale","11":"shipping-taxable","12":"purchasable","13":"product-type-simple"},"_links":{"self":[{"href":"https:\/\/iecomm.com.co\/index.php?rest_route=\/wp\/v2\/product\/2059","targetHints":{"allow":["GET"]}}],"collection":[{"href":"https:\/\/iecomm.com.co\/index.php?rest_route=\/wp\/v2\/product"}],"about":[{"href":"https:\/\/iecomm.com.co\/index.php?rest_route=\/wp\/v2\/types\/product"}],"replies":[{"embeddable":true,"href":"https:\/\/iecomm.com.co\/index.php?rest_route=%2Fwp%2Fv2%2Fcomments&post=2059"}],"wp:featuredmedia":[{"embeddable":true,"href":"https:\/\/iecomm.com.co\/index.php?rest_route=\/wp\/v2\/media\/2058"}],"wp:attachment":[{"href":"https:\/\/iecomm.com.co\/index.php?rest_route=%2Fwp%2Fv2%2Fmedia&parent=2059"}],"wp:term":[{"taxonomy":"product_brand","embeddable":true,"href":"https:\/\/iecomm.com.co\/index.php?rest_route=%2Fwp%2Fv2%2Fproduct_brand&post=2059"},{"taxonomy":"product_cat","embeddable":true,"href":"https:\/\/iecomm.com.co\/index.php?rest_route=%2Fwp%2Fv2%2Fproduct_cat&post=2059"},{"taxonomy":"product_tag","embeddable":true,"href":"https:\/\/iecomm.com.co\/index.php?rest_route=%2Fwp%2Fv2%2Fproduct_tag&post=2059"}],"curies":[{"name":"wp","href":"https:\/\/api.w.org\/{rel}","templated":true}]}}