{"id":2073,"date":"2026-02-10T19:20:43","date_gmt":"2026-02-10T19:20:43","guid":{"rendered":"https:\/\/iecomm.com.co\/?product=irrigador-bucal-waterpik-aquari-black"},"modified":"2026-02-12T13:37:21","modified_gmt":"2026-02-12T13:37:21","slug":"irrigador-bucal-waterpik-aquari-black","status":"publish","type":"product","link":"https:\/\/iecomm.com.co\/?product=irrigador-bucal-waterpik-aquari-black","title":{"rendered":"Irrigador Bucal Waterpik Aquari Black"},"content":{"rendered":"<p>IECOMM SAS<br \/>\nSu tienda de Comercio Electr\u00f3nico<br \/>\nImportadores USA<\/p>\n<p>&#8212;&#8212;&#8212;&#8212;&#8212;&#8212;&#8212;&#8212;&#8212;&#8212;&#8212;&#8212;&#8212;<br \/>\n&#8212;&#8212;&#8212;&#8212;&#8212;&#8212;&#8212;&#8212;&#8212;&#8212;&#8212;&#8212;&#8212;<\/p>\n<p>\u00a1S\u00f3lo por este mes!<br \/>\nDescuento adicional comprando directamente por nuestra p\u00e1gina iecomm.mercado shops . com . co, con la seguridad de Mercadolibre.<\/p>\n<p>&#8212;&#8212;&#8212;&#8212;&#8212;&#8212;&#8212;&#8212;&#8212;&#8212;&#8212;&#8212;&#8212;<br \/>\n&#8212;&#8212;&#8212;&#8212;&#8212;&#8212;&#8212;&#8212;&#8212;&#8212;&#8212;&#8212;&#8212;<\/p>\n<p>Env\u00edo Nacional Gratuito<\/p>\n<p>&#8212;&#8212;&#8212;&#8212;&#8212;&#8212;&#8212;&#8212;&#8212;&#8212;&#8212;&#8212;&#8212;<br \/>\n&#8212;&#8212;&#8212;&#8212;&#8212;&#8212;&#8212;&#8212;&#8212;&#8212;&#8212;&#8212;&#8212;<\/p>\n<p>CARACTER\u00cdSTICAS DEL PRODUCTO:<\/p>\n<p>SUELO AVANZADO DE AGUA: Aquarius es un modelo de irrigador dental de rendimiento con presi\u00f3n mejorada con 10 ajustes para una limpieza personalizada, modo de masaje para la estimulaci\u00f3n de las enc\u00edas, adem\u00e1s de un temporizador\/marcapasador incorporado se detiene brevemente a 30 segundos y 1 minuto para ayudar a rastrear el tiempo de uso del hilo dental. Acentos cromados: No<\/p>\n<p>Dep\u00f3sito de alto volumen y mango delgado: tiene capacidad para 22 onzas durante 90 segundos de uso, no requiere rellenado. El peque\u00f1o mango maniobrable hace que sea f\u00e1cil usar hilo dental en todas las \u00e1reas, incluidos los dientes posteriores, e incluye un pr\u00e1ctico interruptor de encendido\/apagado de agua.<\/p>\n<p>Recomendado por dentistas: 9 de cada 10 profesionales dentales recomiendan la marca Waterpik Waterpik est\u00e1 cl\u00ednicamente probado y es la primera marca de hilo dental en obtener el sello de aceptaci\u00f3n de la Asociaci\u00f3n Dental Americana (ADA).<\/p>\n<p>CARACTER\u00cdSTICAS CLAVE: 7 puntas para m\u00faltiples miembros de la familia y necesidades, 10 ajustes de presi\u00f3n (10-100 PSI), dep\u00f3sito extra\u00edble de 22 oz (apto para lavavajillas en la parte superior para una f\u00e1cil limpieza), 90 segundos de tiempo de uso del hilo dental, rotaci\u00f3n de 360 puntas, 120 VAC\/60Hz para uso solo en Am\u00e9rica del Norte.<\/p>\n<p>F\u00c1CIL Y EFECTIVO: el irrigador dental Waterpik Aquarius elimina hasta el 99.9 por ciento de la placa y es hasta un 50 por ciento m\u00e1s eficaz que el hilo dental para mejorar la salud de las enc\u00edas. Simplemente llene el dep\u00f3sito con agua tibia, coloque la punta en su boca y comience a usar hilo dental.<\/p>\n<p>&#8212;&#8212;&#8212;&#8212;&#8212;&#8212;&#8212;&#8212;&#8212;&#8212;&#8212;&#8212;&#8212;<br \/>\n&#8212;&#8212;&#8212;&#8212;&#8212;&#8212;&#8212;&#8212;&#8212;&#8212;&#8212;&#8212;&#8212;<\/p>\n<p>INFORMACI\u00d3N IMPORTANTE<br \/>\nSomos facilitadores de comercio exterior, traemos productos desde el exterior para ti y se realiza el proceso con proveedores internacionales. Por lo anterior, pueden existir variaciones de stock y\/o precio, como resultado de la actualizaci\u00f3n autom\u00e1tica realizada diariamente. De presentarse lo anterior, realizamos la devoluci\u00f3n total de su dinero.<br \/>\nPara cambio en talla, color y\/o referencia, contacte con nuestro Servicio al Cliente dentro de las 24 horas siguientes a la generaci\u00f3n de la orden.<\/p>\n<p>PREGUNTAS FRECUENTES<br \/>\n\u00bfTIENE ALGUNA GARANTIA?<br \/>\nNuestros proveedores nos ofrecen garant\u00eda por defectos de fabricaci\u00f3n de 30 d\u00edas la cual extendemos a nuestros clientes.<br \/>\nNo aplicar\u00e1 garant\u00eda en caso de evidenciarse un mal uso por parte del cliente.<\/p>\n<p>\u00bfQUE PUEDO HACER EN CASO DE RETRACTARME DE MI COMPRA?<br \/>\nEn caso de no desear el producto recibido, puede realizar la devoluci\u00f3n dentro de un periodo no mayor a 5 d\u00edas, a partir de la entrega del producto y el comprador debe asumir el costo de retorno al pa\u00eds de origen de la mercanc\u00eda (El costo var\u00eda de acuerdo a Peso y Tama\u00f1o del producto).<\/p>\n<p>\u00a1Gracias por visitar nuestra Tienda, Somos la mejor opci\u00f3n!<\/p>\n","protected":false},"excerpt":{"rendered":"<p>IECOMM SAS Su tienda de Comercio Electr\u00f3nico Importadores USA &#8212;&#8212;&#8212;&#8212;&#8212;&#8212;&#8212;&#8212;&#8212;&#8212;&#8212;&#8212;&#8212; &#8212;&#8212;&#8212;&#8212;&#8212;&#8212;&#8212;&#8212;&#8212;&#8212;&#8212;&#8212;&#8212; \u00a1S\u00f3lo por este mes! Descuento adicional comprando directamente por nuestra p\u00e1gina iecomm.mercado shops . com . co, con la seguridad de Mercadolibre. &#8212;&#8212;&#8212;&#8212;&#8212;&#8212;&#8212;&#8212;&#8212;&#8212;&#8212;&#8212;&#8212; &#8212;&#8212;&#8212;&#8212;&#8212;&#8212;&#8212;&#8212;&#8212;&#8212;&#8212;&#8212;&#8212; Env\u00edo Nacional Gratuito &#8212;&#8212;&#8212;&#8212;&#8212;&#8212;&#8212;&#8212;&#8212;&#8212;&#8212;&#8212;&#8212; &#8212;&#8212;&#8212;&#8212;&#8212;&#8212;&#8212;&#8212;&#8212;&#8212;&#8212;&#8212;&#8212; CARACTER\u00cdSTICAS DEL PRODUCTO: SUELO AVANZADO DE AGUA: Aquarius es un modelo de irrigador dental de [&hellip;]<\/p>\n","protected":false},"featured_media":2072,"comment_status":"open","ping_status":"closed","template":"","meta":[],"product_brand":[],"product_cat":[15],"product_tag":[],"class_list":{"0":"post-2073","1":"product","2":"type-product","3":"status-publish","4":"has-post-thumbnail","6":"product_cat-uncategorized","8":"first","9":"instock","10":"sale","11":"shipping-taxable","12":"purchasable","13":"product-type-simple"},"_links":{"self":[{"href":"https:\/\/iecomm.com.co\/index.php?rest_route=\/wp\/v2\/product\/2073","targetHints":{"allow":["GET"]}}],"collection":[{"href":"https:\/\/iecomm.com.co\/index.php?rest_route=\/wp\/v2\/product"}],"about":[{"href":"https:\/\/iecomm.com.co\/index.php?rest_route=\/wp\/v2\/types\/product"}],"replies":[{"embeddable":true,"href":"https:\/\/iecomm.com.co\/index.php?rest_route=%2Fwp%2Fv2%2Fcomments&post=2073"}],"wp:featuredmedia":[{"embeddable":true,"href":"https:\/\/iecomm.com.co\/index.php?rest_route=\/wp\/v2\/media\/2072"}],"wp:attachment":[{"href":"https:\/\/iecomm.com.co\/index.php?rest_route=%2Fwp%2Fv2%2Fmedia&parent=2073"}],"wp:term":[{"taxonomy":"product_brand","embeddable":true,"href":"https:\/\/iecomm.com.co\/index.php?rest_route=%2Fwp%2Fv2%2Fproduct_brand&post=2073"},{"taxonomy":"product_cat","embeddable":true,"href":"https:\/\/iecomm.com.co\/index.php?rest_route=%2Fwp%2Fv2%2Fproduct_cat&post=2073"},{"taxonomy":"product_tag","embeddable":true,"href":"https:\/\/iecomm.com.co\/index.php?rest_route=%2Fwp%2Fv2%2Fproduct_tag&post=2073"}],"curies":[{"name":"wp","href":"https:\/\/api.w.org\/{rel}","templated":true}]}}