{"id":2077,"date":"2026-02-10T19:20:46","date_gmt":"2026-02-10T19:20:46","guid":{"rendered":"https:\/\/iecomm.com.co\/?product=huion-kamvas-13-2020-tableta-grafica-black"},"modified":"2026-02-12T13:37:21","modified_gmt":"2026-02-12T13:37:21","slug":"huion-kamvas-13-2020-tableta-grafica-black","status":"publish","type":"product","link":"https:\/\/iecomm.com.co\/?product=huion-kamvas-13-2020-tableta-grafica-black","title":{"rendered":"Huion Kamvas 13 2020 &#8211; Tableta Grafica Black"},"content":{"rendered":"<p>IECOMM SAS<br \/>\nSu tienda de Comercio Electr\u00f3nico<br \/>\nImportadores USA<\/p>\n<p>&#8212;&#8212;&#8212;&#8212;&#8212;&#8212;&#8212;&#8212;&#8212;&#8212;&#8212;&#8212;&#8212;<br \/>\n&#8212;&#8212;&#8212;&#8212;&#8212;&#8212;&#8212;&#8212;&#8212;&#8212;&#8212;&#8212;&#8212;<\/p>\n<p>\u00a1S\u00f3lo por este mes!<br \/>\nDescuento adicional iniciando el pago por medio de iecomm.mercado shops . com . co (Plataforma Web Mercadolibre) y finalizando el pago por medio de Mercadolibre, con la seguridad de Mercadolibre y MercadoPago.<\/p>\n<p>&#8212;&#8212;&#8212;&#8212;&#8212;&#8212;&#8212;&#8212;&#8212;&#8212;&#8212;&#8212;&#8212;<br \/>\n&#8212;&#8212;&#8212;&#8212;&#8212;&#8212;&#8212;&#8212;&#8212;&#8212;&#8212;&#8212;&#8212;<\/p>\n<p>Env\u00edo Nacional Gratuito<\/p>\n<p>&#8212;&#8212;&#8212;&#8212;&#8212;&#8212;&#8212;&#8212;&#8212;&#8212;&#8212;&#8212;&#8212;<br \/>\n&#8212;&#8212;&#8212;&#8212;&#8212;&#8212;&#8212;&#8212;&#8212;&#8212;&#8212;&#8212;&#8212;<\/p>\n<p>CARACTER\u00cdSTICAS DEL PRODUCTO:<\/p>\n<p>\u2022Laminaci\u00f3n completa: Huion Kamvas 13 es un monitor de dibujo m\u00e1s asequible con pantalla totalmente laminada, combina perfectamente el cristal y la pantalla para proporcionar un posicionamiento preciso del cursor y el paralaje m\u00e1s bajo. Viene con una pel\u00edcula antirreflectante reemplazable, que es resistente a los ara\u00f1azos y podr\u00eda ofrecer una imagen bastante clara bajo luz brillante. Con una pantalla FHD de 1920 x 1080 con 16,7 millones de colores, 120% sRGB de gama y 178\u00b0 de \u00e1ngulo de visi\u00f3n, puede presentar cada detalle de tu creaci\u00f3n en la pantalla.<\/p>\n<p>\u2022Dispositivos Android compatibles: la pantalla Kamvas 13 Pen puede funcionar con Mac y PC, adem\u00e1s, soporta la conexi\u00f3n con tel\u00e9fonos m\u00f3viles o tabletas Android a trav\u00e9s de un cable tipo C con todas las funciones (no incluido). Cuando el ordenador no est\u00e1 disponible, todav\u00eda puedes llevarlo a cualquier lugar para grabar tu inspiraci\u00f3n. Nota: los dispositivos Android deben soportar el sistema operativo de escritorio para el modo PC o el modo DEX.<\/p>\n<p>\u2022Conexi\u00f3n de cable mejorada: ya no es necesario conectar con adaptador de alimentaci\u00f3n de CA. El Kamvas 13 puede ser alimentado f\u00e1cilmente por un port\u00e1til que se ejecuta en 5 voltios o superior a trav\u00e9s de los cables HDMI incluidos y 2 USB 3 en 1. Adem\u00e1s, Kamvas 13 tambi\u00e9n soporta conexi\u00f3n tipo C a tipo C a trav\u00e9s de s\u00f3lo 1 cable tipo C completo (no incluido) que puede transmitir datos, alimentaci\u00f3n y se\u00f1al DP al mismo tiempo. Se incluye un cable de extensi\u00f3n USB para ayudar a extender la conexi\u00f3n a tu ordenador en 3.9 ft.<\/p>\n<p>\u2022PenTech3.0 sin bater\u00eda PW517: PW517 est\u00e1 optimizado con el sensor de presi\u00f3n capacitiva Huion PenTech3.0 y las puntas de bol\u00edgrafo estables que te proporcionan la experiencia de dibujo m\u00e1s natural y altamente sensible como el uso de un bol\u00edgrafo normal. Junto con 8192 niveles de presi\u00f3n de bol\u00edgrafo, 60 grados de funci\u00f3n de inclinaci\u00f3n y 266 pps de tasa de informe, PW517 reacciona inmediatamente a la inclinaci\u00f3n y cada movimiento de tu mano con una precisi\u00f3n y control incre\u00edbles.<\/p>\n<p>\u2022Optimiza tu flujo de trabajo: 8 pr\u00e1cticas teclas de acceso directo est\u00e1n dise\u00f1adas a la izquierda para ser personalizadas seg\u00fan sea necesario. Se dedica a simplificar tu flujo de trabajo y crear tus ideas m\u00e1s r\u00e1pido y eficientemente. Se incluye un soporte ajustable para que puedas crear en tu mejor \u00e1ngulo. Compatible con Windows7 o posterior, macOS 10.12 o posterior y dispositivos Android, puedes dibujar con Kamvas 13 en cualquier software creativo incluyendo Illustrator, Photoshop, Painter, SAI, Krita, Mediband y as\u00ed sucesivamente<\/p>\n<p>&#8212;&#8212;&#8212;&#8212;&#8212;&#8212;&#8212;&#8212;&#8212;&#8212;&#8212;&#8212;&#8212;<br \/>\n&#8212;&#8212;&#8212;&#8212;&#8212;&#8212;&#8212;&#8212;&#8212;&#8212;&#8212;&#8212;&#8212;<\/p>\n<p>INFORMACI\u00d3N IMPORTANTE<br \/>\nSomos facilitadores de comercio exterior, traemos productos desde el exterior para ti y se realiza el proceso con proveedores internacionales. Por lo anterior, pueden existir variaciones de stock y\/o precio, como resultado de la actualizaci\u00f3n autom\u00e1tica realizada diariamente. De presentarse lo anterior, realizamos la devoluci\u00f3n total de su dinero.<br \/>\nPara cambio en talla, color y\/o referencia, contacte con nuestro Servicio al Cliente dentro de las 24 horas siguientes a la generaci\u00f3n de la orden.<\/p>\n<p>PREGUNTAS FRECUENTES<br \/>\n\u00bfTIENE ALGUNA GARANTIA?<br \/>\nNuestros proveedores nos ofrecen garant\u00eda por defectos de fabricaci\u00f3n de 30 d\u00edas la cual extendemos a nuestros clientes.<br \/>\nNo aplicar\u00e1 garant\u00eda en caso de evidenciarse un mal uso por parte del cliente.<\/p>\n<p>\u00bfQUE PUEDO HACER EN CASO DE RETRACTARME DE MI COMPRA?<br \/>\nEn caso de no desear el producto recibido, puede realizar la devoluci\u00f3n dentro de un periodo no mayor a 5 d\u00edas, a partir de la entrega del producto y el comprador debe asumir el costo de retorno al pa\u00eds de origen de la mercanc\u00eda (El costo var\u00eda de acuerdo a Peso y Tama\u00f1o del producto).<\/p>\n<p>\u00a1Gracias por visitar nuestra Tienda, Somos la mejor opci\u00f3n!<\/p>\n","protected":false},"excerpt":{"rendered":"<p>IECOMM SAS Su tienda de Comercio Electr\u00f3nico Importadores USA &#8212;&#8212;&#8212;&#8212;&#8212;&#8212;&#8212;&#8212;&#8212;&#8212;&#8212;&#8212;&#8212; &#8212;&#8212;&#8212;&#8212;&#8212;&#8212;&#8212;&#8212;&#8212;&#8212;&#8212;&#8212;&#8212; \u00a1S\u00f3lo por este mes! Descuento adicional iniciando el pago por medio de iecomm.mercado shops . com . co (Plataforma Web Mercadolibre) y finalizando el pago por medio de Mercadolibre, con la seguridad de Mercadolibre y MercadoPago. &#8212;&#8212;&#8212;&#8212;&#8212;&#8212;&#8212;&#8212;&#8212;&#8212;&#8212;&#8212;&#8212; &#8212;&#8212;&#8212;&#8212;&#8212;&#8212;&#8212;&#8212;&#8212;&#8212;&#8212;&#8212;&#8212; Env\u00edo Nacional Gratuito &#8212;&#8212;&#8212;&#8212;&#8212;&#8212;&#8212;&#8212;&#8212;&#8212;&#8212;&#8212;&#8212; &#8212;&#8212;&#8212;&#8212;&#8212;&#8212;&#8212;&#8212;&#8212;&#8212;&#8212;&#8212;&#8212; CARACTER\u00cdSTICAS [&hellip;]<\/p>\n","protected":false},"featured_media":2076,"comment_status":"open","ping_status":"closed","template":"","meta":[],"product_brand":[],"product_cat":[15],"product_tag":[],"class_list":{"0":"post-2077","1":"product","2":"type-product","3":"status-publish","4":"has-post-thumbnail","6":"product_cat-uncategorized","8":"first","9":"instock","10":"sale","11":"shipping-taxable","12":"purchasable","13":"product-type-simple"},"_links":{"self":[{"href":"https:\/\/iecomm.com.co\/index.php?rest_route=\/wp\/v2\/product\/2077","targetHints":{"allow":["GET"]}}],"collection":[{"href":"https:\/\/iecomm.com.co\/index.php?rest_route=\/wp\/v2\/product"}],"about":[{"href":"https:\/\/iecomm.com.co\/index.php?rest_route=\/wp\/v2\/types\/product"}],"replies":[{"embeddable":true,"href":"https:\/\/iecomm.com.co\/index.php?rest_route=%2Fwp%2Fv2%2Fcomments&post=2077"}],"wp:featuredmedia":[{"embeddable":true,"href":"https:\/\/iecomm.com.co\/index.php?rest_route=\/wp\/v2\/media\/2076"}],"wp:attachment":[{"href":"https:\/\/iecomm.com.co\/index.php?rest_route=%2Fwp%2Fv2%2Fmedia&parent=2077"}],"wp:term":[{"taxonomy":"product_brand","embeddable":true,"href":"https:\/\/iecomm.com.co\/index.php?rest_route=%2Fwp%2Fv2%2Fproduct_brand&post=2077"},{"taxonomy":"product_cat","embeddable":true,"href":"https:\/\/iecomm.com.co\/index.php?rest_route=%2Fwp%2Fv2%2Fproduct_cat&post=2077"},{"taxonomy":"product_tag","embeddable":true,"href":"https:\/\/iecomm.com.co\/index.php?rest_route=%2Fwp%2Fv2%2Fproduct_tag&post=2077"}],"curies":[{"name":"wp","href":"https:\/\/api.w.org\/{rel}","templated":true}]}}