{"id":2095,"date":"2026-02-10T19:20:59","date_gmt":"2026-02-10T19:20:59","guid":{"rendered":"https:\/\/iecomm.com.co\/?product=tens-7000-unidad-tens-recargable-estimulador-muscular-y-disp-silver"},"modified":"2026-02-12T13:37:20","modified_gmt":"2026-02-12T13:37:20","slug":"tens-7000-unidad-tens-recargable-estimulador-muscular-y-disp-silver","status":"publish","type":"product","link":"https:\/\/iecomm.com.co\/?product=tens-7000-unidad-tens-recargable-estimulador-muscular-y-disp-silver","title":{"rendered":"Tens 7000 Unidad Tens Recargable Estimulador Muscular Y Disp Silver"},"content":{"rendered":"<p>IECOMM SAS<br \/>\nSu tienda de Comercio Electr\u00f3nico<br \/>\nImportadores USA<\/p>\n<p>&#8212;&#8212;&#8212;&#8212;&#8212;&#8212;&#8212;&#8212;&#8212;&#8212;&#8212;&#8212;&#8212;<br \/>\n&#8212;&#8212;&#8212;&#8212;&#8212;&#8212;&#8212;&#8212;&#8212;&#8212;&#8212;&#8212;&#8212;<\/p>\n<p>Env\u00edo Nacional Gratuito<\/p>\n<p>&#8212;&#8212;&#8212;&#8212;&#8212;&#8212;&#8212;&#8212;&#8212;&#8212;&#8212;&#8212;&#8212;<br \/>\n&#8212;&#8212;&#8212;&#8212;&#8212;&#8212;&#8212;&#8212;&#8212;&#8212;&#8212;&#8212;&#8212;<\/p>\n<p>CARACTER\u00cdSTICAS DEL PRODUCTO:<\/p>\n<p>El estimulador muscular recargable TENS 7000 est\u00e1 dise\u00f1ado para la terapia de alivio del dolor como una unidad TENS para dolor de espalda, dolor de cuello, alivio del dolor de ci\u00e1tica, alivio del dolor de hombro y dolor nervioso. Una soluci\u00f3n electroestimulante perfecta y l\u00edder en productos para aliviar el dolor de espalda<\/p>\n<p>La unidad TENS es una m\u00e1quina estimuladora muscular el\u00e9ctrica que cuenta con ajustes ajustables para tu gesti\u00f3n del dolor, asegurando el m\u00e1ximo alivio del dolor y comodidad. Una bater\u00eda recargable garantiza que no te quedes sin energ\u00eda durante tus tratamientos de estimulaci\u00f3n electr\u00f3nica<\/p>\n<p>TENS 7000 ofrece alivio espec\u00edfico del dolor a \u00e1reas espec\u00edficas de tu cuerpo. Los electrodos estimuladores musculares incluidos hacen que sea f\u00e1cil aplicar la terapia de estimulaci\u00f3n muscular el\u00e9ctrica donde la necesites, y los controles intuitivos te permiten controlar la intensidad<\/p>\n<p>Tanto si eres un atleta profesional que busca una terapia de descarga el\u00e9ctrica para los m\u00fasculos como un usuario diario que busca alivio del dolor cr\u00f3nico, el TENS 7000 es una opci\u00f3n vers\u00e1til para la electroterapia como una unidad de terapia TENS. Obt\u00e9n alivio del dolor ahora<\/p>\n<p>Con su dise\u00f1o compacto, el estimulador muscular TENS 7000 TENS para terapia de alivio del dolor es la elecci\u00f3n perfecta sobre la marcha. Ya sea de viaje o simplemente relajarse en casa, disfruta de los beneficios de la terapia de estimulaci\u00f3n muscular el\u00e9ctrica cuando lo necesites<\/p>\n<p>&#8212;&#8212;&#8212;&#8212;&#8212;&#8212;&#8212;&#8212;&#8212;&#8212;&#8212;&#8212;&#8212;<br \/>\n&#8212;&#8212;&#8212;&#8212;&#8212;&#8212;&#8212;&#8212;&#8212;&#8212;&#8212;&#8212;&#8212;<\/p>\n<p>INFORMACI\u00d3N IMPORTANTE<br \/>\nSomos facilitadores de comercio exterior, traemos productos desde el exterior para ti y se realiza el proceso con proveedores internacionales. Por lo anterior, pueden existir variaciones de stock y\/o precio, como resultado de la actualizaci\u00f3n autom\u00e1tica realizada diariamente. De presentarse lo anterior, realizamos la devoluci\u00f3n total de su dinero.<br \/>\nPara cambio en talla, color y\/o referencia, contacte con nuestro Servicio al Cliente dentro de las 24 horas siguientes a la generaci\u00f3n de la orden.<\/p>\n<p>PREGUNTAS FRECUENTES<br \/>\n\u00bfTIENE ALGUNA GARANTIA?<br \/>\nNuestros proveedores nos ofrecen garant\u00eda por defectos de fabricaci\u00f3n de 30 d\u00edas la cual extendemos a nuestros clientes.<br \/>\nNo aplicar\u00e1 garant\u00eda en caso de evidenciarse un mal uso por parte del cliente.<\/p>\n<p>\u00bfQUE PUEDO HACER EN CASO DE RETRACTARME DE MI COMPRA?<br \/>\nEn caso de no desear el producto recibido, puede realizar la devoluci\u00f3n dentro de un periodo no mayor a 5 d\u00edas, a partir de la entrega del producto y el comprador debe asumir el costo de retorno al pa\u00eds de origen de la mercanc\u00eda (El costo var\u00eda de acuerdo a Peso y Tama\u00f1o del producto).<\/p>\n<p>\u00a1Gracias por visitar nuestra Tienda, Somos la mejor opci\u00f3n!<\/p>\n","protected":false},"excerpt":{"rendered":"<p>IECOMM SAS Su tienda de Comercio Electr\u00f3nico Importadores USA &#8212;&#8212;&#8212;&#8212;&#8212;&#8212;&#8212;&#8212;&#8212;&#8212;&#8212;&#8212;&#8212; &#8212;&#8212;&#8212;&#8212;&#8212;&#8212;&#8212;&#8212;&#8212;&#8212;&#8212;&#8212;&#8212; Env\u00edo Nacional Gratuito &#8212;&#8212;&#8212;&#8212;&#8212;&#8212;&#8212;&#8212;&#8212;&#8212;&#8212;&#8212;&#8212; &#8212;&#8212;&#8212;&#8212;&#8212;&#8212;&#8212;&#8212;&#8212;&#8212;&#8212;&#8212;&#8212; CARACTER\u00cdSTICAS DEL PRODUCTO: El estimulador muscular recargable TENS 7000 est\u00e1 dise\u00f1ado para la terapia de alivio del dolor como una unidad TENS para dolor de espalda, dolor de cuello, alivio del dolor de ci\u00e1tica, alivio del dolor de hombro [&hellip;]<\/p>\n","protected":false},"featured_media":2094,"comment_status":"open","ping_status":"closed","template":"","meta":[],"product_brand":[],"product_cat":[15],"product_tag":[],"class_list":{"0":"post-2095","1":"product","2":"type-product","3":"status-publish","4":"has-post-thumbnail","6":"product_cat-uncategorized","8":"first","9":"instock","10":"sale","11":"shipping-taxable","12":"purchasable","13":"product-type-simple"},"_links":{"self":[{"href":"https:\/\/iecomm.com.co\/index.php?rest_route=\/wp\/v2\/product\/2095","targetHints":{"allow":["GET"]}}],"collection":[{"href":"https:\/\/iecomm.com.co\/index.php?rest_route=\/wp\/v2\/product"}],"about":[{"href":"https:\/\/iecomm.com.co\/index.php?rest_route=\/wp\/v2\/types\/product"}],"replies":[{"embeddable":true,"href":"https:\/\/iecomm.com.co\/index.php?rest_route=%2Fwp%2Fv2%2Fcomments&post=2095"}],"wp:featuredmedia":[{"embeddable":true,"href":"https:\/\/iecomm.com.co\/index.php?rest_route=\/wp\/v2\/media\/2094"}],"wp:attachment":[{"href":"https:\/\/iecomm.com.co\/index.php?rest_route=%2Fwp%2Fv2%2Fmedia&parent=2095"}],"wp:term":[{"taxonomy":"product_brand","embeddable":true,"href":"https:\/\/iecomm.com.co\/index.php?rest_route=%2Fwp%2Fv2%2Fproduct_brand&post=2095"},{"taxonomy":"product_cat","embeddable":true,"href":"https:\/\/iecomm.com.co\/index.php?rest_route=%2Fwp%2Fv2%2Fproduct_cat&post=2095"},{"taxonomy":"product_tag","embeddable":true,"href":"https:\/\/iecomm.com.co\/index.php?rest_route=%2Fwp%2Fv2%2Fproduct_tag&post=2095"}],"curies":[{"name":"wp","href":"https:\/\/api.w.org\/{rel}","templated":true}]}}